{"id":75303,"date":"2024-09-27T12:42:08","date_gmt":"2024-09-27T12:42:08","guid":{"rendered":"https:\/\/emailchef.com\/?page_id=75303"},"modified":"2025-09-22T08:43:06","modified_gmt":"2025-09-22T08:43:06","slug":"flow-azioni","status":"publish","type":"page","link":"https:\/\/emailchef.com\/it\/documentazione\/flow-azioni\/","title":{"rendered":"Azioni"},"content":{"rendered":"\t\t<div data-elementor-type=\"wp-page\" data-elementor-id=\"75303\" class=\"elementor elementor-75303 elementor-75231\" data-elementor-post-type=\"page\">\n\t\t\t\t\t\t<section class=\"elementor-section elementor-top-section elementor-element elementor-element-c6566c0 elementor-section-boxed elementor-section-height-default elementor-section-height-default\" data-id=\"c6566c0\" data-element_type=\"section\">\n\t\t\t\t\t\t<div class=\"elementor-container elementor-column-gap-default\">\n\t\t\t\t\t<div class=\"elementor-column elementor-col-100 elementor-top-column elementor-element elementor-element-eadebbb\" data-id=\"eadebbb\" data-element_type=\"column\">\n\t\t\t<div class=\"elementor-widget-wrap elementor-element-populated\">\n\t\t\t\t\t\t<div class=\"elementor-element elementor-element-a2510f1 elementor-widget elementor-widget-text-editor\" data-id=\"a2510f1\" data-element_type=\"widget\" data-widget_type=\"text-editor.default\">\n\t\t\t\t<div class=\"elementor-widget-container\">\n\t\t\t\t\t\t\t\t\t<p>Le azioni sono i compiti che il tuo flusso esegue in automatico.<\/p><p>Mentre gli eventi e le condizioni servono a decidere quando e a chi applicare una regola, le azioni definiscono invece <strong>che cosa accade al contatto una volta rispettati i criteri<\/strong> precedenti.<\/p><p>Sono lo strumento con cui trasformi la logica del tuo flow in attivit\u00e0 concrete: inviando un\u2019email, aggiornando i dati di un contatto, avviando un nuovo flusso collegato. In questo modo puoi mantenere le tue comunicazioni rilevanti, aggiornare le informazioni automaticamente e costruire percorsi di marketing sempre pi\u00f9 personalizzati.<\/p><p>Di seguito trovi tutte le azioni disponibili in Emailchef Flow e come utilizzarle al meglio.<\/p>\t\t\t\t\t\t\t\t<\/div>\n\t\t\t\t<\/div>\n\t\t\t\t<div class=\"elementor-element elementor-element-de37852 elementor-widget elementor-widget-image\" data-id=\"de37852\" data-element_type=\"widget\" data-widget_type=\"image.default\">\n\t\t\t\t<div class=\"elementor-widget-container\">\n\t\t\t\t\t\t\t\t\t\t\t\t\t\t\t<img fetchpriority=\"high\" decoding=\"async\" width=\"358\" height=\"767\" src=\"https:\/\/emailchef.com\/wp-content\/uploads\/2025\/09\/flow-azioni-2025.png\" class=\"attachment-large size-large wp-image-88198\" alt=\"Azioni Emailchef Flow, automazioni email marketing\" srcset=\"https:\/\/emailchef.com\/wp-content\/uploads\/2025\/09\/flow-azioni-2025.png 358w, https:\/\/emailchef.com\/wp-content\/uploads\/2025\/09\/flow-azioni-2025-140x300.png 140w\" sizes=\"(max-width: 358px) 100vw, 358px\" \/>\t\t\t\t\t\t\t\t\t\t\t\t\t\t\t<\/div>\n\t\t\t\t<\/div>\n\t\t\t\t<div class=\"elementor-element elementor-element-2cfc52a elementor-widget elementor-widget-text-editor\" data-id=\"2cfc52a\" data-element_type=\"widget\" data-widget_type=\"text-editor.default\">\n\t\t\t\t<div class=\"elementor-widget-container\">\n\t\t\t\t\t\t\t\t\t<ul>\n \t<li style=\"margin-bottom: 15px;\"><strong><a title=\"Nodo: Invia email\" href=\"https:\/\/emailchef.com\/it\/documentazione\/azioni-invia-email\/\">Invia email<\/a>:<\/strong> Questa azione consente di inviare un\u2019email diretta al contatto.<br>\u00c8 lo strumento ideale per inviare messaggi di benvenuto, comunicazioni promozionali, aggiornamenti periodici o email transazionali legate al percorso del contatto.<\/li>\n \t<li style=\"margin-bottom: 15px;\"><strong><a title=\"Nodo: Inviami una notifica\" href=\"https:\/\/emailchef.com\/it\/documentazione\/azioni-inviami-una-notifica\/\">Inviami una notifica<\/a>:<\/strong> Questa azione ti permette di ricevere un\u2019email di notifica ogni volta che un contatto attraversa un nodo specifico del flusso. Ad esempio, il tuo team commerciale pu\u00f2 essere avvisato in tempo reale quando un nuovo contatto si iscrive a un form o entra in una lista.<\/li>\n \t<li style=\"margin-bottom: 15px;\"><strong><a title=\"Nodo: Aggiorna un campo del contatto\" href=\"https:\/\/emailchef.com\/it\/documentazione\/azioni-aggiorna-un-campo-del-contatto\/\">Aggiorna un campo del contatto<\/a>:<\/strong> Con questa azione puoi modificare in automatico un campo del profilo del contatto. \u00c8 utile per mantenere aggiornate le informazioni senza interventi manuali.<br>Ad esempio: dopo una sequenza di onboarding, puoi aggiornare il campo personalizzato \u201conboarding\u201d impostandolo su \u201ccompletato\u201d. Questo ti consente di gestire segmentazioni pi\u00f9 precise e attivare nuovi flussi sulla base dei dati aggiornati.<\/li>\n \t<li style=\"margin-bottom: 15px;\"><strong><a title=\"Nodo: Aggiungi il contatto alla lista\" href=\"https:\/\/emailchef.com\/it\/documentazione\/azioni-aggiungi-il-contatto-alla-lista\/\">Aggiungi il contatto alla lista<\/a>:<\/strong> Permette di iscrivere automaticamente il contatto a una lista specifica. \u00c8 utile quando vuoi spostare i contatti in gruppi tematici (es. \u201cClienti attivi\u201d, \u201cPartecipanti a un evento\u201d) o gestire comunicazioni parallele su pi\u00f9 liste.<\/li>\n \t<li style=\"margin-bottom: 15px;\"><strong><a title=\"Nodo: Disiscrivi il contatto\" href=\"https:\/\/emailchef.com\/it\/documentazione\/azioni-disiscrivi-il-contatto\/\">Disiscrivi il contatto<\/a>:<\/strong> Questa azione rimuove il contatto da una lista specifica o da tutte le liste in cui \u00e8 iscritto. \u00c8 utile per garantire che un contatto non riceva pi\u00f9 determinate comunicazioni quando non sono pi\u00f9 rilevanti.<\/li>\n \t<li style=\"margin-bottom: 15px;\"><strong><a title=\"Nodo: Metti in blacklist il contatto\" href=\"https:\/\/emailchef.com\/it\/documentazione\/azioni-metti-in-blacklist-il-contatto\/\">Metti in blacklist il contatto<\/a>:<\/strong> Con questa azione puoi aggiungere un contatto alla blacklist globale in modalit\u00e0 manuale. In questo stato, il contatto non ricever\u00e0 pi\u00f9 comunicazioni da nessuna lista, finch\u00e9 non verr\u00e0 rimosso manualmente. \u00c8 utile per gestire indirizzi problematici o contatti che hanno segnalato abusi.<\/li>\n \t<li style=\"margin-bottom: 15px;\"><strong><a title=\"Nodo: Entra in un altro flow\" href=\"https:\/\/emailchef.com\/it\/documentazione\/azioni-entra-in-un-altro-flow\/\">Entra in un altro flow<\/a>:<\/strong> Questa azione fa s\u00ec che il contatto avvii automaticamente un altro flusso di automazione. L\u2019ingresso avviene direttamente dopo l\u2019entry point del nuovo flow (saltando il suo punto di ingresso).<br>\u00c8 particolarmente utile per costruire automazioni complesse e collegate, ad esempio: avviare un flusso di follow-up al termine di un onboarding, oppure passare il contatto a un flow dedicato dopo un acquisto.<\/li>\n \t<li style=\"margin-bottom: 15px;\"><strong><a title=\"Nodo: Invia webhook\" href=\"https:\/\/emailchef.com\/it\/documentazione\/azioni-invia-un-webhook\/\">Invia webhook<\/a>:<\/strong> Permette di inviare i dati del contatto o dell\u2019evento a una piattaforma esterna tramite una chiamata webhook. In questo modo puoi integrare Emailchef con CRM, sistemi di marketing automation, strumenti di analisi o qualsiasi altro software che supporti la ricezione di webhook.<\/li>\n\t<li style=\"margin-bottom: 15px;\"><strong><a title=\"Nodo: Lancia automazione Spoki\" href=\"https:\/\/emailchef.com\/it\/documentazione\/azioni-lancia-unautomazione-spoki\/\">Lancia automazione Spoki<\/a>:<\/strong> Avvia un\u2019automazione Spoki collegata per combinare email e WhatsApp in un\u2019unica strategia multicanale. Questa azione ti permette di sfruttare l\u2019immediatezza di WhatsApp insieme alla profondit\u00e0 delle email, aumentando aperture, conversioni e fidelizzazione.<\/li>\n<\/ul>\t\t\t\t\t\t\t\t<\/div>\n\t\t\t\t<\/div>\n\t\t\t\t\t<\/div>\n\t\t<\/div>\n\t\t\t\t\t<\/div>\n\t\t<\/section>\n\t\t\t\t<\/div>\n\t\t","protected":false},"excerpt":{"rendered":"<p>Le azioni sono i compiti che il tuo flusso esegue in automatico. Mentre gli eventi e le condizioni servono a decidere quando e a chi applicare una regola, le azioni definiscono invece che cosa accade al contatto una volta rispettati i criteri precedenti. Sono lo strumento con cui trasformi la logica del tuo flow in [&hellip;]<\/p>\n","protected":false},"author":1,"featured_media":0,"parent":1081,"menu_order":0,"comment_status":"closed","ping_status":"closed","template":"","meta":{"_acf_changed":false,"inline_featured_image":false,"footnotes":""},"g1_relation_tag":[],"class_list":["post-75303","page","type-page","status-publish","hentry"],"acf":[],"yoast_head":"<!-- This site is optimized with the Yoast SEO plugin v24.8.1 - https:\/\/yoast.com\/wordpress\/plugins\/seo\/ -->\n<title>Flusso di Automazione: Azioni<\/title>\n<meta name=\"description\" content=\"Esplora l&#039;editor drag-and-drop per creare facilmente flussi di automazione e-mail. Progetta, personalizza e automatizza le tue campagne con elementi intuitivi.\" \/>\n<meta name=\"robots\" content=\"index, follow, max-snippet:-1, max-image-preview:large, max-video-preview:-1\" \/>\n<link rel=\"canonical\" href=\"https:\/\/emailchef.com\/it\/documentazione\/flow-azioni\/\" \/>\n<meta name=\"twitter:label1\" content=\"Tempo di lettura stimato\" \/>\n\t<meta name=\"twitter:data1\" content=\"3 minuti\" \/>\n<!-- \/ Yoast SEO plugin. -->","yoast_head_json":{"title":"Flusso di Automazione: Azioni","description":"Esplora l'editor drag-and-drop per creare facilmente flussi di automazione e-mail. Progetta, personalizza e automatizza le tue campagne con elementi intuitivi.","robots":{"index":"index","follow":"follow","max-snippet":"max-snippet:-1","max-image-preview":"max-image-preview:large","max-video-preview":"max-video-preview:-1"},"canonical":"https:\/\/emailchef.com\/it\/documentazione\/flow-azioni\/","twitter_misc":{"Tempo di lettura stimato":"3 minuti"},"schema":{"@context":"https:\/\/schema.org","@graph":[{"@type":"WebPage","@id":"https:\/\/emailchef.com\/it\/documentazione\/flow-azioni\/","url":"https:\/\/emailchef.com\/it\/documentazione\/flow-azioni\/","name":"Flusso di Automazione: Azioni","isPartOf":{"@id":"https:\/\/emailchef.com\/it\/#website"},"primaryImageOfPage":{"@id":"https:\/\/emailchef.com\/it\/documentazione\/flow-azioni\/#primaryimage"},"image":{"@id":"https:\/\/emailchef.com\/it\/documentazione\/flow-azioni\/#primaryimage"},"thumbnailUrl":"https:\/\/emailchef.com\/wp-content\/uploads\/2025\/09\/flow-azioni-2025.png","datePublished":"2024-09-27T12:42:08+00:00","dateModified":"2025-09-22T08:43:06+00:00","description":"Esplora l'editor drag-and-drop per creare facilmente flussi di automazione e-mail. Progetta, personalizza e automatizza le tue campagne con elementi intuitivi.","breadcrumb":{"@id":"https:\/\/emailchef.com\/it\/documentazione\/flow-azioni\/#breadcrumb"},"inLanguage":"it-IT","potentialAction":[{"@type":"ReadAction","target":["https:\/\/emailchef.com\/it\/documentazione\/flow-azioni\/"]}]},{"@type":"ImageObject","inLanguage":"it-IT","@id":"https:\/\/emailchef.com\/it\/documentazione\/flow-azioni\/#primaryimage","url":"https:\/\/emailchef.com\/wp-content\/uploads\/2025\/09\/flow-azioni-2025.png","contentUrl":"https:\/\/emailchef.com\/wp-content\/uploads\/2025\/09\/flow-azioni-2025.png"},{"@type":"BreadcrumbList","@id":"https:\/\/emailchef.com\/it\/documentazione\/flow-azioni\/#breadcrumb","itemListElement":[{"@type":"ListItem","position":1,"name":"Home","item":"https:\/\/emailchef.com\/it\/home-test-2023\/"},{"@type":"ListItem","position":2,"name":"Documentazione","item":"https:\/\/emailchef.com\/it\/documentazione\/"},{"@type":"ListItem","position":3,"name":"Azioni"}]},{"@type":"WebSite","@id":"https:\/\/emailchef.com\/it\/#website","url":"https:\/\/emailchef.com\/it\/","name":"Emailchef","description":"Gustose ricette di email marketing","publisher":{"@id":"https:\/\/emailchef.com\/it\/#organization"},"potentialAction":[{"@type":"SearchAction","target":{"@type":"EntryPoint","urlTemplate":"https:\/\/emailchef.com\/it\/?s={search_term_string}"},"query-input":{"@type":"PropertyValueSpecification","valueRequired":true,"valueName":"search_term_string"}}],"inLanguage":"it-IT"},{"@type":"Organization","@id":"https:\/\/emailchef.com\/it\/#organization","name":"Delivery Tech Corp.","url":"https:\/\/emailchef.com\/it\/","logo":{"@type":"ImageObject","inLanguage":"it-IT","@id":"https:\/\/emailchef.com\/it\/#\/schema\/logo\/image\/","url":"https:\/\/emailchef.com\/wp-content\/uploads\/2022\/04\/logo-sama.png","contentUrl":"https:\/\/emailchef.com\/wp-content\/uploads\/2022\/04\/logo-sama.png","width":237,"height":80,"caption":"Delivery Tech Corp."},"image":{"@id":"https:\/\/emailchef.com\/it\/#\/schema\/logo\/image\/"}}]}},"_links":{"self":[{"href":"https:\/\/emailchef.com\/it\/wp-json\/wp\/v2\/pages\/75303"}],"collection":[{"href":"https:\/\/emailchef.com\/it\/wp-json\/wp\/v2\/pages"}],"about":[{"href":"https:\/\/emailchef.com\/it\/wp-json\/wp\/v2\/types\/page"}],"author":[{"embeddable":true,"href":"https:\/\/emailchef.com\/it\/wp-json\/wp\/v2\/users\/1"}],"replies":[{"embeddable":true,"href":"https:\/\/emailchef.com\/it\/wp-json\/wp\/v2\/comments?post=75303"}],"version-history":[{"count":8,"href":"https:\/\/emailchef.com\/it\/wp-json\/wp\/v2\/pages\/75303\/revisions"}],"predecessor-version":[{"id":88209,"href":"https:\/\/emailchef.com\/it\/wp-json\/wp\/v2\/pages\/75303\/revisions\/88209"}],"up":[{"embeddable":true,"href":"https:\/\/emailchef.com\/it\/wp-json\/wp\/v2\/pages\/1081"}],"wp:attachment":[{"href":"https:\/\/emailchef.com\/it\/wp-json\/wp\/v2\/media?parent=75303"}],"wp:term":[{"taxonomy":"g1_relation_tag","embeddable":true,"href":"https:\/\/emailchef.com\/it\/wp-json\/wp\/v2\/g1_relation_tag?post=75303"}],"curies":[{"name":"wp","href":"https:\/\/api.w.org\/{rel}","templated":true}]}}