{"id":70096,"date":"2024-01-25T08:50:07","date_gmt":"2024-01-25T08:50:07","guid":{"rendered":"https:\/\/emailchef.com\/?page_id=70096"},"modified":"2024-02-16T16:49:49","modified_gmt":"2024-02-16T16:49:49","slug":"novita-yahoo-e-gmail-cosa-cambia-per-chi-fa-email-marketing-nel-2024","status":"publish","type":"page","link":"https:\/\/emailchef.com\/it\/documentazione\/novita-yahoo-e-gmail-cosa-cambia-per-chi-fa-email-marketing-nel-2024\/","title":{"rendered":"Novit\u00e0 Yahoo e Gmail: cosa cambia per chi fa email marketing nel 2024."},"content":{"rendered":"<h2 style=\"font-style: italic; font-size: 26px; margin-top: 0px;\">Guida pratica per soddisfare i nuovi requisiti previsti da Google e Yahoo.<\/h2>\n<p>A partire da febbraio 2024, Gmail e Yahoo renderanno obbligatoria quella che era gi\u00e0 una delle best practices per l\u2019invio di email di marketing: ovvero l\u2019autenticazione del dominio.<\/p>\n<p>In breve, chiunque invii 5000 o pi\u00f9 messaggi al giorno a utenti Gmail o Yahoo dovr\u00e0 necessariamente configurare i record SPF, DKIM e DMARC, pena la mancata consegna in inbox dei propri messaggi.<br \/>\nMa cosa si intende con configurazione dominio? A cosa servono i record SPF, DKIM e DMARC? E perch\u00e9 diventer\u00e0 necessario configurarli?<\/p>\n<p>Ne abbiamo parlato con Luca Marras, uno dei co-fondatori di Emailchef e di TurboSMTP specializzato in deliverability, ovvero l\u2019arte del far giungere a destinazione le email che noi tutti inviamo ogni giorno.<\/p>\n<div class=\"lyte-wrapper\" title=\"Come cambia l&rsquo;email marketing con i nuovi requisiti Gmail e Yahoo\" style=\"width:640px;max-width:100%;margin:5px;\"><div class=\"lyMe\" id=\"WYL_wgF_nOE2Bs8\"><div id=\"lyte_wgF_nOE2Bs8\" data-src=\"https:\/\/emailchef.com\/wp-content\/plugins\/wp-youtube-lyte\/lyteCache.php?origThumbUrl=https%3A%2F%2Fi.ytimg.com%2Fvi%2FwgF_nOE2Bs8%2Fhqdefault.jpg\" class=\"pL\"><div class=\"tC\"><div class=\"tT\">Come cambia l\u2019email marketing con i nuovi requisiti Gmail e Yahoo<\/div><\/div><div class=\"play\"><\/div><div class=\"ctrl\"><div class=\"Lctrl\"><\/div><div class=\"Rctrl\"><\/div><\/div><\/div><noscript><a href=\"https:\/\/youtu.be\/wgF_nOE2Bs8\" rel=\"nofollow\"><img fetchpriority=\"high\" decoding=\"async\" src=\"https:\/\/emailchef.com\/wp-content\/plugins\/wp-youtube-lyte\/lyteCache.php?origThumbUrl=https%3A%2F%2Fi.ytimg.com%2Fvi%2FwgF_nOE2Bs8%2F0.jpg\" alt=\"Come cambia l&rsquo;email marketing con i nuovi requisiti Gmail e Yahoo\" width=\"640\" height=\"340\" \/><br \/>Guarda questo video su YouTube<\/a><\/noscript><\/div><\/div><div class=\"lL\" style=\"max-width:100%;width:640px;margin:5px;\"><\/div>\n<div class=\"ec-video-button hide centered\">\n\t<a href=\"https:\/\/youtu.be\/wgF_nOE2Bs8\" rel=\"prettyPhoto\" title=\"Riproduci Video\">Riproduci Video <i class=\"fa fa-play-circle fa-2x\"><\/i><\/a>\n<\/div>\n<h2 style=\"color: #605e6f; font-weight: bold!important; font-size: 18px; text-transform: uppercase; letter-spacing: -0.7px;\">Le novit\u00e0 introdotte da Gmail e Yahoo nel 2024.<\/h2>\n<p>Autenticare correttamente il proprio indirizzo email \u00e8 sempre stata una pratica consigliata, ma non sempre chi invia email di massa si \u00e8 adeguato a questa best practice.<\/p>\n<p>E questo \u00e8 un problema serio.<\/p>\n<p>S\u00ec, perch\u00e9 senza una corretta autenticazione del proprio indirizzo email, i mittenti rendono estremamente semplice ai malintenzionati impersonare domini e inviare phishing.<\/p>\n<p>Ecco perch\u00e9 Google e Yahoo hanno deciso di rendere obbligatoria l\u2019autenticazione del dominio per chiunque invii 5000 o pi\u00f9 email verso indirizzi di posta Gmail e Yahoo.<\/p>\n<p>E se vuoi assicurarti che le tue email continuino ad arrivare in inbox, dovrai conformarti alle principali pratiche consigliate per l&#8217;autenticazione delle email e la prevenzione dello spam.<\/p>\n<p>Questo significa che, se non l\u2019hai ancora fatto, dovrai:<\/p>\n<ol>\n<li style=\"margin-bottom: 15px;\">Scegliere e acquistare un dominio personalizzato;<\/li>\n<li style=\"margin-bottom: 15px;\">Autenticare i record SPF, DKIM e DMARC del tuo dominio.<\/li>\n<\/ol>\n<p>Ma non \u00e8 tutto: qui sotto trovi tutto ci\u00f2 che c\u2019\u00e8 da sapere sui nuovi requisiti previsti da Gmail e Yahoo.<\/p>\n<h2 style=\"color: #605e6f; font-weight: bold!important; font-size: 18px; text-transform: uppercase; letter-spacing: -0.7px;\">Come scegliere e acquistare un dominio personalizzato.<\/h2>\n<p>La scelta e l\u2019acquisto di un indirizzo email con dominio personalizzato \u00e8 qualcosa su cui noi di Emailchef insistiamo gi\u00e0 da tempo (ed \u00e8 un requisito necessario per spedire le tue email).<\/p>\n<p>Per farla breve, si tratta di un indirizzo che contiene dopo la @ il nome di un brand o del dominio di un sito web. Insomma, al posto di utilizzare il nome generico di un provider e-mail (come <em>@gmail.com<\/em>), un indirizzo email con dominio personalizzato contiene il nome dell\u2019attivit\u00e0 che spedisce l\u2019email (come <em>@emailchef.it<\/em>).<\/p>\n<p>Esistono molti fornitori di dominio da cui poter acquistare il tuo, ma se non sai da dove cominciare, abbiamo preparato una <a title=\"Guida completa su come scegliere e acquistare un dominio email personalizzato\" href=\"https:\/\/emailchef.com\/it\/documentazione\/come-scegliere-e-acquistare-un-dominio-email-personalizzato\/\">guida completa su come scegliere e acquistare un dominio email personalizzato<\/a>.<\/p>\n<p>Una volta scelto il provider di dominio che fa al caso tuo, sar\u00e0 necessario creare il tuo indirizzo email con dominio personalizzato. Come?<\/p>\n<p>Abbiamo raccolto in questo articolo <a title=\"Come creare un indirizzo email con dominio personalizzato\" href=\"https:\/\/emailchef.com\/it\/documentazione\/come-creare-un-indirizzo-email-con-dominio-personalizzato\/\">tutte le guide per creare un indirizzo email con dominio servendoti dei principali provider<\/a>.<\/p>\n<h2 style=\"color: #605e6f; font-weight: bold!important; font-size: 18px; text-transform: uppercase; letter-spacing: -0.7px;\">Come autenticare il tuo dominio.<\/h2>\n<p>Una volta scelto un dominio e creato il tuo indirizzo email, il passo successivo \u00e8 quello di autenticarlo. In questo modo, i fornitori di posta potranno riconoscere le tue email come affidabili e potranno recapitarle nelle caselle di posta dei tuoi iscritti.<\/p>\n<p>L\u2019autenticazione del dominio serve quindi a certificarlo come sicuro e affidabile.<\/p>\n<p>Conferendo un\u2019identit\u00e0 tracciabile al tuo indirizzo, infatti, dimostri ai provider di essere un mittente autorizzato e questo ti permette di migliorare la tua reputazione online, tenendo le tue email lontane dalla cartella della posta indesiderata.<\/p>\n<p>I protocolli utilizzati in questo caso sono 3:<\/p>\n<ul>\n<li style=\"margin-bottom: 15px;\"><strong>DKIM<\/strong> (Domain Keys Identification Mail), un metodo utilizzato per impedire ai malintenzionati di falsificare la tua identit\u00e0 via email. Il sistema DKIM verifica che il messaggio giunga dalla fonte dichiarata.<\/li>\n<li style=\"margin-bottom: 15px;\"><strong>SPF<\/strong> (Sender Policy Framework), un ulteriore metodo utilizzato per prevenire la contraffazione dell\u2019indirizzo del mittente. In altre parole impedisce l\u2019uso di indirizzi falsi da parte di terzi. In pratica, il proprietario del dominio dichiara che tutte le sue mail sono trasportate dallo smarthost X, e che dunque qualsiasi mail che viaggi per altri canali \u00e8 da considerare falsa.<\/li>\n<li style=\"margin-bottom: 15px;\"><strong>DMARC<\/strong> (Domain-based Message Authentication, Reporting and Conformance), una tecnologia che standardizza i metodi SPF e DKIM e ne estende la funzionalit\u00e0. Il criterio DMARC comunica al destinatario come gestire i messaggi a seconda dei risultati di verifica di DKIM e SPF. In breve, DMARC indica al server di posta del destinatario cosa fare del messaggio in base ai risultati.<\/li>\n<\/ul>\n<p>Ma come configurare questi parametri?<\/p>\n<p>Te lo spieghiamo all\u2019interno di questa <a href=\"https:\/\/emailchef.com\/it\/documentazione\/come-autenticare-il-tuo-dominio\/\">guida su come autenticare il tuo dominio<\/a>.<\/p>\n<p>Se invece sei alla ricerca di un tutorial video, qui sotto trovi alcuni tutorial per autenticare il tuo dominio creato con GoDaddy e Aruba.<\/p>\n<div class=\"lyte-wrapper\" title=\"Email marketing: come autenticare i domini mittente registrati su Aruba.\" style=\"width:640px;max-width:100%;margin:5px;\"><div class=\"lyMe\" id=\"WYL_XeWR-RuRXTg\"><div id=\"lyte_XeWR-RuRXTg\" data-src=\"https:\/\/emailchef.com\/wp-content\/plugins\/wp-youtube-lyte\/lyteCache.php?origThumbUrl=https%3A%2F%2Fi.ytimg.com%2Fvi%2FXeWR-RuRXTg%2Fhqdefault.jpg\" class=\"pL\"><div class=\"tC\"><div class=\"tT\">Email marketing: come autenticare i domini mittente registrati su Aruba.<\/div><\/div><div class=\"play\"><\/div><div class=\"ctrl\"><div class=\"Lctrl\"><\/div><div class=\"Rctrl\"><\/div><\/div><\/div><noscript><a href=\"https:\/\/youtu.be\/XeWR-RuRXTg\" rel=\"nofollow\"><img decoding=\"async\" src=\"https:\/\/emailchef.com\/wp-content\/plugins\/wp-youtube-lyte\/lyteCache.php?origThumbUrl=https%3A%2F%2Fi.ytimg.com%2Fvi%2FXeWR-RuRXTg%2F0.jpg\" alt=\"Email marketing: come autenticare i domini mittente registrati su Aruba.\" width=\"640\" height=\"340\" \/><br \/>Guarda questo video su YouTube<\/a><\/noscript><\/div><\/div><div class=\"lL\" style=\"max-width:100%;width:640px;margin:5px;\"><\/div>\n<div class=\"ec-video-button hide centered\">\n\t<a href=\"https:\/\/youtu.be\/XeWR-RuRXTg\" rel=\"prettyPhoto\" title=\"Riproduci Video\">Riproduci Video <i class=\"fa fa-play-circle fa-2x\"><\/i><\/a>\n<\/div>\n<div class=\"lyte-wrapper\" title=\"Email marketing: come autenticare i domini mittente registrati su GoDaddy.\" style=\"width:640px;max-width:100%;margin:5px;\"><div class=\"lyMe\" id=\"WYL_kAGT8gg4WKI\"><div id=\"lyte_kAGT8gg4WKI\" data-src=\"https:\/\/emailchef.com\/wp-content\/plugins\/wp-youtube-lyte\/lyteCache.php?origThumbUrl=https%3A%2F%2Fi.ytimg.com%2Fvi%2FkAGT8gg4WKI%2Fhqdefault.jpg\" class=\"pL\"><div class=\"tC\"><div class=\"tT\">Email marketing: come autenticare i domini mittente registrati su GoDaddy.<\/div><\/div><div class=\"play\"><\/div><div class=\"ctrl\"><div class=\"Lctrl\"><\/div><div class=\"Rctrl\"><\/div><\/div><\/div><noscript><a href=\"https:\/\/youtu.be\/kAGT8gg4WKI\" rel=\"nofollow\"><img decoding=\"async\" src=\"https:\/\/emailchef.com\/wp-content\/plugins\/wp-youtube-lyte\/lyteCache.php?origThumbUrl=https%3A%2F%2Fi.ytimg.com%2Fvi%2FkAGT8gg4WKI%2F0.jpg\" alt=\"Email marketing: come autenticare i domini mittente registrati su GoDaddy.\" width=\"640\" height=\"340\" \/><br \/>Guarda questo video su YouTube<\/a><\/noscript><\/div><\/div><div class=\"lL\" style=\"max-width:100%;width:640px;margin:5px;\"><\/div>\n<div class=\"ec-video-button hide centered\">\n\t<a href=\"https:\/\/youtu.be\/kAGT8gg4WKI\" rel=\"prettyPhoto\" title=\"Riproduci Video\">Riproduci Video <i class=\"fa fa-play-circle fa-2x\"><\/i><\/a>\n<\/div>\n<h2 style=\"color: #605e6f; font-weight: bold!important; font-size: 18px; text-transform: uppercase; letter-spacing: -0.7px;\">Disiscrizioni e spam: ecco cosa dicono le nuove indicazioni previste da Google e Yahoo.<\/h2>\n<p>Oltre alle novit\u00e0 sulla configurazione di dominio, Google e Yahoo hanno comunicato che sar\u00e0 necessario permettere la cancellazione dalla mailing list con un semplice clic sul link di disiscrizione all\u2019interno delle email che invii.<\/p>\n<p>Questo significa che ogni email che spedisci alla tua mailing list dovr\u00e0 contenere il link per la disiscrizione e dovrai garantire la cancellazione dalla mailing list entro 2 giorni. E vale anche per le email transazionali, non solo per quelle di marketing.<\/p>\n<p>Ma ho buone notizie: se usi Emailchef, il link per la disiscrizione viene gi\u00e0 inserito in maniera automatica in tutte le tue email \ud83d\ude09. E il contatto verr\u00e0 rimosso in maniera automatica dalla mailing list senza che tu ti debba occupare di nulla.<\/p>\n<p>Un altro requisito \u00e8 quello di tenere i reclami per spam sotto lo 0,3%.<br \/>\nGmail infatti chieder\u00e0 ai mittenti di mantenere il tasso di segnalazione per spam al di sotto di questa percentuale.<\/p>\n<p>Cosa succeder\u00e0 in caso contrario?<\/p>\n<p>Il rischio \u00e8 di danneggiare la tua reputazione mittente e di veder ridurre la deliverability, ovvero la tua capacit\u00e0 di raggiungere la casella di posta dei tuoi destinatari.<\/p>\n<p>In questo articolo trovi i nostri <a title=\"Come evitare che le tue newsletter finiscano in black list\" href=\"https:\/\/emailchef.com\/it\/blog-emailchef-academy\/come-evitare-che-le-tue-newsletter-finiscano-in-una-black-list\/\">consigli per evitare che le tue email vengano contrassegnate come spam<\/a>.<\/p>\n<p>Sei un cliente Emailchef e hai bisogno di aiuto? <a title=\"Contatta l'assistenza clienti Emailchef\" href=\"https:\/\/support.emailchef.com\/\">Clicca qui per metterti in contatto con l\u2019assistenza clienti<\/a>.<\/p>\n","protected":false},"excerpt":{"rendered":"<p>Guida pratica per soddisfare i nuovi requisiti previsti da Google e Yahoo. A partire da febbraio 2024, Gmail e Yahoo renderanno obbligatoria quella che era gi\u00e0 una delle best practices per l\u2019invio di email di marketing: ovvero l\u2019autenticazione del dominio. In breve, chiunque invii 5000 o pi\u00f9 messaggi al giorno a utenti Gmail o Yahoo [&hellip;]<\/p>\n","protected":false},"author":1,"featured_media":0,"parent":1081,"menu_order":0,"comment_status":"closed","ping_status":"closed","template":"","meta":{"_acf_changed":false,"inline_featured_image":false,"footnotes":""},"g1_relation_tag":[],"class_list":["post-70096","page","type-page","status-publish","hentry"],"acf":[],"yoast_head":"<!-- This site is optimized with the Yoast SEO plugin v24.8.1 - https:\/\/yoast.com\/wordpress\/plugins\/seo\/ -->\n<title>Yahoo e Gmail: cosa cambia per chi fa email marketing nel 2024<\/title>\n<meta name=\"description\" content=\"Come Cambia l&#039;Email Marketing nel 2024. Tutte le Novit\u00e0 Google e Yahoo 2024. Autenticare il Dominio per l&#039;Email Marketing. &gt;&gt; Scopri i Nuovi Requisiti Gmail e Yahoo ora!\" \/>\n<meta name=\"robots\" content=\"index, follow, max-snippet:-1, max-image-preview:large, max-video-preview:-1\" \/>\n<link rel=\"canonical\" href=\"https:\/\/emailchef.com\/it\/documentazione\/novita-yahoo-e-gmail-cosa-cambia-per-chi-fa-email-marketing-nel-2024\/\" \/>\n<meta name=\"twitter:label1\" content=\"Tempo di lettura stimato\" \/>\n\t<meta name=\"twitter:data1\" content=\"5 minuti\" \/>\n<!-- \/ Yoast SEO plugin. -->","yoast_head_json":{"title":"Yahoo e Gmail: cosa cambia per chi fa email marketing nel 2024","description":"Come Cambia l'Email Marketing nel 2024. Tutte le Novit\u00e0 Google e Yahoo 2024. Autenticare il Dominio per l'Email Marketing. >> Scopri i Nuovi Requisiti Gmail e Yahoo ora!","robots":{"index":"index","follow":"follow","max-snippet":"max-snippet:-1","max-image-preview":"max-image-preview:large","max-video-preview":"max-video-preview:-1"},"canonical":"https:\/\/emailchef.com\/it\/documentazione\/novita-yahoo-e-gmail-cosa-cambia-per-chi-fa-email-marketing-nel-2024\/","twitter_misc":{"Tempo di lettura stimato":"5 minuti"},"schema":{"@context":"https:\/\/schema.org","@graph":[{"@type":"WebPage","@id":"https:\/\/emailchef.com\/it\/documentazione\/novita-yahoo-e-gmail-cosa-cambia-per-chi-fa-email-marketing-nel-2024\/","url":"https:\/\/emailchef.com\/it\/documentazione\/novita-yahoo-e-gmail-cosa-cambia-per-chi-fa-email-marketing-nel-2024\/","name":"Yahoo e Gmail: cosa cambia per chi fa email marketing nel 2024","isPartOf":{"@id":"https:\/\/emailchef.com\/it\/#website"},"datePublished":"2024-01-25T08:50:07+00:00","dateModified":"2024-02-16T16:49:49+00:00","description":"Come Cambia l'Email Marketing nel 2024. Tutte le Novit\u00e0 Google e Yahoo 2024. Autenticare il Dominio per l'Email Marketing. >> Scopri i Nuovi Requisiti Gmail e Yahoo ora!","breadcrumb":{"@id":"https:\/\/emailchef.com\/it\/documentazione\/novita-yahoo-e-gmail-cosa-cambia-per-chi-fa-email-marketing-nel-2024\/#breadcrumb"},"inLanguage":"it-IT","potentialAction":[{"@type":"ReadAction","target":["https:\/\/emailchef.com\/it\/documentazione\/novita-yahoo-e-gmail-cosa-cambia-per-chi-fa-email-marketing-nel-2024\/"]}]},{"@type":"BreadcrumbList","@id":"https:\/\/emailchef.com\/it\/documentazione\/novita-yahoo-e-gmail-cosa-cambia-per-chi-fa-email-marketing-nel-2024\/#breadcrumb","itemListElement":[{"@type":"ListItem","position":1,"name":"Home","item":"https:\/\/emailchef.com\/it\/home-test-2023\/"},{"@type":"ListItem","position":2,"name":"Documentazione","item":"https:\/\/emailchef.com\/it\/documentazione\/"},{"@type":"ListItem","position":3,"name":"Novit\u00e0 Yahoo e Gmail: cosa cambia per chi fa email marketing nel 2024."}]},{"@type":"WebSite","@id":"https:\/\/emailchef.com\/it\/#website","url":"https:\/\/emailchef.com\/it\/","name":"Emailchef","description":"Gustose ricette di email marketing","publisher":{"@id":"https:\/\/emailchef.com\/it\/#organization"},"potentialAction":[{"@type":"SearchAction","target":{"@type":"EntryPoint","urlTemplate":"https:\/\/emailchef.com\/it\/?s={search_term_string}"},"query-input":{"@type":"PropertyValueSpecification","valueRequired":true,"valueName":"search_term_string"}}],"inLanguage":"it-IT"},{"@type":"Organization","@id":"https:\/\/emailchef.com\/it\/#organization","name":"Delivery Tech Corp.","url":"https:\/\/emailchef.com\/it\/","logo":{"@type":"ImageObject","inLanguage":"it-IT","@id":"https:\/\/emailchef.com\/it\/#\/schema\/logo\/image\/","url":"https:\/\/emailchef.com\/wp-content\/uploads\/2022\/04\/logo-sama.png","contentUrl":"https:\/\/emailchef.com\/wp-content\/uploads\/2022\/04\/logo-sama.png","width":237,"height":80,"caption":"Delivery Tech Corp."},"image":{"@id":"https:\/\/emailchef.com\/it\/#\/schema\/logo\/image\/"}}]}},"_links":{"self":[{"href":"https:\/\/emailchef.com\/it\/wp-json\/wp\/v2\/pages\/70096"}],"collection":[{"href":"https:\/\/emailchef.com\/it\/wp-json\/wp\/v2\/pages"}],"about":[{"href":"https:\/\/emailchef.com\/it\/wp-json\/wp\/v2\/types\/page"}],"author":[{"embeddable":true,"href":"https:\/\/emailchef.com\/it\/wp-json\/wp\/v2\/users\/1"}],"replies":[{"embeddable":true,"href":"https:\/\/emailchef.com\/it\/wp-json\/wp\/v2\/comments?post=70096"}],"version-history":[{"count":8,"href":"https:\/\/emailchef.com\/it\/wp-json\/wp\/v2\/pages\/70096\/revisions"}],"predecessor-version":[{"id":70508,"href":"https:\/\/emailchef.com\/it\/wp-json\/wp\/v2\/pages\/70096\/revisions\/70508"}],"up":[{"embeddable":true,"href":"https:\/\/emailchef.com\/it\/wp-json\/wp\/v2\/pages\/1081"}],"wp:attachment":[{"href":"https:\/\/emailchef.com\/it\/wp-json\/wp\/v2\/media?parent=70096"}],"wp:term":[{"taxonomy":"g1_relation_tag","embeddable":true,"href":"https:\/\/emailchef.com\/it\/wp-json\/wp\/v2\/g1_relation_tag?post=70096"}],"curies":[{"name":"wp","href":"https:\/\/api.w.org\/{rel}","templated":true}]}}