{"id":6979,"date":"2018-05-18T15:35:45","date_gmt":"2018-05-18T15:35:45","guid":{"rendered":"https:\/\/emailchef.com\/?page_id=6979"},"modified":"2021-07-22T13:15:00","modified_gmt":"2021-07-22T13:15:00","slug":"accedere-esportare-modificare-e-rimuovere-informazioni","status":"publish","type":"page","link":"https:\/\/emailchef.com\/it\/norme-sulla-privacy-regolamento-ue-2016-79-gdpr\/accedere-esportare-modificare-e-rimuovere-informazioni\/","title":{"rendered":"Accedere, esportare, modificare e rimuovere informazioni"},"content":{"rendered":"<p><img fetchpriority=\"high\" decoding=\"async\" class=\"noBorders aligncenter wp-image-7032 size-full\" src=\"https:\/\/emailchef.com\/wp-content\/uploads\/2018\/05\/gdpr-esporta.png\" alt=\"\" width=\"1280\" height=\"700\" srcset=\"https:\/\/emailchef.com\/wp-content\/uploads\/2018\/05\/gdpr-esporta.png 1280w, https:\/\/emailchef.com\/wp-content\/uploads\/2018\/05\/gdpr-esporta-300x164.png 300w, https:\/\/emailchef.com\/wp-content\/uploads\/2018\/05\/gdpr-esporta-768x420.png 768w, https:\/\/emailchef.com\/wp-content\/uploads\/2018\/05\/gdpr-esporta-1024x560.png 1024w, https:\/\/emailchef.com\/wp-content\/uploads\/2018\/05\/gdpr-esporta-968x529.png 968w, https:\/\/emailchef.com\/wp-content\/uploads\/2018\/05\/gdpr-esporta-636x348.png 636w, https:\/\/emailchef.com\/wp-content\/uploads\/2018\/05\/gdpr-esporta-320x175.png 320w, https:\/\/emailchef.com\/wp-content\/uploads\/2018\/05\/gdpr-esporta-239x131.png 239w\" sizes=\"(max-width: 1280px) 100vw, 1280px\" \/><\/p>\n<ul class=\"g1-grid\"><li class=\"g1-column g1-one-fourth g1-valign-top\">\n<h4>Diritto di accesso, rettifica, opposizione<\/h4>\n<\/li><!-- -->\n<li class=\"g1-column g1-three-fourth g1-valign-top\">\n<p>Abbiamo predisposto dei meccanismi e delle modalit\u00e0 che in qualsiasi momento e per motivi legittimi ti garantiscono la possibilit\u00e0 di:<\/p>\n\n<ul id=\"\" class=\"g1-list g1-list--upper-alpha g1-list--none \">\n<li>opporti al trattamento dei dati;<\/li>\n<li>chiedere la cancellazione, la modifica o l\u2019aggiornamento di tutte le tue informazioni personali in nostro posseso.<\/li>\n<\/ul>\n\n<p>eDisplay Srl ti permette di modificare i tuoi dati quando vuoi tu, accedendo al tuo proprio profilo tramite i nostri portali o contattandoci all\u2019indirizzo email indicato nella sezione privacy del sito web a cui fa riferimento il servizio specifico.<br \/>\nPotrai disiscriverti dalla nostra newsletter o scegliere di non ricevere pi\u00f9 comunicazioni commerciali tramite email: basta utilizzare il link di disiscrizione presente in ognuna di esse.<br \/>\nTi sar\u00e0 possibile inoltrare le richieste per la cancellazione, la modifica o l\u2019aggiornamento di tutte le informazioni personali anche per via elettronica, utilizzando gli appositi form o informandoci tramite email.<br \/>\nTali richieste saranno trattate entro un tempo massimo di 30 giorni, senza ingiustificato ritardo, e motivando la nostra eventuale intenzione di non accoglierle.<br \/>\nNel caso in cui eDisplay Srl sia responsabile del trattamento dei dati, per via del principio di cooperazione, aiuteremo il titolare a far fronte alle sopraccitate richieste.<\/p>\n<\/li><!-- --><\/ul>\n<div  class=\"g1-divider g1-divider--none g1-divider--noicon \"><\/div>\n<ul class=\"g1-grid\"><li class=\"g1-column g1-one-fourth g1-valign-top\">\n<h4>Diritto all&#8217;oblio<\/h4>\n<\/li><!-- -->\n<li class=\"g1-column g1-three-fourth g1-valign-top\">\n<p>Abbiamo generato tutte le procedure necessarie per garantire il tuo diritto all\u2019oblio, che ti permette di ottenere la rettifica dei tuoi dati personali.<br \/>\nSu tua legittima richiesta provvederemo a cancellare i tuoi dati, che non saranno pi\u00f9 sottoposti ad alcun tipo di trattamento, n\u00e9 saranno pi\u00f9 necessari alle finalit\u00e0 per le quali sono stati raccolti o trattati in precedenza.<br \/>\nTu hai la possibilit\u00e0 di ritirare il consenso o di opporti al trattamento dei dati, se ritieni che il quest&#8217;ultimo non sia conforme al presente regolamento.<br \/>\nPer avvalerti di questo diritto dovrai dimostrare di essere proprio tu ad effettuare la richiesta, inviandoci documenti che comprovino la tua identit\u00e0, inoltre ricordati di motivare la tua decisione.<br \/>\nUna volta che avremo ricevuto la tua comunicazione, noi provvederemo nel pi\u00f9 breve tempo possibile a darti conferma e dimostrazione dell\u2019avvenuta cancellazione dei tuoi dati.<\/p>\n<\/li><!-- --><\/ul>\n<div  class=\"g1-divider g1-divider--none g1-divider--noicon \"><\/div>\n<ul class=\"g1-grid\"><li class=\"g1-column g1-one-fourth g1-valign-top\">\n<h4>Diritto alla portabilit\u00e0 dei dati<\/h4>\n<\/li><!-- -->\n<li class=\"g1-column g1-three-fourth g1-valign-top\">\n<p>Per rafforzare ulteriormente il controllo sui tuoi dati, nel caso in cui siano trattati con mezzi automatizzati, avrai la possibilit\u00e0 di scaricarli dalle nostre applicazioni.<br \/>\nI dati saranno disponibili in un formato strutturato, di uso comune, leggibile da dispositivo automatico (per esempio da computer, smartphone, tablet, etc).<br \/>\nIn questo modo i file con i tuoi dati personali potranno essere trasmessi a un altro titolare del trattamento, garantendo cos\u00ec il tuo diritto alla portabilit\u00e0 dei dati.<\/p>\n<\/li><!-- --><\/ul>\n<div  class=\"g1-divider g1-divider--none g1-divider--noicon \"><\/div>\n<ul class=\"g1-grid\"><li class=\"g1-column g1-one-fourth g1-valign-top\">\n<h4>Diritto di revoca del consenso al trattamento dei dati<\/h4>\n<\/li><!-- -->\n<li class=\"g1-column g1-three-fourth g1-valign-top\">\n<p>Se non vuoi pi\u00f9 ricevere le nostre email promozionali, segui le istruzioni di cancellazione dalla nostra lista contatti contenute in ogni email.<br \/>\nRicorda: la revoca del consenso al trattamento dei dati, limitatamente all\u2019utilizzo di un servizio offerto gratuitamente, ne sospende ipso jure la fornitura.<\/p>\n<\/li><!-- --><\/ul>\n<div  class=\"g1-divider g1-divider--none g1-divider--noicon \"><\/div>\n<ul class=\"g1-grid\"><li class=\"g1-column g1-one-fourth g1-valign-top\">\n<h4>Diritto di revoca del consenso al trattamento dei dati per appartenenti alle liste di clienti<\/h4>\n<\/li><!-- -->\n<li class=\"g1-column g1-three-fourth g1-valign-top\">\n<p>Se sei iscritto alla lista contatti di un nostro utente, ti ricordiamo che noi siamo solamente i responsabili del trattamento dei dati, mentre il nostro utente \u00e8 il titolare: spetta a lui la cancellazione o l\u2019aggiornamento dei tuoi dati.<br \/>\nSe non vuoi pi\u00f9 ricevere le comunicazioni inviate da un nostro utente, ti invitiamo ad annullare l&#8217;iscrizione tramite il link per disiscriversi contenuto nella email che hai ricevuto, oppure di contattare direttamente l\u2019utente in questione per far presente la tua richiesta.<br \/>\nSe comunicassi a noi la revoca del consenso al trattamento dei tuoi dati, eDisplay Srl far\u00e0 presente la richiesta all\u2019utente che ha il tuo contatto nella propria lista, ma dovr\u00e0 essere lui a rimuovere o aggiornare i tuoi dati.<\/p>\n<\/li><!-- --><\/ul>\n","protected":false},"excerpt":{"rendered":"","protected":false},"author":2,"featured_media":0,"parent":6932,"menu_order":4,"comment_status":"closed","ping_status":"closed","template":"","meta":{"_acf_changed":false,"inline_featured_image":false,"footnotes":""},"g1_relation_tag":[],"class_list":["post-6979","page","type-page","status-publish","hentry"],"acf":[],"yoast_head":"<!-- This site is optimized with the Yoast SEO plugin v24.8.1 - https:\/\/yoast.com\/wordpress\/plugins\/seo\/ -->\n<title>Accedere, esportare, modificare e rimuovere informazioni - Emailchef<\/title>\n<meta name=\"robots\" content=\"index, follow, max-snippet:-1, max-image-preview:large, max-video-preview:-1\" \/>\n<link rel=\"canonical\" href=\"https:\/\/emailchef.com\/it\/norme-sulla-privacy-regolamento-ue-2016-79-gdpr\/accedere-esportare-modificare-e-rimuovere-informazioni\/\" \/>\n<meta name=\"twitter:label1\" content=\"Tempo di lettura stimato\" \/>\n\t<meta name=\"twitter:data1\" content=\"4 minuti\" \/>\n<!-- \/ Yoast SEO plugin. -->","yoast_head_json":{"title":"Accedere, esportare, modificare e rimuovere informazioni - Emailchef","robots":{"index":"index","follow":"follow","max-snippet":"max-snippet:-1","max-image-preview":"max-image-preview:large","max-video-preview":"max-video-preview:-1"},"canonical":"https:\/\/emailchef.com\/it\/norme-sulla-privacy-regolamento-ue-2016-79-gdpr\/accedere-esportare-modificare-e-rimuovere-informazioni\/","twitter_misc":{"Tempo di lettura stimato":"4 minuti"},"schema":{"@context":"https:\/\/schema.org","@graph":[{"@type":"WebPage","@id":"https:\/\/emailchef.com\/it\/norme-sulla-privacy-regolamento-ue-2016-79-gdpr\/accedere-esportare-modificare-e-rimuovere-informazioni\/","url":"https:\/\/emailchef.com\/it\/norme-sulla-privacy-regolamento-ue-2016-79-gdpr\/accedere-esportare-modificare-e-rimuovere-informazioni\/","name":"Accedere, esportare, modificare e rimuovere informazioni - Emailchef","isPartOf":{"@id":"https:\/\/emailchef.com\/it\/#website"},"primaryImageOfPage":{"@id":"https:\/\/emailchef.com\/it\/norme-sulla-privacy-regolamento-ue-2016-79-gdpr\/accedere-esportare-modificare-e-rimuovere-informazioni\/#primaryimage"},"image":{"@id":"https:\/\/emailchef.com\/it\/norme-sulla-privacy-regolamento-ue-2016-79-gdpr\/accedere-esportare-modificare-e-rimuovere-informazioni\/#primaryimage"},"thumbnailUrl":"https:\/\/emailchef.com\/wp-content\/uploads\/2018\/05\/gdpr-esporta.png","datePublished":"2018-05-18T15:35:45+00:00","dateModified":"2021-07-22T13:15:00+00:00","breadcrumb":{"@id":"https:\/\/emailchef.com\/it\/norme-sulla-privacy-regolamento-ue-2016-79-gdpr\/accedere-esportare-modificare-e-rimuovere-informazioni\/#breadcrumb"},"inLanguage":"it-IT","potentialAction":[{"@type":"ReadAction","target":["https:\/\/emailchef.com\/it\/norme-sulla-privacy-regolamento-ue-2016-79-gdpr\/accedere-esportare-modificare-e-rimuovere-informazioni\/"]}]},{"@type":"ImageObject","inLanguage":"it-IT","@id":"https:\/\/emailchef.com\/it\/norme-sulla-privacy-regolamento-ue-2016-79-gdpr\/accedere-esportare-modificare-e-rimuovere-informazioni\/#primaryimage","url":"https:\/\/emailchef.com\/wp-content\/uploads\/2018\/05\/gdpr-esporta.png","contentUrl":"https:\/\/emailchef.com\/wp-content\/uploads\/2018\/05\/gdpr-esporta.png"},{"@type":"BreadcrumbList","@id":"https:\/\/emailchef.com\/it\/norme-sulla-privacy-regolamento-ue-2016-79-gdpr\/accedere-esportare-modificare-e-rimuovere-informazioni\/#breadcrumb","itemListElement":[{"@type":"ListItem","position":1,"name":"Home","item":"https:\/\/emailchef.com\/it\/home-test-2023\/"},{"@type":"ListItem","position":2,"name":"GDPR &#8211; Introduzione e obiettivi perseguiti","item":"https:\/\/emailchef.com\/it\/norme-sulla-privacy-regolamento-ue-2016-79-gdpr\/"},{"@type":"ListItem","position":3,"name":"Accedere, esportare, modificare e rimuovere informazioni"}]},{"@type":"WebSite","@id":"https:\/\/emailchef.com\/it\/#website","url":"https:\/\/emailchef.com\/it\/","name":"Emailchef","description":"Gustose ricette di email marketing","publisher":{"@id":"https:\/\/emailchef.com\/it\/#organization"},"potentialAction":[{"@type":"SearchAction","target":{"@type":"EntryPoint","urlTemplate":"https:\/\/emailchef.com\/it\/?s={search_term_string}"},"query-input":{"@type":"PropertyValueSpecification","valueRequired":true,"valueName":"search_term_string"}}],"inLanguage":"it-IT"},{"@type":"Organization","@id":"https:\/\/emailchef.com\/it\/#organization","name":"Delivery Tech Corp.","url":"https:\/\/emailchef.com\/it\/","logo":{"@type":"ImageObject","inLanguage":"it-IT","@id":"https:\/\/emailchef.com\/it\/#\/schema\/logo\/image\/","url":"https:\/\/emailchef.com\/wp-content\/uploads\/2022\/04\/logo-sama.png","contentUrl":"https:\/\/emailchef.com\/wp-content\/uploads\/2022\/04\/logo-sama.png","width":237,"height":80,"caption":"Delivery Tech Corp."},"image":{"@id":"https:\/\/emailchef.com\/it\/#\/schema\/logo\/image\/"}}]}},"_links":{"self":[{"href":"https:\/\/emailchef.com\/it\/wp-json\/wp\/v2\/pages\/6979"}],"collection":[{"href":"https:\/\/emailchef.com\/it\/wp-json\/wp\/v2\/pages"}],"about":[{"href":"https:\/\/emailchef.com\/it\/wp-json\/wp\/v2\/types\/page"}],"author":[{"embeddable":true,"href":"https:\/\/emailchef.com\/it\/wp-json\/wp\/v2\/users\/2"}],"replies":[{"embeddable":true,"href":"https:\/\/emailchef.com\/it\/wp-json\/wp\/v2\/comments?post=6979"}],"version-history":[{"count":6,"href":"https:\/\/emailchef.com\/it\/wp-json\/wp\/v2\/pages\/6979\/revisions"}],"predecessor-version":[{"id":46530,"href":"https:\/\/emailchef.com\/it\/wp-json\/wp\/v2\/pages\/6979\/revisions\/46530"}],"up":[{"embeddable":true,"href":"https:\/\/emailchef.com\/it\/wp-json\/wp\/v2\/pages\/6932"}],"wp:attachment":[{"href":"https:\/\/emailchef.com\/it\/wp-json\/wp\/v2\/media?parent=6979"}],"wp:term":[{"taxonomy":"g1_relation_tag","embeddable":true,"href":"https:\/\/emailchef.com\/it\/wp-json\/wp\/v2\/g1_relation_tag?post=6979"}],"curies":[{"name":"wp","href":"https:\/\/api.w.org\/{rel}","templated":true}]}}