{"id":68493,"date":"2023-10-31T08:11:42","date_gmt":"2023-10-31T08:11:42","guid":{"rendered":"https:\/\/emailchef.com\/?page_id=68493"},"modified":"2023-10-31T08:11:43","modified_gmt":"2023-10-31T08:11:43","slug":"come-scegliere-e-acquistare-un-dominio-email-personalizzato","status":"publish","type":"page","link":"https:\/\/emailchef.com\/it\/documentazione\/come-scegliere-e-acquistare-un-dominio-email-personalizzato\/","title":{"rendered":"Come scegliere e acquistare un dominio email personalizzato"},"content":{"rendered":"<h2 style=\"font-style: italic; font-size: 26px; margin-top: 0px;\">Guida pratica in 5 passi per l\u2019acquisto del tuo indirizzo mittente con dominio personalizzato.<\/h2>\n<p>Per stabilire una presenza online professionale, un indirizzo email con dominio personalizzato \u00e8 un passo fondamentale.<\/p>\n<p>Gli indirizzi email gratuiti, infatti, riducono i tassi di consegna delle tue campagne, aumentano le probabilit\u00e0 che i messaggi vengano classificati o segnalati come spam e possono compromettere la tua reputazione online con i client di posta.<\/p>\n<p>Ma questi non sono gli unici motivi per cui richiediamo ai nostri clienti un indirizzo mittente con dominio personalizzato.<\/p>\n<p>Il dominio personalizzato \u00e8 infatti un elemento cruciale per garantire la credibilit\u00e0 dei tuoi messaggi e per promuovere la tua attivit\u00e0 in modo efficace. Possedere un dominio email facilmente riconoscibile pu\u00f2 farti percepire come un\u2019attivit\u00e0 seria e professionale.<\/p>\n<p>Ma come scegliere e acquistare un dominio?<\/p>\n<p>In questa guida pratica, scoprirai come scegliere, valutare e acquistare il tuo dominio personalizzato passo dopo passo.<\/p>\n<h2 style=\"color: #605E6F;font-weight: bold!important;font-size: 18px;text-transform: uppercase;letter-spacing: -0.7px;\">Passo 1: Decidi il nome del dominio da utilizzare.<\/h2>\n<p>La prima cosa da fare \u00e8 decidere il nome del tuo dominio. Assicurati che il nome sia rappresentativo del tuo business e che sia facile da ricordare.<\/p>\n<p>Un consiglio?<\/p>\n<p>Evita caratteri speciali e nomi troppo lunghi. Ad esempio, se il nome della tua azienda \u00e8 <em>ABC Marketing<\/em>, potresti utilizzare un dominio del tipo abcmarketing.com.<\/p>\n<p>Fai attenzione poi a non utilizzare marchi registrati da altre aziende.<br \/>\nMa come avere la certezza che il marchio non sia gi\u00e0 stato utilizzato? Te lo spieghiamo qui sotto \ud83d\udc47.<\/p>\n<h2 style=\"color: #605E6F;font-weight: bold!important;font-size: 18px;text-transform: uppercase;letter-spacing: -0.7px;\">Passo 2: Verifica che il dominio sia disponibile.<\/h2>\n<p>Per sapere se un dominio \u00e8 gi\u00e0 stato registrato, puoi servirti di un motore di ricerca online come quello offerto da <a href=\"https:\/\/www.godaddy.com\/it-it\/whois\" target=\"_blank\" rel=\"nofollow noopener\">GoDaddy<\/a> o da <a href=\"https:\/\/www.namecheap.com\/domains\/domain-name-search\/\" target=\"_blank\" rel=\"nofollow noopener\">Namecheap<\/a>.<\/p>\n<p>Utilizzando la funzione di ricerca offerta da questi siti puoi inserire il nome di dominio che vorresti utilizzare e verificare che sia disponibile.<\/p>\n<p><img decoding=\"async\" src=\"https:\/\/emailchef.com\/wp-content\/uploads\/2023\/10\/dominio-email-personalizzato.jpg\" alt=\"Dominio email personalizzato\" width=\"680px\" height=\"231px\"><\/p>\n<p>Dopo aver inserito il nome di dominio, il motore di ricerca ti restituir\u00e0 i risultati.<\/p>\n<p>Se il dominio \u00e8 disponibile, vedrai un messaggio che conferma la sua disponibilit\u00e0. In caso contrario, vedrai informazioni sul proprietario attuale, oppure dei suggerimenti per nomi di dominio simili.<\/p>\n<p><img decoding=\"async\" src=\"https:\/\/emailchef.com\/wp-content\/uploads\/2023\/10\/scegliere-acquistare-dominio-email-personalizzato.jpg\" alt=\"Scegliere e acquistare dominio email personalizzato\" width=\"680px\" height=\"270px\"><\/p>\n<p>Se desideri ulteriori dettagli, puoi utilizzare il servizio <a href=\"https:\/\/who.is\/\" target=\"_blank\" rel=\"nofollow noopener\">WHOIS<\/a>. Ti baster\u00e0 inserire il nome di dominio che vuoi verificare, e questo servizio ti fornir\u00e0 informazioni sull\u2019attuale proprietario di quel dominio, la data in cui \u00e8 stato registrato e altre informazioni pertinenti.<\/p>\n<p>Se il dominio \u00e8 gi\u00e0 registrato e vorresti ottenerlo, potresti contattare il proprietario attuale per sapere se sia disposto a venderlo.<\/p>\n<h2 style=\"color: #605E6F;font-weight: bold!important;font-size: 18px;text-transform: uppercase;letter-spacing: -0.7px;\">Passo 3: Scegli il provider di registrazione del dominio.<\/h2>\n<p>Dopo aver verificato la disponibilit\u00e0 del dominio, dovrai scegliere un provider per registrarlo.<\/p>\n<p>Ma ecco alcuni aspetti da considerare quando scegli quello che fa al caso tuo:<\/p>\n<ol>\n<li style=\"margin-bottom: 15px;\"><strong>Le tariffe<\/strong>: confronta le tariffe di registrazione del dominio tra i vari provider. Alcuni, come <a href=\"https:\/\/www.godaddy.com\/it-it\" target=\"_blank\" rel=\"nofollow noopener\">GoDaddy<\/a> ad esempio, offrono sconti per la registrazione del primo dominio. Anche <a href=\"https:\/\/hosting.aruba.it\/email.aspx\" target=\"_blank\" rel=\"nofollow noopener\">Aruba<\/a> offre domini email a prezzi vantaggiosi.<br \/>\nValuta poi se il dominio \u00e8 scalabile, ovvero se potr\u00e0 essere adattato alle tue esigenze aziendali nel tempo. Il nostro consiglio \u00e8 di considerarne uno che possa adattarsi a eventuali espansioni o cambiamenti nel tuo business.<\/li>\n<li style=\"margin-bottom: 15px;\"><strong>La gestione dei DNS<\/strong>: verifica se il provider offre un&#8217;interfaccia user-friendly per la gestione dei record DNS. <a href=\"https:\/\/www.namecheap.com\/\" target=\"_blank\" rel=\"nofollow noopener\">Namecheap<\/a>, ad esempio, offre un pannello di controllo che semplifica la gestione di questi record. \u00c8 noto per essere user-friendly ed \u00e8 spesso raccomandato per utenti principianti.<br \/>\n<a href=\"https:\/\/www.namecheap.com\/support\/knowledgebase\/article.aspx\/767\/10\/how-to-change-dns-for-a-domain\/\" target=\"_blank\" rel=\"nofollow noopener\">Leggi la guida alla modifica dei record DNS su Namecheap<\/a>.<\/li>\n<li style=\"margin-bottom: 15px;\"><strong>L\u2019assistenza clienti<\/strong>: assicurati che il provider offra un buon servizio di assistenza clienti in caso di problemi o domande. <a href=\"https:\/\/hosting.aruba.it\/email.aspx\" target=\"_blank\" rel=\"nofollow noopener\">Aruba<\/a>, ad esempio, offre assistenza in italiano e ha una presenza locale forte. Il loro servizio di supporto viene poi generalmente ben valutato.<\/li>\n<li style=\"margin-bottom: 15px;\"><strong>Rinnovo<\/strong>: verifica anche le politiche di rinnovo del dominio. Alcuni provider offrono rinnovi automatici, mentre altri richiedono un&#8217;azione manuale.<\/li>\n<\/ol>\n<h2 style=\"color: #605E6F;font-weight: bold!important;font-size: 18px;text-transform: uppercase;letter-spacing: -0.7px;\">Passo 4: Registra il dominio e crea il tuo indirizzo email personalizzato.<\/h2>\n<p>Una volta scelto il nome del dominio e il provider pi\u00f9 adatto, dovrai procedere con la registrazione. Sar\u00e0 necessario fornire alcune informazioni personali e di contatto durante questa fase. Assicurati che siano accurate, perch\u00e9 saranno necessarie per la corretta registrazione del dominio.<\/p>\n<p>Ma a questo punto, come si crea un indirizzo email con il tuo dominio?<\/p>\n<p>Te lo spieghiamo nella <a href=\"https:\/\/emailchef.com\/it\/documentazione\/come-creare-un-indirizzo-email-con-dominio-personalizzato\/\" title=\"Come creare un indirizzo email con dominio personalizzato\">guida su come creare un indirizzo email con dominio personalizzato<\/a>.<\/p>\n<h2 style=\"color: #605E6F;font-weight: bold!important;font-size: 18px;text-transform: uppercase;letter-spacing: -0.7px;\">Passo 5: Configura il dominio per Emailchef.<\/h2>\n<p>Per concludere, dovrai configurare i record DNS del tuo dominio per farlo funzionare con Emailchef.<\/p>\n<p>Qui trovi una <a href=\"https:\/\/emailchef.com\/it\/documentazione\/come-autenticare-il-tuo-dominio\/\" title=\"Come autenticare il tuo dominio su Emailchef\">guida completa per autenticare il tuo dominio personalizzato sulla nostra piattaforma<\/a>.<\/p>\n","protected":false},"excerpt":{"rendered":"<p>Guida pratica in 5 passi per l\u2019acquisto del tuo indirizzo mittente con dominio personalizzato. Per stabilire una presenza online professionale, un indirizzo email con dominio personalizzato \u00e8 un passo fondamentale. Gli indirizzi email gratuiti, infatti, riducono i tassi di consegna delle tue campagne, aumentano le probabilit\u00e0 che i messaggi vengano classificati o segnalati come spam [&hellip;]<\/p>\n","protected":false},"author":1,"featured_media":0,"parent":1081,"menu_order":0,"comment_status":"closed","ping_status":"closed","template":"","meta":{"_acf_changed":false,"inline_featured_image":false,"footnotes":""},"g1_relation_tag":[],"class_list":["post-68493","page","type-page","status-publish","hentry"],"acf":[],"yoast_head":"<!-- This site is optimized with the Yoast SEO plugin v24.8.1 - https:\/\/yoast.com\/wordpress\/plugins\/seo\/ -->\n<title>Come scegliere e acquistare un dominio email personalizzato<\/title>\n<meta name=\"description\" content=\"Guida per la Scelta di un Dominio Personalizzato. Come Scegliere e Acquistare un Dominio Aziendale. Provider di Dominio: Come Sceglierlo &gt;&gt; Leggi la Guida Ora!\" \/>\n<meta name=\"robots\" content=\"index, follow, max-snippet:-1, max-image-preview:large, max-video-preview:-1\" \/>\n<link rel=\"canonical\" href=\"https:\/\/emailchef.com\/it\/documentazione\/come-scegliere-e-acquistare-un-dominio-email-personalizzato\/\" \/>\n<meta name=\"twitter:label1\" content=\"Tempo di lettura stimato\" \/>\n\t<meta name=\"twitter:data1\" content=\"4 minuti\" \/>\n<!-- \/ Yoast SEO plugin. -->","yoast_head_json":{"title":"Come scegliere e acquistare un dominio email personalizzato","description":"Guida per la Scelta di un Dominio Personalizzato. Come Scegliere e Acquistare un Dominio Aziendale. Provider di Dominio: Come Sceglierlo >> Leggi la Guida Ora!","robots":{"index":"index","follow":"follow","max-snippet":"max-snippet:-1","max-image-preview":"max-image-preview:large","max-video-preview":"max-video-preview:-1"},"canonical":"https:\/\/emailchef.com\/it\/documentazione\/come-scegliere-e-acquistare-un-dominio-email-personalizzato\/","twitter_misc":{"Tempo di lettura stimato":"4 minuti"},"schema":{"@context":"https:\/\/schema.org","@graph":[{"@type":"WebPage","@id":"https:\/\/emailchef.com\/it\/documentazione\/come-scegliere-e-acquistare-un-dominio-email-personalizzato\/","url":"https:\/\/emailchef.com\/it\/documentazione\/come-scegliere-e-acquistare-un-dominio-email-personalizzato\/","name":"Come scegliere e acquistare un dominio email personalizzato","isPartOf":{"@id":"https:\/\/emailchef.com\/it\/#website"},"primaryImageOfPage":{"@id":"https:\/\/emailchef.com\/it\/documentazione\/come-scegliere-e-acquistare-un-dominio-email-personalizzato\/#primaryimage"},"image":{"@id":"https:\/\/emailchef.com\/it\/documentazione\/come-scegliere-e-acquistare-un-dominio-email-personalizzato\/#primaryimage"},"thumbnailUrl":"https:\/\/emailchef.com\/wp-content\/uploads\/2023\/10\/dominio-email-personalizzato.jpg","datePublished":"2023-10-31T08:11:42+00:00","dateModified":"2023-10-31T08:11:43+00:00","description":"Guida per la Scelta di un Dominio Personalizzato. Come Scegliere e Acquistare un Dominio Aziendale. Provider di Dominio: Come Sceglierlo >> Leggi la Guida Ora!","breadcrumb":{"@id":"https:\/\/emailchef.com\/it\/documentazione\/come-scegliere-e-acquistare-un-dominio-email-personalizzato\/#breadcrumb"},"inLanguage":"it-IT","potentialAction":[{"@type":"ReadAction","target":["https:\/\/emailchef.com\/it\/documentazione\/come-scegliere-e-acquistare-un-dominio-email-personalizzato\/"]}]},{"@type":"ImageObject","inLanguage":"it-IT","@id":"https:\/\/emailchef.com\/it\/documentazione\/come-scegliere-e-acquistare-un-dominio-email-personalizzato\/#primaryimage","url":"https:\/\/emailchef.com\/wp-content\/uploads\/2023\/10\/dominio-email-personalizzato.jpg","contentUrl":"https:\/\/emailchef.com\/wp-content\/uploads\/2023\/10\/dominio-email-personalizzato.jpg"},{"@type":"BreadcrumbList","@id":"https:\/\/emailchef.com\/it\/documentazione\/come-scegliere-e-acquistare-un-dominio-email-personalizzato\/#breadcrumb","itemListElement":[{"@type":"ListItem","position":1,"name":"Home","item":"https:\/\/emailchef.com\/it\/home-test-2023\/"},{"@type":"ListItem","position":2,"name":"Documentazione","item":"https:\/\/emailchef.com\/it\/documentazione\/"},{"@type":"ListItem","position":3,"name":"Come scegliere e acquistare un dominio email personalizzato"}]},{"@type":"WebSite","@id":"https:\/\/emailchef.com\/it\/#website","url":"https:\/\/emailchef.com\/it\/","name":"Emailchef","description":"Gustose ricette di email marketing","publisher":{"@id":"https:\/\/emailchef.com\/it\/#organization"},"potentialAction":[{"@type":"SearchAction","target":{"@type":"EntryPoint","urlTemplate":"https:\/\/emailchef.com\/it\/?s={search_term_string}"},"query-input":{"@type":"PropertyValueSpecification","valueRequired":true,"valueName":"search_term_string"}}],"inLanguage":"it-IT"},{"@type":"Organization","@id":"https:\/\/emailchef.com\/it\/#organization","name":"Delivery Tech Corp.","url":"https:\/\/emailchef.com\/it\/","logo":{"@type":"ImageObject","inLanguage":"it-IT","@id":"https:\/\/emailchef.com\/it\/#\/schema\/logo\/image\/","url":"https:\/\/emailchef.com\/wp-content\/uploads\/2022\/04\/logo-sama.png","contentUrl":"https:\/\/emailchef.com\/wp-content\/uploads\/2022\/04\/logo-sama.png","width":237,"height":80,"caption":"Delivery Tech Corp."},"image":{"@id":"https:\/\/emailchef.com\/it\/#\/schema\/logo\/image\/"}}]}},"_links":{"self":[{"href":"https:\/\/emailchef.com\/it\/wp-json\/wp\/v2\/pages\/68493"}],"collection":[{"href":"https:\/\/emailchef.com\/it\/wp-json\/wp\/v2\/pages"}],"about":[{"href":"https:\/\/emailchef.com\/it\/wp-json\/wp\/v2\/types\/page"}],"author":[{"embeddable":true,"href":"https:\/\/emailchef.com\/it\/wp-json\/wp\/v2\/users\/1"}],"replies":[{"embeddable":true,"href":"https:\/\/emailchef.com\/it\/wp-json\/wp\/v2\/comments?post=68493"}],"version-history":[{"count":8,"href":"https:\/\/emailchef.com\/it\/wp-json\/wp\/v2\/pages\/68493\/revisions"}],"predecessor-version":[{"id":68519,"href":"https:\/\/emailchef.com\/it\/wp-json\/wp\/v2\/pages\/68493\/revisions\/68519"}],"up":[{"embeddable":true,"href":"https:\/\/emailchef.com\/it\/wp-json\/wp\/v2\/pages\/1081"}],"wp:attachment":[{"href":"https:\/\/emailchef.com\/it\/wp-json\/wp\/v2\/media?parent=68493"}],"wp:term":[{"taxonomy":"g1_relation_tag","embeddable":true,"href":"https:\/\/emailchef.com\/it\/wp-json\/wp\/v2\/g1_relation_tag?post=68493"}],"curies":[{"name":"wp","href":"https:\/\/api.w.org\/{rel}","templated":true}]}}