{"id":67503,"date":"2023-06-21T13:05:44","date_gmt":"2023-06-21T13:05:44","guid":{"rendered":"https:\/\/emailchef.com\/?page_id=67503"},"modified":"2024-05-24T09:06:24","modified_gmt":"2024-05-24T09:06:24","slug":"email-marketing-nel-rispetto-del-gdpr-con-emailchef","status":"publish","type":"page","link":"https:\/\/emailchef.com\/it\/caratteristiche\/email-marketing-nel-rispetto-del-gdpr-con-emailchef\/","title":{"rendered":"Email marketing e GDPR: Emailchef garantisce tutti i requisiti della Normativa Privacy."},"content":{"rendered":"\t\t<div data-elementor-type=\"wp-page\" data-elementor-id=\"67503\" class=\"elementor elementor-67503\" data-elementor-post-type=\"page\">\n\t\t\t\t\t\t<section class=\"elementor-section elementor-top-section elementor-element elementor-element-d5e1467 elementor-section-boxed elementor-section-height-default elementor-section-height-default\" data-id=\"d5e1467\" data-element_type=\"section\">\n\t\t\t\t\t\t<div class=\"elementor-container elementor-column-gap-default\">\n\t\t\t\t\t<div class=\"elementor-column elementor-col-100 elementor-top-column elementor-element elementor-element-3b5dcb7\" data-id=\"3b5dcb7\" data-element_type=\"column\">\n\t\t\t<div class=\"elementor-widget-wrap elementor-element-populated\">\n\t\t\t\t\t\t<div class=\"elementor-element elementor-element-8623ded elementor-widget elementor-widget-image\" data-id=\"8623ded\" data-element_type=\"widget\" data-widget_type=\"image.default\">\n\t\t\t\t<div class=\"elementor-widget-container\">\n\t\t\t\t\t\t\t\t\t\t\t\t\t\t\t<img fetchpriority=\"high\" decoding=\"async\" width=\"562\" height=\"421\" src=\"https:\/\/emailchef.com\/wp-content\/uploads\/2023\/06\/email_marketing_gdpr.png\" class=\"attachment-full size-full wp-image-67505\" alt=\"Fare email marketing nel rispetto del GDPR con Emailchef\" srcset=\"https:\/\/emailchef.com\/wp-content\/uploads\/2023\/06\/email_marketing_gdpr.png 562w, https:\/\/emailchef.com\/wp-content\/uploads\/2023\/06\/email_marketing_gdpr-300x225.png 300w\" sizes=\"(max-width: 562px) 100vw, 562px\" \/>\t\t\t\t\t\t\t\t\t\t\t\t\t\t\t<\/div>\n\t\t\t\t<\/div>\n\t\t\t\t\t<\/div>\n\t\t<\/div>\n\t\t\t\t\t<\/div>\n\t\t<\/section>\n\t\t\t\t<section class=\"elementor-section elementor-top-section elementor-element elementor-element-0a8cd9d elementor-section-boxed elementor-section-height-default elementor-section-height-default\" data-id=\"0a8cd9d\" data-element_type=\"section\">\n\t\t\t\t\t\t<div class=\"elementor-container elementor-column-gap-default\">\n\t\t\t\t\t<div class=\"elementor-column elementor-col-100 elementor-top-column elementor-element elementor-element-a49c456\" data-id=\"a49c456\" data-element_type=\"column\">\n\t\t\t<div class=\"elementor-widget-wrap elementor-element-populated\">\n\t\t\t\t\t\t<div class=\"elementor-element elementor-element-6520d99 elementor-widget elementor-widget-text-editor\" data-id=\"6520d99\" data-element_type=\"widget\" data-widget_type=\"text-editor.default\">\n\t\t\t\t<div class=\"elementor-widget-container\">\n\t\t\t\t\t\t\t\t\t<p>Il rispetto del GDPR \u00e8 uno degli argomenti pi\u00f9 delicati, e spesso sottovalutati, quando si parla di email marketing. Eppure il suo mancato rispetto pu\u00f2 essere causa di multe anche fino a 10 o 20 milioni di euro a seconda della gravit\u00e0 della violazione.<\/p><p>Ma cosa puoi fare per rispettare la normativa europea per la protezione dei dati personali?<\/p><p>Un ottimo punto di partenza \u00e8 <strong>scegliere una piattaforma come Emailchef<\/strong>, capace di soddisfare tutti i requisiti richiesti dal GDPR (cos\u00ec da non doverti preoccupare di nulla). I server utilizzati da Emailchef sono infatti localizzati in Europa e i nostri indirizzi IP sono europei, garantendo cos\u00ec uno dei requisiti fondamentali previsti dal GDPR. In questo modo potrai conservare i dati raccolti su server sicuri dal punto di vista della privacy.<\/p><p>Scegliendo di localizzare i nostri server su territorio europeo, possiamo infatti garantirti l\u2019adeguamento degli standard di protezione a quelli previsti dal GDPR, un passo fondamentale per la sicurezza di chi usufruisce dei nostri prodotti e servizi.<\/p><p>Ma non \u00e8 tutto: sar\u00e0 infatti fondamentale mettere in atto anche le altre misure previste dal Regolamento. Quali?<\/p>\t\t\t\t\t\t\t\t<\/div>\n\t\t\t\t<\/div>\n\t\t\t\t<div class=\"elementor-element elementor-element-35d0bb5 elementor-icon-list--layout-traditional elementor-list-item-link-full_width elementor-widget elementor-widget-icon-list\" data-id=\"35d0bb5\" data-element_type=\"widget\" data-widget_type=\"icon-list.default\">\n\t\t\t\t<div class=\"elementor-widget-container\">\n\t\t\t\t\t\t\t<ul class=\"elementor-icon-list-items\">\n\t\t\t\t\t\t\t<li class=\"elementor-icon-list-item\">\n\t\t\t\t\t\t\t\t\t\t\t<span class=\"elementor-icon-list-icon\">\n\t\t\t\t\t\t\t<i aria-hidden=\"true\" class=\"fas fa-angle-right\"><\/i>\t\t\t\t\t\t<\/span>\n\t\t\t\t\t\t\t\t\t\t<span class=\"elementor-icon-list-text\">Dovrai raccogliere soltanto i dati di coloro che ti hanno dato il consenso esplicito a farlo. Per aiutarti in questo processo, Emailchef mette a disposizione <strong>form di iscrizione di single o double opt-in<\/strong> in modo da aggiungere alla tua mailing list soltanto i dati di coloro che hanno dato la propria autorizzazione tramite l\u2019iscrizione sui moduli.<\/span>\n\t\t\t\t\t\t\t\t\t<\/li>\n\t\t\t\t\t\t<\/ul>\n\t\t\t\t\t\t<\/div>\n\t\t\t\t<\/div>\n\t\t\t\t<div class=\"elementor-element elementor-element-6cfef9f elementor-widget elementor-widget-html\" data-id=\"6cfef9f\" data-element_type=\"widget\" data-widget_type=\"html.default\">\n\t\t\t\t<div class=\"elementor-widget-container\">\n\t\t\t\t\t<div class=\"lyte-wrapper\" title=\"Tutorial: come creare un form di iscrizione alla mailing list con emailchef.\" style=\"width:640px;max-width:100%;margin:5px;\"><div class=\"lyMe\" id=\"WYL_5xkgK0Y_f-w\"><div id=\"lyte_5xkgK0Y_f-w\" data-src=\"https:\/\/emailchef.com\/wp-content\/plugins\/wp-youtube-lyte\/lyteCache.php?origThumbUrl=https%3A%2F%2Fi.ytimg.com%2Fvi%2F5xkgK0Y_f-w%2Fhqdefault.jpg\" class=\"pL\"><div class=\"tC\"><div class=\"tT\">Tutorial: come creare un form di iscrizione alla mailing list con emailchef.<\/div><\/div><div class=\"play\"><\/div><div class=\"ctrl\"><div class=\"Lctrl\"><\/div><div class=\"Rctrl\"><\/div><\/div><\/div><noscript><a href=\"https:\/\/youtu.be\/5xkgK0Y_f-w\" rel=\"nofollow\"><img decoding=\"async\" src=\"https:\/\/emailchef.com\/wp-content\/plugins\/wp-youtube-lyte\/lyteCache.php?origThumbUrl=https%3A%2F%2Fi.ytimg.com%2Fvi%2F5xkgK0Y_f-w%2F0.jpg\" alt=\"Tutorial: come creare un form di iscrizione alla mailing list con emailchef.\" width=\"640\" height=\"340\" \/><br \/>Guarda questo video su YouTube<\/a><\/noscript><\/div><\/div><div class=\"lL\" style=\"max-width:100%;width:640px;margin:5px;\"><\/div>\n<div class=\"ec-video-button hide centered\">\n\t<a href=\"https:\/\/youtu.be\/5xkgK0Y_f-w\" rel=\"prettyPhoto\" title=\"Riproduci Video\">Riproduci Video <i class=\"fa fa-play-circle fa-2x\"><\/i><\/a>\n<\/div>\t\t\t\t<\/div>\n\t\t\t\t<\/div>\n\t\t\t\t<div class=\"elementor-element elementor-element-d6160d2 elementor-icon-list--layout-traditional elementor-list-item-link-full_width elementor-widget elementor-widget-icon-list\" data-id=\"d6160d2\" data-element_type=\"widget\" data-widget_type=\"icon-list.default\">\n\t\t\t\t<div class=\"elementor-widget-container\">\n\t\t\t\t\t\t\t<ul class=\"elementor-icon-list-items\">\n\t\t\t\t\t\t\t<li class=\"elementor-icon-list-item\">\n\t\t\t\t\t\t\t\t\t\t\t<span class=\"elementor-icon-list-icon\">\n\t\t\t\t\t\t\t<i aria-hidden=\"true\" class=\"fas fa-angle-right\"><\/i>\t\t\t\t\t\t<\/span>\n\t\t\t\t\t\t\t\t\t\t<span class=\"elementor-icon-list-text\">Permetti a tutti gli abbonati di disiscriversi dalla tua mailing list in qualsiasi momento lo desiderino. Si tratta di un obbligo previsto non solo dal GDPR, ma anche dal CAN-SPAM Act, ovvero dalla normativa statunitense in materia di privacy.<br> Tutti i template realizzati con l\u2019editor drag&drop di Emailchef prevedono l\u2019inserimento automatico del pie\u2019 di pagina per la cancellazione. In questo modo darai la possibilit\u00e0 di annullare la propria iscrizione a chi non \u00e8 pi\u00f9 interessato a ricevere le tue comunicazioni.<\/span>\n\t\t\t\t\t\t\t\t\t<\/li>\n\t\t\t\t\t\t<\/ul>\n\t\t\t\t\t\t<\/div>\n\t\t\t\t<\/div>\n\t\t\t\t<div class=\"elementor-element elementor-element-1db7bc1 elementor-widget elementor-widget-image\" data-id=\"1db7bc1\" data-element_type=\"widget\" data-widget_type=\"image.default\">\n\t\t\t\t<div class=\"elementor-widget-container\">\n\t\t\t\t\t\t\t\t\t\t\t\t\t\t\t<img decoding=\"async\" width=\"597\" height=\"714\" src=\"https:\/\/emailchef.com\/wp-content\/uploads\/2023\/06\/template_email_che_rispetta_gdpr.png\" class=\"attachment-large size-large wp-image-67514\" alt=\"Template email che rispetta il GDPR\" srcset=\"https:\/\/emailchef.com\/wp-content\/uploads\/2023\/06\/template_email_che_rispetta_gdpr.png 597w, https:\/\/emailchef.com\/wp-content\/uploads\/2023\/06\/template_email_che_rispetta_gdpr-251x300.png 251w\" sizes=\"(max-width: 597px) 100vw, 597px\" \/>\t\t\t\t\t\t\t\t\t\t\t\t\t\t\t<\/div>\n\t\t\t\t<\/div>\n\t\t\t\t<div class=\"elementor-element elementor-element-02b5266 elementor-widget elementor-widget-text-editor\" data-id=\"02b5266\" data-element_type=\"widget\" data-widget_type=\"text-editor.default\">\n\t\t\t\t<div class=\"elementor-widget-container\">\n\t\t\t\t\t\t\t\t\t<p>Desideri saperne di pi\u00f9 su come garantire la protezione dei dati personali?<\/p><p>Abbiamo il video che fa al caso tuo \ud83d\udc47\ud83c\udffb<\/p>\t\t\t\t\t\t\t\t<\/div>\n\t\t\t\t<\/div>\n\t\t\t\t<div class=\"elementor-element elementor-element-f33658f elementor-widget elementor-widget-html\" data-id=\"f33658f\" data-element_type=\"widget\" data-widget_type=\"html.default\">\n\t\t\t\t<div class=\"elementor-widget-container\">\n\t\t\t\t\t<div class=\"lyte-wrapper\" title=\"Email marketing e GDPR: come garantire la protezione dei dati personali\" style=\"width:640px;max-width:100%;margin:5px;\"><div class=\"lyMe\" id=\"WYL_FdrMELrMNaQ\"><div id=\"lyte_FdrMELrMNaQ\" data-src=\"https:\/\/emailchef.com\/wp-content\/plugins\/wp-youtube-lyte\/lyteCache.php?origThumbUrl=https%3A%2F%2Fi.ytimg.com%2Fvi%2FFdrMELrMNaQ%2Fhqdefault.jpg\" class=\"pL\"><div class=\"tC\"><div class=\"tT\">Email marketing e GDPR: come garantire la protezione dei dati personali<\/div><\/div><div class=\"play\"><\/div><div class=\"ctrl\"><div class=\"Lctrl\"><\/div><div class=\"Rctrl\"><\/div><\/div><\/div><noscript><a href=\"https:\/\/youtu.be\/FdrMELrMNaQ\" rel=\"nofollow\"><img loading=\"lazy\" decoding=\"async\" src=\"https:\/\/emailchef.com\/wp-content\/plugins\/wp-youtube-lyte\/lyteCache.php?origThumbUrl=https%3A%2F%2Fi.ytimg.com%2Fvi%2FFdrMELrMNaQ%2F0.jpg\" alt=\"Email marketing e GDPR: come garantire la protezione dei dati personali\" width=\"640\" height=\"340\" \/><br \/>Guarda questo video su YouTube<\/a><\/noscript><\/div><\/div><div class=\"lL\" style=\"max-width:100%;width:640px;margin:5px;\"><\/div>\n<div class=\"ec-video-button hide centered\">\n\t<a href=\"https:\/\/youtu.be\/FdrMELrMNaQ\" rel=\"prettyPhoto\" title=\"Riproduci Video\">Riproduci Video <i class=\"fa fa-play-circle fa-2x\"><\/i><\/a>\n<\/div>\t\t\t\t<\/div>\n\t\t\t\t<\/div>\n\t\t\t\t<div class=\"elementor-element elementor-element-2c74d3d elementor-widget elementor-widget-heading\" data-id=\"2c74d3d\" data-element_type=\"widget\" data-widget_type=\"heading.default\">\n\t\t\t\t<div class=\"elementor-widget-container\">\n\t\t\t\t\t<h2 class=\"elementor-heading-title elementor-size-default\">Le misure Emailchef per garantire la tutela della tua privacy.<\/h2>\t\t\t\t<\/div>\n\t\t\t\t<\/div>\n\t\t\t\t<div class=\"elementor-element elementor-element-69d9b24 elementor-widget elementor-widget-text-editor\" data-id=\"69d9b24\" data-element_type=\"widget\" data-widget_type=\"text-editor.default\">\n\t\t\t\t<div class=\"elementor-widget-container\">\n\t\t\t\t\t\t\t\t\t<p>Per darti un quadro esaustivo di quello che noi di Emailchef stiamo facendo per garantire il rispetto della privacy, abbiamo preparato una tabella riassuntiva delle misure adottate e che ti permettono di utilizzare i nostri prodotti e servizi in totale sicurezza.<\/p>\t\t\t\t\t\t\t\t<\/div>\n\t\t\t\t<\/div>\n\t\t\t\t<div class=\"elementor-element elementor-element-a345d3c elementor-icon-list--layout-traditional elementor-list-item-link-full_width elementor-widget elementor-widget-icon-list\" data-id=\"a345d3c\" data-element_type=\"widget\" data-widget_type=\"icon-list.default\">\n\t\t\t\t<div class=\"elementor-widget-container\">\n\t\t\t\t\t\t\t<ul class=\"elementor-icon-list-items\">\n\t\t\t\t\t\t\t<li class=\"elementor-icon-list-item\">\n\t\t\t\t\t\t\t\t\t\t\t<span class=\"elementor-icon-list-icon\">\n\t\t\t\t\t\t\t<i aria-hidden=\"true\" class=\"fas fa-chevron-down\"><\/i>\t\t\t\t\t\t<\/span>\n\t\t\t\t\t\t\t\t\t\t<span class=\"elementor-icon-list-text\">Abbiamo nominato un Responsabile della Protezione dei Dati (DPO)<\/span>\n\t\t\t\t\t\t\t\t\t<\/li>\n\t\t\t\t\t\t\t\t<li class=\"elementor-icon-list-item\">\n\t\t\t\t\t\t\t\t\t\t\t<span class=\"elementor-icon-list-icon\">\n\t\t\t\t\t\t\t<i aria-hidden=\"true\" class=\"fas fa-chevron-down\"><\/i>\t\t\t\t\t\t<\/span>\n\t\t\t\t\t\t\t\t\t\t<span class=\"elementor-icon-list-text\">Abbiamo formato il personale che si occupa del trattamento dei dati e delle relative attivit\u00e0 di controllo<\/span>\n\t\t\t\t\t\t\t\t\t<\/li>\n\t\t\t\t\t\t\t\t<li class=\"elementor-icon-list-item\">\n\t\t\t\t\t\t\t\t\t\t\t<span class=\"elementor-icon-list-icon\">\n\t\t\t\t\t\t\t<i aria-hidden=\"true\" class=\"fas fa-chevron-down\"><\/i>\t\t\t\t\t\t<\/span>\n\t\t\t\t\t\t\t\t\t\t<span class=\"elementor-icon-list-text\">La nostra policy sui diritti dell\u2019interessato e le procedure per la dimostrazione del consenso al trattamento dei dati sono state aggiornate<\/span>\n\t\t\t\t\t\t\t\t\t<\/li>\n\t\t\t\t\t\t\t\t<li class=\"elementor-icon-list-item\">\n\t\t\t\t\t\t\t\t\t\t\t<span class=\"elementor-icon-list-icon\">\n\t\t\t\t\t\t\t<i aria-hidden=\"true\" class=\"fas fa-chevron-down\"><\/i>\t\t\t\t\t\t<\/span>\n\t\t\t\t\t\t\t\t\t\t<span class=\"elementor-icon-list-text\">Abbiamo creato un\u2019informativa dettagliata e adeguata al GDPR, facile da comprendere, per far conoscere agli interessati come esercitare i propri diritti<\/span>\n\t\t\t\t\t\t\t\t\t<\/li>\n\t\t\t\t\t\t\t\t<li class=\"elementor-icon-list-item\">\n\t\t\t\t\t\t\t\t\t\t\t<span class=\"elementor-icon-list-icon\">\n\t\t\t\t\t\t\t<i aria-hidden=\"true\" class=\"fas fa-chevron-down\"><\/i>\t\t\t\t\t\t<\/span>\n\t\t\t\t\t\t\t\t\t\t<span class=\"elementor-icon-list-text\">Le nostre procedure di risposta in caso di violazione dei dati sono celeri e avvengono senza alcun ritardo dopo il rilevamento dell\u2019anomalia<\/span>\n\t\t\t\t\t\t\t\t\t<\/li>\n\t\t\t\t\t\t\t\t<li class=\"elementor-icon-list-item\">\n\t\t\t\t\t\t\t\t\t\t\t<span class=\"elementor-icon-list-icon\">\n\t\t\t\t\t\t\t<i aria-hidden=\"true\" class=\"fas fa-chevron-down\"><\/i>\t\t\t\t\t\t<\/span>\n\t\t\t\t\t\t\t\t\t\t<span class=\"elementor-icon-list-text\">Abbiamo effettuato il DPIA, ovvero la valutazione dell\u2019impatto sulla protezione dei dati<\/span>\n\t\t\t\t\t\t\t\t\t<\/li>\n\t\t\t\t\t\t\t\t<li class=\"elementor-icon-list-item\">\n\t\t\t\t\t\t\t\t\t\t\t<span class=\"elementor-icon-list-icon\">\n\t\t\t\t\t\t\t<i aria-hidden=\"true\" class=\"fas fa-chevron-down\"><\/i>\t\t\t\t\t\t<\/span>\n\t\t\t\t\t\t\t\t\t\t<span class=\"elementor-icon-list-text\">Abbiamo applicato i principi del GDPR ai vari aspetti del trattamento dei dati (attivit\u00e0, scopi, descrizione delle categorie di destinatari e eventuali trasferimenti degli stessi)<\/span>\n\t\t\t\t\t\t\t\t\t<\/li>\n\t\t\t\t\t\t\t\t<li class=\"elementor-icon-list-item\">\n\t\t\t\t\t\t\t\t\t\t\t<span class=\"elementor-icon-list-icon\">\n\t\t\t\t\t\t\t<i aria-hidden=\"true\" class=\"fas fa-chevron-down\"><\/i>\t\t\t\t\t\t<\/span>\n\t\t\t\t\t\t\t\t\t\t<span class=\"elementor-icon-list-text\">Le nostre misure tecniche e organizzative sono state consolidate<\/span>\n\t\t\t\t\t\t\t\t\t<\/li>\n\t\t\t\t\t\t\t\t<li class=\"elementor-icon-list-item\">\n\t\t\t\t\t\t\t\t\t\t\t<span class=\"elementor-icon-list-icon\">\n\t\t\t\t\t\t\t<i aria-hidden=\"true\" class=\"fas fa-chevron-down\"><\/i>\t\t\t\t\t\t<\/span>\n\t\t\t\t\t\t\t\t\t\t<span class=\"elementor-icon-list-text\">Garantiamo il diritto alla portabilit\u00e0 e la trasparenza dei dati dei soggetti interessati da e verso sistemi di terze parti<\/span>\n\t\t\t\t\t\t\t\t\t<\/li>\n\t\t\t\t\t\t\t\t<li class=\"elementor-icon-list-item\">\n\t\t\t\t\t\t\t\t\t\t\t<span class=\"elementor-icon-list-icon\">\n\t\t\t\t\t\t\t<i aria-hidden=\"true\" class=\"fas fa-chevron-down\"><\/i>\t\t\t\t\t\t<\/span>\n\t\t\t\t\t\t\t\t\t\t<span class=\"elementor-icon-list-text\">Il livello di protezione per trasferimento di dati verso paesi non UE \u00e8 stato rafforzato con adeguati protocolli<\/span>\n\t\t\t\t\t\t\t\t\t<\/li>\n\t\t\t\t\t\t\t\t<li class=\"elementor-icon-list-item\">\n\t\t\t\t\t\t\t\t\t\t\t<span class=\"elementor-icon-list-icon\">\n\t\t\t\t\t\t\t<i aria-hidden=\"true\" class=\"fas fa-chevron-down\"><\/i>\t\t\t\t\t\t<\/span>\n\t\t\t\t\t\t\t\t\t\t<span class=\"elementor-icon-list-text\">Abbiamo da tempo adottato la Privacy by design, per attuare in modo efficace i principi di protezione dei dati (come la minimizzazione) e per integrare nel trattamento le garanzie che soddisfano i requisiti del GDPR<\/span>\n\t\t\t\t\t\t\t\t\t<\/li>\n\t\t\t\t\t\t\t\t<li class=\"elementor-icon-list-item\">\n\t\t\t\t\t\t\t\t\t\t\t<span class=\"elementor-icon-list-icon\">\n\t\t\t\t\t\t\t<i aria-hidden=\"true\" class=\"fas fa-chevron-down\"><\/i>\t\t\t\t\t\t<\/span>\n\t\t\t\t\t\t\t\t\t\t<span class=\"elementor-icon-list-text\">Effettuiamo verifiche periodiche dell\u2019efficienza e dell\u2019adeguatezza delle misure applicate<\/span>\n\t\t\t\t\t\t\t\t\t<\/li>\n\t\t\t\t\t\t<\/ul>\n\t\t\t\t\t\t<\/div>\n\t\t\t\t<\/div>\n\t\t\t\t<div class=\"elementor-element elementor-element-db58c82 pricing2020-CTA-chat elementor-widget elementor-widget-text-editor\" data-id=\"db58c82\" data-element_type=\"widget\" data-widget_type=\"text-editor.default\">\n\t\t\t\t<div class=\"elementor-widget-container\">\n\t\t\t\t\t\t\t\t\t<p>Se vuoi saperne di pi\u00f9 sulle misure che abbiamo adottato e su ci\u00f2 che puoi fare tu per essere in regola con il GDPR, leggi la nostra guida alla normativa privacy.<\/p>\t\t\t\t\t\t\t\t<\/div>\n\t\t\t\t<\/div>\n\t\t\t\t<div class=\"elementor-element elementor-element-1ad6e1a elementor-align-center elementor-mobile-align-center elementor-widget elementor-widget-button\" data-id=\"1ad6e1a\" data-element_type=\"widget\" data-widget_type=\"button.default\">\n\t\t\t\t<div class=\"elementor-widget-container\">\n\t\t\t\t\t\t\t\t\t<div class=\"elementor-button-wrapper\">\n\t\t\t\t\t<a class=\"elementor-button elementor-button-link elementor-size-md elementor-animation-shrink\" href=\"https:\/\/emailchef.com\/it\/norme-sulla-privacy-regolamento-ue-2016-79-gdpr\/\">\n\t\t\t\t\t\t<span class=\"elementor-button-content-wrapper\">\n\t\t\t\t\t\t<span class=\"elementor-button-icon\">\n\t\t\t\t<i aria-hidden=\"true\" class=\"fas fa-angle-right\"><\/i>\t\t\t<\/span>\n\t\t\t\t\t\t\t\t\t<span class=\"elementor-button-text\"><span style=\"color:#1c2150ff\">LEGGI LA GUIDA EMAILCHEF AL GDPR<\/span><\/span>\n\t\t\t\t\t<\/span>\n\t\t\t\t\t<\/a>\n\t\t\t\t<\/div>\n\t\t\t\t\t\t\t\t<\/div>\n\t\t\t\t<\/div>\n\t\t\t\t\t<\/div>\n\t\t<\/div>\n\t\t\t\t\t<\/div>\n\t\t<\/section>\n\t\t\t\t<\/div>\n\t\t","protected":false},"excerpt":{"rendered":"<p>Il rispetto del GDPR \u00e8 uno degli argomenti pi\u00f9 delicati, e spesso sottovalutati, quando si parla di email marketing. Eppure il suo mancato rispetto pu\u00f2 essere causa di multe anche fino a 10 o 20 milioni di euro a seconda della gravit\u00e0 della violazione. Ma cosa puoi fare per rispettare la normativa europea per la [&hellip;]<\/p>\n","protected":false},"author":1,"featured_media":0,"parent":518,"menu_order":0,"comment_status":"closed","ping_status":"closed","template":"","meta":{"_acf_changed":false,"inline_featured_image":false,"footnotes":""},"g1_relation_tag":[],"class_list":["post-67503","page","type-page","status-publish","hentry"],"acf":[],"yoast_head":"<!-- This site is optimized with the Yoast SEO plugin v24.8.1 - https:\/\/yoast.com\/wordpress\/plugins\/seo\/ -->\n<title>Fare email marketing nel rispetto del GDPR con Emailchef.<\/title>\n<meta name=\"description\" content=\"Rispettare la Normativa Privacy. Email Marketing e GDPR. La Piattaforma per l&#039;Email Marketing a prova di GDPR &gt;&gt; Scopri come Emailchef garantisce la protezione dati.\" \/>\n<meta name=\"robots\" content=\"index, follow, max-snippet:-1, max-image-preview:large, max-video-preview:-1\" \/>\n<link rel=\"canonical\" href=\"https:\/\/emailchef.com\/it\/caratteristiche\/email-marketing-nel-rispetto-del-gdpr-con-emailchef\/\" \/>\n<meta name=\"twitter:label1\" content=\"Tempo di lettura stimato\" \/>\n\t<meta name=\"twitter:data1\" content=\"4 minuti\" \/>\n<!-- \/ Yoast SEO plugin. -->","yoast_head_json":{"title":"Fare email marketing nel rispetto del GDPR con Emailchef.","description":"Rispettare la Normativa Privacy. Email Marketing e GDPR. La Piattaforma per l'Email Marketing a prova di GDPR >> Scopri come Emailchef garantisce la protezione dati.","robots":{"index":"index","follow":"follow","max-snippet":"max-snippet:-1","max-image-preview":"max-image-preview:large","max-video-preview":"max-video-preview:-1"},"canonical":"https:\/\/emailchef.com\/it\/caratteristiche\/email-marketing-nel-rispetto-del-gdpr-con-emailchef\/","twitter_misc":{"Tempo di lettura stimato":"4 minuti"},"schema":{"@context":"https:\/\/schema.org","@graph":[{"@type":"WebPage","@id":"https:\/\/emailchef.com\/it\/caratteristiche\/email-marketing-nel-rispetto-del-gdpr-con-emailchef\/","url":"https:\/\/emailchef.com\/it\/caratteristiche\/email-marketing-nel-rispetto-del-gdpr-con-emailchef\/","name":"Fare email marketing nel rispetto del GDPR con Emailchef.","isPartOf":{"@id":"https:\/\/emailchef.com\/it\/#website"},"primaryImageOfPage":{"@id":"https:\/\/emailchef.com\/it\/caratteristiche\/email-marketing-nel-rispetto-del-gdpr-con-emailchef\/#primaryimage"},"image":{"@id":"https:\/\/emailchef.com\/it\/caratteristiche\/email-marketing-nel-rispetto-del-gdpr-con-emailchef\/#primaryimage"},"thumbnailUrl":"https:\/\/emailchef.com\/wp-content\/uploads\/2023\/06\/email_marketing_gdpr.png","datePublished":"2023-06-21T13:05:44+00:00","dateModified":"2024-05-24T09:06:24+00:00","description":"Rispettare la Normativa Privacy. Email Marketing e GDPR. La Piattaforma per l'Email Marketing a prova di GDPR >> Scopri come Emailchef garantisce la protezione dati.","breadcrumb":{"@id":"https:\/\/emailchef.com\/it\/caratteristiche\/email-marketing-nel-rispetto-del-gdpr-con-emailchef\/#breadcrumb"},"inLanguage":"it-IT","potentialAction":[{"@type":"ReadAction","target":["https:\/\/emailchef.com\/it\/caratteristiche\/email-marketing-nel-rispetto-del-gdpr-con-emailchef\/"]}]},{"@type":"ImageObject","inLanguage":"it-IT","@id":"https:\/\/emailchef.com\/it\/caratteristiche\/email-marketing-nel-rispetto-del-gdpr-con-emailchef\/#primaryimage","url":"https:\/\/emailchef.com\/wp-content\/uploads\/2023\/06\/email_marketing_gdpr.png","contentUrl":"https:\/\/emailchef.com\/wp-content\/uploads\/2023\/06\/email_marketing_gdpr.png"},{"@type":"BreadcrumbList","@id":"https:\/\/emailchef.com\/it\/caratteristiche\/email-marketing-nel-rispetto-del-gdpr-con-emailchef\/#breadcrumb","itemListElement":[{"@type":"ListItem","position":1,"name":"Home","item":"https:\/\/emailchef.com\/it\/home-test-2023\/"},{"@type":"ListItem","position":2,"name":"Scopri le funzioni di Emailchef","item":"https:\/\/emailchef.com\/it\/caratteristiche\/"},{"@type":"ListItem","position":3,"name":"Email marketing e GDPR: Emailchef garantisce tutti i requisiti della Normativa Privacy."}]},{"@type":"WebSite","@id":"https:\/\/emailchef.com\/it\/#website","url":"https:\/\/emailchef.com\/it\/","name":"Emailchef","description":"Gustose ricette di email marketing","publisher":{"@id":"https:\/\/emailchef.com\/it\/#organization"},"potentialAction":[{"@type":"SearchAction","target":{"@type":"EntryPoint","urlTemplate":"https:\/\/emailchef.com\/it\/?s={search_term_string}"},"query-input":{"@type":"PropertyValueSpecification","valueRequired":true,"valueName":"search_term_string"}}],"inLanguage":"it-IT"},{"@type":"Organization","@id":"https:\/\/emailchef.com\/it\/#organization","name":"Delivery Tech Corp.","url":"https:\/\/emailchef.com\/it\/","logo":{"@type":"ImageObject","inLanguage":"it-IT","@id":"https:\/\/emailchef.com\/it\/#\/schema\/logo\/image\/","url":"https:\/\/emailchef.com\/wp-content\/uploads\/2022\/04\/logo-sama.png","contentUrl":"https:\/\/emailchef.com\/wp-content\/uploads\/2022\/04\/logo-sama.png","width":237,"height":80,"caption":"Delivery Tech Corp."},"image":{"@id":"https:\/\/emailchef.com\/it\/#\/schema\/logo\/image\/"}}]}},"_links":{"self":[{"href":"https:\/\/emailchef.com\/it\/wp-json\/wp\/v2\/pages\/67503"}],"collection":[{"href":"https:\/\/emailchef.com\/it\/wp-json\/wp\/v2\/pages"}],"about":[{"href":"https:\/\/emailchef.com\/it\/wp-json\/wp\/v2\/types\/page"}],"author":[{"embeddable":true,"href":"https:\/\/emailchef.com\/it\/wp-json\/wp\/v2\/users\/1"}],"replies":[{"embeddable":true,"href":"https:\/\/emailchef.com\/it\/wp-json\/wp\/v2\/comments?post=67503"}],"version-history":[{"count":7,"href":"https:\/\/emailchef.com\/it\/wp-json\/wp\/v2\/pages\/67503\/revisions"}],"predecessor-version":[{"id":73612,"href":"https:\/\/emailchef.com\/it\/wp-json\/wp\/v2\/pages\/67503\/revisions\/73612"}],"up":[{"embeddable":true,"href":"https:\/\/emailchef.com\/it\/wp-json\/wp\/v2\/pages\/518"}],"wp:attachment":[{"href":"https:\/\/emailchef.com\/it\/wp-json\/wp\/v2\/media?parent=67503"}],"wp:term":[{"taxonomy":"g1_relation_tag","embeddable":true,"href":"https:\/\/emailchef.com\/it\/wp-json\/wp\/v2\/g1_relation_tag?post=67503"}],"curies":[{"name":"wp","href":"https:\/\/api.w.org\/{rel}","templated":true}]}}