{"id":5720,"date":"2017-02-28T09:50:39","date_gmt":"2017-02-28T09:50:39","guid":{"rendered":"http:\/\/emailchef.com\/?page_id=5720\/"},"modified":"2024-03-07T09:16:13","modified_gmt":"2024-03-07T09:16:13","slug":"come-autenticare-il-tuo-dominio","status":"publish","type":"page","link":"https:\/\/emailchef.com\/it\/documentazione\/come-autenticare-il-tuo-dominio\/","title":{"rendered":"Come autenticare il tuo dominio"},"content":{"rendered":"<p>L\u2019autenticazione del dominio \u00e8 una pratica che serve a certificare il tuo indirizzo mittente come affidabile. In pratica, conferisci un\u2019identit\u00e0 tracciabile al tuo indirizzo e dimostri ai provider dei tuoi destinatari di essere un \u2018mittente autorizzato\u2019.<\/p>\n<h2 style=\"color: #605e6f; font-weight: bold!important; font-size: 18px; text-transform: uppercase; letter-spacing: -0.7px;\">Perch\u00e9 \u00e8 cos\u00ec importante?<\/h2>\n<p>Perch\u00e9 tiene i tuoi messaggi di posta lontano dallo spam e dai filtri anti-phishing e ti aiuta a migliorare i tassi di consegna.<\/p>\n<p>Ma non \u00e8 tutto.<\/p>\n<p>Grazie alla procedura di autenticazione dominio, le tue email assumeranno un aspetto pi\u00f9 professionale, perch\u00e9 chi ricever\u00e0 i tuoi messaggi vedr\u00e0 comparire soltanto il tuo indirizzo email come mittente, e non la dicitura \u2018Inviato da Emailchef per conto di Nome@iltuodominio.com\u2019.<\/p>\n<p>Inoltre, si tratta di uno dei <a title=\"Novit\u00e0 Yahoo e Gmail: cosa cambia per chi fa email marketing nel 2024.\" href=\"https:\/\/emailchef.com\/it\/documentazione\/novita-yahoo-e-gmail-cosa-cambia-per-chi-fa-email-marketing-nel-2024\/\">nuovi requisiti previsti da Google e Yahoo<\/a> per chiunque invii 5000 o pi\u00f9 messaggi al giorno a utenti Gmail o Yahoo.<\/p>\n<h2 style=\"color: #605e6f; font-weight: bold!important; font-size: 18px; text-transform: uppercase; letter-spacing: -0.7px;\">Ma veniamo al dunque: come autenticare il tuo dominio?<\/h2>\n<p>Per configurare correttamente l\u2019autenticazione del tuo dominio \u00e8 necessario compilare dei dati chiamati DKIM, SPF e DMARC all\u2019interno del <strong>pannello di amministrazione del tuo dominio<\/strong>.<\/p>\n<p>Si tratta di una procedura delicata e, se preferisci, puoi decidere di delegarla al tuo servizio di hosting.<\/p>\n<p>Per farlo, copia e incolla il contenuto del box qui sotto e invialo al servizio clienti del tuo provider di dominio. In questo modo il tuo provider configurer\u00e0 i parametri per l\u2019autenticazione al posto tuo.<\/p>\n<div id=\"\" class=\"g1-message g1-message--info \" ><div class=\"g1-inner\"><strong>Attenzione<\/strong>: i parametri indicati potrebbero variare. Prima di modificarli sul tuo dominio, verifica nella sezione <em>Impostazioni &gt; Autenticazione dominio<\/em> che siano corretti.<\/div><\/div>\n<div style=\"border: 1px solid #ccc; padding: 20px; background: #eee;\">Buongiorno,<br \/>\nvorrei che venissero inseriti i seguenti record DNS al mio dominio.Record SPF:<\/p>\n<pre>v=spf1 a mx include:spf.emailchef.com ?all<\/pre>\n<p>Record DomainKey\/DKIM (di tipo TXT):<\/p>\n<pre>mailchef._domainkey<\/pre>\n<pre style=\"word-break: break-word;\">k=rsa; p=MIGfMA0GCSqGSIb3DQEBAQUAA4GNADCBiQKBgQDT3MWLni6so1q9eQggRYBCLHFjohZkCnYHH8gZNDBm6zRrodRVpWpJQW7x3cWWiuBhS1X0IfBB80l5tqFa+yc+mVgnk8tkUzOHFbPQPp4fi7egTpMtsQW\/ZMrxw73SItNvPr72qvJTYZNPxarMx+ULjEWybcfEdXHPY8jslGcpCwIDAQAB<\/pre>\n<p>Record DMARC:<\/p>\n<pre>_dmarc<\/pre>\n<pre>v=DMARC1; p=none;<\/pre>\n<p>Grazie mille,<\/p>\n<p>Cordiali Saluti.<\/p>\n<\/div>\n<h2 style=\"color: #605e6f; font-weight: bold!important; font-size: 18px; text-transform: uppercase; letter-spacing: -0.7px;\">Come configurare autonomamente il tuo dominio.<\/h2>\n<p>Se preferisci impostare i record SPF, DKIM e DMARC in autonomia, potrai farlo accedendo al pannello DNS del tuo provider di dominio e inserendo i seguenti parametri.<\/p>\n<div id=\"\" class=\"g1-message g1-message--info \" ><div class=\"g1-inner\"><strong>Attenzione<\/strong>: i parametri indicati potrebbero variare. Prima di modificarli sul tuo dominio, verifica nella sezione <em>Impostazioni &gt; Autenticazione dominio<\/em> che siano corretti.<\/div><\/div>\n<h3 style=\"color: #605e6f; font-weight: bold!important; font-size: 18px; letter-spacing: -0.7px; margin-top: 40px;\">Parametro SPF<\/h3>\n<p>Per ogni dominio potrai impostare al massimo un parametro SPF, quindi le opzioni a tua disposizione sono due:<\/p>\n<ul>\n<li style=\"margin-bottom: 15px;\"><strong>Se nel tuo dominio \u00e8 gi\u00e0 stato inserito un parametro SPF<\/strong>, ti \u00e8 sufficiente modificarlo con l\u2019aggiunta di: <code>include:spf.emailchef.com<\/code> dopo la stringa <code>v=spf1<\/code>.<br \/>\nVerifica che prima e dopo la parte inserita sia presente uno spazio.<\/li>\n<li><strong>Se l&#8217;SPF non \u00e8 presente<\/strong>, creane uno di tipo TXT e aggiungilo al dominio del tuo indirizzo e-mail (iltuodominio.com).<br \/>\nIl record da inserire \u00e8:<br \/>\n<code>v=spf1 a mx include:spf.emailchef.com ?all<\/code><\/li>\n<\/ul>\n<h3 style=\"color: #605e6f; font-weight: bold!important; font-size: 18px; letter-spacing: -0.7px; margin-top: 40px;\">Parametro DomainKey\/DKIM<\/h3>\n<p>Il record DKIM \u00e8 un parametro che deve essere aggiunto al sottodominio \u201cmailchef._domainkey\u201d e pu\u00f2 essere inserito come record TXT.<\/p>\n<p>Il record da inserire alla voce <em>Dominio<\/em> \u00e8 quindi:<\/p>\n<pre>mailchef._domainkey<\/pre>\n<p>Mentre alla voce Valore dovrai inserire:<\/p>\n<pre style=\"word-break: break-word;\">k=rsa; p=MIGfMA0GCSqGSIb3DQEBAQUAA4GNADCBiQKBgQDT3MWLni6so1q9eQggRYBCLHFjohZkCnYHH8gZNDBm6zRrodRVpWpJQW7x3cWWiuBhS1X0IfBB80l5tqFa+yc+mVgnk8tkUzOHFbPQPp4fi7egTpMtsQW\/ZMrxw73SItNvPr72qvJTYZNPxarMx+ULjEWybcfEdXHPY8jslGcpCwIDAQAB\r\n<\/pre>\n<h3 style=\"color: #605e6f; font-weight: bold!important; font-size: 18px; letter-spacing: -0.7px; margin-top: 40px;\">Parametro DMARC<\/h3>\n<p>Il record da inserire alla voce <em>Dominio<\/em> \u00e8:<\/p>\n<pre>_dmarc<\/pre>\n<p>Mentre la voce <em>Valore<\/em> del record DMARC pu\u00f2 essere inizialmente configurata come segue:<\/p>\n<pre>v=DMARC1; p=none;<\/pre>\n<p>Questo \u00e8 un record DMARC permissivo ma che, per il fatto stesso di essere stato impostato, garantisce gi\u00e0 la conformit\u00e0 ai requisiti per un corretto invio.<\/p>\n<p>Tuttavia, il record DMARC dovr\u00e0 essere modificato nel tempo.<\/p>\n<p>Il DMARC indica infatti alle caselle di posta dei destinatari cosa fare dei messaggi che non passano le validazioni SPF e DKIM.<\/p>\n<p>Questa indicazione deve essere inizialmente permissiva, per poi diventare pi\u00f9 stringente dopo aver analizzato il traffico per un po\u2019 di tempo (tipicamente, qualche mese).<\/p>\n<p>Tuttavia, un DMARC \u2018severo\u2019 non lascer\u00e0 passare nemmeno email aziendali legittime inviate tramite il canale sbagliato o non correttamente configurato.<\/p>\n<p>Quindi un DMARC molto restrittivo pu\u00f2 essere usato solo dopo che avrai completato tutte le verifiche interne, assicurandoti cos\u00ec che le email in uscita passino solo dai servizi autorizzati nel record SPF.<\/p>\n<p>Il DMARC, dunque, \u00e8 tipicamente gestito direttamente dall\u2019azienda e non da un fornitore esterno.<\/p>\n<h2 style=\"color: #605e6f; font-weight: bold!important; font-size: 18px; text-transform: uppercase; letter-spacing: -0.7px;\">Come verificare che l\u2019autenticazione sia andata a buon fine.<\/h2>\n<p>Dopo aver impostato i parametri SPF, DKIM e DMARC, puoi verificare che i valori siano stati correttamente inseriti accedendo al tuo profilo e cliccando nella sezione <em>Impostazioni &gt; Autenticazione dominio<\/em>.<\/p>\n<p>A questo punto fai clic sul pulsante <em>Verifica i domini<\/em>.<\/p>\n<div id=\"\" class=\"g1-message g1-message--info \" ><div class=\"g1-inner\"><strong>Attenzione<\/strong>: potrebbero essere necessarie alcune ore prima che la modifica risulti attiva.<\/div><\/div>\n<p><a href=\"https:\/\/emailchef.com\/wp-content\/uploads\/2024\/02\/domain-authentication-it.png\" rel=\"lightbox\"><img decoding=\"async\" src=\"https:\/\/emailchef.com\/wp-content\/uploads\/2024\/02\/domain-authentication-it.png\" alt=\"Autenticazione dominio email su Emailchef\" width=\"680px\" height=\"256px\" \/><\/a><\/p>\n<p>Se il tuo dominio \u00e8 stato correttamente verificato, apparir\u00e0 una spunta verde sotto ogni record (SPF, DKIM e DMARC).<\/p>\n<p><a href=\"https:\/\/emailchef.com\/wp-content\/uploads\/2024\/02\/domain-authentication-list-it.png\" rel=\"lightbox\"><img decoding=\"async\" src=\"https:\/\/emailchef.com\/wp-content\/uploads\/2024\/02\/domain-authentication-list-it.png\" alt=\"Elenco domini email autenticati\" width=\"680px\" height=\"200px\" \/><\/a><\/p>\n<p>Quando avrai verificato con successo il tuo dominio, potrai attivare l\u2019autenticazione tramite l\u2019interruttore on\/off all\u2019interno della pagina.<\/p>\n<p><a href=\"https:\/\/emailchef.com\/wp-content\/uploads\/2024\/02\/domain-authentication-on-it.png\" rel=\"lightbox\"><img decoding=\"async\" src=\"https:\/\/emailchef.com\/wp-content\/uploads\/2024\/02\/domain-authentication-on-it.png\" alt=\"Autenticazione dominio attiva\" width=\"445px\" height=\"84px\" \/><\/a><\/p>\n<p><a href=\"https:\/\/emailchef.com\/wp-content\/uploads\/2024\/02\/domain-authentication-off-it.png\" rel=\"lightbox\"><img decoding=\"async\" src=\"https:\/\/emailchef.com\/wp-content\/uploads\/2024\/02\/domain-authentication-off-it.png\" alt=\"Autenticazione dominio non attiva\" width=\"445px\" height=\"84px\" \/><\/a><\/p>\n<p>Emailchef si occupa di gestire i tuoi bounce in modo da mostrarti delle statistiche complete. Ma, se preferisci, potrai ricevere tutti i bounces generati dalle tue liste direttamente nella tua casella di posta, disattivando l\u2019opzione <em>Permetti a Emailchef di gestire i tuoi bounce<\/em>.<\/p>\n<p><a href=\"https:\/\/emailchef.com\/wp-content\/uploads\/2024\/02\/domain-authentication-bounce-it.png\" rel=\"lightbox\"><img decoding=\"async\" src=\"https:\/\/emailchef.com\/wp-content\/uploads\/2024\/02\/domain-authentication-bounce-it.png\" alt=\"Permetti a Emailchef di gestire i tuoi bounce\" width=\"680px\" height=\"48px\" \/><\/a><\/p>\n<h2 style=\"color: #605e6f; font-weight: bold!important; font-size: 18px; text-transform: uppercase; letter-spacing: -0.7px;\">Hai bisogno di assistenza per autenticare il tuo dominio?<\/h2>\n<p><a title=\"Servizio clienti Emailchef\" href=\"https:\/\/support.emailchef.com\/\">Scrivi un ticket al nostro servizio clienti<\/a> indicando nell\u2019oggetto \u2018Autenticazione dominio\u2019.<\/p>\n","protected":false},"excerpt":{"rendered":"<p>L\u2019autenticazione del dominio \u00e8 una pratica che serve a certificare il tuo indirizzo mittente come affidabile. In pratica, conferisci un\u2019identit\u00e0 tracciabile al tuo indirizzo e dimostri ai provider dei tuoi destinatari di essere un \u2018mittente autorizzato\u2019. Perch\u00e9 \u00e8 cos\u00ec importante? Perch\u00e9 tiene i tuoi messaggi di posta lontano dallo spam e dai filtri anti-phishing e [&hellip;]<\/p>\n","protected":false},"author":5,"featured_media":0,"parent":1081,"menu_order":0,"comment_status":"closed","ping_status":"closed","template":"","meta":{"_acf_changed":false,"inline_featured_image":false,"footnotes":""},"g1_relation_tag":[],"class_list":["post-5720","page","type-page","status-publish","hentry"],"acf":[],"yoast_head":"<!-- This site is optimized with the Yoast SEO plugin v24.8.1 - https:\/\/yoast.com\/wordpress\/plugins\/seo\/ -->\n<title>Come autenticare il tuo dominio - Emailchef<\/title>\n<meta name=\"robots\" content=\"index, follow, max-snippet:-1, max-image-preview:large, max-video-preview:-1\" \/>\n<link rel=\"canonical\" href=\"https:\/\/emailchef.com\/it\/documentazione\/come-autenticare-il-tuo-dominio\/\" \/>\n<meta name=\"twitter:label1\" content=\"Tempo di lettura stimato\" \/>\n\t<meta name=\"twitter:data1\" content=\"5 minuti\" \/>\n<!-- \/ Yoast SEO plugin. -->","yoast_head_json":{"title":"Come autenticare il tuo dominio - Emailchef","robots":{"index":"index","follow":"follow","max-snippet":"max-snippet:-1","max-image-preview":"max-image-preview:large","max-video-preview":"max-video-preview:-1"},"canonical":"https:\/\/emailchef.com\/it\/documentazione\/come-autenticare-il-tuo-dominio\/","twitter_misc":{"Tempo di lettura stimato":"5 minuti"},"schema":{"@context":"https:\/\/schema.org","@graph":[{"@type":"WebPage","@id":"https:\/\/emailchef.com\/it\/documentazione\/come-autenticare-il-tuo-dominio\/","url":"https:\/\/emailchef.com\/it\/documentazione\/come-autenticare-il-tuo-dominio\/","name":"Come autenticare il tuo dominio - Emailchef","isPartOf":{"@id":"https:\/\/emailchef.com\/it\/#website"},"primaryImageOfPage":{"@id":"https:\/\/emailchef.com\/it\/documentazione\/come-autenticare-il-tuo-dominio\/#primaryimage"},"image":{"@id":"https:\/\/emailchef.com\/it\/documentazione\/come-autenticare-il-tuo-dominio\/#primaryimage"},"thumbnailUrl":"https:\/\/emailchef.com\/wp-content\/uploads\/2024\/02\/domain-authentication-it.png","datePublished":"2017-02-28T09:50:39+00:00","dateModified":"2024-03-07T09:16:13+00:00","breadcrumb":{"@id":"https:\/\/emailchef.com\/it\/documentazione\/come-autenticare-il-tuo-dominio\/#breadcrumb"},"inLanguage":"it-IT","potentialAction":[{"@type":"ReadAction","target":["https:\/\/emailchef.com\/it\/documentazione\/come-autenticare-il-tuo-dominio\/"]}]},{"@type":"ImageObject","inLanguage":"it-IT","@id":"https:\/\/emailchef.com\/it\/documentazione\/come-autenticare-il-tuo-dominio\/#primaryimage","url":"https:\/\/emailchef.com\/wp-content\/uploads\/2024\/02\/domain-authentication-it.png","contentUrl":"https:\/\/emailchef.com\/wp-content\/uploads\/2024\/02\/domain-authentication-it.png"},{"@type":"BreadcrumbList","@id":"https:\/\/emailchef.com\/it\/documentazione\/come-autenticare-il-tuo-dominio\/#breadcrumb","itemListElement":[{"@type":"ListItem","position":1,"name":"Home","item":"https:\/\/emailchef.com\/it\/home-test-2023\/"},{"@type":"ListItem","position":2,"name":"Documentazione","item":"https:\/\/emailchef.com\/it\/documentazione\/"},{"@type":"ListItem","position":3,"name":"Come autenticare il tuo dominio"}]},{"@type":"WebSite","@id":"https:\/\/emailchef.com\/it\/#website","url":"https:\/\/emailchef.com\/it\/","name":"Emailchef","description":"Gustose ricette di email marketing","publisher":{"@id":"https:\/\/emailchef.com\/it\/#organization"},"potentialAction":[{"@type":"SearchAction","target":{"@type":"EntryPoint","urlTemplate":"https:\/\/emailchef.com\/it\/?s={search_term_string}"},"query-input":{"@type":"PropertyValueSpecification","valueRequired":true,"valueName":"search_term_string"}}],"inLanguage":"it-IT"},{"@type":"Organization","@id":"https:\/\/emailchef.com\/it\/#organization","name":"Delivery Tech Corp.","url":"https:\/\/emailchef.com\/it\/","logo":{"@type":"ImageObject","inLanguage":"it-IT","@id":"https:\/\/emailchef.com\/it\/#\/schema\/logo\/image\/","url":"https:\/\/emailchef.com\/wp-content\/uploads\/2022\/04\/logo-sama.png","contentUrl":"https:\/\/emailchef.com\/wp-content\/uploads\/2022\/04\/logo-sama.png","width":237,"height":80,"caption":"Delivery Tech Corp."},"image":{"@id":"https:\/\/emailchef.com\/it\/#\/schema\/logo\/image\/"}}]}},"_links":{"self":[{"href":"https:\/\/emailchef.com\/it\/wp-json\/wp\/v2\/pages\/5720"}],"collection":[{"href":"https:\/\/emailchef.com\/it\/wp-json\/wp\/v2\/pages"}],"about":[{"href":"https:\/\/emailchef.com\/it\/wp-json\/wp\/v2\/types\/page"}],"author":[{"embeddable":true,"href":"https:\/\/emailchef.com\/it\/wp-json\/wp\/v2\/users\/5"}],"replies":[{"embeddable":true,"href":"https:\/\/emailchef.com\/it\/wp-json\/wp\/v2\/comments?post=5720"}],"version-history":[{"count":48,"href":"https:\/\/emailchef.com\/it\/wp-json\/wp\/v2\/pages\/5720\/revisions"}],"predecessor-version":[{"id":71506,"href":"https:\/\/emailchef.com\/it\/wp-json\/wp\/v2\/pages\/5720\/revisions\/71506"}],"up":[{"embeddable":true,"href":"https:\/\/emailchef.com\/it\/wp-json\/wp\/v2\/pages\/1081"}],"wp:attachment":[{"href":"https:\/\/emailchef.com\/it\/wp-json\/wp\/v2\/media?parent=5720"}],"wp:term":[{"taxonomy":"g1_relation_tag","embeddable":true,"href":"https:\/\/emailchef.com\/it\/wp-json\/wp\/v2\/g1_relation_tag?post=5720"}],"curies":[{"name":"wp","href":"https:\/\/api.w.org\/{rel}","templated":true}]}}