{"id":528,"date":"2014-09-04T10:26:34","date_gmt":"2014-09-04T10:26:34","guid":{"rendered":"http:\/\/emailchef.com\/?page_id=528"},"modified":"2023-06-16T12:45:40","modified_gmt":"2023-06-16T12:45:40","slug":"editor-form-di-iscrizione","status":"publish","type":"page","link":"https:\/\/emailchef.com\/it\/caratteristiche\/editor-form-di-iscrizione\/","title":{"rendered":"Editor per i moduli di iscrizione."},"content":{"rendered":"\t\t<div data-elementor-type=\"wp-page\" data-elementor-id=\"528\" class=\"elementor elementor-528 elementor-134\" data-elementor-post-type=\"page\">\n\t\t\t\t\t\t<section class=\"elementor-section elementor-top-section elementor-element elementor-element-1792e45 elementor-section-boxed elementor-section-height-default elementor-section-height-default\" data-id=\"1792e45\" data-element_type=\"section\">\n\t\t\t\t\t\t<div class=\"elementor-container elementor-column-gap-default\">\n\t\t\t\t\t<div class=\"elementor-column elementor-col-100 elementor-top-column elementor-element elementor-element-149d7ae\" data-id=\"149d7ae\" data-element_type=\"column\">\n\t\t\t<div class=\"elementor-widget-wrap elementor-element-populated\">\n\t\t\t\t\t\t<div class=\"elementor-element elementor-element-411009f elementor-widget elementor-widget-image\" data-id=\"411009f\" data-element_type=\"widget\" data-widget_type=\"image.default\">\n\t\t\t\t<div class=\"elementor-widget-container\">\n\t\t\t\t\t\t\t\t\t\t\t\t\t\t\t<img fetchpriority=\"high\" decoding=\"async\" width=\"1161\" height=\"600\" src=\"https:\/\/emailchef.com\/wp-content\/uploads\/2023\/06\/editor_moduli_iscrizione_newsletter.png\" class=\"attachment-full size-full wp-image-67210\" alt=\"Editor per i moduli di iscrizione\" srcset=\"https:\/\/emailchef.com\/wp-content\/uploads\/2023\/06\/editor_moduli_iscrizione_newsletter.png 1161w, https:\/\/emailchef.com\/wp-content\/uploads\/2023\/06\/editor_moduli_iscrizione_newsletter-300x155.png 300w, https:\/\/emailchef.com\/wp-content\/uploads\/2023\/06\/editor_moduli_iscrizione_newsletter-1024x529.png 1024w, https:\/\/emailchef.com\/wp-content\/uploads\/2023\/06\/editor_moduli_iscrizione_newsletter-768x397.png 768w\" sizes=\"(max-width: 1161px) 100vw, 1161px\" \/>\t\t\t\t\t\t\t\t\t\t\t\t\t\t\t<\/div>\n\t\t\t\t<\/div>\n\t\t\t\t\t<\/div>\n\t\t<\/div>\n\t\t\t\t\t<\/div>\n\t\t<\/section>\n\t\t\t\t<section class=\"elementor-section elementor-top-section elementor-element elementor-element-6517f4d elementor-section-boxed elementor-section-height-default elementor-section-height-default\" data-id=\"6517f4d\" data-element_type=\"section\">\n\t\t\t\t\t\t<div class=\"elementor-container elementor-column-gap-default\">\n\t\t\t\t\t<div class=\"elementor-column elementor-col-100 elementor-top-column elementor-element elementor-element-d8585fb\" data-id=\"d8585fb\" data-element_type=\"column\">\n\t\t\t<div class=\"elementor-widget-wrap elementor-element-populated\">\n\t\t\t\t\t\t<div class=\"elementor-element elementor-element-24b98fc elementor-widget elementor-widget-text-editor\" data-id=\"24b98fc\" data-element_type=\"widget\" data-widget_type=\"text-editor.default\">\n\t\t\t\t<div class=\"elementor-widget-container\">\n\t\t\t\t\t\t\t\t\t<p>Un modulo di iscrizione sul tuo sito web rappresenta il metodo pi\u00f9 rapido ed efficace per raccogliere nuovi abbonati alla tua mailing list.<\/p><p>Il motivo? In questo modo potrai far crescere le tue liste con <strong>indirizzi di persone realmente interessate a ci\u00f2 offri<\/strong>.<\/p><p>Quando qualcuno decide di lasciare il proprio indirizzo email sul tuo modulo di iscrizione, ti sta in qualche modo consegnando le chiavi della sua casella di posta. \u00c8 come se ti dicesse &#8220;Ehi, mi interessa ci\u00f2 che hai da dire. Mi farebbe piacere leggere i tuoi messaggi&#8221;.<\/p><p>Ma da dove si inizia per creare un form di registrazione?<\/p><p>Con Emailchef non avrai bisogno di particolari competenze tecniche: ti baster\u00e0 utilizzare l&#8217;editor drag&amp;drop per moduli di registrazione della nostra piattaforma.<\/p><p>In questo modo potrai comporre <strong>form di iscrizione<\/strong>:<\/p>\t\t\t\t\t\t\t\t<\/div>\n\t\t\t\t<\/div>\n\t\t\t\t<div class=\"elementor-element elementor-element-be1c575 elementor-icon-list--layout-traditional elementor-list-item-link-full_width elementor-widget elementor-widget-icon-list\" data-id=\"be1c575\" data-element_type=\"widget\" data-widget_type=\"icon-list.default\">\n\t\t\t\t<div class=\"elementor-widget-container\">\n\t\t\t\t\t\t\t<ul class=\"elementor-icon-list-items\">\n\t\t\t\t\t\t\t<li class=\"elementor-icon-list-item\">\n\t\t\t\t\t\t\t\t\t\t\t<span class=\"elementor-icon-list-icon\">\n\t\t\t\t\t\t\t<i aria-hidden=\"true\" class=\"fas fa-angle-right\"><\/i>\t\t\t\t\t\t<\/span>\n\t\t\t\t\t\t\t\t\t\t<span class=\"elementor-icon-list-text\"><strong>inline<\/strong>, che vengono inseriti direttamente sul tuo sito web;<\/span>\n\t\t\t\t\t\t\t\t\t<\/li>\n\t\t\t\t\t\t\t\t<li class=\"elementor-icon-list-item\">\n\t\t\t\t\t\t\t\t\t\t\t<span class=\"elementor-icon-list-icon\">\n\t\t\t\t\t\t\t<i aria-hidden=\"true\" class=\"fas fa-angle-right\"><\/i>\t\t\t\t\t\t<\/span>\n\t\t\t\t\t\t\t\t\t\t<span class=\"elementor-icon-list-text\"><strong>popup<\/strong>, che appaiono sotto forma di finestra sulle pagine che hai scelto;<\/span>\n\t\t\t\t\t\t\t\t\t<\/li>\n\t\t\t\t\t\t\t\t<li class=\"elementor-icon-list-item\">\n\t\t\t\t\t\t\t\t\t\t\t<span class=\"elementor-icon-list-icon\">\n\t\t\t\t\t\t\t<i aria-hidden=\"true\" class=\"fas fa-angle-right\"><\/i>\t\t\t\t\t\t<\/span>\n\t\t\t\t\t\t\t\t\t\t<span class=\"elementor-icon-list-text\">su <strong>landing page esterna<\/strong>, ovvero creando un modulo di iscrizione su una pagina al di fuori del tuo sito web.<\/span>\n\t\t\t\t\t\t\t\t\t<\/li>\n\t\t\t\t\t\t<\/ul>\n\t\t\t\t\t\t<\/div>\n\t\t\t\t<\/div>\n\t\t\t\t<div class=\"elementor-element elementor-element-fc77e51 elementor-widget elementor-widget-text-editor\" data-id=\"fc77e51\" data-element_type=\"widget\" data-widget_type=\"text-editor.default\">\n\t\t\t\t<div class=\"elementor-widget-container\">\n\t\t\t\t\t\t\t\t\t<p>L&#8217;editor per moduli di Emailchef ti permette di realizzare i tuoi form in pochi minuti.<\/p><p>Puoi scegliere un modello gi\u00e0 pronto tra quelli realizzati dai nostri designer, oppure creare il tuo modulo da zero, semplicemente trascinando gli elementi che ti servono.<\/p><p>Potrai scegliere i colori che preferisci, magari in linea con quelli del tuo brand, aggiungere un pie&#8217; di pagina (ad esempio con il link all&#8217;informativa privacy), traduzioni in altre lingue, campi personalizzati e molto altro ancora.<\/p><p>Ma non \u00e8 tutto \ud83d\udd25.<\/p><p>Quando qualcuno si iscrive alla tua lista, vedr\u00e0 subito una pagina di ringraziamento (e s\u00ec, anche questa \u00e8 personalizzabile).<\/p><p>Quando tutto \u00e8 pronto, ti baster\u00e0 integrare il codice HTML del tuo modulo sul tuo sito web.<\/p>\t\t\t\t\t\t\t\t<\/div>\n\t\t\t\t<\/div>\n\t\t\t\t<div class=\"elementor-element elementor-element-5d259c8 elementor-widget elementor-widget-text-editor\" data-id=\"5d259c8\" data-element_type=\"widget\" data-widget_type=\"text-editor.default\">\n\t\t\t\t<div class=\"elementor-widget-container\">\n\t\t\t\t\t\t\t\t\t<p><strong>Un consiglio pro<\/strong>: crea un\u2019email automatica di benvenuto in modo che parta subito dopo l\u2019iscrizione di ciascun utente. Si tratta dell\u2019email pi\u00f9 importante che dovresti inviare ai tuoi contatti.<\/p><p>Il motivo?<\/p><p>Pu\u00f2 ottenere tassi di apertura fino all\u201989%!<\/p><p>Se sei alla ricerca di consigli per scrivere l\u2019email di benvenuto perfetta, ti consiglio la lettura di questo articolo di blog \ud83d\udc49 <a title=\"Come creare un\u2019e-mail di benvenuto efficace e aumentare (una volta per tutte) le conversioni\" href=\"https:\/\/emailchef.com\/it\/blog-emailchef-academy\/come-creare-une-mail-di-benvenuto-efficace-e-aumentare-una-volta-per-tutte-le-conversioni\/\">Come creare un\u2019e-mail di benvenuto efficace e aumentare (una volta per tutte) le conversioni<\/a>.<\/p>\t\t\t\t\t\t\t\t<\/div>\n\t\t\t\t<\/div>\n\t\t\t\t<section class=\"elementor-section elementor-inner-section elementor-element elementor-element-a47666d elementor-section-boxed elementor-section-height-default elementor-section-height-default\" data-id=\"a47666d\" data-element_type=\"section\">\n\t\t\t\t\t\t<div class=\"elementor-container elementor-column-gap-default\">\n\t\t\t\t\t<div class=\"elementor-column elementor-col-100 elementor-inner-column elementor-element elementor-element-90e9f19\" data-id=\"90e9f19\" data-element_type=\"column\">\n\t\t\t<div class=\"elementor-widget-wrap elementor-element-populated\">\n\t\t\t\t\t\t<div class=\"elementor-element elementor-element-6a03d8b elementor-widget elementor-widget-heading\" data-id=\"6a03d8b\" data-element_type=\"widget\" data-widget_type=\"heading.default\">\n\t\t\t\t<div class=\"elementor-widget-container\">\n\t\t\t\t\t<h3 class=\"elementor-heading-title elementor-size-default\">Hai creato un modulo di iscrizione inline?<\/h3>\t\t\t\t<\/div>\n\t\t\t\t<\/div>\n\t\t\t\t<div class=\"elementor-element elementor-element-23e41bb elementor-widget elementor-widget-text-editor\" data-id=\"23e41bb\" data-element_type=\"widget\" data-widget_type=\"text-editor.default\">\n\t\t\t\t<div class=\"elementor-widget-container\">\n\t\t\t\t\t\t\t\t\tInseriscilo in primo piano, in una posizione ben visibile. Magari in alto a destra nella homepage, in modo che possa essere trovato facilmente da chi naviga sul tuo sito web.\t\t\t\t\t\t\t\t<\/div>\n\t\t\t\t<\/div>\n\t\t\t\t\t<\/div>\n\t\t<\/div>\n\t\t\t\t\t<\/div>\n\t\t<\/section>\n\t\t\t\t<div class=\"elementor-element elementor-element-868a9fb elementor-widget elementor-widget-text-editor\" data-id=\"868a9fb\" data-element_type=\"widget\" data-widget_type=\"text-editor.default\">\n\t\t\t\t<div class=\"elementor-widget-container\">\n\t\t\t\t\t\t\t\t\t<p>Grazie ai moduli di iscrizione, le <strong>informazioni vengono automaticamente raccolte all\u2019interno della tua lista<\/strong> di contatti e potrai utilizzarle per segmentare il pubblico in base ai dati che hai raccolto, come l\u2019et\u00e0, il sesso o la lingua (inviando a ciascun segmento delle campagne personalizzate).<\/p><p>Ciascun modulo \u00e8 connesso a una lista, ma potrai associare una lista a pi\u00f9 form diversi. In questo modo, i contatti ottenuti tramite i tuoi moduli, saranno raccolti in un&#8217;unica mailing list.<\/p><p>Se ti stai chiedendo da dove iniziare, abbiamo creato dei video tutorial che potrebbero fare al caso tuo \ud83d\udc47<\/p>\t\t\t\t\t\t\t\t<\/div>\n\t\t\t\t<\/div>\n\t\t\t\t<div class=\"elementor-element elementor-element-efcd5de elementor-widget elementor-widget-html\" data-id=\"efcd5de\" data-element_type=\"widget\" data-widget_type=\"html.default\">\n\t\t\t\t<div class=\"elementor-widget-container\">\n\t\t\t\t\t<div class=\"lyte-wrapper\" title=\"Tutorial: come creare un form di iscrizione alla mailing list con emailchef.\" style=\"width:640px;max-width:100%;margin:5px;\"><div class=\"lyMe\" id=\"WYL_5xkgK0Y_f-w\"><div id=\"lyte_5xkgK0Y_f-w\" data-src=\"https:\/\/emailchef.com\/wp-content\/plugins\/wp-youtube-lyte\/lyteCache.php?origThumbUrl=https%3A%2F%2Fi.ytimg.com%2Fvi%2F5xkgK0Y_f-w%2Fhqdefault.jpg\" class=\"pL\"><div class=\"tC\"><div class=\"tT\">Tutorial: come creare un form di iscrizione alla mailing list con emailchef.<\/div><\/div><div class=\"play\"><\/div><div class=\"ctrl\"><div class=\"Lctrl\"><\/div><div class=\"Rctrl\"><\/div><\/div><\/div><noscript><a href=\"https:\/\/youtu.be\/5xkgK0Y_f-w\" rel=\"nofollow\"><img decoding=\"async\" src=\"https:\/\/emailchef.com\/wp-content\/plugins\/wp-youtube-lyte\/lyteCache.php?origThumbUrl=https%3A%2F%2Fi.ytimg.com%2Fvi%2F5xkgK0Y_f-w%2F0.jpg\" alt=\"Tutorial: come creare un form di iscrizione alla mailing list con emailchef.\" width=\"640\" height=\"340\" \/><br \/>Guarda questo video su YouTube<\/a><\/noscript><\/div><\/div><div class=\"lL\" style=\"max-width:100%;width:640px;margin:5px;\"><\/div>\n<div class=\"ec-video-button hide centered\">\n\t<a href=\"https:\/\/youtu.be\/5xkgK0Y_f-w\" rel=\"prettyPhoto\" title=\"Riproduci Video\">Riproduci Video <i class=\"fa fa-play-circle fa-2x\"><\/i><\/a>\n<\/div>\t\t\t\t<\/div>\n\t\t\t\t<\/div>\n\t\t\t\t<div class=\"elementor-element elementor-element-fb592b0 elementor-widget elementor-widget-text-editor\" data-id=\"fb592b0\" data-element_type=\"widget\" data-widget_type=\"text-editor.default\">\n\t\t\t\t<div class=\"elementor-widget-container\">\n\t\t\t\t\t\t\t\t\t<p>Hai bisogno di assistenza? <a title=\"Contatta il servizio clienti Emailchef\" href=\"https:\/\/emailchef.com\/it\/supporto\/\">Contatta il nostro servizio clienti<\/a>.<\/p>\t\t\t\t\t\t\t\t<\/div>\n\t\t\t\t<\/div>\n\t\t\t\t\t<\/div>\n\t\t<\/div>\n\t\t\t\t\t<\/div>\n\t\t<\/section>\n\t\t\t\t<\/div>\n\t\t","protected":false},"excerpt":{"rendered":"<p>Un modulo di iscrizione sul tuo sito web rappresenta il metodo pi\u00f9 rapido ed efficace per raccogliere nuovi abbonati alla tua mailing list. Il motivo? In questo modo potrai far crescere le tue liste con indirizzi di persone realmente interessate a ci\u00f2 offri. Quando qualcuno decide di lasciare il proprio indirizzo email sul tuo modulo [&hellip;]<\/p>\n","protected":false},"author":3,"featured_media":0,"parent":518,"menu_order":4,"comment_status":"closed","ping_status":"closed","template":"","meta":{"_acf_changed":false,"inline_featured_image":false,"footnotes":""},"g1_relation_tag":[],"class_list":["post-528","page","type-page","status-publish","hentry"],"acf":[],"yoast_head":"<!-- This site is optimized with the Yoast SEO plugin v24.8.1 - https:\/\/yoast.com\/wordpress\/plugins\/seo\/ -->\n<title>Editor per i moduli di iscrizione. - Emailchef<\/title>\n<meta name=\"description\" content=\"Il metodo migliore per raccogliere nuovi contatti per le tue newsletter resta sempre un form di iscrizione sul tuo sito web.\" \/>\n<meta name=\"robots\" content=\"index, follow, max-snippet:-1, max-image-preview:large, max-video-preview:-1\" \/>\n<link rel=\"canonical\" href=\"https:\/\/emailchef.com\/it\/caratteristiche\/editor-form-di-iscrizione\/\" \/>\n<meta name=\"twitter:label1\" content=\"Tempo di lettura stimato\" \/>\n\t<meta name=\"twitter:data1\" content=\"3 minuti\" \/>\n<!-- \/ Yoast SEO plugin. -->","yoast_head_json":{"title":"Editor per i moduli di iscrizione. - Emailchef","description":"Il metodo migliore per raccogliere nuovi contatti per le tue newsletter resta sempre un form di iscrizione sul tuo sito web.","robots":{"index":"index","follow":"follow","max-snippet":"max-snippet:-1","max-image-preview":"max-image-preview:large","max-video-preview":"max-video-preview:-1"},"canonical":"https:\/\/emailchef.com\/it\/caratteristiche\/editor-form-di-iscrizione\/","twitter_misc":{"Tempo di lettura stimato":"3 minuti"},"schema":{"@context":"https:\/\/schema.org","@graph":[{"@type":"WebPage","@id":"https:\/\/emailchef.com\/it\/caratteristiche\/editor-form-di-iscrizione\/","url":"https:\/\/emailchef.com\/it\/caratteristiche\/editor-form-di-iscrizione\/","name":"Editor per i moduli di iscrizione. - Emailchef","isPartOf":{"@id":"https:\/\/emailchef.com\/it\/#website"},"primaryImageOfPage":{"@id":"https:\/\/emailchef.com\/it\/caratteristiche\/editor-form-di-iscrizione\/#primaryimage"},"image":{"@id":"https:\/\/emailchef.com\/it\/caratteristiche\/editor-form-di-iscrizione\/#primaryimage"},"thumbnailUrl":"https:\/\/emailchef.com\/wp-content\/uploads\/2023\/06\/editor_moduli_iscrizione_newsletter.png","datePublished":"2014-09-04T10:26:34+00:00","dateModified":"2023-06-16T12:45:40+00:00","description":"Il metodo migliore per raccogliere nuovi contatti per le tue newsletter resta sempre un form di iscrizione sul tuo sito web.","breadcrumb":{"@id":"https:\/\/emailchef.com\/it\/caratteristiche\/editor-form-di-iscrizione\/#breadcrumb"},"inLanguage":"it-IT","potentialAction":[{"@type":"ReadAction","target":["https:\/\/emailchef.com\/it\/caratteristiche\/editor-form-di-iscrizione\/"]}]},{"@type":"ImageObject","inLanguage":"it-IT","@id":"https:\/\/emailchef.com\/it\/caratteristiche\/editor-form-di-iscrizione\/#primaryimage","url":"https:\/\/emailchef.com\/wp-content\/uploads\/2023\/06\/editor_moduli_iscrizione_newsletter.png","contentUrl":"https:\/\/emailchef.com\/wp-content\/uploads\/2023\/06\/editor_moduli_iscrizione_newsletter.png"},{"@type":"BreadcrumbList","@id":"https:\/\/emailchef.com\/it\/caratteristiche\/editor-form-di-iscrizione\/#breadcrumb","itemListElement":[{"@type":"ListItem","position":1,"name":"Home","item":"https:\/\/emailchef.com\/it\/home-test-2023\/"},{"@type":"ListItem","position":2,"name":"Scopri le funzioni di Emailchef","item":"https:\/\/emailchef.com\/it\/caratteristiche\/"},{"@type":"ListItem","position":3,"name":"Editor per i moduli di iscrizione."}]},{"@type":"WebSite","@id":"https:\/\/emailchef.com\/it\/#website","url":"https:\/\/emailchef.com\/it\/","name":"Emailchef","description":"Gustose ricette di email marketing","publisher":{"@id":"https:\/\/emailchef.com\/it\/#organization"},"potentialAction":[{"@type":"SearchAction","target":{"@type":"EntryPoint","urlTemplate":"https:\/\/emailchef.com\/it\/?s={search_term_string}"},"query-input":{"@type":"PropertyValueSpecification","valueRequired":true,"valueName":"search_term_string"}}],"inLanguage":"it-IT"},{"@type":"Organization","@id":"https:\/\/emailchef.com\/it\/#organization","name":"Delivery Tech Corp.","url":"https:\/\/emailchef.com\/it\/","logo":{"@type":"ImageObject","inLanguage":"it-IT","@id":"https:\/\/emailchef.com\/it\/#\/schema\/logo\/image\/","url":"https:\/\/emailchef.com\/wp-content\/uploads\/2022\/04\/logo-sama.png","contentUrl":"https:\/\/emailchef.com\/wp-content\/uploads\/2022\/04\/logo-sama.png","width":237,"height":80,"caption":"Delivery Tech Corp."},"image":{"@id":"https:\/\/emailchef.com\/it\/#\/schema\/logo\/image\/"}}]}},"_links":{"self":[{"href":"https:\/\/emailchef.com\/it\/wp-json\/wp\/v2\/pages\/528"}],"collection":[{"href":"https:\/\/emailchef.com\/it\/wp-json\/wp\/v2\/pages"}],"about":[{"href":"https:\/\/emailchef.com\/it\/wp-json\/wp\/v2\/types\/page"}],"author":[{"embeddable":true,"href":"https:\/\/emailchef.com\/it\/wp-json\/wp\/v2\/users\/3"}],"replies":[{"embeddable":true,"href":"https:\/\/emailchef.com\/it\/wp-json\/wp\/v2\/comments?post=528"}],"version-history":[{"count":17,"href":"https:\/\/emailchef.com\/it\/wp-json\/wp\/v2\/pages\/528\/revisions"}],"predecessor-version":[{"id":67222,"href":"https:\/\/emailchef.com\/it\/wp-json\/wp\/v2\/pages\/528\/revisions\/67222"}],"up":[{"embeddable":true,"href":"https:\/\/emailchef.com\/it\/wp-json\/wp\/v2\/pages\/518"}],"wp:attachment":[{"href":"https:\/\/emailchef.com\/it\/wp-json\/wp\/v2\/media?parent=528"}],"wp:term":[{"taxonomy":"g1_relation_tag","embeddable":true,"href":"https:\/\/emailchef.com\/it\/wp-json\/wp\/v2\/g1_relation_tag?post=528"}],"curies":[{"name":"wp","href":"https:\/\/api.w.org\/{rel}","templated":true}]}}