{"id":526,"date":"2014-09-04T10:46:01","date_gmt":"2014-09-04T10:46:01","guid":{"rendered":"http:\/\/emailchef.com\/?page_id=526"},"modified":"2024-05-28T13:27:36","modified_gmt":"2024-05-28T13:27:36","slug":"template-creator-layout-bellissimi","status":"publish","type":"page","link":"https:\/\/emailchef.com\/it\/caratteristiche\/template-creator-layout-bellissimi\/","title":{"rendered":"Un editor drag&#038;drop alla portata di esperti e principianti."},"content":{"rendered":"\t\t<div data-elementor-type=\"wp-page\" data-elementor-id=\"526\" class=\"elementor elementor-526 elementor-149\" data-elementor-post-type=\"page\">\n\t\t\t\t\t\t<section class=\"elementor-section elementor-top-section elementor-element elementor-element-3b64773 elementor-section-boxed elementor-section-height-default elementor-section-height-default\" data-id=\"3b64773\" data-element_type=\"section\">\n\t\t\t\t\t\t<div class=\"elementor-container elementor-column-gap-default\">\n\t\t\t\t\t<div class=\"elementor-column elementor-col-100 elementor-top-column elementor-element elementor-element-c02f160\" data-id=\"c02f160\" data-element_type=\"column\">\n\t\t\t<div class=\"elementor-widget-wrap elementor-element-populated\">\n\t\t\t\t\t\t<div class=\"elementor-element elementor-element-d3934b8 elementor-widget elementor-widget-image\" data-id=\"d3934b8\" data-element_type=\"widget\" data-widget_type=\"image.default\">\n\t\t\t\t<div class=\"elementor-widget-container\">\n\t\t\t\t\t\t\t\t\t\t\t\t\t\t\t<img fetchpriority=\"high\" decoding=\"async\" width=\"800\" height=\"600\" src=\"https:\/\/emailchef.com\/wp-content\/uploads\/2023\/06\/editor_drag_e_drop_emailchef.png\" class=\"attachment-full size-full wp-image-67243\" alt=\"Editor template drag&amp;drop di Emailchef\" srcset=\"https:\/\/emailchef.com\/wp-content\/uploads\/2023\/06\/editor_drag_e_drop_emailchef.png 800w, https:\/\/emailchef.com\/wp-content\/uploads\/2023\/06\/editor_drag_e_drop_emailchef-300x225.png 300w, https:\/\/emailchef.com\/wp-content\/uploads\/2023\/06\/editor_drag_e_drop_emailchef-768x576.png 768w\" sizes=\"(max-width: 800px) 100vw, 800px\" \/>\t\t\t\t\t\t\t\t\t\t\t\t\t\t\t<\/div>\n\t\t\t\t<\/div>\n\t\t\t\t\t<\/div>\n\t\t<\/div>\n\t\t\t\t\t<\/div>\n\t\t<\/section>\n\t\t\t\t<section class=\"elementor-section elementor-top-section elementor-element elementor-element-53b8c21 elementor-section-boxed elementor-section-height-default elementor-section-height-default\" data-id=\"53b8c21\" data-element_type=\"section\">\n\t\t\t\t\t\t<div class=\"elementor-container elementor-column-gap-default\">\n\t\t\t\t\t<div class=\"elementor-column elementor-col-100 elementor-top-column elementor-element elementor-element-66342f5\" data-id=\"66342f5\" data-element_type=\"column\">\n\t\t\t<div class=\"elementor-widget-wrap elementor-element-populated\">\n\t\t\t\t\t\t<div class=\"elementor-element elementor-element-45b6fc1 elementor-widget elementor-widget-text-editor\" data-id=\"45b6fc1\" data-element_type=\"widget\" data-widget_type=\"text-editor.default\">\n\t\t\t\t<div class=\"elementor-widget-container\">\n\t\t\t\t\t\t\t\t\t<p>L&#8217;editor drag&amp;drop di Emailchef \u00e8 stato pensato per essere semplice, divertente e alla portata di tutti.<\/p><p>Lo abbiamo creato con un obiettivo ben chiaro: adattarsi alle richieste sia degli esperti che dei principianti.<\/p><p>Ed \u00e8 cos\u00ec che \u00e8 nato il nostro <strong>editor a blocchi<\/strong>. In questo modo potrai creare delle email su misura, professionali e che si adattino automaticamente a tutti gli schermi.<\/p><p>E no, per riuscirci non sar\u00e0 necessario conoscere il linguaggio HTML.<\/p><p>Questo sistema ti permette di avere layout sempre perfettamente armonici e visualizzati. E addio a testi tagliati, immagini a met\u00e0 o a CTA finite chiss\u00e0 dove.<\/p>\t\t\t\t\t\t\t\t<\/div>\n\t\t\t\t<\/div>\n\t\t\t\t<div class=\"elementor-element elementor-element-31f3e25 elementor-widget elementor-widget-image\" data-id=\"31f3e25\" data-element_type=\"widget\" data-widget_type=\"image.default\">\n\t\t\t\t<div class=\"elementor-widget-container\">\n\t\t\t\t\t\t\t\t\t\t\t\t\t\t\t\t<a href=\"https:\/\/emailchef.com\/wp-content\/uploads\/2023\/06\/editor_a_blocchi_template_email.jpg\" data-elementor-open-lightbox=\"yes\" data-elementor-lightbox-title=\"Editor a blocchi per template email\" data-e-action-hash=\"#elementor-action%3Aaction%3Dlightbox%26settings%3DeyJpZCI6NjcyNTUsInVybCI6Imh0dHBzOlwvXC9lbWFpbGNoZWYuY29tXC93cC1jb250ZW50XC91cGxvYWRzXC8yMDIzXC8wNlwvZWRpdG9yX2FfYmxvY2NoaV90ZW1wbGF0ZV9lbWFpbC5qcGcifQ%3D%3D\">\n\t\t\t\t\t\t\t<img decoding=\"async\" width=\"800\" height=\"347\" src=\"https:\/\/emailchef.com\/wp-content\/uploads\/2023\/06\/editor_a_blocchi_template_email.jpg\" class=\"attachment-large size-large wp-image-67255\" alt=\"Editor a blocchi per template email\" \/>\t\t\t\t\t\t\t\t<\/a>\n\t\t\t\t\t\t\t\t\t\t\t\t\t\t\t<\/div>\n\t\t\t\t<\/div>\n\t\t\t\t<div class=\"elementor-element elementor-element-41a0c81 elementor-widget elementor-widget-text-editor\" data-id=\"41a0c81\" data-element_type=\"widget\" data-widget_type=\"text-editor.default\">\n\t\t\t\t<div class=\"elementor-widget-container\">\n\t\t\t\t\t\t\t\t\t<p>Spesso, con i normali editor per newsletter, infatti, gli elementi gi\u00e0 inseriti tendono a spostarsi quando modifichi il template.<\/p><p>I blocchi nascono proprio per evitare tutto questo, facendo in modo che anche i nuovi elementi possano adattarsi in maniera automatica all\u2019interno della tua email (e addio a quel fastidioso effetto Frankenstein).<\/p><p>Su Emailchef potrai scegliere tra una lunga serie di blocchi da aggiungere alle tue email e, naturalmente, potrai modificarli in qualsiasi momento (magari aggiungendo immagini, testi o call to action), spostarli dove preferisci o rimuoverli.<\/p><p>Ma non \u00e8 tutto.<\/p><p>Se lo desideri potrai creare il tuo design a partire da layout vuoti, personalizzabili come desideri.<\/p><p>In alternativa <a title=\"Template professionali pronti all\u2019uso\" href=\"\/it\/template-email-marketing\/\">puoi modificare uno dei nostri template gi\u00e0 pronti<\/a>. Emailchef mette a disposizione una galleria composta da oltre 1000 modelli gi\u00e0 ottimizzati e pronti all&#8217;uso preparati dai nostri designer.<\/p><p>E sono gi\u00e0 completi di contenuti, che potrai modificare e personalizzare in pochi clic \ud83d\ude0e.<\/p><p>Insomma, senza che sia necessaria nessuna esperienza in email design, potrai creare template professionali e perfettamente visualizzati su tutti i dispositivi e client di posta (come Outlook, Thunderbird o Mail ad esempio). E se desideri avere un&#8217;anteprima di come verr\u00e0 visualizzata la tua email su desktop, tablet e smartphone, potrai vederla in qualsiasi momento facendo clic sulle icone sopra il tuo template.<\/p>\t\t\t\t\t\t\t\t<\/div>\n\t\t\t\t<\/div>\n\t\t\t\t<section class=\"elementor-section elementor-inner-section elementor-element elementor-element-c72bcc6 elementor-section-boxed elementor-section-height-default elementor-section-height-default\" data-id=\"c72bcc6\" data-element_type=\"section\">\n\t\t\t\t\t\t<div class=\"elementor-container elementor-column-gap-default\">\n\t\t\t\t\t<div class=\"elementor-column elementor-col-100 elementor-inner-column elementor-element elementor-element-73e1666\" data-id=\"73e1666\" data-element_type=\"column\">\n\t\t\t<div class=\"elementor-widget-wrap elementor-element-populated\">\n\t\t\t\t\t\t<div class=\"elementor-element elementor-element-31bc910 elementor-widget elementor-widget-heading\" data-id=\"31bc910\" data-element_type=\"widget\" data-widget_type=\"heading.default\">\n\t\t\t\t<div class=\"elementor-widget-container\">\n\t\t\t\t\t<h3 class=\"elementor-heading-title elementor-size-default\">Hai inserito delle immagini e desideri modificarle?<\/h3>\t\t\t\t<\/div>\n\t\t\t\t<\/div>\n\t\t\t\t<div class=\"elementor-element elementor-element-136414a elementor-widget elementor-widget-text-editor\" data-id=\"136414a\" data-element_type=\"widget\" data-widget_type=\"text-editor.default\">\n\t\t\t\t<div class=\"elementor-widget-container\">\n\t\t\t\t\t\t\t\t\t<p>Usa il photo editor di Emailchef e non avrai bisogno di programmi esterni. Taglia le tue immagini, ridimensionale, aggiungi cornici, sticker, applica filtri e molto altro ancora.<\/p><p>Tutte le immagini caricate (cos\u00ec come i template realizzati) verranno salvati sullo spazio cloud in dotazione con il tuo abbonamento.<\/p>\t\t\t\t\t\t\t\t<\/div>\n\t\t\t\t<\/div>\n\t\t\t\t<div class=\"elementor-element elementor-element-6f8335b elementor-widget elementor-widget-image\" data-id=\"6f8335b\" data-element_type=\"widget\" data-widget_type=\"image.default\">\n\t\t\t\t<div class=\"elementor-widget-container\">\n\t\t\t\t\t\t\t\t\t\t\t\t\t\t\t\t<a href=\"https:\/\/emailchef.com\/wp-content\/uploads\/2023\/06\/photo_editor_emailchef.jpg\" data-elementor-open-lightbox=\"yes\" data-elementor-lightbox-title=\"Photo editor Emailchef\" data-e-action-hash=\"#elementor-action%3Aaction%3Dlightbox%26settings%3DeyJpZCI6NjcyODIsInVybCI6Imh0dHBzOlwvXC9lbWFpbGNoZWYuY29tXC93cC1jb250ZW50XC91cGxvYWRzXC8yMDIzXC8wNlwvcGhvdG9fZWRpdG9yX2VtYWlsY2hlZi5qcGcifQ%3D%3D\">\n\t\t\t\t\t\t\t<img decoding=\"async\" width=\"800\" height=\"379\" src=\"https:\/\/emailchef.com\/wp-content\/uploads\/2023\/06\/photo_editor_emailchef-1024x485.jpg\" class=\"attachment-large size-large wp-image-67282\" alt=\"Photo editor Emailchef\" srcset=\"https:\/\/emailchef.com\/wp-content\/uploads\/2023\/06\/photo_editor_emailchef-1024x485.jpg 1024w, https:\/\/emailchef.com\/wp-content\/uploads\/2023\/06\/photo_editor_emailchef-300x142.jpg 300w, https:\/\/emailchef.com\/wp-content\/uploads\/2023\/06\/photo_editor_emailchef-768x364.jpg 768w, https:\/\/emailchef.com\/wp-content\/uploads\/2023\/06\/photo_editor_emailchef.jpg 1200w\" sizes=\"(max-width: 800px) 100vw, 800px\" \/>\t\t\t\t\t\t\t\t<\/a>\n\t\t\t\t\t\t\t\t\t\t\t\t\t\t\t<\/div>\n\t\t\t\t<\/div>\n\t\t\t\t\t<\/div>\n\t\t<\/div>\n\t\t\t\t\t<\/div>\n\t\t<\/section>\n\t\t\t\t<div class=\"elementor-element elementor-element-d4ae6f8 elementor-widget elementor-widget-text-editor\" data-id=\"d4ae6f8\" data-element_type=\"widget\" data-widget_type=\"text-editor.default\">\n\t\t\t\t<div class=\"elementor-widget-container\">\n\t\t\t\t\t\t\t\t\tAlla ricerca di un tutorial che ti guidi passo dopo passo? Abbiamo quello che fa per te!\t\t\t\t\t\t\t\t<\/div>\n\t\t\t\t<\/div>\n\t\t\t\t<div class=\"elementor-element elementor-element-3ddd63c elementor-widget elementor-widget-html\" data-id=\"3ddd63c\" data-element_type=\"widget\" data-widget_type=\"html.default\">\n\t\t\t\t<div class=\"elementor-widget-container\">\n\t\t\t\t\t<div class=\"lyte-wrapper\" title=\"Come personalizzare un template predefinito con Emailchef\" style=\"width:640px;max-width:100%;margin:5px;\"><div class=\"lyMe\" id=\"WYL_j4VZDH8kfVs\"><div id=\"lyte_j4VZDH8kfVs\" data-src=\"https:\/\/emailchef.com\/wp-content\/plugins\/wp-youtube-lyte\/lyteCache.php?origThumbUrl=https%3A%2F%2Fi.ytimg.com%2Fvi%2Fj4VZDH8kfVs%2Fhqdefault.jpg\" class=\"pL\"><div class=\"tC\"><div class=\"tT\">Come personalizzare un template predefinito con Emailchef<\/div><\/div><div class=\"play\"><\/div><div class=\"ctrl\"><div class=\"Lctrl\"><\/div><div class=\"Rctrl\"><\/div><\/div><\/div><noscript><a href=\"https:\/\/youtu.be\/j4VZDH8kfVs\" rel=\"nofollow\"><img loading=\"lazy\" decoding=\"async\" src=\"https:\/\/emailchef.com\/wp-content\/plugins\/wp-youtube-lyte\/lyteCache.php?origThumbUrl=https%3A%2F%2Fi.ytimg.com%2Fvi%2Fj4VZDH8kfVs%2F0.jpg\" alt=\"Come personalizzare un template predefinito con Emailchef\" width=\"640\" height=\"340\" \/><br \/>Guarda questo video su YouTube<\/a><\/noscript><\/div><\/div><div class=\"lL\" style=\"max-width:100%;width:640px;margin:5px;\"><\/div>\n<div class=\"ec-video-button hide centered\">\n\t<a href=\"https:\/\/youtu.be\/j4VZDH8kfVs\" rel=\"prettyPhoto\" title=\"Riproduci Video\">Riproduci Video <i class=\"fa fa-play-circle fa-2x\"><\/i><\/a>\n<\/div>\t\t\t\t<\/div>\n\t\t\t\t<\/div>\n\t\t\t\t<div class=\"elementor-element elementor-element-903fdd9 elementor-widget elementor-widget-text-editor\" data-id=\"903fdd9\" data-element_type=\"widget\" data-widget_type=\"text-editor.default\">\n\t\t\t\t<div class=\"elementor-widget-container\">\n\t\t\t\t\t\t\t\t\tHai bisogno di assistenza? <a href=\"\/it\/supporto\/\" title=\"Contatta il supporto Emailchef\">Contattaci<\/a>!\nIl nostro servizio clienti \u00e8 a tua disposizione.\t\t\t\t\t\t\t\t<\/div>\n\t\t\t\t<\/div>\n\t\t\t\t\t<\/div>\n\t\t<\/div>\n\t\t\t\t\t<\/div>\n\t\t<\/section>\n\t\t\t\t<\/div>\n\t\t","protected":false},"excerpt":{"rendered":"<p>L&#8217;editor drag&amp;drop di Emailchef \u00e8 stato pensato per essere semplice, divertente e alla portata di tutti. Lo abbiamo creato con un obiettivo ben chiaro: adattarsi alle richieste sia degli esperti che dei principianti. Ed \u00e8 cos\u00ec che \u00e8 nato il nostro editor a blocchi. In questo modo potrai creare delle email su misura, professionali e [&hellip;]<\/p>\n","protected":false},"author":3,"featured_media":0,"parent":518,"menu_order":3,"comment_status":"closed","ping_status":"closed","template":"","meta":{"_acf_changed":false,"inline_featured_image":false,"footnotes":""},"g1_relation_tag":[],"class_list":["post-526","page","type-page","status-publish","hentry"],"acf":[],"yoast_head":"<!-- This site is optimized with the Yoast SEO plugin v24.8.1 - https:\/\/yoast.com\/wordpress\/plugins\/seo\/ -->\n<title>Un editor drag&amp;drop alla portata di esperti e principianti. - Emailchef<\/title>\n<meta name=\"description\" content=\"Hai sempre desiderato un template su misura per la tua campagna di email marketing, ma non sai nemmeno da che parte iniziare con l&#039;HTML? Prova Emailchef.\" \/>\n<meta name=\"robots\" content=\"index, follow, max-snippet:-1, max-image-preview:large, max-video-preview:-1\" \/>\n<link rel=\"canonical\" href=\"https:\/\/emailchef.com\/it\/caratteristiche\/template-creator-layout-bellissimi\/\" \/>\n<meta name=\"twitter:label1\" content=\"Tempo di lettura stimato\" \/>\n\t<meta name=\"twitter:data1\" content=\"3 minuti\" \/>\n<!-- \/ Yoast SEO plugin. -->","yoast_head_json":{"title":"Un editor drag&drop alla portata di esperti e principianti. - Emailchef","description":"Hai sempre desiderato un template su misura per la tua campagna di email marketing, ma non sai nemmeno da che parte iniziare con l'HTML? Prova Emailchef.","robots":{"index":"index","follow":"follow","max-snippet":"max-snippet:-1","max-image-preview":"max-image-preview:large","max-video-preview":"max-video-preview:-1"},"canonical":"https:\/\/emailchef.com\/it\/caratteristiche\/template-creator-layout-bellissimi\/","twitter_misc":{"Tempo di lettura stimato":"3 minuti"},"schema":{"@context":"https:\/\/schema.org","@graph":[{"@type":"WebPage","@id":"https:\/\/emailchef.com\/it\/caratteristiche\/template-creator-layout-bellissimi\/","url":"https:\/\/emailchef.com\/it\/caratteristiche\/template-creator-layout-bellissimi\/","name":"Un editor drag&drop alla portata di esperti e principianti. - Emailchef","isPartOf":{"@id":"https:\/\/emailchef.com\/it\/#website"},"primaryImageOfPage":{"@id":"https:\/\/emailchef.com\/it\/caratteristiche\/template-creator-layout-bellissimi\/#primaryimage"},"image":{"@id":"https:\/\/emailchef.com\/it\/caratteristiche\/template-creator-layout-bellissimi\/#primaryimage"},"thumbnailUrl":"https:\/\/emailchef.com\/wp-content\/uploads\/2023\/06\/editor_drag_e_drop_emailchef.png","datePublished":"2014-09-04T10:46:01+00:00","dateModified":"2024-05-28T13:27:36+00:00","description":"Hai sempre desiderato un template su misura per la tua campagna di email marketing, ma non sai nemmeno da che parte iniziare con l'HTML? Prova Emailchef.","breadcrumb":{"@id":"https:\/\/emailchef.com\/it\/caratteristiche\/template-creator-layout-bellissimi\/#breadcrumb"},"inLanguage":"it-IT","potentialAction":[{"@type":"ReadAction","target":["https:\/\/emailchef.com\/it\/caratteristiche\/template-creator-layout-bellissimi\/"]}]},{"@type":"ImageObject","inLanguage":"it-IT","@id":"https:\/\/emailchef.com\/it\/caratteristiche\/template-creator-layout-bellissimi\/#primaryimage","url":"https:\/\/emailchef.com\/wp-content\/uploads\/2023\/06\/editor_drag_e_drop_emailchef.png","contentUrl":"https:\/\/emailchef.com\/wp-content\/uploads\/2023\/06\/editor_drag_e_drop_emailchef.png"},{"@type":"BreadcrumbList","@id":"https:\/\/emailchef.com\/it\/caratteristiche\/template-creator-layout-bellissimi\/#breadcrumb","itemListElement":[{"@type":"ListItem","position":1,"name":"Home","item":"https:\/\/emailchef.com\/it\/home-test-2023\/"},{"@type":"ListItem","position":2,"name":"Scopri le funzioni di Emailchef","item":"https:\/\/emailchef.com\/it\/caratteristiche\/"},{"@type":"ListItem","position":3,"name":"Un editor drag&#038;drop alla portata di esperti e principianti."}]},{"@type":"WebSite","@id":"https:\/\/emailchef.com\/it\/#website","url":"https:\/\/emailchef.com\/it\/","name":"Emailchef","description":"Gustose ricette di email marketing","publisher":{"@id":"https:\/\/emailchef.com\/it\/#organization"},"potentialAction":[{"@type":"SearchAction","target":{"@type":"EntryPoint","urlTemplate":"https:\/\/emailchef.com\/it\/?s={search_term_string}"},"query-input":{"@type":"PropertyValueSpecification","valueRequired":true,"valueName":"search_term_string"}}],"inLanguage":"it-IT"},{"@type":"Organization","@id":"https:\/\/emailchef.com\/it\/#organization","name":"Delivery Tech Corp.","url":"https:\/\/emailchef.com\/it\/","logo":{"@type":"ImageObject","inLanguage":"it-IT","@id":"https:\/\/emailchef.com\/it\/#\/schema\/logo\/image\/","url":"https:\/\/emailchef.com\/wp-content\/uploads\/2022\/04\/logo-sama.png","contentUrl":"https:\/\/emailchef.com\/wp-content\/uploads\/2022\/04\/logo-sama.png","width":237,"height":80,"caption":"Delivery Tech Corp."},"image":{"@id":"https:\/\/emailchef.com\/it\/#\/schema\/logo\/image\/"}}]}},"_links":{"self":[{"href":"https:\/\/emailchef.com\/it\/wp-json\/wp\/v2\/pages\/526"}],"collection":[{"href":"https:\/\/emailchef.com\/it\/wp-json\/wp\/v2\/pages"}],"about":[{"href":"https:\/\/emailchef.com\/it\/wp-json\/wp\/v2\/types\/page"}],"author":[{"embeddable":true,"href":"https:\/\/emailchef.com\/it\/wp-json\/wp\/v2\/users\/3"}],"replies":[{"embeddable":true,"href":"https:\/\/emailchef.com\/it\/wp-json\/wp\/v2\/comments?post=526"}],"version-history":[{"count":51,"href":"https:\/\/emailchef.com\/it\/wp-json\/wp\/v2\/pages\/526\/revisions"}],"predecessor-version":[{"id":73622,"href":"https:\/\/emailchef.com\/it\/wp-json\/wp\/v2\/pages\/526\/revisions\/73622"}],"up":[{"embeddable":true,"href":"https:\/\/emailchef.com\/it\/wp-json\/wp\/v2\/pages\/518"}],"wp:attachment":[{"href":"https:\/\/emailchef.com\/it\/wp-json\/wp\/v2\/media?parent=526"}],"wp:term":[{"taxonomy":"g1_relation_tag","embeddable":true,"href":"https:\/\/emailchef.com\/it\/wp-json\/wp\/v2\/g1_relation_tag?post=526"}],"curies":[{"name":"wp","href":"https:\/\/api.w.org\/{rel}","templated":true}]}}