{"id":523,"date":"2014-09-04T10:10:54","date_gmt":"2014-09-04T10:10:54","guid":{"rendered":"http:\/\/emailchef.com\/?page_id=523"},"modified":"2026-03-31T14:18:10","modified_gmt":"2026-03-31T14:18:10","slug":"progetta-e-invia-la-tua-campagna","status":"publish","type":"page","link":"https:\/\/emailchef.com\/it\/progetta-e-invia-la-tua-campagna\/","title":{"rendered":"Progetta la tua campagna partendo da zero"},"content":{"rendered":"\t\t<div data-elementor-type=\"wp-page\" data-elementor-id=\"523\" class=\"elementor elementor-523\" data-elementor-post-type=\"page\">\n\t\t\t\t\t\t<section class=\"elementor-section elementor-top-section elementor-element elementor-element-54c20f8 elementor-section-boxed elementor-section-height-default elementor-section-height-default\" data-id=\"54c20f8\" data-element_type=\"section\">\n\t\t\t\t\t\t<div class=\"elementor-container elementor-column-gap-default\">\n\t\t\t\t\t<div class=\"elementor-column elementor-col-100 elementor-top-column elementor-element elementor-element-c91a458\" data-id=\"c91a458\" data-element_type=\"column\">\n\t\t\t<div class=\"elementor-widget-wrap elementor-element-populated\">\n\t\t\t\t\t\t<div class=\"elementor-element elementor-element-e45ea8c elementor-widget elementor-widget-image\" data-id=\"e45ea8c\" data-element_type=\"widget\" data-widget_type=\"image.default\">\n\t\t\t\t<div class=\"elementor-widget-container\">\n\t\t\t\t\t\t\t\t\t\t\t\t\t\t\t<img fetchpriority=\"high\" decoding=\"async\" width=\"744\" height=\"600\" src=\"https:\/\/emailchef.com\/wp-content\/uploads\/2023\/06\/progetta_la_tua_campagna_di_email_marketing_partendo_da_zero.png\" class=\"attachment-full size-full wp-image-67649\" alt=\"Progetta la tua campagna di email marketing partendo da zero\" srcset=\"https:\/\/emailchef.com\/wp-content\/uploads\/2023\/06\/progetta_la_tua_campagna_di_email_marketing_partendo_da_zero.png 744w, https:\/\/emailchef.com\/wp-content\/uploads\/2023\/06\/progetta_la_tua_campagna_di_email_marketing_partendo_da_zero-300x242.png 300w\" sizes=\"(max-width: 744px) 100vw, 744px\" \/>\t\t\t\t\t\t\t\t\t\t\t\t\t\t\t<\/div>\n\t\t\t\t<\/div>\n\t\t\t\t\t<\/div>\n\t\t<\/div>\n\t\t\t\t\t<\/div>\n\t\t<\/section>\n\t\t\t\t<section class=\"elementor-section elementor-top-section elementor-element elementor-element-f099279 elementor-section-boxed elementor-section-height-default elementor-section-height-default\" data-id=\"f099279\" data-element_type=\"section\">\n\t\t\t\t\t\t<div class=\"elementor-container elementor-column-gap-default\">\n\t\t\t\t\t<div class=\"elementor-column elementor-col-100 elementor-top-column elementor-element elementor-element-2e0fe0a\" data-id=\"2e0fe0a\" data-element_type=\"column\">\n\t\t\t<div class=\"elementor-widget-wrap elementor-element-populated\">\n\t\t\t\t\t\t<div class=\"elementor-element elementor-element-859b044 elementor-widget elementor-widget-heading\" data-id=\"859b044\" data-element_type=\"widget\" data-widget_type=\"heading.default\">\n\t\t\t\t<div class=\"elementor-widget-container\">\n\t\t\t\t\t<h2 class=\"elementor-heading-title elementor-size-default\">Preparare e inviare una campagna con Emailchef \u00e8 semplice e divertente. Ma da dove iniziare? Ecco i 3 elementi da non perdere di vista.<\/h2>\t\t\t\t<\/div>\n\t\t\t\t<\/div>\n\t\t\t\t<div class=\"elementor-element elementor-element-91c506a elementor-widget elementor-widget-text-editor\" data-id=\"91c506a\" data-element_type=\"widget\" data-widget_type=\"text-editor.default\">\n\t\t\t\t<div class=\"elementor-widget-container\">\n\t\t\t\t\t\t\t\t\t<p>Creazione del template, preparazione della riga dell\u2019oggetto e invio: sono queste le tre fasi fondamentali di una campagna di email marketing.<\/p><p>Eppure, senza gli strumenti giusti, in molti non sanno da dove iniziare \ud83d\ude05.<\/p><p>Questo articolo nasce proprio con l\u2019obiettivo di guidarti nella creazione della tua prima campagna di email marketing passo dopo passo.<br \/>Preparati: iniziamo!<\/p>\t\t\t\t\t\t\t\t<\/div>\n\t\t\t\t<\/div>\n\t\t\t\t<div class=\"elementor-element elementor-element-380c774 elementor-widget elementor-widget-heading\" data-id=\"380c774\" data-element_type=\"widget\" data-widget_type=\"heading.default\">\n\t\t\t\t<div class=\"elementor-widget-container\">\n\t\t\t\t\t<h2 class=\"elementor-heading-title elementor-size-default\">1. Come creare il template della tua email (anche se sei alle prime armi).<\/h2>\t\t\t\t<\/div>\n\t\t\t\t<\/div>\n\t\t\t\t<div class=\"elementor-element elementor-element-9a33aee elementor-widget elementor-widget-text-editor\" data-id=\"9a33aee\" data-element_type=\"widget\" data-widget_type=\"text-editor.default\">\n\t\t\t\t<div class=\"elementor-widget-container\">\n\t\t\t\t\t\t\t\t\t<p>Creare una campagna di email marketing con Emailchef \u00e8 davvero semplice. Le strade a tua disposizione sono due:<\/p>\t\t\t\t\t\t\t\t<\/div>\n\t\t\t\t<\/div>\n\t\t\t\t<div class=\"elementor-element elementor-element-57eb0c7 elementor-list-item-link-inline elementor-icon-list--layout-traditional elementor-widget elementor-widget-icon-list\" data-id=\"57eb0c7\" data-element_type=\"widget\" data-widget_type=\"icon-list.default\">\n\t\t\t\t<div class=\"elementor-widget-container\">\n\t\t\t\t\t\t\t<ul class=\"elementor-icon-list-items\">\n\t\t\t\t\t\t\t<li class=\"elementor-icon-list-item\">\n\t\t\t\t\t\t\t\t\t\t\t<span class=\"elementor-icon-list-icon\">\n\t\t\t\t\t\t\t<i aria-hidden=\"true\" class=\"fas fa-angle-right\"><\/i>\t\t\t\t\t\t<\/span>\n\t\t\t\t\t\t\t\t\t\t<span class=\"elementor-icon-list-text\">potrai comporre il tuo modello da zero (dando sfogo alla tua creativit\u00e0) utilizzando il nostro editor drag&drop;<\/span>\n\t\t\t\t\t\t\t\t\t<\/li>\n\t\t\t\t\t\t\t\t<li class=\"elementor-icon-list-item\">\n\t\t\t\t\t\t\t\t\t\t\t<span class=\"elementor-icon-list-icon\">\n\t\t\t\t\t\t\t<i aria-hidden=\"true\" class=\"fas fa-angle-right\"><\/i>\t\t\t\t\t\t<\/span>\n\t\t\t\t\t\t\t\t\t\t<span class=\"elementor-icon-list-text\">potrai scegliere di personalizzare uno dei nostri modelli gi\u00e0 pronti dalla nostra Galleria Template (ne abbiamo oltre 1000, divisi per lingua e categoria).<\/span>\n\t\t\t\t\t\t\t\t\t<\/li>\n\t\t\t\t\t\t<\/ul>\n\t\t\t\t\t\t<\/div>\n\t\t\t\t<\/div>\n\t\t\t\t<div class=\"elementor-element elementor-element-4466b63 elementor-widget elementor-widget-text-editor\" data-id=\"4466b63\" data-element_type=\"widget\" data-widget_type=\"text-editor.default\">\n\t\t\t\t<div class=\"elementor-widget-container\">\n\t\t\t\t\t\t\t\t\t<p>Per guidarti passo dopo passo nella creazione del tuo template, abbiamo creato questo video tutorial (breve, ma con tutto ci\u00f2 che serve per crearne uno che spacca \ud83d\ude80).<\/p>\t\t\t\t\t\t\t\t<\/div>\n\t\t\t\t<\/div>\n\t\t\t\t<div class=\"elementor-element elementor-element-74032d0 elementor-widget elementor-widget-html\" data-id=\"74032d0\" data-element_type=\"widget\" data-widget_type=\"html.default\">\n\t\t\t\t<div class=\"elementor-widget-container\">\n\t\t\t\t\t<div class=\"lyte-wrapper\" title=\"Come creare, preparare e inviare un&amp;#039;email con Emailchef\" style=\"width:640px;max-width:100%;margin:5px;\"><div class=\"lyMe\" id=\"WYL_cecebcxhss8\"><div id=\"lyte_cecebcxhss8\" data-src=\"https:\/\/emailchef.com\/wp-content\/plugins\/wp-youtube-lyte\/lyteCache.php?origThumbUrl=https%3A%2F%2Fi.ytimg.com%2Fvi%2Fcecebcxhss8%2Fhqdefault.jpg\" class=\"pL\"><div class=\"tC\"><div class=\"tT\">Come creare, preparare e inviare un&#039;email con Emailchef<\/div><\/div><div class=\"play\"><\/div><div class=\"ctrl\"><div class=\"Lctrl\"><\/div><div class=\"Rctrl\"><\/div><\/div><\/div><noscript><a href=\"https:\/\/youtu.be\/cecebcxhss8\" rel=\"nofollow\"><img decoding=\"async\" src=\"https:\/\/emailchef.com\/wp-content\/plugins\/wp-youtube-lyte\/lyteCache.php?origThumbUrl=https%3A%2F%2Fi.ytimg.com%2Fvi%2Fcecebcxhss8%2F0.jpg\" alt=\"Come creare, preparare e inviare un&amp;#039;email con Emailchef\" width=\"640\" height=\"340\" \/><br \/>Guarda questo video su YouTube<\/a><\/noscript><\/div><\/div><div class=\"lL\" style=\"max-width:100%;width:640px;margin:5px;\"><\/div>\n<div class=\"ec-video-button hide centered\">\n\t<a href=\"https:\/\/youtu.be\/cecebcxhss8\" rel=\"prettyPhoto\" title=\"Riproduci Video\">Riproduci Video <i class=\"fa fa-play-circle fa-2x\"><\/i><\/a>\n<\/div>\t\t\t\t<\/div>\n\t\t\t\t<\/div>\n\t\t\t\t<section class=\"elementor-section elementor-inner-section elementor-element elementor-element-e72a17c elementor-section-boxed elementor-section-height-default elementor-section-height-default\" data-id=\"e72a17c\" data-element_type=\"section\">\n\t\t\t\t\t\t<div class=\"elementor-container elementor-column-gap-default\">\n\t\t\t\t\t<div class=\"elementor-column elementor-col-100 elementor-inner-column elementor-element elementor-element-262ba21\" data-id=\"262ba21\" data-element_type=\"column\">\n\t\t\t<div class=\"elementor-widget-wrap elementor-element-populated\">\n\t\t\t\t\t\t<div class=\"elementor-element elementor-element-7de8533 elementor-widget elementor-widget-text-editor\" data-id=\"7de8533\" data-element_type=\"widget\" data-widget_type=\"text-editor.default\">\n\t\t\t\t<div class=\"elementor-widget-container\">\n\t\t\t\t\t\t\t\t\t<p>Vuoi personalizzare uno dei nostri modelli gi\u00e0 pronti e testare l\u2019editor prima di decidere se sottoscrivere un piano Emailchef? Dai un\u2019occhiata all\u2019anteprima del nostro editor a blocchi \ud83d\ude0f<\/p>\t\t\t\t\t\t\t\t<\/div>\n\t\t\t\t<\/div>\n\t\t\t\t<div class=\"elementor-element elementor-element-f0ef190 elementor-align-center elementor-mobile-align-center elementor-widget elementor-widget-button\" data-id=\"f0ef190\" data-element_type=\"widget\" data-widget_type=\"button.default\">\n\t\t\t\t<div class=\"elementor-widget-container\">\n\t\t\t\t\t\t\t\t\t<div class=\"elementor-button-wrapper\">\n\t\t\t\t\t<a class=\"elementor-button elementor-button-link elementor-size-md elementor-animation-shrink\" href=\"https:\/\/emailchef.com\/it\/template-email-marketing\/\" title=\"Prova gratis l&#039;editor di template di Emailchef\">\n\t\t\t\t\t\t<span class=\"elementor-button-content-wrapper\">\n\t\t\t\t\t\t<span class=\"elementor-button-icon\">\n\t\t\t\t<i aria-hidden=\"true\" class=\"fas fa-angle-right\"><\/i>\t\t\t<\/span>\n\t\t\t\t\t\t\t\t\t<span class=\"elementor-button-text\"><span style=\"color:#1c2150ff\">PROVA GRATIS L'EDITOR<\/span><\/span>\n\t\t\t\t\t<\/span>\n\t\t\t\t\t<\/a>\n\t\t\t\t<\/div>\n\t\t\t\t\t\t\t\t<\/div>\n\t\t\t\t<\/div>\n\t\t\t\t\t<\/div>\n\t\t<\/div>\n\t\t\t\t\t<\/div>\n\t\t<\/section>\n\t\t\t\t<div class=\"elementor-element elementor-element-c0ba03e elementor-widget elementor-widget-heading\" data-id=\"c0ba03e\" data-element_type=\"widget\" data-widget_type=\"heading.default\">\n\t\t\t\t<div class=\"elementor-widget-container\">\n\t\t\t\t\t<h2 class=\"elementor-heading-title elementor-size-default\">2. Prepara un oggetto accattivante (e non dimenticare il preheader).<\/h2>\t\t\t\t<\/div>\n\t\t\t\t<\/div>\n\t\t\t\t<div class=\"elementor-element elementor-element-6bea8db elementor-widget elementor-widget-text-editor\" data-id=\"6bea8db\" data-element_type=\"widget\" data-widget_type=\"text-editor.default\">\n\t\t\t\t<div class=\"elementor-widget-container\">\n\t\t\t\t\t\t\t\t\t<p>Una volta personalizzato il tuo template, dovrai scegliere l\u2019oggetto perfetto per migliorare i tuoi tassi di apertura. Un oggetto accattivante e che spinga gli iscritti ad aprire l\u2019email \u00e8 solo il primo passo per spingerli verso la conversione.<\/p>\t\t\t\t\t\t\t\t<\/div>\n\t\t\t\t<\/div>\n\t\t\t\t<div class=\"elementor-element elementor-element-594b461 elementor-widget elementor-widget-text-editor\" data-id=\"594b461\" data-element_type=\"widget\" data-widget_type=\"text-editor.default\">\n\t\t\t\t<div class=\"elementor-widget-container\">\n\t\t\t\t\t\t\t\t\tLeggi l\u2019articolo <a href=\"https:\/\/emailchef.com\/it\/blog-emailchef-academy\/come-scrivere-un-oggetto-che-funziona-nel-email-marketing\/\" title=\"Come scrivere un oggetto che funziona nell'email marketing\"><em>Come scrivere un oggetto che funziona nell\u2019email marketing<\/em><\/a>\t\t\t\t\t\t\t\t<\/div>\n\t\t\t\t<\/div>\n\t\t\t\t<div class=\"elementor-element elementor-element-77a6572 elementor-widget elementor-widget-text-editor\" data-id=\"77a6572\" data-element_type=\"widget\" data-widget_type=\"text-editor.default\">\n\t\t\t\t<div class=\"elementor-widget-container\">\n\t\t\t\t\t\t\t\t\t<p>Ricordati che l\u2019oggetto perfetto non dovrebbe mai superare i 65 caratteri.<\/p><p>Il motivo?<\/p><p>Superando la quantit\u00e0 di caratteri consigliata, il tuo oggetto verrebbe tagliato e i lettori vedrebbero solo una frase a met\u00e0 \ud83d\ude05.<\/p><p>Non credo che il tuo obiettivo sia comparire nell\u2019inbox dei destinatari con una frase del tipo:<\/p>\t\t\t\t\t\t\t\t<\/div>\n\t\t\t\t<\/div>\n\t\t\t\t<div class=\"elementor-element elementor-element-967820f elementor-widget elementor-widget-text-editor\" data-id=\"967820f\" data-element_type=\"widget\" data-widget_type=\"text-editor.default\">\n\t\t\t\t<div class=\"elementor-widget-container\">\n\t\t\t\t\t\t\t\t\t<p><em>Claudia, i saldi sono iniziati! Scopri tutte le grandi marche in [&#8230;]<\/em><\/p>\t\t\t\t\t\t\t\t<\/div>\n\t\t\t\t<\/div>\n\t\t\t\t<div class=\"elementor-element elementor-element-7f29066 elementor-widget elementor-widget-text-editor\" data-id=\"7f29066\" data-element_type=\"widget\" data-widget_type=\"text-editor.default\">\n\t\t\t\t<div class=\"elementor-widget-container\">\n\t\t\t\t\t\t\t\t\t<p>Un altro fattore da non dimenticare?<\/p><p>Il preheader. Si tratta di una riga di testo che serve a completare il contenuto dell\u2019oggetto: non lasciarti sfuggire l\u2019opportunit\u00e0 di spingere gli iscritti verso la conversione.<\/p>\t\t\t\t\t\t\t\t<\/div>\n\t\t\t\t<\/div>\n\t\t\t\t<div class=\"elementor-element elementor-element-5c825ed elementor-widget elementor-widget-text-editor\" data-id=\"5c825ed\" data-element_type=\"widget\" data-widget_type=\"text-editor.default\">\n\t\t\t\t<div class=\"elementor-widget-container\">\n\t\t\t\t\t\t\t\t\t<p><a title=\"Il preheader cos'\u00e8 e come scriverlo\" href=\"https:\/\/emailchef.com\/it\/blog-emailchef-academy\/il-preheader-che-cose-e-come-scriverlo\/\">Scopri come preparare il preheader perfetto<\/a>.<\/p>\t\t\t\t\t\t\t\t<\/div>\n\t\t\t\t<\/div>\n\t\t\t\t<div class=\"elementor-element elementor-element-0b3503d elementor-widget elementor-widget-text-editor\" data-id=\"0b3503d\" data-element_type=\"widget\" data-widget_type=\"text-editor.default\">\n\t\t\t\t<div class=\"elementor-widget-container\">\n\t\t\t\t\t\t\t\t\t<p>Per tenere sempre sotto controllo i caratteri della tua riga dell\u2019oggetto e del preheader, abbiamo inserito un contacaratteri che ti aiuter\u00e0 a conoscere sempre la loro lunghezza (evitandoti di inviare contenuti visualizzati solo a met\u00e0).<\/p><p>Inoltre, potrai vedere un\u2019anteprima del tuo messaggio sia su desktop che da mobile, in modo da visualizzare come apparir\u00e0 la tua email nell\u2019inbox dei destinatari.<\/p>\t\t\t\t\t\t\t\t<\/div>\n\t\t\t\t<\/div>\n\t\t\t\t<div class=\"elementor-element elementor-element-93b1af4 elementor-widget elementor-widget-image\" data-id=\"93b1af4\" data-element_type=\"widget\" data-widget_type=\"image.default\">\n\t\t\t\t<div class=\"elementor-widget-container\">\n\t\t\t\t\t\t\t\t\t\t\t\t\t\t\t\t<a href=\"https:\/\/emailchef.com\/wp-content\/uploads\/2023\/06\/prepara_un_oggetto_accattivante_per_la_tua_email.jpg\" data-elementor-open-lightbox=\"yes\" data-elementor-lightbox-title=\"Prepara un oggetto accattivante per la tua email\" data-e-action-hash=\"#elementor-action%3Aaction%3Dlightbox%26settings%3DeyJpZCI6Njc2NTgsInVybCI6Imh0dHBzOlwvXC9lbWFpbGNoZWYuY29tXC93cC1jb250ZW50XC91cGxvYWRzXC8yMDIzXC8wNlwvcHJlcGFyYV91bl9vZ2dldHRvX2FjY2F0dGl2YW50ZV9wZXJfbGFfdHVhX2VtYWlsLmpwZyJ9\">\n\t\t\t\t\t\t\t<img decoding=\"async\" width=\"800\" height=\"331\" src=\"https:\/\/emailchef.com\/wp-content\/uploads\/2023\/06\/prepara_un_oggetto_accattivante_per_la_tua_email.jpg\" class=\"attachment-large size-large wp-image-67658\" alt=\"Prepara un oggetto accattivante per la tua email\" srcset=\"https:\/\/emailchef.com\/wp-content\/uploads\/2023\/06\/prepara_un_oggetto_accattivante_per_la_tua_email.jpg 950w, https:\/\/emailchef.com\/wp-content\/uploads\/2023\/06\/prepara_un_oggetto_accattivante_per_la_tua_email-300x124.jpg 300w, https:\/\/emailchef.com\/wp-content\/uploads\/2023\/06\/prepara_un_oggetto_accattivante_per_la_tua_email-768x318.jpg 768w\" sizes=\"(max-width: 800px) 100vw, 800px\" \/>\t\t\t\t\t\t\t\t<\/a>\n\t\t\t\t\t\t\t\t\t\t\t\t\t\t\t<\/div>\n\t\t\t\t<\/div>\n\t\t\t\t<div class=\"elementor-element elementor-element-21f8781 elementor-widget elementor-widget-heading\" data-id=\"21f8781\" data-element_type=\"widget\" data-widget_type=\"heading.default\">\n\t\t\t\t<div class=\"elementor-widget-container\">\n\t\t\t\t\t<h2 class=\"elementor-heading-title elementor-size-default\">3. Decidi a chi inviare (e quando farlo).<\/h2>\t\t\t\t<\/div>\n\t\t\t\t<\/div>\n\t\t\t\t<div class=\"elementor-element elementor-element-651f496 elementor-widget elementor-widget-text-editor\" data-id=\"651f496\" data-element_type=\"widget\" data-widget_type=\"text-editor.default\">\n\t\t\t\t<div class=\"elementor-widget-container\">\n\t\t\t\t\t\t\t\t\t<p>Una volta inseriti la riga dell\u2019oggetto e il preheader non dovrai fare altro che scegliere la lista, o il segmento, a cui inviare il messaggio.<\/p>\t\t\t\t\t\t\t\t<\/div>\n\t\t\t\t<\/div>\n\t\t\t\t<div class=\"elementor-element elementor-element-b4f08b2 elementor-widget elementor-widget-text-editor\" data-id=\"b4f08b2\" data-element_type=\"widget\" data-widget_type=\"text-editor.default\">\n\t\t\t\t<div class=\"elementor-widget-container\">\n\t\t\t\t\t\t\t\t\t<p><strong>Vuoi saperne di pi\u00f9 sulla gestione dei contatti su Emailchef?<\/strong><\/p><p><a title=\"Gestione dei contatti semplificata\" href=\"https:\/\/emailchef.com\/it\/caratteristiche\/gestione-dei-contatti-semplificata\/\">Leggi i 3 passaggi fondamentali per una mailing list sempre aggiornata<\/a><br \/>(e capace di convertire i lead interessati a ci\u00f2 che offri in clienti \ud83d\udd25)<\/p>\t\t\t\t\t\t\t\t<\/div>\n\t\t\t\t<\/div>\n\t\t\t\t<div class=\"elementor-element elementor-element-585c76a elementor-widget elementor-widget-text-editor\" data-id=\"585c76a\" data-element_type=\"widget\" data-widget_type=\"text-editor.default\">\n\t\t\t\t<div class=\"elementor-widget-container\">\n\t\t\t\t\t\t\t\t\t<p>L\u2019invio della tua campagna potr\u00e0 avvenire subito, oppure potrai programmarlo per un secondo momento.<\/p><p>Tutte le tue email che hai preparato possono essere inviate come test all\u2019indirizzo email che desideri, cos\u00ec da fare una prova e verificare che tutto funzioni correttamente.<\/p><p>Inoltre, avrai a disposizione uno spam test, uno strumento che determina il punteggio di spam del tuo messaggio e ti segnala gli aspetti pi\u00f9 problematici in modo da poterli correggere (ed evitare che il tuo messaggio finisca dritto nello spam).<\/p>\t\t\t\t\t\t\t\t<\/div>\n\t\t\t\t<\/div>\n\t\t\t\t<div class=\"elementor-element elementor-element-77c7b3d elementor-widget elementor-widget-image\" data-id=\"77c7b3d\" data-element_type=\"widget\" data-widget_type=\"image.default\">\n\t\t\t\t<div class=\"elementor-widget-container\">\n\t\t\t\t\t\t\t\t\t\t\t\t\t\t\t\t<a href=\"https:\/\/emailchef.com\/wp-content\/uploads\/2023\/06\/Ultimo-controllo-prima-di-inviare-una-newsletter.jpg\" data-elementor-open-lightbox=\"yes\" data-elementor-lightbox-title=\"Ultimo controllo prima di inviare una newsletter\" data-e-action-hash=\"#elementor-action%3Aaction%3Dlightbox%26settings%3DeyJpZCI6Njc2NjcsInVybCI6Imh0dHBzOlwvXC9lbWFpbGNoZWYuY29tXC93cC1jb250ZW50XC91cGxvYWRzXC8yMDIzXC8wNlwvVWx0aW1vLWNvbnRyb2xsby1wcmltYS1kaS1pbnZpYXJlLXVuYS1uZXdzbGV0dGVyLmpwZyJ9\">\n\t\t\t\t\t\t\t<img loading=\"lazy\" decoding=\"async\" width=\"800\" height=\"181\" src=\"https:\/\/emailchef.com\/wp-content\/uploads\/2023\/06\/Ultimo-controllo-prima-di-inviare-una-newsletter-1024x232.jpg\" class=\"attachment-large size-large wp-image-67667\" alt=\"Ultimo controllo prima di inviare una newsletter\" srcset=\"https:\/\/emailchef.com\/wp-content\/uploads\/2023\/06\/Ultimo-controllo-prima-di-inviare-una-newsletter-1024x232.jpg 1024w, https:\/\/emailchef.com\/wp-content\/uploads\/2023\/06\/Ultimo-controllo-prima-di-inviare-una-newsletter-300x68.jpg 300w, https:\/\/emailchef.com\/wp-content\/uploads\/2023\/06\/Ultimo-controllo-prima-di-inviare-una-newsletter-768x174.jpg 768w, https:\/\/emailchef.com\/wp-content\/uploads\/2023\/06\/Ultimo-controllo-prima-di-inviare-una-newsletter.jpg 1167w\" sizes=\"(max-width: 800px) 100vw, 800px\" \/>\t\t\t\t\t\t\t\t<\/a>\n\t\t\t\t\t\t\t\t\t\t\t\t\t\t\t<\/div>\n\t\t\t\t<\/div>\n\t\t\t\t\t<\/div>\n\t\t<\/div>\n\t\t\t\t\t<\/div>\n\t\t<\/section>\n\t\t\t\t<\/div>\n\t\t","protected":false},"excerpt":{"rendered":"<p>Preparare e inviare un campagna con Emailchef \u00e8 semplice e divertente. Ma da dove iniziare? Ecco i 3 elementi da non perdere di vista.<\/p>\n","protected":false},"author":3,"featured_media":0,"parent":0,"menu_order":2,"comment_status":"closed","ping_status":"closed","template":"","meta":{"_acf_changed":false,"inline_featured_image":false,"footnotes":""},"g1_relation_tag":[60],"class_list":["post-523","page","type-page","status-publish","hentry","g1_relation_tag-come-creare-newsletter"],"acf":[],"yoast_head":"<!-- This site is optimized with the Yoast SEO plugin v24.8.1 - https:\/\/yoast.com\/wordpress\/plugins\/seo\/ -->\n<title>Progetta la tua campagna partendo da zero - Emailchef<\/title>\n<meta name=\"description\" content=\"Creare, personalizzare e inviare una newsletter pu\u00f2 essere un gioco da ragazzi . Scopri perch\u00e9 Emailchef \u00e8 lo strumento che fa per te.\" \/>\n<meta name=\"robots\" content=\"index, follow, max-snippet:-1, max-image-preview:large, max-video-preview:-1\" \/>\n<link rel=\"canonical\" href=\"https:\/\/emailchef.com\/it\/progetta-e-invia-la-tua-campagna\/\" \/>\n<meta name=\"twitter:label1\" content=\"Tempo di lettura stimato\" \/>\n\t<meta name=\"twitter:data1\" content=\"4 minuti\" \/>\n<!-- \/ Yoast SEO plugin. -->","yoast_head_json":{"title":"Progetta la tua campagna partendo da zero - Emailchef","description":"Creare, personalizzare e inviare una newsletter pu\u00f2 essere un gioco da ragazzi . Scopri perch\u00e9 Emailchef \u00e8 lo strumento che fa per te.","robots":{"index":"index","follow":"follow","max-snippet":"max-snippet:-1","max-image-preview":"max-image-preview:large","max-video-preview":"max-video-preview:-1"},"canonical":"https:\/\/emailchef.com\/it\/progetta-e-invia-la-tua-campagna\/","twitter_misc":{"Tempo di lettura stimato":"4 minuti"},"schema":{"@context":"https:\/\/schema.org","@graph":[{"@type":"WebPage","@id":"https:\/\/emailchef.com\/it\/progetta-e-invia-la-tua-campagna\/","url":"https:\/\/emailchef.com\/it\/progetta-e-invia-la-tua-campagna\/","name":"Progetta la tua campagna partendo da zero - Emailchef","isPartOf":{"@id":"https:\/\/emailchef.com\/it\/#website"},"primaryImageOfPage":{"@id":"https:\/\/emailchef.com\/it\/progetta-e-invia-la-tua-campagna\/#primaryimage"},"image":{"@id":"https:\/\/emailchef.com\/it\/progetta-e-invia-la-tua-campagna\/#primaryimage"},"thumbnailUrl":"https:\/\/emailchef.com\/wp-content\/uploads\/2023\/06\/progetta_la_tua_campagna_di_email_marketing_partendo_da_zero.png","datePublished":"2014-09-04T10:10:54+00:00","dateModified":"2026-03-31T14:18:10+00:00","description":"Creare, personalizzare e inviare una newsletter pu\u00f2 essere un gioco da ragazzi . Scopri perch\u00e9 Emailchef \u00e8 lo strumento che fa per te.","breadcrumb":{"@id":"https:\/\/emailchef.com\/it\/progetta-e-invia-la-tua-campagna\/#breadcrumb"},"inLanguage":"it-IT","potentialAction":[{"@type":"ReadAction","target":["https:\/\/emailchef.com\/it\/progetta-e-invia-la-tua-campagna\/"]}]},{"@type":"ImageObject","inLanguage":"it-IT","@id":"https:\/\/emailchef.com\/it\/progetta-e-invia-la-tua-campagna\/#primaryimage","url":"https:\/\/emailchef.com\/wp-content\/uploads\/2023\/06\/progetta_la_tua_campagna_di_email_marketing_partendo_da_zero.png","contentUrl":"https:\/\/emailchef.com\/wp-content\/uploads\/2023\/06\/progetta_la_tua_campagna_di_email_marketing_partendo_da_zero.png"},{"@type":"BreadcrumbList","@id":"https:\/\/emailchef.com\/it\/progetta-e-invia-la-tua-campagna\/#breadcrumb","itemListElement":[{"@type":"ListItem","position":1,"name":"Home","item":"https:\/\/emailchef.com\/it\/home-test-2023\/"},{"@type":"ListItem","position":2,"name":"Progetta la tua campagna partendo da zero"}]},{"@type":"WebSite","@id":"https:\/\/emailchef.com\/it\/#website","url":"https:\/\/emailchef.com\/it\/","name":"Emailchef","description":"Gustose ricette di email marketing","publisher":{"@id":"https:\/\/emailchef.com\/it\/#organization"},"potentialAction":[{"@type":"SearchAction","target":{"@type":"EntryPoint","urlTemplate":"https:\/\/emailchef.com\/it\/?s={search_term_string}"},"query-input":{"@type":"PropertyValueSpecification","valueRequired":true,"valueName":"search_term_string"}}],"inLanguage":"it-IT"},{"@type":"Organization","@id":"https:\/\/emailchef.com\/it\/#organization","name":"Delivery Tech Corp.","url":"https:\/\/emailchef.com\/it\/","logo":{"@type":"ImageObject","inLanguage":"it-IT","@id":"https:\/\/emailchef.com\/it\/#\/schema\/logo\/image\/","url":"https:\/\/emailchef.com\/wp-content\/uploads\/2022\/04\/logo-sama.png","contentUrl":"https:\/\/emailchef.com\/wp-content\/uploads\/2022\/04\/logo-sama.png","width":237,"height":80,"caption":"Delivery Tech Corp."},"image":{"@id":"https:\/\/emailchef.com\/it\/#\/schema\/logo\/image\/"}}]}},"_links":{"self":[{"href":"https:\/\/emailchef.com\/it\/wp-json\/wp\/v2\/pages\/523"}],"collection":[{"href":"https:\/\/emailchef.com\/it\/wp-json\/wp\/v2\/pages"}],"about":[{"href":"https:\/\/emailchef.com\/it\/wp-json\/wp\/v2\/types\/page"}],"author":[{"embeddable":true,"href":"https:\/\/emailchef.com\/it\/wp-json\/wp\/v2\/users\/3"}],"replies":[{"embeddable":true,"href":"https:\/\/emailchef.com\/it\/wp-json\/wp\/v2\/comments?post=523"}],"version-history":[{"count":39,"href":"https:\/\/emailchef.com\/it\/wp-json\/wp\/v2\/pages\/523\/revisions"}],"predecessor-version":[{"id":95816,"href":"https:\/\/emailchef.com\/it\/wp-json\/wp\/v2\/pages\/523\/revisions\/95816"}],"wp:attachment":[{"href":"https:\/\/emailchef.com\/it\/wp-json\/wp\/v2\/media?parent=523"}],"wp:term":[{"taxonomy":"g1_relation_tag","embeddable":true,"href":"https:\/\/emailchef.com\/it\/wp-json\/wp\/v2\/g1_relation_tag?post=523"}],"curies":[{"name":"wp","href":"https:\/\/api.w.org\/{rel}","templated":true}]}}