{"id":512,"date":"2014-09-04T10:44:52","date_gmt":"2014-09-04T10:44:52","guid":{"rendered":"http:\/\/emailchef.com\/?page_id=512"},"modified":"2022-07-01T14:13:14","modified_gmt":"2022-07-01T14:13:14","slug":"ovunque-e-ogni-momento","status":"publish","type":"page","link":"https:\/\/emailchef.com\/it\/caratteristiche\/ovunque-e-ogni-momento\/","title":{"rendered":"Ovunque e in ogni momento"},"content":{"rendered":"\t\t<div data-elementor-type=\"wp-page\" data-elementor-id=\"512\" class=\"elementor elementor-512 elementor-147\" data-elementor-post-type=\"page\">\n\t\t\t\t\t\t<section class=\"elementor-section elementor-top-section elementor-element elementor-element-f941a0f elementor-section-boxed elementor-section-height-default elementor-section-height-default\" data-id=\"f941a0f\" data-element_type=\"section\">\n\t\t\t\t\t\t<div class=\"elementor-container elementor-column-gap-default\">\n\t\t\t\t\t<div class=\"elementor-column elementor-col-100 elementor-top-column elementor-element elementor-element-7171e46\" data-id=\"7171e46\" data-element_type=\"column\">\n\t\t\t<div class=\"elementor-widget-wrap elementor-element-populated\">\n\t\t\t\t\t\t<div class=\"elementor-element elementor-element-280f92c elementor-widget elementor-widget-image\" data-id=\"280f92c\" data-element_type=\"widget\" data-widget_type=\"image.default\">\n\t\t\t\t<div class=\"elementor-widget-container\">\n\t\t\t\t\t\t\t\t\t\t\t\t\t\t\t<img fetchpriority=\"high\" decoding=\"async\" width=\"1597\" height=\"600\" src=\"https:\/\/emailchef.com\/wp-content\/uploads\/2022\/06\/anywhere.png\" class=\"attachment-full size-full wp-image-57328\" alt=\"Ovunque e in ogni momento\" \/>\t\t\t\t\t\t\t\t\t\t\t\t\t\t\t<\/div>\n\t\t\t\t<\/div>\n\t\t\t\t\t<\/div>\n\t\t<\/div>\n\t\t\t\t\t<\/div>\n\t\t<\/section>\n\t\t\t\t<section class=\"elementor-section elementor-top-section elementor-element elementor-element-6d9d7853 elementor-section-boxed elementor-section-height-default elementor-section-height-default\" data-id=\"6d9d7853\" data-element_type=\"section\">\n\t\t\t\t\t\t<div class=\"elementor-container elementor-column-gap-default\">\n\t\t\t\t\t<div class=\"elementor-column elementor-col-100 elementor-top-column elementor-element elementor-element-f9dd7da\" data-id=\"f9dd7da\" data-element_type=\"column\">\n\t\t\t<div class=\"elementor-widget-wrap elementor-element-populated\">\n\t\t\t\t\t\t<div class=\"elementor-element elementor-element-26b91d7f elementor-widget elementor-widget-text-editor\" data-id=\"26b91d7f\" data-element_type=\"widget\" data-widget_type=\"text-editor.default\">\n\t\t\t\t<div class=\"elementor-widget-container\">\n\t\t\t\t\t\t\t\t\t<p>Uno dei maggiori vantaggi di utilizzare un servizio di email marketing web-based come Emailchef \u00e8 che non <b>c&#8217;\u00e8 bisogno di scaricare alcun software<\/b>, e si pu\u00f2 usare <b>ovunque e in <\/b><b>ogni momento<\/b>.<\/p>\n\n<p>Tutto quello che devi fare \u00e8 accedere al nostro sito. Non importa quale connessione a Internet si utilizza (reti 3G incluse): <b>Emailchef funzioner\u00e0 <\/b><b>sempre alla perfezione<\/b>. Tutti i tuoi contatti, le tue email, i template, le bozze e le liste saranno pronti subito: per godere della libert\u00e0 di inviare le tue newsletter in qualsiasi momento.<\/p>\t\t\t\t\t\t\t\t<\/div>\n\t\t\t\t<\/div>\n\t\t\t\t\t<\/div>\n\t\t<\/div>\n\t\t\t\t\t<\/div>\n\t\t<\/section>\n\t\t\t\t<\/div>\n\t\t","protected":false},"excerpt":{"rendered":"<p>Uno dei maggiori vantaggi di utilizzare un servizio di email marketing web-based come Emailchef \u00e8 che non c&#8217;\u00e8 bisogno di scaricare alcun software, e si pu\u00f2 usare ovunque e in ogni momento. Tutto quello che devi fare \u00e8 accedere al nostro sito. Non importa quale connessione a Internet si utilizza (reti 3G incluse): Emailchef funzioner\u00e0 [&hellip;]<\/p>\n","protected":false},"author":3,"featured_media":0,"parent":518,"menu_order":8,"comment_status":"closed","ping_status":"closed","template":"","meta":{"_acf_changed":false,"inline_featured_image":false,"footnotes":""},"g1_relation_tag":[],"class_list":["post-512","page","type-page","status-publish","hentry"],"acf":[],"yoast_head":"<!-- This site is optimized with the Yoast SEO plugin v24.8.1 - https:\/\/yoast.com\/wordpress\/plugins\/seo\/ -->\n<title>Ovunque e in ogni momento - Emailchef<\/title>\n<meta name=\"description\" content=\"Uno dei maggiori vantaggi di utilizzare un servizio di email marketing web-based come Emailchef \u00e8 che non c&#039;\u00e8 bisogno di scaricare alcun software.\" \/>\n<meta name=\"robots\" content=\"index, follow, max-snippet:-1, max-image-preview:large, max-video-preview:-1\" \/>\n<link rel=\"canonical\" href=\"https:\/\/emailchef.com\/it\/caratteristiche\/ovunque-e-ogni-momento\/\" \/>\n<meta name=\"twitter:label1\" content=\"Tempo di lettura stimato\" \/>\n\t<meta name=\"twitter:data1\" content=\"1 minuto\" \/>\n<!-- \/ Yoast SEO plugin. -->","yoast_head_json":{"title":"Ovunque e in ogni momento - Emailchef","description":"Uno dei maggiori vantaggi di utilizzare un servizio di email marketing web-based come Emailchef \u00e8 che non c'\u00e8 bisogno di scaricare alcun software.","robots":{"index":"index","follow":"follow","max-snippet":"max-snippet:-1","max-image-preview":"max-image-preview:large","max-video-preview":"max-video-preview:-1"},"canonical":"https:\/\/emailchef.com\/it\/caratteristiche\/ovunque-e-ogni-momento\/","twitter_misc":{"Tempo di lettura stimato":"1 minuto"},"schema":{"@context":"https:\/\/schema.org","@graph":[{"@type":"WebPage","@id":"https:\/\/emailchef.com\/it\/caratteristiche\/ovunque-e-ogni-momento\/","url":"https:\/\/emailchef.com\/it\/caratteristiche\/ovunque-e-ogni-momento\/","name":"Ovunque e in ogni momento - Emailchef","isPartOf":{"@id":"https:\/\/emailchef.com\/it\/#website"},"primaryImageOfPage":{"@id":"https:\/\/emailchef.com\/it\/caratteristiche\/ovunque-e-ogni-momento\/#primaryimage"},"image":{"@id":"https:\/\/emailchef.com\/it\/caratteristiche\/ovunque-e-ogni-momento\/#primaryimage"},"thumbnailUrl":"https:\/\/emailchef.com\/wp-content\/uploads\/2022\/06\/anywhere.png","datePublished":"2014-09-04T10:44:52+00:00","dateModified":"2022-07-01T14:13:14+00:00","description":"Uno dei maggiori vantaggi di utilizzare un servizio di email marketing web-based come Emailchef \u00e8 che non c'\u00e8 bisogno di scaricare alcun software.","breadcrumb":{"@id":"https:\/\/emailchef.com\/it\/caratteristiche\/ovunque-e-ogni-momento\/#breadcrumb"},"inLanguage":"it-IT","potentialAction":[{"@type":"ReadAction","target":["https:\/\/emailchef.com\/it\/caratteristiche\/ovunque-e-ogni-momento\/"]}]},{"@type":"ImageObject","inLanguage":"it-IT","@id":"https:\/\/emailchef.com\/it\/caratteristiche\/ovunque-e-ogni-momento\/#primaryimage","url":"https:\/\/emailchef.com\/wp-content\/uploads\/2022\/06\/anywhere.png","contentUrl":"https:\/\/emailchef.com\/wp-content\/uploads\/2022\/06\/anywhere.png"},{"@type":"BreadcrumbList","@id":"https:\/\/emailchef.com\/it\/caratteristiche\/ovunque-e-ogni-momento\/#breadcrumb","itemListElement":[{"@type":"ListItem","position":1,"name":"Home","item":"https:\/\/emailchef.com\/it\/home-test-2023\/"},{"@type":"ListItem","position":2,"name":"Scopri le funzioni di Emailchef","item":"https:\/\/emailchef.com\/it\/caratteristiche\/"},{"@type":"ListItem","position":3,"name":"Ovunque e in ogni momento"}]},{"@type":"WebSite","@id":"https:\/\/emailchef.com\/it\/#website","url":"https:\/\/emailchef.com\/it\/","name":"Emailchef","description":"Gustose ricette di email marketing","publisher":{"@id":"https:\/\/emailchef.com\/it\/#organization"},"potentialAction":[{"@type":"SearchAction","target":{"@type":"EntryPoint","urlTemplate":"https:\/\/emailchef.com\/it\/?s={search_term_string}"},"query-input":{"@type":"PropertyValueSpecification","valueRequired":true,"valueName":"search_term_string"}}],"inLanguage":"it-IT"},{"@type":"Organization","@id":"https:\/\/emailchef.com\/it\/#organization","name":"Delivery Tech Corp.","url":"https:\/\/emailchef.com\/it\/","logo":{"@type":"ImageObject","inLanguage":"it-IT","@id":"https:\/\/emailchef.com\/it\/#\/schema\/logo\/image\/","url":"https:\/\/emailchef.com\/wp-content\/uploads\/2022\/04\/logo-sama.png","contentUrl":"https:\/\/emailchef.com\/wp-content\/uploads\/2022\/04\/logo-sama.png","width":237,"height":80,"caption":"Delivery Tech Corp."},"image":{"@id":"https:\/\/emailchef.com\/it\/#\/schema\/logo\/image\/"}}]}},"_links":{"self":[{"href":"https:\/\/emailchef.com\/it\/wp-json\/wp\/v2\/pages\/512"}],"collection":[{"href":"https:\/\/emailchef.com\/it\/wp-json\/wp\/v2\/pages"}],"about":[{"href":"https:\/\/emailchef.com\/it\/wp-json\/wp\/v2\/types\/page"}],"author":[{"embeddable":true,"href":"https:\/\/emailchef.com\/it\/wp-json\/wp\/v2\/users\/3"}],"replies":[{"embeddable":true,"href":"https:\/\/emailchef.com\/it\/wp-json\/wp\/v2\/comments?post=512"}],"version-history":[{"count":7,"href":"https:\/\/emailchef.com\/it\/wp-json\/wp\/v2\/pages\/512\/revisions"}],"predecessor-version":[{"id":57772,"href":"https:\/\/emailchef.com\/it\/wp-json\/wp\/v2\/pages\/512\/revisions\/57772"}],"up":[{"embeddable":true,"href":"https:\/\/emailchef.com\/it\/wp-json\/wp\/v2\/pages\/518"}],"wp:attachment":[{"href":"https:\/\/emailchef.com\/it\/wp-json\/wp\/v2\/media?parent=512"}],"wp:term":[{"taxonomy":"g1_relation_tag","embeddable":true,"href":"https:\/\/emailchef.com\/it\/wp-json\/wp\/v2\/g1_relation_tag?post=512"}],"curies":[{"name":"wp","href":"https:\/\/api.w.org\/{rel}","templated":true}]}}