{"id":30726,"date":"2020-11-20T16:51:11","date_gmt":"2020-11-20T16:51:11","guid":{"rendered":"https:\/\/emailchef.com\/documentazione\/set-yahoo-complaint-feedback-loop\/"},"modified":"2020-12-01T16:38:35","modified_gmt":"2020-12-01T16:38:35","slug":"imposta-il-feedback-loop-sui-reclami-di-yahoo","status":"publish","type":"page","link":"https:\/\/emailchef.com\/it\/documentazione\/imposta-il-feedback-loop-sui-reclami-di-yahoo\/","title":{"rendered":"Imposta il feedback loop sui reclami di Yahoo"},"content":{"rendered":"<p>Un utente Yahoo, di norma, ha due modi per segnalare la tua email come indesiderata:<\/p>\n<ol>\n<li>facendolo attraverso il tasto di Disiscrizione di Emailchef<\/li>\n<li>utilizzando il tasto Segnala come Spam del suo account Yahoo.<\/li>\n<\/ol>\n<p>Se sceglie questa seconda opzione, tu non puoi saperlo perch\u00e9 Yahoo nasconde l\u2019informazione ai mittenti delle campagne, per tutelare i propri utenti.<\/p>\n<p>Da oggi per\u00f2 qualcosa \u00e8 cambiato e Yahoo ha iniziato a collaborare con Emailchef, attivando un sistema di <strong>feedback loop<\/strong>.<\/p>\n<p>Il Feedback Loop \u00e8 uno procedura che comunica a Emailchef quando un utente Yahoo fa un reclamo spam nella propria casella di posta, il che ci consente di registrare automaticamente l\u2019informazione nel tuo account e inserire la mail in blacklist.<\/p>\n<p>L&#8217;attivazione di un feedback loop sui reclami di Yahoo (YFBL &#8211; Yahoo Feedback Loop) \u00e8 quindi di estrema importanza e aiuto per la consegna dei tuoi messaggi futuri verso indirizzi Yahoo e in generale verso tutti gli altri destinatari, perch\u00e9 ti permette di evitare di continuare ad inviare email indesiderate aumentando il rischio di segnalazioni spam nei tuoi confronti.<\/p>\n<p>L\u2019eliminazione automatica di un contatto Yahoo che segnala le tue email come spam, ti aiuter\u00e0 a mantenere la tua mailing list pulita, prevenendo gli invii di messaggi a destinatari che non desiderano pi\u00f9 riceverli.<\/p>\n<div class=\"g1-space\" style=\"height: 1.5em\"><\/div>\n<h2><strong>Come impostare il feedback sui reclami di Yahoo<\/strong><\/h2>\n<p>Per impostare il feedback loop procedi in questo modo:<\/p>\n<div class=\"g1-space\" style=\"height: 1.5em\"><\/div>\n<h3><strong>1. Crea la tua casella di posta postmaster@<\/strong><\/h3>\n<p>Se non ce l&#8217;hai gi\u00e0, crea la casella di posta <em>postmaster@tuo_dominio.com<\/em>, necessaria per l&#8217;attivazione di YFBL.<br \/>\nRicorda che \u00e8 sempre buona pratica avere una casella di posta postmaster@, poich\u00e9 spesso \u00e8 utilizzata dai server di posta per importanti comunicazioni.<\/p>\n<div class=\"g1-space\" style=\"height: 1.5em\"><\/div>\n<h3><strong>2. Registrati con Yahoo FBL<\/strong><\/h3>\n<p>Accedi alla pagina Yahoo Feedback Loop da\u00a0<a href=\"https:\/\/io.help.yahoo.com\/contact\/index?page=contactform&amp;locale=en_US&amp;token=Zh%2FBBVqXzLHlIbokbUqVWTUbuuQeXGkGnZzhKR2JQ4O6mMQdy9JSWdtWFXvjthcYCRj9bUIFfycOfG%2B4GOHPHoOGa8HwDO2%2B0kYRtTcdR8Nja5P9HWkKh3VWfS3pyu4UdjhvwG%2BBCvnYFl5dToDK%2Fw%3D%3D&amp;selectedChannel=email-icon\" target=\"_blank\" rel=\"noopener\">questo link<\/a>. Dovresti visualizzare una schermata come questa:<\/p>\n<p>&nbsp;<\/p>\n<p><img fetchpriority=\"high\" decoding=\"async\" class=\"aligncenter wp-image-29556\" src=\"https:\/\/emailchef.com\/wp-content\/uploads\/2020\/11\/set-yahoo-complaint-feedback-loop-1-1024x460.png\" alt=\"\" width=\"450\" height=\"202\" srcset=\"https:\/\/emailchef.com\/wp-content\/uploads\/2020\/11\/set-yahoo-complaint-feedback-loop-1-1024x460.png 1024w, https:\/\/emailchef.com\/wp-content\/uploads\/2020\/11\/set-yahoo-complaint-feedback-loop-1-300x135.png 300w, https:\/\/emailchef.com\/wp-content\/uploads\/2020\/11\/set-yahoo-complaint-feedback-loop-1-768x345.png 768w, https:\/\/emailchef.com\/wp-content\/uploads\/2020\/11\/set-yahoo-complaint-feedback-loop-1-968x435.png 968w, https:\/\/emailchef.com\/wp-content\/uploads\/2020\/11\/set-yahoo-complaint-feedback-loop-1-636x286.png 636w, https:\/\/emailchef.com\/wp-content\/uploads\/2020\/11\/set-yahoo-complaint-feedback-loop-1-320x144.png 320w, https:\/\/emailchef.com\/wp-content\/uploads\/2020\/11\/set-yahoo-complaint-feedback-loop-1-239x107.png 239w, https:\/\/emailchef.com\/wp-content\/uploads\/2020\/11\/set-yahoo-complaint-feedback-loop-1.png 1873w\" sizes=\"(max-width: 450px) 100vw, 450px\" \/><\/p>\n<p>&nbsp;<\/p>\n<p>Compila tutti i campi presenti sulla pagina con questi valori:<\/p>\n<ul>\n<li>Company Name: Emailchef.com<\/li>\n<li>Contact Name: Deliverability Team<\/li>\n<li>Contact email: info@emailchef.com<\/li>\n<li>Reporting email: loop@emailchef.com<\/li>\n<li>Selector: mailchef._domainkey<\/li>\n<li>Request type: Select Add<\/li>\n<li>Domain: Enter your sender domain<\/li>\n<\/ul>\n<p>&nbsp;<\/p>\n<p><img decoding=\"async\" class=\"wp-image-29580 aligncenter\" src=\"https:\/\/emailchef.com\/wp-content\/uploads\/2020\/11\/set-yahoo-complaint-feedback-loop-2-e1605890190880.png\" alt=\"\" width=\"450\" height=\"489\" srcset=\"https:\/\/emailchef.com\/wp-content\/uploads\/2020\/11\/set-yahoo-complaint-feedback-loop-2-e1605890190880.png 798w, https:\/\/emailchef.com\/wp-content\/uploads\/2020\/11\/set-yahoo-complaint-feedback-loop-2-e1605890190880-276x300.png 276w, https:\/\/emailchef.com\/wp-content\/uploads\/2020\/11\/set-yahoo-complaint-feedback-loop-2-e1605890190880-768x834.png 768w, https:\/\/emailchef.com\/wp-content\/uploads\/2020\/11\/set-yahoo-complaint-feedback-loop-2-e1605890190880-636x691.png 636w, https:\/\/emailchef.com\/wp-content\/uploads\/2020\/11\/set-yahoo-complaint-feedback-loop-2-e1605890190880-320x348.png 320w, https:\/\/emailchef.com\/wp-content\/uploads\/2020\/11\/set-yahoo-complaint-feedback-loop-2-e1605890190880-239x260.png 239w\" sizes=\"(max-width: 450px) 100vw, 450px\" \/><\/p>\n<p>&nbsp;<\/p>\n<p><img decoding=\"async\" class=\"aligncenter wp-image-29940\" src=\"https:\/\/emailchef.com\/wp-content\/uploads\/2020\/11\/set-yahoo-complaint-feedback-loop-3.png\" alt=\"\" width=\"450\" height=\"338\" srcset=\"https:\/\/emailchef.com\/wp-content\/uploads\/2020\/11\/set-yahoo-complaint-feedback-loop-3.png 967w, https:\/\/emailchef.com\/wp-content\/uploads\/2020\/11\/set-yahoo-complaint-feedback-loop-3-300x226.png 300w, https:\/\/emailchef.com\/wp-content\/uploads\/2020\/11\/set-yahoo-complaint-feedback-loop-3-768x577.png 768w, https:\/\/emailchef.com\/wp-content\/uploads\/2020\/11\/set-yahoo-complaint-feedback-loop-3-636x478.png 636w, https:\/\/emailchef.com\/wp-content\/uploads\/2020\/11\/set-yahoo-complaint-feedback-loop-3-320x241.png 320w, https:\/\/emailchef.com\/wp-content\/uploads\/2020\/11\/set-yahoo-complaint-feedback-loop-3-239x180.png 239w\" sizes=\"(max-width: 450px) 100vw, 450px\" \/><\/p>\n<p>&nbsp;<\/p>\n<p>Per confermare e inviare i tuoi dati, fai clic su<strong> Get Verification Code<\/strong>.<\/p>\n<p>Lascia la scheda del browser aperta nella pagina successiva ed entra nella posta in arrivo del tuo account <em>postmaster@tuo_dominio.co<\/em>m.<\/p>\n<p>Copia il codice di verifica che ti \u00e8 stato inviato da Yahoo tramite email e torna alla pagina YFBL.<br \/>\nImmetti il codice e fai clic su\u00a0<strong>Create Request<\/strong> per completare il modulo e inviare la tua richiesta.<\/p>\n<p>&nbsp;<\/p>\n<p><img loading=\"lazy\" decoding=\"async\" class=\"aligncenter wp-image-29958\" src=\"https:\/\/emailchef.com\/wp-content\/uploads\/2020\/11\/set-yahoo-complaint-feedback-loop-4.png\" alt=\"\" width=\"450\" height=\"448\" srcset=\"https:\/\/emailchef.com\/wp-content\/uploads\/2020\/11\/set-yahoo-complaint-feedback-loop-4.png 761w, https:\/\/emailchef.com\/wp-content\/uploads\/2020\/11\/set-yahoo-complaint-feedback-loop-4-150x150.png 150w, https:\/\/emailchef.com\/wp-content\/uploads\/2020\/11\/set-yahoo-complaint-feedback-loop-4-300x298.png 300w, https:\/\/emailchef.com\/wp-content\/uploads\/2020\/11\/set-yahoo-complaint-feedback-loop-4-636x633.png 636w, https:\/\/emailchef.com\/wp-content\/uploads\/2020\/11\/set-yahoo-complaint-feedback-loop-4-320x318.png 320w, https:\/\/emailchef.com\/wp-content\/uploads\/2020\/11\/set-yahoo-complaint-feedback-loop-4-239x238.png 239w, https:\/\/emailchef.com\/wp-content\/uploads\/2020\/11\/set-yahoo-complaint-feedback-loop-4-55x55.png 55w\" sizes=\"(max-width: 450px) 100vw, 450px\" \/><\/p>\n<p>&nbsp;<\/p>\n<p>A questo punto dovresti ricevere un messaggio di conferma. In caso contrario, ripeti nuovamente questi passaggi. Se ci\u00f2 accade pi\u00f9 di una volta, contatta l&#8217;assistenza Yahoo.<\/p>\n<p>&nbsp;<\/p>\n<p><img loading=\"lazy\" decoding=\"async\" class=\"aligncenter wp-image-29976\" src=\"https:\/\/emailchef.com\/wp-content\/uploads\/2020\/11\/set-yahoo-complaint-feedback-loop-5-e1605890970550.png\" alt=\"\" width=\"450\" height=\"271\" srcset=\"https:\/\/emailchef.com\/wp-content\/uploads\/2020\/11\/set-yahoo-complaint-feedback-loop-5-e1605890970550.png 690w, https:\/\/emailchef.com\/wp-content\/uploads\/2020\/11\/set-yahoo-complaint-feedback-loop-5-e1605890970550-300x180.png 300w, https:\/\/emailchef.com\/wp-content\/uploads\/2020\/11\/set-yahoo-complaint-feedback-loop-5-e1605890970550-636x383.png 636w, https:\/\/emailchef.com\/wp-content\/uploads\/2020\/11\/set-yahoo-complaint-feedback-loop-5-e1605890970550-320x192.png 320w, https:\/\/emailchef.com\/wp-content\/uploads\/2020\/11\/set-yahoo-complaint-feedback-loop-5-e1605890970550-239x144.png 239w\" sizes=\"(max-width: 450px) 100vw, 450px\" \/><\/p>\n<p>&nbsp;<\/p>\n<p>Ora possiamo gestire i reclami di Yahoo (e gruppo Verizon media: AOL, Yahoo, etc.) sul tuo account. Potrai trovare i destinatari che hanno segnalato i tuoi messaggi come spam nella mailing list del tuo account nella sezione &#8220;Reclami&#8221;.<\/p>\n","protected":false},"excerpt":{"rendered":"<p>Un utente Yahoo, di norma, ha due modi per segnalare la tua email come indesiderata: facendolo attraverso il tasto di Disiscrizione di Emailchef utilizzando il tasto Segnala come Spam del suo account Yahoo. Se sceglie questa seconda opzione, tu non puoi saperlo perch\u00e9 Yahoo nasconde l\u2019informazione ai mittenti delle campagne, per tutelare i propri utenti. [&hellip;]<\/p>\n","protected":false},"author":2,"featured_media":0,"parent":1081,"menu_order":0,"comment_status":"closed","ping_status":"closed","template":"","meta":{"_acf_changed":false,"inline_featured_image":false,"footnotes":""},"g1_relation_tag":[],"class_list":["post-30726","page","type-page","status-publish","hentry"],"acf":[],"yoast_head":"<!-- This site is optimized with the Yoast SEO plugin v24.8.1 - https:\/\/yoast.com\/wordpress\/plugins\/seo\/ -->\n<title>Imposta il feedback loop sui reclami di Yahoo - Emailchef<\/title>\n<meta name=\"robots\" content=\"index, follow, max-snippet:-1, max-image-preview:large, max-video-preview:-1\" \/>\n<link rel=\"canonical\" href=\"https:\/\/emailchef.com\/it\/documentazione\/imposta-il-feedback-loop-sui-reclami-di-yahoo\/\" \/>\n<meta name=\"twitter:label1\" content=\"Tempo di lettura stimato\" \/>\n\t<meta name=\"twitter:data1\" content=\"2 minuti\" \/>\n<!-- \/ Yoast SEO plugin. -->","yoast_head_json":{"title":"Imposta il feedback loop sui reclami di Yahoo - Emailchef","robots":{"index":"index","follow":"follow","max-snippet":"max-snippet:-1","max-image-preview":"max-image-preview:large","max-video-preview":"max-video-preview:-1"},"canonical":"https:\/\/emailchef.com\/it\/documentazione\/imposta-il-feedback-loop-sui-reclami-di-yahoo\/","twitter_misc":{"Tempo di lettura stimato":"2 minuti"},"schema":{"@context":"https:\/\/schema.org","@graph":[{"@type":"WebPage","@id":"https:\/\/emailchef.com\/it\/documentazione\/imposta-il-feedback-loop-sui-reclami-di-yahoo\/","url":"https:\/\/emailchef.com\/it\/documentazione\/imposta-il-feedback-loop-sui-reclami-di-yahoo\/","name":"Imposta il feedback loop sui reclami di Yahoo - Emailchef","isPartOf":{"@id":"https:\/\/emailchef.com\/it\/#website"},"primaryImageOfPage":{"@id":"https:\/\/emailchef.com\/it\/documentazione\/imposta-il-feedback-loop-sui-reclami-di-yahoo\/#primaryimage"},"image":{"@id":"https:\/\/emailchef.com\/it\/documentazione\/imposta-il-feedback-loop-sui-reclami-di-yahoo\/#primaryimage"},"thumbnailUrl":"https:\/\/emailchef.com\/wp-content\/uploads\/2020\/11\/set-yahoo-complaint-feedback-loop-1-1024x460.png","datePublished":"2020-11-20T16:51:11+00:00","dateModified":"2020-12-01T16:38:35+00:00","breadcrumb":{"@id":"https:\/\/emailchef.com\/it\/documentazione\/imposta-il-feedback-loop-sui-reclami-di-yahoo\/#breadcrumb"},"inLanguage":"it-IT","potentialAction":[{"@type":"ReadAction","target":["https:\/\/emailchef.com\/it\/documentazione\/imposta-il-feedback-loop-sui-reclami-di-yahoo\/"]}]},{"@type":"ImageObject","inLanguage":"it-IT","@id":"https:\/\/emailchef.com\/it\/documentazione\/imposta-il-feedback-loop-sui-reclami-di-yahoo\/#primaryimage","url":"https:\/\/emailchef.com\/wp-content\/uploads\/2020\/11\/set-yahoo-complaint-feedback-loop-1-1024x460.png","contentUrl":"https:\/\/emailchef.com\/wp-content\/uploads\/2020\/11\/set-yahoo-complaint-feedback-loop-1-1024x460.png"},{"@type":"BreadcrumbList","@id":"https:\/\/emailchef.com\/it\/documentazione\/imposta-il-feedback-loop-sui-reclami-di-yahoo\/#breadcrumb","itemListElement":[{"@type":"ListItem","position":1,"name":"Home","item":"https:\/\/emailchef.com\/it\/home-test-2023\/"},{"@type":"ListItem","position":2,"name":"Documentazione","item":"https:\/\/emailchef.com\/it\/documentazione\/"},{"@type":"ListItem","position":3,"name":"Imposta il feedback loop sui reclami di Yahoo"}]},{"@type":"WebSite","@id":"https:\/\/emailchef.com\/it\/#website","url":"https:\/\/emailchef.com\/it\/","name":"Emailchef","description":"Gustose ricette di email marketing","publisher":{"@id":"https:\/\/emailchef.com\/it\/#organization"},"potentialAction":[{"@type":"SearchAction","target":{"@type":"EntryPoint","urlTemplate":"https:\/\/emailchef.com\/it\/?s={search_term_string}"},"query-input":{"@type":"PropertyValueSpecification","valueRequired":true,"valueName":"search_term_string"}}],"inLanguage":"it-IT"},{"@type":"Organization","@id":"https:\/\/emailchef.com\/it\/#organization","name":"Delivery Tech Corp.","url":"https:\/\/emailchef.com\/it\/","logo":{"@type":"ImageObject","inLanguage":"it-IT","@id":"https:\/\/emailchef.com\/it\/#\/schema\/logo\/image\/","url":"https:\/\/emailchef.com\/wp-content\/uploads\/2022\/04\/logo-sama.png","contentUrl":"https:\/\/emailchef.com\/wp-content\/uploads\/2022\/04\/logo-sama.png","width":237,"height":80,"caption":"Delivery Tech Corp."},"image":{"@id":"https:\/\/emailchef.com\/it\/#\/schema\/logo\/image\/"}}]}},"_links":{"self":[{"href":"https:\/\/emailchef.com\/it\/wp-json\/wp\/v2\/pages\/30726"}],"collection":[{"href":"https:\/\/emailchef.com\/it\/wp-json\/wp\/v2\/pages"}],"about":[{"href":"https:\/\/emailchef.com\/it\/wp-json\/wp\/v2\/types\/page"}],"author":[{"embeddable":true,"href":"https:\/\/emailchef.com\/it\/wp-json\/wp\/v2\/users\/2"}],"replies":[{"embeddable":true,"href":"https:\/\/emailchef.com\/it\/wp-json\/wp\/v2\/comments?post=30726"}],"version-history":[{"count":6,"href":"https:\/\/emailchef.com\/it\/wp-json\/wp\/v2\/pages\/30726\/revisions"}],"predecessor-version":[{"id":31094,"href":"https:\/\/emailchef.com\/it\/wp-json\/wp\/v2\/pages\/30726\/revisions\/31094"}],"up":[{"embeddable":true,"href":"https:\/\/emailchef.com\/it\/wp-json\/wp\/v2\/pages\/1081"}],"wp:attachment":[{"href":"https:\/\/emailchef.com\/it\/wp-json\/wp\/v2\/media?parent=30726"}],"wp:term":[{"taxonomy":"g1_relation_tag","embeddable":true,"href":"https:\/\/emailchef.com\/it\/wp-json\/wp\/v2\/g1_relation_tag?post=30726"}],"curies":[{"name":"wp","href":"https:\/\/api.w.org\/{rel}","templated":true}]}}