{"id":2713,"date":"2014-09-30T10:35:56","date_gmt":"2014-09-30T10:35:56","guid":{"rendered":"http:\/\/emailchef.com\/it\/?page_id=2713"},"modified":"2024-10-17T10:31:23","modified_gmt":"2024-10-17T10:31:23","slug":"piano-gratuito-per-sempre","status":"publish","type":"page","link":"https:\/\/emailchef.com\/it\/piano-gratuito-per-sempre\/","title":{"rendered":"Piano gratuito per sempre per il non profit"},"content":{"rendered":"\t\t<div data-elementor-type=\"wp-page\" data-elementor-id=\"2713\" class=\"elementor elementor-2713 elementor-834\" data-elementor-post-type=\"page\">\n\t\t\t\t\t\t<section class=\"elementor-section elementor-top-section elementor-element elementor-element-f9ad597 elementor-section-boxed elementor-section-height-default elementor-section-height-default\" data-id=\"f9ad597\" data-element_type=\"section\">\n\t\t\t\t\t\t<div class=\"elementor-container elementor-column-gap-default\">\n\t\t\t\t\t<div class=\"elementor-column elementor-col-100 elementor-top-column elementor-element elementor-element-6d1a6d2\" data-id=\"6d1a6d2\" data-element_type=\"column\">\n\t\t\t<div class=\"elementor-widget-wrap elementor-element-populated\">\n\t\t\t\t\t\t<div class=\"elementor-element elementor-element-daa948d elementor-widget elementor-widget-image\" data-id=\"daa948d\" data-element_type=\"widget\" data-widget_type=\"image.default\">\n\t\t\t\t<div class=\"elementor-widget-container\">\n\t\t\t\t\t\t\t\t\t\t\t\t\t\t\t<img fetchpriority=\"high\" decoding=\"async\" width=\"954\" height=\"600\" src=\"https:\/\/emailchef.com\/wp-content\/uploads\/2022\/07\/non-profit.png\" class=\"attachment-full size-full wp-image-58736\" alt=\"Piano gratuito per sempre per il non profit\" \/>\t\t\t\t\t\t\t\t\t\t\t\t\t\t\t<\/div>\n\t\t\t\t<\/div>\n\t\t\t\t\t<\/div>\n\t\t<\/div>\n\t\t\t\t\t<\/div>\n\t\t<\/section>\n\t\t\t\t<section class=\"elementor-section elementor-top-section elementor-element elementor-element-52b72cdb elementor-section-boxed elementor-section-height-default elementor-section-height-default\" data-id=\"52b72cdb\" data-element_type=\"section\">\n\t\t\t\t\t\t<div class=\"elementor-container elementor-column-gap-default\">\n\t\t\t\t\t<div class=\"elementor-column elementor-col-100 elementor-top-column elementor-element elementor-element-73d23d81\" data-id=\"73d23d81\" data-element_type=\"column\">\n\t\t\t<div class=\"elementor-widget-wrap elementor-element-populated\">\n\t\t\t\t\t\t<div class=\"elementor-element elementor-element-716c3748 elementor-widget elementor-widget-text-editor\" data-id=\"716c3748\" data-element_type=\"widget\" data-widget_type=\"text-editor.default\">\n\t\t\t\t<div class=\"elementor-widget-container\">\n\t\t\t\t\t\t\t\t\t<p>Qui a Emailchef amiamo molto l\u2019idea di restituire alla comunit\u00e0 parte di quello che ci viene dato. Per questo motivo abbiamo creato un programma ad hoc per le <strong>organizzazioni senza scopo di lucro<\/strong>, a cui siamo lieti di fornire un <strong>piano gratuito<\/strong>.<\/p><p>Tutte le aziende sanno che una newsletter adeguata \u00e8 ancora il pi\u00f9 semplice e pi\u00f9 redditizio <strong>strumento di marketing digitale<\/strong>. Noi crediamo che possa essere estremamente utile anche per le realt\u00e0 non profit: pubblicizzare i risultati di raccolte fondi, informare i sostenitori e gli amici, promuovere eventi, reclutare volontari\u2026<\/p><p>Siamo felici di dare un piano gratuito di Emailchef a <strong>tutte le organizzazioni senza scopo di lucro qualificate, laiche, e che operino nell\u2019ambito dell&#8217;assistenza sanitaria<\/strong> (come aiuto all\u2019infanzia, servizi per la disabilit\u00e0, supporto familiare ecc.).<\/p><p><div class=\"g1-space\" style=\"height: 25px;\"><\/div><\/p><h2><b>Invia gratis email illimitate fino a 500 contatti.\u00a0Per sempre.<\/b><\/h2><p><div class=\"g1-space\" style=\"height: 10px;\"><\/div><\/p><h3 style=\"font-weight: 400 !important;\">1. Il migliore servizio gratuito per newsletter<\/h3><p>Invii email illimitate a un massimo di 500 iscritti, Emailchef sar\u00e0 per te completamente gratis. Per sempre, senza alcun costo nascosto.<\/p><p><div class=\"g1-space\" style=\"height: 15px;\"><\/div><\/p><h3 style=\"font-weight: 400 !important;\">2. Tutte le principali funzioni sono disponibili<\/h3><p>Il piano gratuito consente l&#8217;utilizzo di tutte le funzionalit\u00e0 di Emailchef &#8211; ad esclusione degli autoresponder &#8211; tra cui la gestione di liste senza limiti, e la creazione, invio e analisi\u00a0delle\u00a0campagne email.<\/p><p><div class=\"g1-space\" style=\"height: 35px;\"><\/div><\/p><p><strong>Sei a pochi passi dalla creazione della tua campagna email:<\/strong><\/p><p><div class=\"g1-space\" style=\"height: 15px;\"><\/div><\/p><p><ol id=\"\" class=\"g1-list g1-list--icon g1-list--simple \"><li><i class=\"fa fa-arrow-right g1-list__icon\"><\/i>Crea un <a href=\"\/user-signup\">nuovo account<\/a>.<\/li><li><i class=\"fa fa-arrow-right g1-list__icon\"><\/i>Scopri come \u00e8 facile e veloce <strong>comporre una newsletter<\/strong> con il nostro editor drag and drop.<\/li><li><i class=\"fa fa-arrow-right g1-list__icon\"><\/i>Crea o carica una <strong>lista di contatti<\/strong>.<\/li><li><i class=\"fa fa-arrow-right g1-list__icon\"><\/i>Contatta il <strong>supporto tecnico<\/strong> e richiedi l&#8217;account Free per le associazioni non profit<\/li><li><i class=\"fa fa-arrow-right g1-list__icon\"><\/i>Invia la tua prima campagna.<\/li><\/ol><\/p><p><div class=\"g1-space\" style=\"height: 20px;\"><\/div><\/p><p>\u00c8\u00a0davvero tutto <strong>semplice<\/strong>.\u00a0E siamo orgogliosi di potertelo offrire proprio cos\u00ec.<\/p><p style=\"text-align: center;\"><a id=\"\" class=\"g1-button g1-button--medium g1-button--solid g1-button-- \" href=\"\/user-signup\" title=\"\" >ISCRIVITI SUBITO GRATIS<\/a><\/p><p style=\"text-align: center;\"><small>Controlleremo la vostra richiesta quanto prima e vi comunicheremo al pi\u00f9 presto se avrete diritto a una licenza oppure no. In caso positivo, attiveremo il vostro account gratuito.<br \/>Vi preghiamo di tenere in considerazione che l\u2019approvazione o il rifiuto della vostra richiesta \u00e8 a nostro insindacabile giudizio.<\/small><\/p>\t\t\t\t\t\t\t\t<\/div>\n\t\t\t\t<\/div>\n\t\t\t\t\t<\/div>\n\t\t<\/div>\n\t\t\t\t\t<\/div>\n\t\t<\/section>\n\t\t\t\t<\/div>\n\t\t","protected":false},"excerpt":{"rendered":"<p>Qui a Emailchef amiamo molto l\u2019idea di restituire alla comunit\u00e0 parte di quello che ci viene dato. Per questo motivo abbiamo creato un programma ad hoc per le organizzazioni senza scopo di lucro, a cui siamo lieti di fornire un piano gratuito. Tutte le aziende sanno che una newsletter adeguata \u00e8 ancora il pi\u00f9 semplice [&hellip;]<\/p>\n","protected":false},"author":4,"featured_media":0,"parent":0,"menu_order":175,"comment_status":"closed","ping_status":"closed","template":"","meta":{"_acf_changed":false,"inline_featured_image":false,"footnotes":""},"g1_relation_tag":[],"class_list":["post-2713","page","type-page","status-publish","hentry"],"acf":[],"yoast_head":"<!-- This site is optimized with the Yoast SEO plugin v24.8.1 - https:\/\/yoast.com\/wordpress\/plugins\/seo\/ -->\n<title>Piano gratuito per sempre - Emailchef<\/title>\n<meta name=\"description\" content=\"Con Emailchef invii gratis email illimitate fino 500 contatti. Senza costi nascosti. Registrati ora: sei a pochi passi dalla tua prima campagna email.\" \/>\n<meta name=\"robots\" content=\"index, follow, max-snippet:-1, max-image-preview:large, max-video-preview:-1\" \/>\n<link rel=\"canonical\" href=\"https:\/\/emailchef.com\/it\/piano-gratuito-per-sempre\/\" \/>\n<meta name=\"twitter:label1\" content=\"Tempo di lettura stimato\" \/>\n\t<meta name=\"twitter:data1\" content=\"3 minuti\" \/>\n<!-- \/ Yoast SEO plugin. -->","yoast_head_json":{"title":"Piano gratuito per sempre - Emailchef","description":"Con Emailchef invii gratis email illimitate fino 500 contatti. Senza costi nascosti. Registrati ora: sei a pochi passi dalla tua prima campagna email.","robots":{"index":"index","follow":"follow","max-snippet":"max-snippet:-1","max-image-preview":"max-image-preview:large","max-video-preview":"max-video-preview:-1"},"canonical":"https:\/\/emailchef.com\/it\/piano-gratuito-per-sempre\/","twitter_misc":{"Tempo di lettura stimato":"3 minuti"},"schema":{"@context":"https:\/\/schema.org","@graph":[{"@type":"WebPage","@id":"https:\/\/emailchef.com\/it\/piano-gratuito-per-sempre\/","url":"https:\/\/emailchef.com\/it\/piano-gratuito-per-sempre\/","name":"Piano gratuito per sempre - Emailchef","isPartOf":{"@id":"https:\/\/emailchef.com\/it\/#website"},"primaryImageOfPage":{"@id":"https:\/\/emailchef.com\/it\/piano-gratuito-per-sempre\/#primaryimage"},"image":{"@id":"https:\/\/emailchef.com\/it\/piano-gratuito-per-sempre\/#primaryimage"},"thumbnailUrl":"https:\/\/emailchef.com\/wp-content\/uploads\/2022\/07\/non-profit.png","datePublished":"2014-09-30T10:35:56+00:00","dateModified":"2024-10-17T10:31:23+00:00","description":"Con Emailchef invii gratis email illimitate fino 500 contatti. Senza costi nascosti. Registrati ora: sei a pochi passi dalla tua prima campagna email.","breadcrumb":{"@id":"https:\/\/emailchef.com\/it\/piano-gratuito-per-sempre\/#breadcrumb"},"inLanguage":"it-IT","potentialAction":[{"@type":"ReadAction","target":["https:\/\/emailchef.com\/it\/piano-gratuito-per-sempre\/"]}]},{"@type":"ImageObject","inLanguage":"it-IT","@id":"https:\/\/emailchef.com\/it\/piano-gratuito-per-sempre\/#primaryimage","url":"https:\/\/emailchef.com\/wp-content\/uploads\/2022\/07\/non-profit.png","contentUrl":"https:\/\/emailchef.com\/wp-content\/uploads\/2022\/07\/non-profit.png"},{"@type":"BreadcrumbList","@id":"https:\/\/emailchef.com\/it\/piano-gratuito-per-sempre\/#breadcrumb","itemListElement":[{"@type":"ListItem","position":1,"name":"Home","item":"https:\/\/emailchef.com\/it\/home-test-2023\/"},{"@type":"ListItem","position":2,"name":"Piano gratuito per sempre per il non profit"}]},{"@type":"WebSite","@id":"https:\/\/emailchef.com\/it\/#website","url":"https:\/\/emailchef.com\/it\/","name":"Emailchef","description":"Gustose ricette di email marketing","publisher":{"@id":"https:\/\/emailchef.com\/it\/#organization"},"potentialAction":[{"@type":"SearchAction","target":{"@type":"EntryPoint","urlTemplate":"https:\/\/emailchef.com\/it\/?s={search_term_string}"},"query-input":{"@type":"PropertyValueSpecification","valueRequired":true,"valueName":"search_term_string"}}],"inLanguage":"it-IT"},{"@type":"Organization","@id":"https:\/\/emailchef.com\/it\/#organization","name":"Delivery Tech Corp.","url":"https:\/\/emailchef.com\/it\/","logo":{"@type":"ImageObject","inLanguage":"it-IT","@id":"https:\/\/emailchef.com\/it\/#\/schema\/logo\/image\/","url":"https:\/\/emailchef.com\/wp-content\/uploads\/2022\/04\/logo-sama.png","contentUrl":"https:\/\/emailchef.com\/wp-content\/uploads\/2022\/04\/logo-sama.png","width":237,"height":80,"caption":"Delivery Tech Corp."},"image":{"@id":"https:\/\/emailchef.com\/it\/#\/schema\/logo\/image\/"}}]}},"_links":{"self":[{"href":"https:\/\/emailchef.com\/it\/wp-json\/wp\/v2\/pages\/2713"}],"collection":[{"href":"https:\/\/emailchef.com\/it\/wp-json\/wp\/v2\/pages"}],"about":[{"href":"https:\/\/emailchef.com\/it\/wp-json\/wp\/v2\/types\/page"}],"author":[{"embeddable":true,"href":"https:\/\/emailchef.com\/it\/wp-json\/wp\/v2\/users\/4"}],"replies":[{"embeddable":true,"href":"https:\/\/emailchef.com\/it\/wp-json\/wp\/v2\/comments?post=2713"}],"version-history":[{"count":45,"href":"https:\/\/emailchef.com\/it\/wp-json\/wp\/v2\/pages\/2713\/revisions"}],"predecessor-version":[{"id":76108,"href":"https:\/\/emailchef.com\/it\/wp-json\/wp\/v2\/pages\/2713\/revisions\/76108"}],"wp:attachment":[{"href":"https:\/\/emailchef.com\/it\/wp-json\/wp\/v2\/media?parent=2713"}],"wp:term":[{"taxonomy":"g1_relation_tag","embeddable":true,"href":"https:\/\/emailchef.com\/it\/wp-json\/wp\/v2\/g1_relation_tag?post=2713"}],"curies":[{"name":"wp","href":"https:\/\/api.w.org\/{rel}","templated":true}]}}