{"id":2709,"date":"2014-09-18T12:25:37","date_gmt":"2014-09-18T12:25:37","guid":{"rendered":"http:\/\/emailchef.com\/it\/?page_id=2709"},"modified":"2021-07-09T08:35:56","modified_gmt":"2021-07-09T08:35:56","slug":"il-nostro-servizio-di-email-tracking","status":"publish","type":"page","link":"https:\/\/emailchef.com\/it\/il-nostro-servizio-di-email-tracking\/","title":{"rendered":"Il nostro servizio di email tracking"},"content":{"rendered":"<p>Un<strong> servizio di email tracking <\/strong>\u00e8 essenziale per gestire e migliorare qualsiasi strategia di email marketing. E\u2019 un dato di fatto che solo un\u2019<strong>analisi approfondita delle vostre campagne<\/strong> potr\u00e0 portare a risultati di successo; ci\u00f2 significa che avrai bisogno di un sistema di reportistica in grado&nbsp;di estrarre tutte le metriche pi\u00f9 importanti in tempo reale. Tutte informazioni che, oggi giorno,&nbsp;sono fondamentali per poter ottimizzare le tue campagne di email marketing.<\/p>\n<p>L\u2019invio indiscriminato e massivo di email \u00e8 (o dovrebbe esssere) una cosa del passato: in un&nbsp;mondo in cui le inbox sono sempre pi\u00f9 affollate, l\u2019unico modo per raggiungere risultati consistenti&nbsp;\u00e8 infatti quello di proporre email sempre pi\u00f9 rifinite e su misura.<\/p>\n<p>Ecco perch\u00e8 \u00e8 cos\u00ec importante analizzare le campagne email.<\/p>\n<p>Grazie agli strumenti di analytics di Emailchef sarete in grado di:<\/p>\n<p>\u25cf sapere per ciascuna email <strong>se \u00e8 stata consegnata correttamente al destinatario<\/strong> o se \u00e8&nbsp;stata \u201crimbalzata\u201d da un filtro antispam. In questo secondo caso dovresti verificare se hai&nbsp;seguito tutte le best practice relative alla deliverability.<\/p>\n<p>\u25cf Monitorare il numero esatto di utenti che si sono<strong> disiscritti<\/strong> dopo ciascun mailing. Se&nbsp;troppi utenti dovessero cancellarsi dalla tua lista, dovresti revisionare la tua&nbsp;content&nbsp;strategy o la pianificazione dei tuoi mailing.<\/p>\n<p>\u25cf Conoscere il <strong>tasso di apertura<\/strong> delle tue email e il momento in cui ciascun messaggio&nbsp;\u00e8 stato aperto. Si tratta di un\u2019informazione preziosa per valutare l\u2019efficacia del tuo&nbsp;oggetto.<\/p>\n<p>\u25cf Controllare ciascun <strong>hard bounce<\/strong> \u2013 ovvero, verificare quante email sono state inviate ad&nbsp;indirizzi inesistenti &#8211; in modo da poter pulire le tue&nbsp;liste. Emailchef fornisce un tool che&nbsp;lo fa automaticamente.<\/p>\n<p>\u25cf Ottenere il<strong> tasso di click<\/strong> delle tue&nbsp;email. Una metrica essenziale per determinare se la tua&nbsp;chiamata all\u2019azione (call to action) \u00e8 attraente e ben visibile.<\/p>\n<p>\u25cf Determinare il numero di <strong>lamentele per spam<\/strong>&nbsp;\u2013 cio\u00e8 il numero di destinatari che hanno&nbsp;spostato la tua email nella cartella dello spam. Ovviamente questo numero dovrebbe&nbsp;tendere allo zero: le lamentele per spam potrebbero infatti danneggiare seriamente la tua&nbsp;deliverability. Una valida soluzione per evitarle \u00e8 di fornire sempre un link di&nbsp;cancellazione e posizionarlo nel footer delle newsletter.<\/p>\n<p>In sintesi: monitorare le campagne email <strong>non \u00e8 mai stato cos\u00ec semplice<\/strong>.<\/p>\n","protected":false},"excerpt":{"rendered":"<p>Un servizio di tracking delle email \u00e8 indispensabile per gestire e migliorare qualsiasi strategia di email marketing. Ecco perch\u00e8 Emailchef vi fornisce il migliore.<\/p>\n","protected":false},"author":4,"featured_media":0,"parent":0,"menu_order":204,"comment_status":"closed","ping_status":"closed","template":"","meta":{"_acf_changed":false,"inline_featured_image":false,"footnotes":""},"g1_relation_tag":[56],"class_list":["post-2709","page","type-page","status-publish","hentry","g1_relation_tag-tracking-email"],"acf":[],"yoast_head":"<!-- This site is optimized with the Yoast SEO plugin v24.8.1 - https:\/\/yoast.com\/wordpress\/plugins\/seo\/ -->\n<title>Il nostro servizio di email tracking - Emailchef<\/title>\n<meta name=\"description\" content=\"Un servizio di email tracking \u00e8 essenziale per gestire e migliorare qualsiasi strategia di email marketing. Ecco quali analisi puoi fare con Emailchef.\" \/>\n<meta name=\"robots\" content=\"index, follow, max-snippet:-1, max-image-preview:large, max-video-preview:-1\" \/>\n<link rel=\"canonical\" href=\"https:\/\/emailchef.com\/it\/il-nostro-servizio-di-email-tracking\/\" \/>\n<meta name=\"twitter:label1\" content=\"Tempo di lettura stimato\" \/>\n\t<meta name=\"twitter:data1\" content=\"2 minuti\" \/>\n<!-- \/ Yoast SEO plugin. -->","yoast_head_json":{"title":"Il nostro servizio di email tracking - Emailchef","description":"Un servizio di email tracking \u00e8 essenziale per gestire e migliorare qualsiasi strategia di email marketing. Ecco quali analisi puoi fare con Emailchef.","robots":{"index":"index","follow":"follow","max-snippet":"max-snippet:-1","max-image-preview":"max-image-preview:large","max-video-preview":"max-video-preview:-1"},"canonical":"https:\/\/emailchef.com\/it\/il-nostro-servizio-di-email-tracking\/","twitter_misc":{"Tempo di lettura stimato":"2 minuti"},"schema":{"@context":"https:\/\/schema.org","@graph":[{"@type":"WebPage","@id":"https:\/\/emailchef.com\/it\/il-nostro-servizio-di-email-tracking\/","url":"https:\/\/emailchef.com\/it\/il-nostro-servizio-di-email-tracking\/","name":"Il nostro servizio di email tracking - Emailchef","isPartOf":{"@id":"https:\/\/emailchef.com\/it\/#website"},"datePublished":"2014-09-18T12:25:37+00:00","dateModified":"2021-07-09T08:35:56+00:00","description":"Un servizio di email tracking \u00e8 essenziale per gestire e migliorare qualsiasi strategia di email marketing. Ecco quali analisi puoi fare con Emailchef.","breadcrumb":{"@id":"https:\/\/emailchef.com\/it\/il-nostro-servizio-di-email-tracking\/#breadcrumb"},"inLanguage":"it-IT","potentialAction":[{"@type":"ReadAction","target":["https:\/\/emailchef.com\/it\/il-nostro-servizio-di-email-tracking\/"]}]},{"@type":"BreadcrumbList","@id":"https:\/\/emailchef.com\/it\/il-nostro-servizio-di-email-tracking\/#breadcrumb","itemListElement":[{"@type":"ListItem","position":1,"name":"Home","item":"https:\/\/emailchef.com\/it\/home-test-2023\/"},{"@type":"ListItem","position":2,"name":"Il nostro servizio di email tracking"}]},{"@type":"WebSite","@id":"https:\/\/emailchef.com\/it\/#website","url":"https:\/\/emailchef.com\/it\/","name":"Emailchef","description":"Gustose ricette di email marketing","publisher":{"@id":"https:\/\/emailchef.com\/it\/#organization"},"potentialAction":[{"@type":"SearchAction","target":{"@type":"EntryPoint","urlTemplate":"https:\/\/emailchef.com\/it\/?s={search_term_string}"},"query-input":{"@type":"PropertyValueSpecification","valueRequired":true,"valueName":"search_term_string"}}],"inLanguage":"it-IT"},{"@type":"Organization","@id":"https:\/\/emailchef.com\/it\/#organization","name":"Delivery Tech Corp.","url":"https:\/\/emailchef.com\/it\/","logo":{"@type":"ImageObject","inLanguage":"it-IT","@id":"https:\/\/emailchef.com\/it\/#\/schema\/logo\/image\/","url":"https:\/\/emailchef.com\/wp-content\/uploads\/2022\/04\/logo-sama.png","contentUrl":"https:\/\/emailchef.com\/wp-content\/uploads\/2022\/04\/logo-sama.png","width":237,"height":80,"caption":"Delivery Tech Corp."},"image":{"@id":"https:\/\/emailchef.com\/it\/#\/schema\/logo\/image\/"}}]}},"_links":{"self":[{"href":"https:\/\/emailchef.com\/it\/wp-json\/wp\/v2\/pages\/2709"}],"collection":[{"href":"https:\/\/emailchef.com\/it\/wp-json\/wp\/v2\/pages"}],"about":[{"href":"https:\/\/emailchef.com\/it\/wp-json\/wp\/v2\/types\/page"}],"author":[{"embeddable":true,"href":"https:\/\/emailchef.com\/it\/wp-json\/wp\/v2\/users\/4"}],"replies":[{"embeddable":true,"href":"https:\/\/emailchef.com\/it\/wp-json\/wp\/v2\/comments?post=2709"}],"version-history":[{"count":4,"href":"https:\/\/emailchef.com\/it\/wp-json\/wp\/v2\/pages\/2709\/revisions"}],"predecessor-version":[{"id":45116,"href":"https:\/\/emailchef.com\/it\/wp-json\/wp\/v2\/pages\/2709\/revisions\/45116"}],"wp:attachment":[{"href":"https:\/\/emailchef.com\/it\/wp-json\/wp\/v2\/media?parent=2709"}],"wp:term":[{"taxonomy":"g1_relation_tag","embeddable":true,"href":"https:\/\/emailchef.com\/it\/wp-json\/wp\/v2\/g1_relation_tag?post=2709"}],"curies":[{"name":"wp","href":"https:\/\/api.w.org\/{rel}","templated":true}]}}