{"id":2705,"date":"2014-09-18T08:48:56","date_gmt":"2014-09-18T08:48:56","guid":{"rendered":"http:\/\/emailchef.com\/it\/?page_id=2705"},"modified":"2017-10-31T15:27:56","modified_gmt":"2017-10-31T15:27:56","slug":"gestione-campagne-email","status":"publish","type":"page","link":"https:\/\/emailchef.com\/it\/gestione-campagne-email\/","title":{"rendered":"Gestione campagne email"},"content":{"rendered":"<p>Non c\u2019\u00e8 dubbio che la<strong> gestione delle campagne di email marketing<\/strong> possa essere\u00a0impegnativa. Infatti, per gestire un\u2019intera strategia di email marketing avrete necessit\u00e0 di\u00a0controllare numerose attivit\u00e0: <strong>raccogliere nuovi indirizzi<\/strong> per far crescere il vostro database,\u00a0caricare e pulire tutte le liste email, disegnare un<strong> template HTML professionale<\/strong> per la vostra\u00a0newsletter, studiare e configurare una <strong>pianificazione degli invii<\/strong> a seconda del numero delle\u00a0offerte e delle notizie che desiderate diffondere, scrivere contenuti come un copywriter\u00a0professionale, fare<strong> analisi post-invio<\/strong> per migliorare le future campagne e ottenere migliori\u00a0risultati&#8230;<\/p>\n<p>Fortunatamente, Emailchef <strong>semplifica questi processi<\/strong>, offrendovi un aiuto concreto in tutte le varie\u00a0fasi. L\u2019email marketing non \u00e8 mai stato cos\u00ec semplice; il nostro servizio per la gestione delle\u00a0campagne email ha tutto ci\u00f2 di cui avete bisogno per impostare delle newsletter efficaci.\u00a0Gestire una campagna email di successo significa conoscere la sua <strong>natura ciclica<\/strong> e le sue\u00a0relazioni interne: fare tutto ci\u00f2 senza una piattaforma professionale pu\u00f2 essere molto complicato &#8211;\u00a0e potrebbe avere ripercussioni sul reale<strong> successo del vostro marketing mix<\/strong>. Ecco perch\u00e8<\/p>\n<p>Emailchef vi offre un set completo di strumenti per l\u2019email marketing:<\/p>\n<p>\u25cf Creazione liste e incremento<\/p>\n<p>\u25cf Creazione newsletter<\/p>\n<p>\u25cf Invio email e consegna<\/p>\n<p>\u25cf Analisi dati<\/p>\n<p>\u25cf Test e segmentazione liste<\/p>\n<p>Ma c\u2019\u00e8 anche di pi\u00f9.<\/p>\n<p>Affidandovi a Emailchef non dovrete pi\u00f9 preoccuparvi del vostro <strong>tasso di consegna<\/strong>. Tutti i\u00a0messaggi, infatti, saranno inviati rapidamente e consegnati a tutte le caselle inbox prefissate. \u2013\u00a0superando le restrizioni degli ISP e di tutti i filtri antispam. (Naturalmente, a condizione che\u00a0provvediate ad inviare solo newsletter agli utenti che hanno dato il consenso a ricevere le vostre\u00a0comunicazioni).<\/p>\n","protected":false},"excerpt":{"rendered":"<p>Emailchef semplifica la gestione delle campagne email, mettendoti a disposizione un set completo di strumenti di marketing.<\/p>\n","protected":false},"author":4,"featured_media":0,"parent":0,"menu_order":90,"comment_status":"closed","ping_status":"closed","template":"","meta":{"_acf_changed":false,"inline_featured_image":false,"footnotes":""},"g1_relation_tag":[16],"class_list":["post-2705","page","type-page","status-publish","hentry","g1_relation_tag-email-campaign-tips"],"acf":[],"yoast_head":"<!-- This site is optimized with the Yoast SEO plugin v24.8.1 - https:\/\/yoast.com\/wordpress\/plugins\/seo\/ -->\n<title>Gestione campagne email - Emailchef<\/title>\n<meta name=\"description\" content=\"Non c\u2019\u00e8 dubbio che la gestione delle campagne di email marketing possa essere impegnativa. Con Emailchef l&#039;email marketing non \u00e8 mai stato cos\u00ec semplice.\" \/>\n<meta name=\"robots\" content=\"index, follow, max-snippet:-1, max-image-preview:large, max-video-preview:-1\" \/>\n<link rel=\"canonical\" href=\"https:\/\/emailchef.com\/it\/gestione-campagne-email\/\" \/>\n<meta name=\"twitter:label1\" content=\"Tempo di lettura stimato\" \/>\n\t<meta name=\"twitter:data1\" content=\"1 minuto\" \/>\n<!-- \/ Yoast SEO plugin. -->","yoast_head_json":{"title":"Gestione campagne email - Emailchef","description":"Non c\u2019\u00e8 dubbio che la gestione delle campagne di email marketing possa essere impegnativa. Con Emailchef l'email marketing non \u00e8 mai stato cos\u00ec semplice.","robots":{"index":"index","follow":"follow","max-snippet":"max-snippet:-1","max-image-preview":"max-image-preview:large","max-video-preview":"max-video-preview:-1"},"canonical":"https:\/\/emailchef.com\/it\/gestione-campagne-email\/","twitter_misc":{"Tempo di lettura stimato":"1 minuto"},"schema":{"@context":"https:\/\/schema.org","@graph":[{"@type":"WebPage","@id":"https:\/\/emailchef.com\/it\/gestione-campagne-email\/","url":"https:\/\/emailchef.com\/it\/gestione-campagne-email\/","name":"Gestione campagne email - Emailchef","isPartOf":{"@id":"https:\/\/emailchef.com\/it\/#website"},"datePublished":"2014-09-18T08:48:56+00:00","dateModified":"2017-10-31T15:27:56+00:00","description":"Non c\u2019\u00e8 dubbio che la gestione delle campagne di email marketing possa essere impegnativa. Con Emailchef l'email marketing non \u00e8 mai stato cos\u00ec semplice.","breadcrumb":{"@id":"https:\/\/emailchef.com\/it\/gestione-campagne-email\/#breadcrumb"},"inLanguage":"it-IT","potentialAction":[{"@type":"ReadAction","target":["https:\/\/emailchef.com\/it\/gestione-campagne-email\/"]}]},{"@type":"BreadcrumbList","@id":"https:\/\/emailchef.com\/it\/gestione-campagne-email\/#breadcrumb","itemListElement":[{"@type":"ListItem","position":1,"name":"Home","item":"https:\/\/emailchef.com\/it\/home-test-2023\/"},{"@type":"ListItem","position":2,"name":"Gestione campagne email"}]},{"@type":"WebSite","@id":"https:\/\/emailchef.com\/it\/#website","url":"https:\/\/emailchef.com\/it\/","name":"Emailchef","description":"Gustose ricette di email marketing","publisher":{"@id":"https:\/\/emailchef.com\/it\/#organization"},"potentialAction":[{"@type":"SearchAction","target":{"@type":"EntryPoint","urlTemplate":"https:\/\/emailchef.com\/it\/?s={search_term_string}"},"query-input":{"@type":"PropertyValueSpecification","valueRequired":true,"valueName":"search_term_string"}}],"inLanguage":"it-IT"},{"@type":"Organization","@id":"https:\/\/emailchef.com\/it\/#organization","name":"Delivery Tech Corp.","url":"https:\/\/emailchef.com\/it\/","logo":{"@type":"ImageObject","inLanguage":"it-IT","@id":"https:\/\/emailchef.com\/it\/#\/schema\/logo\/image\/","url":"https:\/\/emailchef.com\/wp-content\/uploads\/2022\/04\/logo-sama.png","contentUrl":"https:\/\/emailchef.com\/wp-content\/uploads\/2022\/04\/logo-sama.png","width":237,"height":80,"caption":"Delivery Tech Corp."},"image":{"@id":"https:\/\/emailchef.com\/it\/#\/schema\/logo\/image\/"}}]}},"_links":{"self":[{"href":"https:\/\/emailchef.com\/it\/wp-json\/wp\/v2\/pages\/2705"}],"collection":[{"href":"https:\/\/emailchef.com\/it\/wp-json\/wp\/v2\/pages"}],"about":[{"href":"https:\/\/emailchef.com\/it\/wp-json\/wp\/v2\/types\/page"}],"author":[{"embeddable":true,"href":"https:\/\/emailchef.com\/it\/wp-json\/wp\/v2\/users\/4"}],"replies":[{"embeddable":true,"href":"https:\/\/emailchef.com\/it\/wp-json\/wp\/v2\/comments?post=2705"}],"version-history":[{"count":4,"href":"https:\/\/emailchef.com\/it\/wp-json\/wp\/v2\/pages\/2705\/revisions"}],"predecessor-version":[{"id":6197,"href":"https:\/\/emailchef.com\/it\/wp-json\/wp\/v2\/pages\/2705\/revisions\/6197"}],"wp:attachment":[{"href":"https:\/\/emailchef.com\/it\/wp-json\/wp\/v2\/media?parent=2705"}],"wp:term":[{"taxonomy":"g1_relation_tag","embeddable":true,"href":"https:\/\/emailchef.com\/it\/wp-json\/wp\/v2\/g1_relation_tag?post=2705"}],"curies":[{"name":"wp","href":"https:\/\/api.w.org\/{rel}","templated":true}]}}