{"id":2456,"date":"2014-09-11T09:19:23","date_gmt":"2014-09-11T09:19:23","guid":{"rendered":"http:\/\/emailchef.com\/?page_id=2456"},"modified":"2018-10-17T15:31:02","modified_gmt":"2018-10-17T15:31:02","slug":"glossario-email-marketing","status":"publish","type":"page","link":"https:\/\/emailchef.com\/it\/glossario-email-marketing\/","title":{"rendered":"Glossario"},"content":{"rendered":"<p><strong>A\/B testing<\/strong>: il tipo di test pi\u00f9 utilizzato per le newsletter e email di massa. Si effettua selezionando un campione della lista dei contatti, lo si divide in un gruppo A e in un gruppo B e si inviano due differenti versioni dell&#8217;email a ciascuno di essi. In questo modo \u00e8 possibile valutare in modo accurato l&#8217;efficacia di ciascun messaggio. E&#8217; anche conosciuto come split testing.<\/p>\n<p><strong>Autoresponder<\/strong>: un messaggio email inviato al verificarsi di un determinato evento. Per esempio, un&#8217;email inviata il giorno del compleanno del destinatario oppure un&#8217;email di benvenuto inviata subito dopo l&#8217;iscrizione al sito o alla newsletter.<\/p>\n<p><strong>Best practice<\/strong>: in generale, si intende l&#8217;insieme delle tecniche e delle procedure destinate a produrre i migliori risultati in un determinato contesto. Le best practice dell&#8217;email marketing sono orientate in particolare alla trasparenza verso l&#8217;utente, la cura della forma e del contenuto dell&#8217;email, la brevit\u00e0 dell&#8217;oggetto&#8230;<\/p>\n<p><strong>Black list<\/strong>: una lista di indirizzi email o indirizzi IP provenienti da sender sospettati di fare attivit\u00e0 di spam e di conseguenza bloccati da provider di email o da filtri anti-spam.<\/p>\n<p><strong>Bounce<\/strong>: l&#8217;azione di abbandonare velocemente una pagina web (o una email) senza effettuare alcuna attivit\u00e0. Il bounce rate \u00e8 la percentuale dei bounce ottenuti.<\/p>\n<p><strong>Bounced email<\/strong>: sono le email che non possono essere consegnate e che pertanto sono rispedite al mittente. In genere, si distingue tra soft bounce (email rimbalzate a causa di un problema temporaneo ad es. mailbox piena, o l&#8217;impostazione del messaggio automatico di out-of-office) e hard bounce (email che non potranno essere consegnate, ad esempio indirizzi non validi).<\/p>\n<p><strong>Call to action<\/strong>: l&#8217;invito contenuto in una email o in una pagina web ad eseguire una determinata azione, la quale si presuppone porti ad una conversione. Le call to action sono solitamente messe in risalto con delle grafiche accattivanti allo scopo di incoraggiare gli utenti ad effettuare l&#8217;azione, come ad esempio un pulsante cliccabile o un banner a colori a contrasto.<\/p>\n<p><strong>Click Map<\/strong>: \u00e8 una fedele rappresentazione della campagna email inviata, dove sono presenti elementi grafici che indicano la posizione di ciascun link e il numero totale di clic corrispondenti.<\/p>\n<p><strong>Click-through<\/strong>: il click su un link contenuto all&#8217;interno di una email. Il tasso di click (CTR) \u00e8 la percentuale di click sul numero totale delle email inviate.<\/p>\n<p><strong>Client<\/strong>: un software che consente agli utenti di leggere e compore email, come ad esempio Microsoft Outlook.<\/p>\n<p><strong>Conversione<\/strong>: un termine tecnico che descrive il completamente di un processo da parte dei destinatari secondo gli obiettivi fissati dal mittente. Ci possono essere vari tipi di conversioni, come ad esempio l&#8217;acquisto di un prodotto, la registrazione ad una newsletter, o una visita al sito che si prolunghi oltre una certa durata.<\/p>\n<p><strong>DEM<\/strong>: acronimo di Direct Email Marketing, una tipologia di marketing e rappresenta l&#8217;invio di email pubblicitarie o a scopi pubblicitari.<\/p>\n<p><strong>Deliverability<\/strong>: la capacit\u00e0 del mittente di consegnare i messaggi email con successo, bypassando i filtri antispam e degli ISP.<\/p>\n<p><strong>Email in attesa di consegna o in coda<\/strong>: le email inviate che sono in attesa di essere consegnate ai destinatari. Se dopo un certo numero di tentativi l&#8217;email non viene consegnata, verr\u00e0 conteggiata come bounce.<\/p>\n<p><strong>Email non inviate<\/strong>: le email non inviate perch\u00e9 presenti nella tua blacklist.<\/p>\n<p><strong>Email transazionali<\/strong>: email di servizio che sono utilizzate per confermare varie tipologie di azioni o di inviare dati ed informazioni senza uno scopo commerciali. Generalmente sono attivate da un evento particolare, come ad esempio l&#8217;iscrizione ad un sito o ad una newsletter.<\/p>\n<p><strong>Form di registrazione<\/strong>: una pagina web che consente agli utenti di iscriversi ad una newsletter. Pu\u00f2 essere sia opt-in che double opt-in.<\/p>\n<p><strong>Funnel<\/strong>: indica il percorso necessario e i relativi step che portano una semplice visita ad una conversione.<\/p>\n<p><strong>Impression<\/strong>: indica il numero di volte in cui viene visualizzata una pagina web o un&#8217;email in formato HTML.<\/p>\n<p><strong>IP<\/strong>: \u00e8 l&#8217;acronimo di Internet Protocol, un numero che identifica univocamente un dispositivo connesso ad Internet.<\/p>\n<p><strong>KPI<\/strong>: \u00e8 l&#8217;acronimo di Key Performance Indicators e rappresenta i parametri utilizzati per valutare la performance di una campagna di email marketing o (pi\u00f9 in generale) di un processo aziendale.<\/p>\n<p><strong>Landing page<\/strong>: la pagina web in cui i click di una DEM sono rediretti \u2013 e dove l&#8217;utente dovrebbe eseguire l&#8217;azione di conversione.<\/p>\n<p><strong>Lead<\/strong>: un potenziale cliente che pu\u00f2 essere \u201cconquistato\u201d attraverso un&#8217;azione mirata di marketing.<\/p>\n<p><strong>Opt-in<\/strong>: le azioni che gli utenti compiono per iscriversi ad una newsletter, come fornire il loro indirizzo email e dare al mittente il consenso di utilizzarlo per uno specifico scopo. Il double opt-in prevede che gli utenti diano il loro consenso due volte &#8211; solitamente tramite un link contenuto in un&#8217;email transazionale &#8211; al fine di completare il processo di iscrizione.<\/p>\n<p><strong>Phishing<\/strong>: una forma speciale di email spam, che ha lo scopo di rubare le informazioni personali salvate sul computer di chi le riceve, come carte di credito, password, PIN, etc.<\/p>\n<p><strong>Privacy policy<\/strong>: Il contenuto che spiega come i dati forniti dai proprio clienti (che si registrano ad un sito o ad una newsletter) saranno trattati.<\/p>\n<p><strong>ReCAPTCHA<\/strong>: \u00e8 un sistema che stabilisce se l&#8217;utente \u00e8 un essere umano, utile per verificare se chi effettua la compilazione di un form \u00e8 una persona oppure un programma.<\/p>\n<p><strong>Rendering<\/strong>: il modo in cui i messaggi email vengono visualizzati. Nello specifico, questo termine include anche tutte le tecniche utilizzate dai mittenti aventi lo scopo di far apparire il messaggio finale al destinatario il pi\u00f9 possibile simile rispetto al formato originario.<\/p>\n<p><strong>ROI<\/strong>: \u00e8 l&#8217;acronimo di Return On Investment, consiste nel rapporto tra il fatturato e gli investimenti. In sintesi, il modo pi\u00f9 semplice per misurare la redditivit\u00e0 di un&#8217;operazione economica.<\/p>\n<p><strong>SMTP<\/strong>: \u00e8 l&#8217;acronimo di Simple Mail Transfer Protocol. E&#8217; il protocollo pi\u00f9 comune per inviare emai. Si comporta come un \u201cpostino\u201d, trasportando tutti i messaggi email dal mittente ai server dei destinatari.<\/p>\n<p><strong>Spam<\/strong>: in generale, qualsiasi tipo di email di massa non desiderata.I messaggi di spam sono anche conosciuti come junk email e unsolicited bulk email (UBE).<\/p>\n<p><strong>Tasso di apertura<\/strong>: la percentuale di email aperte sul totale delle email consegnate. Bench\u00e8 si tratti di un indicatore molto importante, non dovrebbe essere sopravvalutato, in quanto la mera apertura di un&#8217;email non implica in automatico n\u00e8 una vera e propria azione n\u00e8 una conversione.<\/p>\n<p><strong>Unsubscribe<\/strong>: il processo di cancellazione di un iscritto ad una newsletter \u2013 anche conosciuto come opt-out. Al termine di tale processo l&#8217;indirizzo del destinatario sar\u00e0 rimosso dal database del mittente.<\/p>\n<p><strong>White list<\/strong>: un database contenente indirizzi email il cui proprietario ha consentito di ricevere messaggi di marketing.<\/p>\n","protected":false},"excerpt":{"rendered":"<p>A\/B testing: il tipo di test pi\u00f9 utilizzato per le newsletter e email di massa. Si effettua selezionando un campione della lista dei contatti, lo si divide in un gruppo A e in un gruppo B e si inviano due differenti versioni dell&#8217;email a ciascuno di essi. In questo modo \u00e8 possibile valutare in modo [&hellip;]<\/p>\n","protected":false},"author":4,"featured_media":0,"parent":0,"menu_order":137,"comment_status":"closed","ping_status":"closed","template":"","meta":{"_acf_changed":false,"inline_featured_image":false,"footnotes":""},"g1_relation_tag":[],"class_list":["post-2456","page","type-page","status-publish","hentry"],"acf":[],"yoast_head":"<!-- This site is optimized with the Yoast SEO plugin v24.8.1 - https:\/\/yoast.com\/wordpress\/plugins\/seo\/ -->\n<title>Glossario - Emailchef<\/title>\n<meta name=\"description\" content=\"Scopri il significato dei termini pi\u00f9 utilizzati nell&#039;email Marketing con questo glossario di Emailchef.\" \/>\n<meta name=\"robots\" content=\"index, follow, max-snippet:-1, max-image-preview:large, max-video-preview:-1\" \/>\n<link rel=\"canonical\" href=\"https:\/\/emailchef.com\/it\/glossario-email-marketing\/\" \/>\n<meta name=\"twitter:label1\" content=\"Tempo di lettura stimato\" \/>\n\t<meta name=\"twitter:data1\" content=\"5 minuti\" \/>\n<!-- \/ Yoast SEO plugin. -->","yoast_head_json":{"title":"Glossario - Emailchef","description":"Scopri il significato dei termini pi\u00f9 utilizzati nell'email Marketing con questo glossario di Emailchef.","robots":{"index":"index","follow":"follow","max-snippet":"max-snippet:-1","max-image-preview":"max-image-preview:large","max-video-preview":"max-video-preview:-1"},"canonical":"https:\/\/emailchef.com\/it\/glossario-email-marketing\/","twitter_misc":{"Tempo di lettura stimato":"5 minuti"},"schema":{"@context":"https:\/\/schema.org","@graph":[{"@type":"WebPage","@id":"https:\/\/emailchef.com\/it\/glossario-email-marketing\/","url":"https:\/\/emailchef.com\/it\/glossario-email-marketing\/","name":"Glossario - Emailchef","isPartOf":{"@id":"https:\/\/emailchef.com\/it\/#website"},"datePublished":"2014-09-11T09:19:23+00:00","dateModified":"2018-10-17T15:31:02+00:00","description":"Scopri il significato dei termini pi\u00f9 utilizzati nell'email Marketing con questo glossario di Emailchef.","breadcrumb":{"@id":"https:\/\/emailchef.com\/it\/glossario-email-marketing\/#breadcrumb"},"inLanguage":"it-IT","potentialAction":[{"@type":"ReadAction","target":["https:\/\/emailchef.com\/it\/glossario-email-marketing\/"]}]},{"@type":"BreadcrumbList","@id":"https:\/\/emailchef.com\/it\/glossario-email-marketing\/#breadcrumb","itemListElement":[{"@type":"ListItem","position":1,"name":"Home","item":"https:\/\/emailchef.com\/it\/home-test-2023\/"},{"@type":"ListItem","position":2,"name":"Glossario"}]},{"@type":"WebSite","@id":"https:\/\/emailchef.com\/it\/#website","url":"https:\/\/emailchef.com\/it\/","name":"Emailchef","description":"Gustose ricette di email marketing","publisher":{"@id":"https:\/\/emailchef.com\/it\/#organization"},"potentialAction":[{"@type":"SearchAction","target":{"@type":"EntryPoint","urlTemplate":"https:\/\/emailchef.com\/it\/?s={search_term_string}"},"query-input":{"@type":"PropertyValueSpecification","valueRequired":true,"valueName":"search_term_string"}}],"inLanguage":"it-IT"},{"@type":"Organization","@id":"https:\/\/emailchef.com\/it\/#organization","name":"Delivery Tech Corp.","url":"https:\/\/emailchef.com\/it\/","logo":{"@type":"ImageObject","inLanguage":"it-IT","@id":"https:\/\/emailchef.com\/it\/#\/schema\/logo\/image\/","url":"https:\/\/emailchef.com\/wp-content\/uploads\/2022\/04\/logo-sama.png","contentUrl":"https:\/\/emailchef.com\/wp-content\/uploads\/2022\/04\/logo-sama.png","width":237,"height":80,"caption":"Delivery Tech Corp."},"image":{"@id":"https:\/\/emailchef.com\/it\/#\/schema\/logo\/image\/"}}]}},"_links":{"self":[{"href":"https:\/\/emailchef.com\/it\/wp-json\/wp\/v2\/pages\/2456"}],"collection":[{"href":"https:\/\/emailchef.com\/it\/wp-json\/wp\/v2\/pages"}],"about":[{"href":"https:\/\/emailchef.com\/it\/wp-json\/wp\/v2\/types\/page"}],"author":[{"embeddable":true,"href":"https:\/\/emailchef.com\/it\/wp-json\/wp\/v2\/users\/4"}],"replies":[{"embeddable":true,"href":"https:\/\/emailchef.com\/it\/wp-json\/wp\/v2\/comments?post=2456"}],"version-history":[{"count":12,"href":"https:\/\/emailchef.com\/it\/wp-json\/wp\/v2\/pages\/2456\/revisions"}],"predecessor-version":[{"id":7975,"href":"https:\/\/emailchef.com\/it\/wp-json\/wp\/v2\/pages\/2456\/revisions\/7975"}],"wp:attachment":[{"href":"https:\/\/emailchef.com\/it\/wp-json\/wp\/v2\/media?parent=2456"}],"wp:term":[{"taxonomy":"g1_relation_tag","embeddable":true,"href":"https:\/\/emailchef.com\/it\/wp-json\/wp\/v2\/g1_relation_tag?post=2456"}],"curies":[{"name":"wp","href":"https:\/\/api.w.org\/{rel}","templated":true}]}}