{"id":24322,"date":"2020-09-17T10:42:34","date_gmt":"2020-09-17T10:42:34","guid":{"rendered":"https:\/\/emailchef.com\/?page_id=24322"},"modified":"2023-02-27T13:47:47","modified_gmt":"2023-02-27T13:47:47","slug":"creare-unemail-automatica-di-follow-up","status":"publish","type":"page","link":"https:\/\/emailchef.com\/it\/documentazione\/creare-unemail-automatica-di-follow-up\/","title":{"rendered":"Creare un&#8217;email automatica di follow up"},"content":{"rendered":"<p>L&#8217;autoresponder pu\u00f2 essere anche utilizzato per far ricevere ai tuoi iscritti delle risposte automatiche in base alle loro azioni. Un esempio pu\u00f2 essere l&#8217;invio di un&#8217;<strong>email di richiesta di recensione<\/strong> in cui i tuoi contatti potranno dare la loro valutazione cliccando &#8220;positivo&#8221; o &#8220;negativo&#8221;. In base al link cliccato, potranno quindi ricevere in automatico, grazie all&#8217;autoresponder, una seconda <strong>email di risposta personalizzata (follow up).<\/strong><\/p>\n<p><a href=\"https:\/\/emailchef.com\/wp-content\/uploads\/2020\/09\/Follow-up-1.jpg\" rel=\"lightbox\"><img fetchpriority=\"high\" decoding=\"async\" class=\"alignnone wp-image-24378 size-full\" src=\"https:\/\/emailchef.com\/wp-content\/uploads\/2020\/09\/Follow-up-1.jpg\" alt=\"\" width=\"1600\" height=\"737\" srcset=\"https:\/\/emailchef.com\/wp-content\/uploads\/2020\/09\/Follow-up-1.jpg 1600w, https:\/\/emailchef.com\/wp-content\/uploads\/2020\/09\/Follow-up-1-300x138.jpg 300w, https:\/\/emailchef.com\/wp-content\/uploads\/2020\/09\/Follow-up-1-768x354.jpg 768w, https:\/\/emailchef.com\/wp-content\/uploads\/2020\/09\/Follow-up-1-1024x472.jpg 1024w, https:\/\/emailchef.com\/wp-content\/uploads\/2020\/09\/Follow-up-1-968x446.jpg 968w, https:\/\/emailchef.com\/wp-content\/uploads\/2020\/09\/Follow-up-1-636x293.jpg 636w, https:\/\/emailchef.com\/wp-content\/uploads\/2020\/09\/Follow-up-1-320x147.jpg 320w, https:\/\/emailchef.com\/wp-content\/uploads\/2020\/09\/Follow-up-1-239x110.jpg 239w\" sizes=\"(max-width: 1600px) 100vw, 1600px\" \/><\/a><\/p>\n<p>Richiedere una recensione ai tuoi clienti sui tuoi prodotti\/servizi pu\u00f2 aiutare a <strong>fidelizzarli<\/strong> o addirittura <strong>generare nuove conversioni.<\/strong><\/p>\n<p>Vediamo come impostare un autoresponder di follow up legato ad una email di richiesta di recensione.<\/p>\n<p>Per prima cosa,<strong> programma l&#8217;invio della tua email di richiesta di recensione.<\/strong> Nell&#8217;esempio citato prima, l&#8217;email contiene due link diversi da scegliere come valutazione, ognuno dei quali porta a una landing page come risposta immediata. Il contatto che avr\u00e0 cliccato uno dei due link ricever\u00e0 successivamente il follow up, che sar\u00e0 differente in base al link cliccato. In caso di valutazione positiva, potresti per esempio far ricevere uno sconto da utilizzare sul prossimo acquisto.<\/p>\n<p><a href=\"https:\/\/emailchef.com\/wp-content\/uploads\/2020\/09\/Screenshot_162.jpg\" rel=\"lightbox\"><img decoding=\"async\" class=\"alignnone wp-image-24396 size-full\" src=\"https:\/\/emailchef.com\/wp-content\/uploads\/2020\/09\/Screenshot_162.jpg\" alt=\"\" width=\"1508\" height=\"492\" srcset=\"https:\/\/emailchef.com\/wp-content\/uploads\/2020\/09\/Screenshot_162.jpg 1508w, https:\/\/emailchef.com\/wp-content\/uploads\/2020\/09\/Screenshot_162-300x98.jpg 300w, https:\/\/emailchef.com\/wp-content\/uploads\/2020\/09\/Screenshot_162-768x251.jpg 768w, https:\/\/emailchef.com\/wp-content\/uploads\/2020\/09\/Screenshot_162-1024x334.jpg 1024w, https:\/\/emailchef.com\/wp-content\/uploads\/2020\/09\/Screenshot_162-968x316.jpg 968w, https:\/\/emailchef.com\/wp-content\/uploads\/2020\/09\/Screenshot_162-636x208.jpg 636w, https:\/\/emailchef.com\/wp-content\/uploads\/2020\/09\/Screenshot_162-320x104.jpg 320w, https:\/\/emailchef.com\/wp-content\/uploads\/2020\/09\/Screenshot_162-239x78.jpg 239w\" sizes=\"(max-width: 1508px) 100vw, 1508px\" \/><\/a><\/p>\n<p>Una volta creati i template per gli autoresponder,&nbsp;sei&nbsp;pronto a&nbsp;<strong>creare gli autoresponder.&nbsp;<\/strong><\/p>\n<p>Vai nella sezione \u201cAUTORESPONDER\u201d e clicca \u201cCREA UN AUTORESPONDER\u201c.<\/p>\n<p><a href=\"https:\/\/emailchef.com\/wp-content\/uploads\/2020\/09\/Screenshot_133-2.jpg\" rel=\"lightbox\"><img decoding=\"async\" class=\"alignnone wp-image-24188 size-full\" src=\"https:\/\/emailchef.com\/wp-content\/uploads\/2020\/09\/Screenshot_133-2.jpg\" alt=\"\" width=\"1491\" height=\"527\" srcset=\"https:\/\/emailchef.com\/wp-content\/uploads\/2020\/09\/Screenshot_133-2.jpg 1491w, https:\/\/emailchef.com\/wp-content\/uploads\/2020\/09\/Screenshot_133-2-300x106.jpg 300w, https:\/\/emailchef.com\/wp-content\/uploads\/2020\/09\/Screenshot_133-2-768x271.jpg 768w, https:\/\/emailchef.com\/wp-content\/uploads\/2020\/09\/Screenshot_133-2-1024x362.jpg 1024w, https:\/\/emailchef.com\/wp-content\/uploads\/2020\/09\/Screenshot_133-2-968x342.jpg 968w, https:\/\/emailchef.com\/wp-content\/uploads\/2020\/09\/Screenshot_133-2-636x225.jpg 636w, https:\/\/emailchef.com\/wp-content\/uploads\/2020\/09\/Screenshot_133-2-320x113.jpg 320w, https:\/\/emailchef.com\/wp-content\/uploads\/2020\/09\/Screenshot_133-2-239x84.jpg 239w\" sizes=\"(max-width: 1491px) 100vw, 1491px\" \/><\/a><\/p>\n<p>Seleziona uno dei template che hai creato e clicca \u201cUSA PER L\u2019AUTORESPONDER\u201d.<\/p>\n<p><a href=\"https:\/\/emailchef.com\/wp-content\/uploads\/2020\/09\/Screenshot_163.jpg\" rel=\"lightbox\"><img loading=\"lazy\" decoding=\"async\" class=\"alignnone wp-image-24412 size-full\" src=\"https:\/\/emailchef.com\/wp-content\/uploads\/2020\/09\/Screenshot_163.jpg\" alt=\"\" width=\"1225\" height=\"556\" srcset=\"https:\/\/emailchef.com\/wp-content\/uploads\/2020\/09\/Screenshot_163.jpg 1225w, https:\/\/emailchef.com\/wp-content\/uploads\/2020\/09\/Screenshot_163-300x136.jpg 300w, https:\/\/emailchef.com\/wp-content\/uploads\/2020\/09\/Screenshot_163-768x349.jpg 768w, https:\/\/emailchef.com\/wp-content\/uploads\/2020\/09\/Screenshot_163-1024x465.jpg 1024w, https:\/\/emailchef.com\/wp-content\/uploads\/2020\/09\/Screenshot_163-968x439.jpg 968w, https:\/\/emailchef.com\/wp-content\/uploads\/2020\/09\/Screenshot_163-636x289.jpg 636w, https:\/\/emailchef.com\/wp-content\/uploads\/2020\/09\/Screenshot_163-320x145.jpg 320w, https:\/\/emailchef.com\/wp-content\/uploads\/2020\/09\/Screenshot_163-239x108.jpg 239w\" sizes=\"(max-width: 1225px) 100vw, 1225px\" \/><\/a><\/p>\n<p>Clicca \u201cAVANTI\u201d. Nella scheda successiva,&nbsp;<strong>seleziona la tipologia di evento<\/strong>&nbsp;che attiver\u00e0 il tuo autoresponder. In questo caso, scegli <strong>\u201cUn link specifico della campagna \u00e8 stato cliccato\u201d.<\/strong><\/p>\n<p><a href=\"https:\/\/emailchef.com\/wp-content\/uploads\/2020\/09\/Screenshot_164.jpg\" rel=\"lightbox\"><img loading=\"lazy\" decoding=\"async\" class=\"alignnone wp-image-24428 size-full\" src=\"https:\/\/emailchef.com\/wp-content\/uploads\/2020\/09\/Screenshot_164.jpg\" alt=\"\" width=\"1229\" height=\"576\" srcset=\"https:\/\/emailchef.com\/wp-content\/uploads\/2020\/09\/Screenshot_164.jpg 1229w, https:\/\/emailchef.com\/wp-content\/uploads\/2020\/09\/Screenshot_164-300x141.jpg 300w, https:\/\/emailchef.com\/wp-content\/uploads\/2020\/09\/Screenshot_164-768x360.jpg 768w, https:\/\/emailchef.com\/wp-content\/uploads\/2020\/09\/Screenshot_164-1024x480.jpg 1024w, https:\/\/emailchef.com\/wp-content\/uploads\/2020\/09\/Screenshot_164-968x454.jpg 968w, https:\/\/emailchef.com\/wp-content\/uploads\/2020\/09\/Screenshot_164-636x298.jpg 636w, https:\/\/emailchef.com\/wp-content\/uploads\/2020\/09\/Screenshot_164-320x150.jpg 320w, https:\/\/emailchef.com\/wp-content\/uploads\/2020\/09\/Screenshot_164-239x112.jpg 239w\" sizes=\"(max-width: 1229px) 100vw, 1229px\" \/><\/a><\/p>\n<p><strong>Seleziona il nome della campagna<\/strong> precedentemente programmata (l&#8217;email di richiesta di recensione).<\/p>\n<p><a href=\"https:\/\/emailchef.com\/wp-content\/uploads\/2020\/09\/Screenshot_165.jpg\" rel=\"lightbox\"><img loading=\"lazy\" decoding=\"async\" class=\"alignnone wp-image-24460 size-full\" src=\"https:\/\/emailchef.com\/wp-content\/uploads\/2020\/09\/Screenshot_165.jpg\" alt=\"\" width=\"1220\" height=\"874\" srcset=\"https:\/\/emailchef.com\/wp-content\/uploads\/2020\/09\/Screenshot_165.jpg 1220w, https:\/\/emailchef.com\/wp-content\/uploads\/2020\/09\/Screenshot_165-300x215.jpg 300w, https:\/\/emailchef.com\/wp-content\/uploads\/2020\/09\/Screenshot_165-768x550.jpg 768w, https:\/\/emailchef.com\/wp-content\/uploads\/2020\/09\/Screenshot_165-1024x734.jpg 1024w, https:\/\/emailchef.com\/wp-content\/uploads\/2020\/09\/Screenshot_165-968x693.jpg 968w, https:\/\/emailchef.com\/wp-content\/uploads\/2020\/09\/Screenshot_165-636x456.jpg 636w, https:\/\/emailchef.com\/wp-content\/uploads\/2020\/09\/Screenshot_165-320x229.jpg 320w, https:\/\/emailchef.com\/wp-content\/uploads\/2020\/09\/Screenshot_165-239x171.jpg 239w\" sizes=\"(max-width: 1220px) 100vw, 1220px\" \/><\/a><\/p>\n<p><strong>Seleziona il link<\/strong> che il contatto dovr\u00e0 cliccare per ricevere l&#8217;email dell&#8217;autoresponder.<\/p>\n<p><a href=\"https:\/\/emailchef.com\/wp-content\/uploads\/2020\/09\/Screenshot_166.jpg\" rel=\"lightbox\"><img loading=\"lazy\" decoding=\"async\" class=\"alignnone wp-image-24476 size-full\" src=\"https:\/\/emailchef.com\/wp-content\/uploads\/2020\/09\/Screenshot_166.jpg\" alt=\"\" width=\"1213\" height=\"875\" srcset=\"https:\/\/emailchef.com\/wp-content\/uploads\/2020\/09\/Screenshot_166.jpg 1213w, https:\/\/emailchef.com\/wp-content\/uploads\/2020\/09\/Screenshot_166-300x216.jpg 300w, https:\/\/emailchef.com\/wp-content\/uploads\/2020\/09\/Screenshot_166-768x554.jpg 768w, https:\/\/emailchef.com\/wp-content\/uploads\/2020\/09\/Screenshot_166-1024x739.jpg 1024w, https:\/\/emailchef.com\/wp-content\/uploads\/2020\/09\/Screenshot_166-968x698.jpg 968w, https:\/\/emailchef.com\/wp-content\/uploads\/2020\/09\/Screenshot_166-636x459.jpg 636w, https:\/\/emailchef.com\/wp-content\/uploads\/2020\/09\/Screenshot_166-320x231.jpg 320w, https:\/\/emailchef.com\/wp-content\/uploads\/2020\/09\/Screenshot_166-239x172.jpg 239w\" sizes=\"(max-width: 1213px) 100vw, 1213px\" \/><\/a><\/p>\n<p><strong>Seleziona le liste o i segmenti<\/strong> che potranno ricevere l&#8217;email (gli stessi contatti a cui sar\u00e0 inviata l&#8217;email di recensione).<\/p>\n<p><a href=\"https:\/\/emailchef.com\/wp-content\/uploads\/2020\/09\/Screenshot_167.jpg\"><img loading=\"lazy\" decoding=\"async\" class=\"alignnone size-full wp-image-24494\" src=\"https:\/\/emailchef.com\/wp-content\/uploads\/2020\/09\/Screenshot_167.jpg\" alt=\"\" width=\"1213\" height=\"875\" srcset=\"https:\/\/emailchef.com\/wp-content\/uploads\/2020\/09\/Screenshot_167.jpg 1213w, https:\/\/emailchef.com\/wp-content\/uploads\/2020\/09\/Screenshot_167-300x216.jpg 300w, https:\/\/emailchef.com\/wp-content\/uploads\/2020\/09\/Screenshot_167-768x554.jpg 768w, https:\/\/emailchef.com\/wp-content\/uploads\/2020\/09\/Screenshot_167-1024x739.jpg 1024w, https:\/\/emailchef.com\/wp-content\/uploads\/2020\/09\/Screenshot_167-968x698.jpg 968w, https:\/\/emailchef.com\/wp-content\/uploads\/2020\/09\/Screenshot_167-636x459.jpg 636w, https:\/\/emailchef.com\/wp-content\/uploads\/2020\/09\/Screenshot_167-320x231.jpg 320w, https:\/\/emailchef.com\/wp-content\/uploads\/2020\/09\/Screenshot_167-239x172.jpg 239w\" sizes=\"(max-width: 1213px) 100vw, 1213px\" \/><\/a><\/p>\n<p><strong>Imposta il tempo di invio<\/strong>&nbsp;dell\u2019autoresponder. Puoi far ricevere la tua email giorni o ore dopo l&#8217;avvenuta del clic al link indicato. Se imposti il tempo su \u201c0 giorni\u201d e \u201c0 ore\u201d, l\u2019email sar\u00e0 ricevuta immediatamente dopo il clic.<\/p>\n<p><a href=\"https:\/\/emailchef.com\/wp-content\/uploads\/2020\/09\/Screenshot_168.jpg\" rel=\"lightbox\"><img loading=\"lazy\" decoding=\"async\" class=\"alignnone wp-image-24510 size-full\" src=\"https:\/\/emailchef.com\/wp-content\/uploads\/2020\/09\/Screenshot_168.jpg\" alt=\"\" width=\"1213\" height=\"954\" srcset=\"https:\/\/emailchef.com\/wp-content\/uploads\/2020\/09\/Screenshot_168.jpg 1213w, https:\/\/emailchef.com\/wp-content\/uploads\/2020\/09\/Screenshot_168-300x236.jpg 300w, https:\/\/emailchef.com\/wp-content\/uploads\/2020\/09\/Screenshot_168-768x604.jpg 768w, https:\/\/emailchef.com\/wp-content\/uploads\/2020\/09\/Screenshot_168-1024x805.jpg 1024w, https:\/\/emailchef.com\/wp-content\/uploads\/2020\/09\/Screenshot_168-968x761.jpg 968w, https:\/\/emailchef.com\/wp-content\/uploads\/2020\/09\/Screenshot_168-636x500.jpg 636w, https:\/\/emailchef.com\/wp-content\/uploads\/2020\/09\/Screenshot_168-320x252.jpg 320w, https:\/\/emailchef.com\/wp-content\/uploads\/2020\/09\/Screenshot_168-239x188.jpg 239w\" sizes=\"(max-width: 1213px) 100vw, 1213px\" \/><\/a><\/p>\n<p>Clicca \u201cAVANTI\u201d. Compila la scheda seguente con il nome dell\u2019autoresponder, il mittente, l\u2019oggetto e, se vuoi, aggiungi anche il preheader.<\/p>\n<p><a href=\"https:\/\/emailchef.com\/wp-content\/uploads\/2020\/09\/Screenshot_169.jpg\" rel=\"lightbox\"><img loading=\"lazy\" decoding=\"async\" class=\"alignnone wp-image-24526 size-full\" src=\"https:\/\/emailchef.com\/wp-content\/uploads\/2020\/09\/Screenshot_169.jpg\" alt=\"\" width=\"1246\" height=\"912\" srcset=\"https:\/\/emailchef.com\/wp-content\/uploads\/2020\/09\/Screenshot_169.jpg 1246w, https:\/\/emailchef.com\/wp-content\/uploads\/2020\/09\/Screenshot_169-300x220.jpg 300w, https:\/\/emailchef.com\/wp-content\/uploads\/2020\/09\/Screenshot_169-768x562.jpg 768w, https:\/\/emailchef.com\/wp-content\/uploads\/2020\/09\/Screenshot_169-1024x750.jpg 1024w, https:\/\/emailchef.com\/wp-content\/uploads\/2020\/09\/Screenshot_169-968x709.jpg 968w, https:\/\/emailchef.com\/wp-content\/uploads\/2020\/09\/Screenshot_169-636x466.jpg 636w, https:\/\/emailchef.com\/wp-content\/uploads\/2020\/09\/Screenshot_169-320x234.jpg 320w, https:\/\/emailchef.com\/wp-content\/uploads\/2020\/09\/Screenshot_169-239x175.jpg 239w\" sizes=\"(max-width: 1246px) 100vw, 1246px\" \/><\/a><\/p>\n<p>Clicca \u201cAVANTI\u201d, poi clicca il pulsante \u201c<strong>ATTIVA L&#8217;AUTORESPONDER<\/strong>\u201c: l\u2019autoresponder sar\u00e0 attivato.<\/p>\n<p><a href=\"https:\/\/emailchef.com\/wp-content\/uploads\/2020\/09\/Screenshot_170.jpg\" rel=\"lightbox\"><img loading=\"lazy\" decoding=\"async\" class=\"alignnone wp-image-24542 size-full\" src=\"https:\/\/emailchef.com\/wp-content\/uploads\/2020\/09\/Screenshot_170.jpg\" alt=\"\" width=\"1218\" height=\"523\" srcset=\"https:\/\/emailchef.com\/wp-content\/uploads\/2020\/09\/Screenshot_170.jpg 1218w, https:\/\/emailchef.com\/wp-content\/uploads\/2020\/09\/Screenshot_170-300x129.jpg 300w, https:\/\/emailchef.com\/wp-content\/uploads\/2020\/09\/Screenshot_170-768x330.jpg 768w, https:\/\/emailchef.com\/wp-content\/uploads\/2020\/09\/Screenshot_170-1024x440.jpg 1024w, https:\/\/emailchef.com\/wp-content\/uploads\/2020\/09\/Screenshot_170-968x416.jpg 968w, https:\/\/emailchef.com\/wp-content\/uploads\/2020\/09\/Screenshot_170-636x273.jpg 636w, https:\/\/emailchef.com\/wp-content\/uploads\/2020\/09\/Screenshot_170-320x137.jpg 320w, https:\/\/emailchef.com\/wp-content\/uploads\/2020\/09\/Screenshot_170-239x103.jpg 239w\" sizes=\"(max-width: 1218px) 100vw, 1218px\" \/><\/a><\/p>\n<p>Una volta che l&#8217;email di richiesta di recensione sar\u00e0 inviata, i tuoi contatti riceveranno l&#8217;email di autoresponder solo se cliccheranno il link da te indicato, e la riceveranno in base all&#8217;orario scelto durante la programmazione dell&#8217;invio.<\/p>\n<p>Su questo argomento, guarda anche il video tutorial:<\/p>\n<div class=\"lyte-wrapper\" title=\"Tutorial: come richiedere recensioni e impostare dei follow up con emailchef\" style=\"width:640px;max-width:100%;margin:5px;\"><div class=\"lyMe\" id=\"WYL_5YOgjo8iltI\"><div id=\"lyte_5YOgjo8iltI\" data-src=\"https:\/\/emailchef.com\/wp-content\/plugins\/wp-youtube-lyte\/lyteCache.php?origThumbUrl=https%3A%2F%2Fi.ytimg.com%2Fvi%2F5YOgjo8iltI%2Fhqdefault.jpg\" class=\"pL\"><div class=\"tC\"><div class=\"tT\">Tutorial: come richiedere recensioni e impostare dei follow up con emailchef<\/div><\/div><div class=\"play\"><\/div><div class=\"ctrl\"><div class=\"Lctrl\"><\/div><div class=\"Rctrl\"><\/div><\/div><\/div><noscript><a href=\"https:\/\/youtu.be\/5YOgjo8iltI\" rel=\"nofollow\"><img loading=\"lazy\" decoding=\"async\" src=\"https:\/\/emailchef.com\/wp-content\/plugins\/wp-youtube-lyte\/lyteCache.php?origThumbUrl=https%3A%2F%2Fi.ytimg.com%2Fvi%2F5YOgjo8iltI%2F0.jpg\" alt=\"Tutorial: come richiedere recensioni e impostare dei follow up con emailchef\" width=\"640\" height=\"340\" \/><br \/>Guarda questo video su YouTube<\/a><\/noscript><\/div><\/div><div class=\"lL\" style=\"max-width:100%;width:640px;margin:5px;\"><\/div>\n<div class=\"ec-video-button hide centered\">\n\t<a href=\"https:\/\/youtu.be\/5YOgjo8iltI\" rel=\"prettyPhoto\" title=\"Riproduci Video\">Riproduci Video <i class=\"fa fa-play-circle fa-2x\"><\/i><\/a>\n<\/div>\n","protected":false},"excerpt":{"rendered":"<p>L&#8217;autoresponder pu\u00f2 essere anche utilizzato per far ricevere ai tuoi iscritti delle risposte automatiche in base alle loro azioni. Un esempio pu\u00f2 essere l&#8217;invio di un&#8217;email di richiesta di recensione in cui i tuoi contatti potranno dare la loro valutazione cliccando &#8220;positivo&#8221; o &#8220;negativo&#8221;. In base al link cliccato, potranno quindi ricevere in automatico, grazie [&hellip;]<\/p>\n","protected":false},"author":20,"featured_media":0,"parent":1081,"menu_order":0,"comment_status":"closed","ping_status":"closed","template":"","meta":{"_acf_changed":false,"inline_featured_image":false,"footnotes":""},"g1_relation_tag":[],"class_list":["post-24322","page","type-page","status-publish","hentry"],"acf":[],"yoast_head":"<!-- This site is optimized with the Yoast SEO plugin v24.8.1 - https:\/\/yoast.com\/wordpress\/plugins\/seo\/ -->\n<title>Creare un&#039;email automatica di follow up - Emailchef<\/title>\n<meta name=\"robots\" content=\"index, follow, max-snippet:-1, max-image-preview:large, max-video-preview:-1\" \/>\n<link rel=\"canonical\" href=\"https:\/\/emailchef.com\/it\/documentazione\/creare-unemail-automatica-di-follow-up\/\" \/>\n<meta name=\"twitter:label1\" content=\"Tempo di lettura stimato\" \/>\n\t<meta name=\"twitter:data1\" content=\"4 minuti\" \/>\n<!-- \/ Yoast SEO plugin. -->","yoast_head_json":{"title":"Creare un'email automatica di follow up - Emailchef","robots":{"index":"index","follow":"follow","max-snippet":"max-snippet:-1","max-image-preview":"max-image-preview:large","max-video-preview":"max-video-preview:-1"},"canonical":"https:\/\/emailchef.com\/it\/documentazione\/creare-unemail-automatica-di-follow-up\/","twitter_misc":{"Tempo di lettura stimato":"4 minuti"},"schema":{"@context":"https:\/\/schema.org","@graph":[{"@type":"WebPage","@id":"https:\/\/emailchef.com\/it\/documentazione\/creare-unemail-automatica-di-follow-up\/","url":"https:\/\/emailchef.com\/it\/documentazione\/creare-unemail-automatica-di-follow-up\/","name":"Creare un'email automatica di follow up - Emailchef","isPartOf":{"@id":"https:\/\/emailchef.com\/it\/#website"},"primaryImageOfPage":{"@id":"https:\/\/emailchef.com\/it\/documentazione\/creare-unemail-automatica-di-follow-up\/#primaryimage"},"image":{"@id":"https:\/\/emailchef.com\/it\/documentazione\/creare-unemail-automatica-di-follow-up\/#primaryimage"},"thumbnailUrl":"https:\/\/emailchef.com\/wp-content\/uploads\/2020\/09\/Follow-up-1.jpg","datePublished":"2020-09-17T10:42:34+00:00","dateModified":"2023-02-27T13:47:47+00:00","breadcrumb":{"@id":"https:\/\/emailchef.com\/it\/documentazione\/creare-unemail-automatica-di-follow-up\/#breadcrumb"},"inLanguage":"it-IT","potentialAction":[{"@type":"ReadAction","target":["https:\/\/emailchef.com\/it\/documentazione\/creare-unemail-automatica-di-follow-up\/"]}]},{"@type":"ImageObject","inLanguage":"it-IT","@id":"https:\/\/emailchef.com\/it\/documentazione\/creare-unemail-automatica-di-follow-up\/#primaryimage","url":"https:\/\/emailchef.com\/wp-content\/uploads\/2020\/09\/Follow-up-1.jpg","contentUrl":"https:\/\/emailchef.com\/wp-content\/uploads\/2020\/09\/Follow-up-1.jpg"},{"@type":"BreadcrumbList","@id":"https:\/\/emailchef.com\/it\/documentazione\/creare-unemail-automatica-di-follow-up\/#breadcrumb","itemListElement":[{"@type":"ListItem","position":1,"name":"Home","item":"https:\/\/emailchef.com\/it\/home-test-2023\/"},{"@type":"ListItem","position":2,"name":"Documentazione","item":"https:\/\/emailchef.com\/it\/documentazione\/"},{"@type":"ListItem","position":3,"name":"Creare un&#8217;email automatica di follow up"}]},{"@type":"WebSite","@id":"https:\/\/emailchef.com\/it\/#website","url":"https:\/\/emailchef.com\/it\/","name":"Emailchef","description":"Gustose ricette di email marketing","publisher":{"@id":"https:\/\/emailchef.com\/it\/#organization"},"potentialAction":[{"@type":"SearchAction","target":{"@type":"EntryPoint","urlTemplate":"https:\/\/emailchef.com\/it\/?s={search_term_string}"},"query-input":{"@type":"PropertyValueSpecification","valueRequired":true,"valueName":"search_term_string"}}],"inLanguage":"it-IT"},{"@type":"Organization","@id":"https:\/\/emailchef.com\/it\/#organization","name":"Delivery Tech Corp.","url":"https:\/\/emailchef.com\/it\/","logo":{"@type":"ImageObject","inLanguage":"it-IT","@id":"https:\/\/emailchef.com\/it\/#\/schema\/logo\/image\/","url":"https:\/\/emailchef.com\/wp-content\/uploads\/2022\/04\/logo-sama.png","contentUrl":"https:\/\/emailchef.com\/wp-content\/uploads\/2022\/04\/logo-sama.png","width":237,"height":80,"caption":"Delivery Tech Corp."},"image":{"@id":"https:\/\/emailchef.com\/it\/#\/schema\/logo\/image\/"}}]}},"_links":{"self":[{"href":"https:\/\/emailchef.com\/it\/wp-json\/wp\/v2\/pages\/24322"}],"collection":[{"href":"https:\/\/emailchef.com\/it\/wp-json\/wp\/v2\/pages"}],"about":[{"href":"https:\/\/emailchef.com\/it\/wp-json\/wp\/v2\/types\/page"}],"author":[{"embeddable":true,"href":"https:\/\/emailchef.com\/it\/wp-json\/wp\/v2\/users\/20"}],"replies":[{"embeddable":true,"href":"https:\/\/emailchef.com\/it\/wp-json\/wp\/v2\/comments?post=24322"}],"version-history":[{"count":26,"href":"https:\/\/emailchef.com\/it\/wp-json\/wp\/v2\/pages\/24322\/revisions"}],"predecessor-version":[{"id":62581,"href":"https:\/\/emailchef.com\/it\/wp-json\/wp\/v2\/pages\/24322\/revisions\/62581"}],"up":[{"embeddable":true,"href":"https:\/\/emailchef.com\/it\/wp-json\/wp\/v2\/pages\/1081"}],"wp:attachment":[{"href":"https:\/\/emailchef.com\/it\/wp-json\/wp\/v2\/media?parent=24322"}],"wp:term":[{"taxonomy":"g1_relation_tag","embeddable":true,"href":"https:\/\/emailchef.com\/it\/wp-json\/wp\/v2\/g1_relation_tag?post=24322"}],"curies":[{"name":"wp","href":"https:\/\/api.w.org\/{rel}","templated":true}]}}