{"id":21650,"date":"2020-07-20T13:42:41","date_gmt":"2020-07-20T13:42:41","guid":{"rendered":"https:\/\/emailchef.com\/?page_id=21650"},"modified":"2023-02-27T13:52:57","modified_gmt":"2023-02-27T13:52:57","slug":"contact-ratings-e-list-activity","status":"publish","type":"page","link":"https:\/\/emailchef.com\/it\/documentazione\/contact-ratings-e-list-activity\/","title":{"rendered":"Contact Ratings e List Activity"},"content":{"rendered":"<p><img fetchpriority=\"high\" decoding=\"async\" class=\"alignnone wp-image-22376 size-full\" src=\"https:\/\/emailchef.com\/wp-content\/uploads\/2020\/07\/Rating-short.png\" alt=\"List rating\" width=\"604\" height=\"180\" srcset=\"https:\/\/emailchef.com\/wp-content\/uploads\/2020\/07\/Rating-short.png 604w, https:\/\/emailchef.com\/wp-content\/uploads\/2020\/07\/Rating-short-300x89.png 300w, https:\/\/emailchef.com\/wp-content\/uploads\/2020\/07\/Rating-short-320x95.png 320w, https:\/\/emailchef.com\/wp-content\/uploads\/2020\/07\/Rating-short-239x71.png 239w\" sizes=\"(max-width: 604px) 100vw, 604px\" \/><\/p>\n<p>Comprendere come i tuoi contatti interagiscono con le tue email e newsletter \u00e8 cruciale per massimizzare i risultati dell\u2019<strong>email marketing<\/strong>.<\/p>\n<p><strong>Emailchef assegna a ciascuno dei tuoi contatti una valutazione<\/strong> compresa tra zero e cinque. Questo punteggio \u00e8 utile per <strong>creare campagne<\/strong> destinate ai tuoi <strong>contatti pi\u00f9 attivi<\/strong> o, al contrario, per inviare messaggi mirati a <strong>coloro che interagiscono meno<\/strong> per <strong>riattivarli<\/strong> e portarli nuovamente ad aprire i messaggi e cliccare.<\/p>\n<p>Puoi vedere il <strong>Contact Rating<\/strong> a fianco dell\u2019indirizzo email di ogni contatto. La <strong>List Activity<\/strong> mostra lo <strong>stato di interazione<\/strong> per tutti i contatti della tua lista, globalmente.<\/p>\n<h3>Come funziona il Contact Rating?<\/h3>\n<p>Il <strong>Contact Rating<\/strong> \u00e8 calcolato per ogni contatto sulla base delle sue interazioni recenti con le tue email. Consideriamo&nbsp;<strong>azioni positive<\/strong> come l\u2019<strong>apertura<\/strong> delle email e i <strong>click<\/strong>, mentre il <strong>punteggio si abbassa<\/strong> per <strong>azioni negative<\/strong> come la <strong>disiscrizione<\/strong>, la <strong>segnalazione di spam<\/strong>, i <strong>bounce<\/strong> e la <strong>mancata apertura<\/strong> delle email.<\/p>\n<p>Per aiutarti a capire con un colpo d\u2019occhio l\u2019interazione dei tuoi contatti, abbiamo convertito i nostri calcoli in un <strong>punteggio espresso in stelle<\/strong>.<\/p>\n<p>Facciamo un esempio: un contatto che si disiscrive dalla tua lista riceve un punteggio pari a zero. Al contrario, un contatto che regolarmente apre le tue email, le legge e clicca sui link ottiene cinque stelle piene!<\/p>\n<p><strong>Ricalcoliamo<\/strong> il Contact Rating <strong>all\u2019invio di una nuova campagna<\/strong> o ogni volta che il destinatario interagisce con uno dei contenuti che hai inviato in precedenza.<\/p>\n<p>Il Contact Rating \u00e8 un punteggio generale che mostra l\u2019attivit\u00e0 dei contatti registrati nel tuo account.<\/p>\n<p>Ecco una panoramica del Contact Rating:<\/p>\n<div id=\"\" class=\"g1-table g1-table--solid \">\n<table>\n<thead>\n<tr>\n<th>Numero di Stelle<\/th>\n<th>Attivit\u00e0 del Contatto<\/th>\n<\/tr>\n<\/thead>\n<tbody>\n<tr>\n<td><img decoding=\"async\" class=\"size-full noBorders wp-image-21660 aligncenter\" src=\"https:\/\/emailchef.com\/wp-content\/uploads\/2020\/07\/star-0.png\" alt=\"\" width=\"90\" height=\"30\" border=\"0\"><\/td>\n<td>Il destinatario si \u00e8 disiscritto, ha segnalato i tuoi messaggi come spam o ha fornito un indirizzo email non valido.<\/td>\n<\/tr>\n<tr>\n<td><img decoding=\"async\" class=\"size-full noBorders wp-image-21676 aligncenter\" src=\"https:\/\/emailchef.com\/wp-content\/uploads\/2020\/07\/star-1.png\" alt=\"\" width=\"90\" height=\"30\"><\/td>\n<td>Il contatto si \u00e8 iscritto nuovamente alla tua lista o l\u2019invio \u00e8 andato a buon fine dopo un primo soft bounce.<\/td>\n<\/tr>\n<tr>\n<td><img loading=\"lazy\" decoding=\"async\" class=\"size-full noBorders wp-image-21692 aligncenter\" src=\"https:\/\/emailchef.com\/wp-content\/uploads\/2020\/07\/star-2.png\" alt=\"\" width=\"90\" height=\"30\"><\/td>\n<td><strong>Nessuna interazione.<\/strong> Questo contatto, precedentemente attivo, \u00e8 diventato \u201cdormiente\u201d.<\/td>\n<\/tr>\n<tr>\n<td><img loading=\"lazy\" decoding=\"async\" class=\"size-full noBorders wp-image-21708 aligncenter\" src=\"https:\/\/emailchef.com\/wp-content\/uploads\/2020\/07\/star-3.png\" alt=\"\" width=\"90\" height=\"30\"><\/td>\n<td><strong>Interazione bassa.<\/strong> Il contatto \u00e8 un nuovo iscritto e non ha ancora avuto il tempo di ottenere un punteggio maggiore.<\/td>\n<\/tr>\n<tr>\n<td><img loading=\"lazy\" decoding=\"async\" class=\"size-full noBorders wp-image-21724 aligncenter\" src=\"https:\/\/emailchef.com\/wp-content\/uploads\/2020\/07\/star-4.png\" alt=\"\" width=\"90\" height=\"30\"><\/td>\n<td><strong>Interazione moderata.<\/strong> Il contatto apre e clicca sulle tue email spesso.<\/td>\n<\/tr>\n<tr>\n<td><img loading=\"lazy\" decoding=\"async\" class=\"size-full noBorders wp-image-21740 aligncenter\" src=\"https:\/\/emailchef.com\/wp-content\/uploads\/2020\/07\/star-5.png\" alt=\"\" width=\"90\" height=\"30\"><\/td>\n<td><strong>Alta interazione.<\/strong> Il contatto apre sempre le tue email e clicca sui link.<\/td>\n<\/tr>\n<\/tbody>\n<\/table>\n<\/div>\n<ul>\n<li><strong>Cosa intendiamo per nuovo contatto?<\/strong><br \/>\nUn nuovo contatto \u00e8 un utente di recente iscrizione o che hai da poco aggiunto alla tua lista. Un nuovo contatto non dispone di uno storico sufficiente per avere un rating attendibile. A tutti i nuovi contatti assegniamo di default tre stelle, un punteggio che puoi considerare come neutrale o come indicativo di un basso livello di interazione.L\u2019interazione del contatto con le tue email successive determiner\u00e0 il suo Contact Rating. Aprire i tuoi messaggi o cliccare sui link che hai inserito far\u00e0 salire il punteggio sino a 4 o 5 stelle. Al contrario, se il contatto ti segnala come spam, se non interagisce in alcun modo con le tue email o se il suo indirizzo email registra un bounce, assegneremo un punteggio negativo e il Contact Rating diminuir\u00e0.<\/li>\n<li><strong>L\u2019effetto dei bounce sul Contact Rating<\/strong><br \/>\nGli indirizzi email che restituiscono un bounce corrispondono generalmente a un Contact Rating basso. Tuttavia, i bounce non sono sempre affidabili al 100%. La validit\u00e0 e l\u2019affidabilit\u00e0 di un indirizzo email possono cambiare e problemi temporanei dei server possono impattare sulla consegna delle tue email. Facciamo un esempio: un contatto con un Contact Rating buono o addirittura ottimo pu\u00f2 incappare in un soft o in un hard bounce. Se questo accade, il punteggio viene riportato in automatico a un livello pi\u00f9 basso, in alcuni casi anche a zero, ma il contatto continua a essere presente nella tua lista e nel tuo account. A livello generale, i contatti con un punteggio pari a zero saranno esclusi dalle tue campagne.<\/li>\n<li><strong>Contatti dormienti<\/strong><br \/>\nUn contatto dormiente \u00e8 un iscritto che non ha mai interagito con le tue email o che ha smesso di farlo da qualche da tempo. Ai contatti dormienti assegniamo un punteggio di due stelle.<\/li>\n<li><strong>Contatti che interagiscono di frequente con le tue campagne<\/strong><br \/>\nI contatti che mostrano un\u2019interazione positiva sono quelli che aprono le tue email e cliccano sui link molto spesso o sempre. A questi assegniamo un punteggio di quattro stelle che pu\u00f2 arrivare al massimo se la loro interazione continua a essere positiva.<\/li>\n<\/ul>\n<h3>List Activity: Cos\u2019\u00e8 e Come Funziona<\/h3>\n<p><img loading=\"lazy\" decoding=\"async\" class=\"alignnone wp-image-22298 size-full\" src=\"https:\/\/emailchef.com\/wp-content\/uploads\/2020\/07\/list_activity_IT.png\" alt=\"Grafico List rating\" width=\"359\" height=\"258\" srcset=\"https:\/\/emailchef.com\/wp-content\/uploads\/2020\/07\/list_activity_IT.png 359w, https:\/\/emailchef.com\/wp-content\/uploads\/2020\/07\/list_activity_IT-300x216.png 300w, https:\/\/emailchef.com\/wp-content\/uploads\/2020\/07\/list_activity_IT-320x230.png 320w, https:\/\/emailchef.com\/wp-content\/uploads\/2020\/07\/list_activity_IT-239x172.png 239w\" sizes=\"(max-width: 359px) 100vw, 359px\" \/><\/p>\n<p>La List Activity ti mostra in percentuale sul totale dei contatti nella tua lista quanti hanno zero, una, due, tre, quattro o cinque stelle. I numeri vengono aggiornati ogni volta che il punteggio di un singolo aumenta o diminuisce.<\/p>\n<p>Pi\u00f9 i tuoi contatti interagiscono positivamente con le campagne, pi\u00f9 la tua List Activity migliorer\u00e0. Vale anche il contrario: se i tuoi contatti ignorano le tue email, le segnalano come spam o si disiscrivono dalla lista, le performance peggioreranno.<\/p>\n<p>Il grafico globale di List Activity mostra le percentuali calcolate su tutte le tue liste. Per vedere il grafico globale o di una singola lista, ti basta cliccare sul bottone contrassegnato dai simboli della stella e del grafico.<\/p>\n<p><img loading=\"lazy\" decoding=\"async\" class=\"noBorders aligncenter\" src=\"https:\/\/emailchef.com\/wp-content\/uploads\/2020\/07\/global_list.png\" alt=\"pulsante list rating\" width=\"67\" height=\"36\"><\/p>\n<h3>Come puoi far tesoro del Contact Rating<\/h3>\n<p>Il Contact Rating \u00e8 uno dei dati assegnati a ogni contatto della tua lista. Puoi utilizzare il Contact Rating per <strong>creare nuovi segmenti<\/strong> per i contatti inattivi, dormienti e per quelli pi\u00f9 attivi a seconda dell\u2019obiettivo delle tue campagne.<\/p>\n<p><img loading=\"lazy\" decoding=\"async\" class=\"alignnone wp-image-22152 size-full\" src=\"https:\/\/emailchef.com\/wp-content\/uploads\/2020\/07\/rating_segment_it.png\" alt=\"esempio di segmento\" width=\"893\" height=\"147\" srcset=\"https:\/\/emailchef.com\/wp-content\/uploads\/2020\/07\/rating_segment_it.png 893w, https:\/\/emailchef.com\/wp-content\/uploads\/2020\/07\/rating_segment_it-300x49.png 300w, https:\/\/emailchef.com\/wp-content\/uploads\/2020\/07\/rating_segment_it-768x126.png 768w, https:\/\/emailchef.com\/wp-content\/uploads\/2020\/07\/rating_segment_it-636x105.png 636w, https:\/\/emailchef.com\/wp-content\/uploads\/2020\/07\/rating_segment_it-320x53.png 320w, https:\/\/emailchef.com\/wp-content\/uploads\/2020\/07\/rating_segment_it-239x39.png 239w\" sizes=\"(max-width: 893px) 100vw, 893px\" \/><\/p>\n<p>Usa il Contact Rating per creare un segmento dei tuoi contatti pi\u00f9 interattivi e di quelli che lo sono meno.<\/p>\n<div id=\"\" class=\"g1-table g1-table--solid \">\n<table>\n<thead>\n<tr>\n<th>Nome della Condizione<\/th>\n<th>Operatori Disponibili<\/th>\n<th>Scelta del Valore<\/th>\n<\/tr>\n<\/thead>\n<tbody>\n<tr>\n<td>Contact rating<\/td>\n<td>\n<ul>\n<li>\u00e8<\/li>\n<li>non \u00e8<\/li>\n<li>\u00c8 maggiore o uguale a<\/li>\n<li>\u00c8 minore o uguale a<\/li>\n<\/ul>\n<\/td>\n<td>\n<ul>\n<li>Scegli il punteggio espresso in stelle.<\/li>\n<li>La selezione pu\u00f2 essere: 1, 2, 3, 4 o 5 stelle.<\/li>\n<li>Nota: per indicare il punteggio, seleziona le stelle per farle diventare piene.<\/li>\n<\/ul>\n<\/td>\n<\/tr>\n<\/tbody>\n<\/table>\n<\/div>\n<p><iframe  id=\"_ytid_54710\"  width=\"800\" height=\"450\"  data-origwidth=\"800\" data-origheight=\"450\" src=\"https:\/\/www.youtube-nocookie.com\/embed\/RaKgweJptzs?autoplay=0&#038;cc_load_policy=0&#038;cc_lang_pref=&#038;iv_load_policy=1&#038;loop=0&#038;rel=0&#038;fs=1&#038;playsinline=0&#038;autohide=2&#038;theme=light&#038;color=red&#038;controls=1&#038;\" class=\"__youtube_prefs__  epyt-is-override  no-lazyload\" title=\"YouTube player\"  allow=\"fullscreen; accelerometer; autoplay; clipboard-write; encrypted-media; gyroscope; picture-in-picture\" allowfullscreen data-no-lazy=\"1\" data-skipgform_ajax_framebjll=\"\"><\/iframe><\/p>\n","protected":false},"excerpt":{"rendered":"<p>Comprendere come i tuoi contatti interagiscono con le tue email e newsletter \u00e8 cruciale per massimizzare i risultati dell\u2019email marketing. Emailchef assegna a ciascuno dei tuoi contatti una valutazione compresa tra zero e cinque. Questo punteggio \u00e8 utile per creare campagne destinate ai tuoi contatti pi\u00f9 attivi o, al contrario, per inviare messaggi mirati a [&hellip;]<\/p>\n","protected":false},"author":5,"featured_media":0,"parent":1081,"menu_order":0,"comment_status":"closed","ping_status":"closed","template":"","meta":{"_acf_changed":false,"inline_featured_image":false,"footnotes":""},"g1_relation_tag":[],"class_list":["post-21650","page","type-page","status-publish","hentry"],"acf":[],"yoast_head":"<!-- This site is optimized with the Yoast SEO plugin v24.8.1 - https:\/\/yoast.com\/wordpress\/plugins\/seo\/ -->\n<title>Contact Ratings e List Activity - Emailchef<\/title>\n<meta name=\"robots\" content=\"index, follow, max-snippet:-1, max-image-preview:large, max-video-preview:-1\" \/>\n<link rel=\"canonical\" href=\"https:\/\/emailchef.com\/it\/documentazione\/contact-ratings-e-list-activity\/\" \/>\n<meta name=\"twitter:label1\" content=\"Tempo di lettura stimato\" \/>\n\t<meta name=\"twitter:data1\" content=\"7 minuti\" \/>\n<!-- \/ Yoast SEO plugin. -->","yoast_head_json":{"title":"Contact Ratings e List Activity - Emailchef","robots":{"index":"index","follow":"follow","max-snippet":"max-snippet:-1","max-image-preview":"max-image-preview:large","max-video-preview":"max-video-preview:-1"},"canonical":"https:\/\/emailchef.com\/it\/documentazione\/contact-ratings-e-list-activity\/","twitter_misc":{"Tempo di lettura stimato":"7 minuti"},"schema":{"@context":"https:\/\/schema.org","@graph":[{"@type":"WebPage","@id":"https:\/\/emailchef.com\/it\/documentazione\/contact-ratings-e-list-activity\/","url":"https:\/\/emailchef.com\/it\/documentazione\/contact-ratings-e-list-activity\/","name":"Contact Ratings e List Activity - Emailchef","isPartOf":{"@id":"https:\/\/emailchef.com\/it\/#website"},"primaryImageOfPage":{"@id":"https:\/\/emailchef.com\/it\/documentazione\/contact-ratings-e-list-activity\/#primaryimage"},"image":{"@id":"https:\/\/emailchef.com\/it\/documentazione\/contact-ratings-e-list-activity\/#primaryimage"},"thumbnailUrl":"https:\/\/emailchef.com\/wp-content\/uploads\/2020\/07\/Rating-short.png","datePublished":"2020-07-20T13:42:41+00:00","dateModified":"2023-02-27T13:52:57+00:00","breadcrumb":{"@id":"https:\/\/emailchef.com\/it\/documentazione\/contact-ratings-e-list-activity\/#breadcrumb"},"inLanguage":"it-IT","potentialAction":[{"@type":"ReadAction","target":["https:\/\/emailchef.com\/it\/documentazione\/contact-ratings-e-list-activity\/"]}]},{"@type":"ImageObject","inLanguage":"it-IT","@id":"https:\/\/emailchef.com\/it\/documentazione\/contact-ratings-e-list-activity\/#primaryimage","url":"https:\/\/emailchef.com\/wp-content\/uploads\/2020\/07\/Rating-short.png","contentUrl":"https:\/\/emailchef.com\/wp-content\/uploads\/2020\/07\/Rating-short.png"},{"@type":"BreadcrumbList","@id":"https:\/\/emailchef.com\/it\/documentazione\/contact-ratings-e-list-activity\/#breadcrumb","itemListElement":[{"@type":"ListItem","position":1,"name":"Home","item":"https:\/\/emailchef.com\/it\/home-test-2023\/"},{"@type":"ListItem","position":2,"name":"Documentazione","item":"https:\/\/emailchef.com\/it\/documentazione\/"},{"@type":"ListItem","position":3,"name":"Contact Ratings e List Activity"}]},{"@type":"WebSite","@id":"https:\/\/emailchef.com\/it\/#website","url":"https:\/\/emailchef.com\/it\/","name":"Emailchef","description":"Gustose ricette di email marketing","publisher":{"@id":"https:\/\/emailchef.com\/it\/#organization"},"potentialAction":[{"@type":"SearchAction","target":{"@type":"EntryPoint","urlTemplate":"https:\/\/emailchef.com\/it\/?s={search_term_string}"},"query-input":{"@type":"PropertyValueSpecification","valueRequired":true,"valueName":"search_term_string"}}],"inLanguage":"it-IT"},{"@type":"Organization","@id":"https:\/\/emailchef.com\/it\/#organization","name":"Delivery Tech Corp.","url":"https:\/\/emailchef.com\/it\/","logo":{"@type":"ImageObject","inLanguage":"it-IT","@id":"https:\/\/emailchef.com\/it\/#\/schema\/logo\/image\/","url":"https:\/\/emailchef.com\/wp-content\/uploads\/2022\/04\/logo-sama.png","contentUrl":"https:\/\/emailchef.com\/wp-content\/uploads\/2022\/04\/logo-sama.png","width":237,"height":80,"caption":"Delivery Tech Corp."},"image":{"@id":"https:\/\/emailchef.com\/it\/#\/schema\/logo\/image\/"}}]}},"_links":{"self":[{"href":"https:\/\/emailchef.com\/it\/wp-json\/wp\/v2\/pages\/21650"}],"collection":[{"href":"https:\/\/emailchef.com\/it\/wp-json\/wp\/v2\/pages"}],"about":[{"href":"https:\/\/emailchef.com\/it\/wp-json\/wp\/v2\/types\/page"}],"author":[{"embeddable":true,"href":"https:\/\/emailchef.com\/it\/wp-json\/wp\/v2\/users\/5"}],"replies":[{"embeddable":true,"href":"https:\/\/emailchef.com\/it\/wp-json\/wp\/v2\/comments?post=21650"}],"version-history":[{"count":25,"href":"https:\/\/emailchef.com\/it\/wp-json\/wp\/v2\/pages\/21650\/revisions"}],"predecessor-version":[{"id":62586,"href":"https:\/\/emailchef.com\/it\/wp-json\/wp\/v2\/pages\/21650\/revisions\/62586"}],"up":[{"embeddable":true,"href":"https:\/\/emailchef.com\/it\/wp-json\/wp\/v2\/pages\/1081"}],"wp:attachment":[{"href":"https:\/\/emailchef.com\/it\/wp-json\/wp\/v2\/media?parent=21650"}],"wp:term":[{"taxonomy":"g1_relation_tag","embeddable":true,"href":"https:\/\/emailchef.com\/it\/wp-json\/wp\/v2\/g1_relation_tag?post=21650"}],"curies":[{"name":"wp","href":"https:\/\/api.w.org\/{rel}","templated":true}]}}