{"id":1991,"date":"2014-09-22T08:36:35","date_gmt":"2014-09-22T08:36:35","guid":{"rendered":"http:\/\/emailchef.com\/?page_id=1991"},"modified":"2020-09-08T07:45:27","modified_gmt":"2020-09-08T07:45:27","slug":"che-cose-un-autoresponder","status":"publish","type":"page","link":"https:\/\/emailchef.com\/it\/documentazione\/che-cose-un-autoresponder\/","title":{"rendered":"Che cos&#8217;\u00e8 un autoresponder?"},"content":{"rendered":"<p>L&#8217;<strong>autoresponder<\/strong> (automazione) rappresenta una parte essenziale di qualsiasi campagna email. Consente l&#8217;<strong>invio automatico di uno o pi\u00f9 messaggi<\/strong> email agli iscritti di una lista,<strong> al verificarsi di determinate condizioni.<\/strong><\/p>\n<p><a href=\"https:\/\/emailchef.com\/wp-content\/uploads\/2020\/09\/Screenshot_132.jpg\" rel=\"lightbox\"><img fetchpriority=\"high\" decoding=\"async\" class=\"alignnone wp-image-23494 size-full\" src=\"https:\/\/emailchef.com\/wp-content\/uploads\/2020\/09\/Screenshot_132.jpg\" alt=\"\" width=\"1489\" height=\"436\" srcset=\"https:\/\/emailchef.com\/wp-content\/uploads\/2020\/09\/Screenshot_132.jpg 1489w, https:\/\/emailchef.com\/wp-content\/uploads\/2020\/09\/Screenshot_132-300x88.jpg 300w, https:\/\/emailchef.com\/wp-content\/uploads\/2020\/09\/Screenshot_132-768x225.jpg 768w, https:\/\/emailchef.com\/wp-content\/uploads\/2020\/09\/Screenshot_132-1024x300.jpg 1024w, https:\/\/emailchef.com\/wp-content\/uploads\/2020\/09\/Screenshot_132-968x283.jpg 968w, https:\/\/emailchef.com\/wp-content\/uploads\/2020\/09\/Screenshot_132-636x186.jpg 636w, https:\/\/emailchef.com\/wp-content\/uploads\/2020\/09\/Screenshot_132-320x94.jpg 320w, https:\/\/emailchef.com\/wp-content\/uploads\/2020\/09\/Screenshot_132-239x70.jpg 239w\" sizes=\"(max-width: 1489px) 100vw, 1489px\" \/><\/a><\/p>\n<p>Non \u00e8 difficile intuire le grandi potenzialit\u00e0 che un autoresponder pu\u00f2 offrire. Un autoresponder pu\u00f2 aiutarti a fare una prima buona impressione nei confronti dei tuoi nuovi iscritti, dando loro il benvenuto. Oppure potrebbe servire a comunicare con gli utenti &#8220;inattivi&#8221; offrendo loro una promozione ad hoc ed invitandoli a visitare nuovamente il tuo sito.<\/p>\n<p>In pratica, l&#8217;autoresponder<strong> automatizza<\/strong> questi processi, rendendo semplice comunicare con i tuoi iscritti al verificarsi di una condizione che tu stesso selezionerai.<\/p>\n<p>Attraverso un autoresponder ben configurato sarai in grado di fidelizzare i tuoi iscritti, ottenere nuovi clienti e rafforzare il tuo brand.<\/p>\n","protected":false},"excerpt":{"rendered":"<p>L&#8217;autoresponder (automazione) rappresenta una parte essenziale di qualsiasi campagna email. Consente l&#8217;invio automatico di uno o pi\u00f9 messaggi email agli iscritti di una lista, al verificarsi di determinate condizioni. Non \u00e8 difficile intuire le grandi potenzialit\u00e0 che un autoresponder pu\u00f2 offrire. Un autoresponder pu\u00f2 aiutarti a fare una prima buona impressione nei confronti dei tuoi [&hellip;]<\/p>\n","protected":false},"author":4,"featured_media":0,"parent":1081,"menu_order":0,"comment_status":"closed","ping_status":"closed","template":"","meta":{"_acf_changed":false,"inline_featured_image":false,"footnotes":""},"g1_relation_tag":[],"class_list":["post-1991","page","type-page","status-publish","hentry"],"acf":[],"yoast_head":"<!-- This site is optimized with the Yoast SEO plugin v24.8.1 - https:\/\/yoast.com\/wordpress\/plugins\/seo\/ -->\n<title>Che cos&#039;\u00e8 un autoresponder? - Emailchef<\/title>\n<meta name=\"description\" content=\"L&#039;autoresponder \u00e8 una parte essenziale di qualsiasi campagna email. Consente di comunicare con i tuoi iscritti al verificarsi di determinate condizioni.\" \/>\n<meta name=\"robots\" content=\"index, follow, max-snippet:-1, max-image-preview:large, max-video-preview:-1\" \/>\n<link rel=\"canonical\" href=\"https:\/\/emailchef.com\/it\/documentazione\/che-cose-un-autoresponder\/\" \/>\n<meta name=\"twitter:label1\" content=\"Tempo di lettura stimato\" \/>\n\t<meta name=\"twitter:data1\" content=\"1 minuto\" \/>\n<!-- \/ Yoast SEO plugin. -->","yoast_head_json":{"title":"Che cos'\u00e8 un autoresponder? - Emailchef","description":"L'autoresponder \u00e8 una parte essenziale di qualsiasi campagna email. Consente di comunicare con i tuoi iscritti al verificarsi di determinate condizioni.","robots":{"index":"index","follow":"follow","max-snippet":"max-snippet:-1","max-image-preview":"max-image-preview:large","max-video-preview":"max-video-preview:-1"},"canonical":"https:\/\/emailchef.com\/it\/documentazione\/che-cose-un-autoresponder\/","twitter_misc":{"Tempo di lettura stimato":"1 minuto"},"schema":{"@context":"https:\/\/schema.org","@graph":[{"@type":"WebPage","@id":"https:\/\/emailchef.com\/it\/documentazione\/che-cose-un-autoresponder\/","url":"https:\/\/emailchef.com\/it\/documentazione\/che-cose-un-autoresponder\/","name":"Che cos'\u00e8 un autoresponder? - Emailchef","isPartOf":{"@id":"https:\/\/emailchef.com\/it\/#website"},"primaryImageOfPage":{"@id":"https:\/\/emailchef.com\/it\/documentazione\/che-cose-un-autoresponder\/#primaryimage"},"image":{"@id":"https:\/\/emailchef.com\/it\/documentazione\/che-cose-un-autoresponder\/#primaryimage"},"thumbnailUrl":"https:\/\/emailchef.com\/wp-content\/uploads\/2020\/09\/Screenshot_132.jpg","datePublished":"2014-09-22T08:36:35+00:00","dateModified":"2020-09-08T07:45:27+00:00","description":"L'autoresponder \u00e8 una parte essenziale di qualsiasi campagna email. Consente di comunicare con i tuoi iscritti al verificarsi di determinate condizioni.","breadcrumb":{"@id":"https:\/\/emailchef.com\/it\/documentazione\/che-cose-un-autoresponder\/#breadcrumb"},"inLanguage":"it-IT","potentialAction":[{"@type":"ReadAction","target":["https:\/\/emailchef.com\/it\/documentazione\/che-cose-un-autoresponder\/"]}]},{"@type":"ImageObject","inLanguage":"it-IT","@id":"https:\/\/emailchef.com\/it\/documentazione\/che-cose-un-autoresponder\/#primaryimage","url":"https:\/\/emailchef.com\/wp-content\/uploads\/2020\/09\/Screenshot_132.jpg","contentUrl":"https:\/\/emailchef.com\/wp-content\/uploads\/2020\/09\/Screenshot_132.jpg"},{"@type":"BreadcrumbList","@id":"https:\/\/emailchef.com\/it\/documentazione\/che-cose-un-autoresponder\/#breadcrumb","itemListElement":[{"@type":"ListItem","position":1,"name":"Home","item":"https:\/\/emailchef.com\/it\/home-test-2023\/"},{"@type":"ListItem","position":2,"name":"Documentazione","item":"https:\/\/emailchef.com\/it\/documentazione\/"},{"@type":"ListItem","position":3,"name":"Che cos&#8217;\u00e8 un autoresponder?"}]},{"@type":"WebSite","@id":"https:\/\/emailchef.com\/it\/#website","url":"https:\/\/emailchef.com\/it\/","name":"Emailchef","description":"Gustose ricette di email marketing","publisher":{"@id":"https:\/\/emailchef.com\/it\/#organization"},"potentialAction":[{"@type":"SearchAction","target":{"@type":"EntryPoint","urlTemplate":"https:\/\/emailchef.com\/it\/?s={search_term_string}"},"query-input":{"@type":"PropertyValueSpecification","valueRequired":true,"valueName":"search_term_string"}}],"inLanguage":"it-IT"},{"@type":"Organization","@id":"https:\/\/emailchef.com\/it\/#organization","name":"Delivery Tech Corp.","url":"https:\/\/emailchef.com\/it\/","logo":{"@type":"ImageObject","inLanguage":"it-IT","@id":"https:\/\/emailchef.com\/it\/#\/schema\/logo\/image\/","url":"https:\/\/emailchef.com\/wp-content\/uploads\/2022\/04\/logo-sama.png","contentUrl":"https:\/\/emailchef.com\/wp-content\/uploads\/2022\/04\/logo-sama.png","width":237,"height":80,"caption":"Delivery Tech Corp."},"image":{"@id":"https:\/\/emailchef.com\/it\/#\/schema\/logo\/image\/"}}]}},"_links":{"self":[{"href":"https:\/\/emailchef.com\/it\/wp-json\/wp\/v2\/pages\/1991"}],"collection":[{"href":"https:\/\/emailchef.com\/it\/wp-json\/wp\/v2\/pages"}],"about":[{"href":"https:\/\/emailchef.com\/it\/wp-json\/wp\/v2\/types\/page"}],"author":[{"embeddable":true,"href":"https:\/\/emailchef.com\/it\/wp-json\/wp\/v2\/users\/4"}],"replies":[{"embeddable":true,"href":"https:\/\/emailchef.com\/it\/wp-json\/wp\/v2\/comments?post=1991"}],"version-history":[{"count":7,"href":"https:\/\/emailchef.com\/it\/wp-json\/wp\/v2\/pages\/1991\/revisions"}],"predecessor-version":[{"id":23798,"href":"https:\/\/emailchef.com\/it\/wp-json\/wp\/v2\/pages\/1991\/revisions\/23798"}],"up":[{"embeddable":true,"href":"https:\/\/emailchef.com\/it\/wp-json\/wp\/v2\/pages\/1081"}],"wp:attachment":[{"href":"https:\/\/emailchef.com\/it\/wp-json\/wp\/v2\/media?parent=1991"}],"wp:term":[{"taxonomy":"g1_relation_tag","embeddable":true,"href":"https:\/\/emailchef.com\/it\/wp-json\/wp\/v2\/g1_relation_tag?post=1991"}],"curies":[{"name":"wp","href":"https:\/\/api.w.org\/{rel}","templated":true}]}}