{"id":1981,"date":"2014-09-22T08:38:02","date_gmt":"2014-09-22T08:38:02","guid":{"rendered":"http:\/\/emailchef.com\/?page_id=1981"},"modified":"2020-09-11T13:14:56","modified_gmt":"2020-09-11T13:14:56","slug":"importanza-di-misurare-risultati","status":"publish","type":"page","link":"https:\/\/emailchef.com\/it\/documentazione\/importanza-di-misurare-risultati\/","title":{"rendered":"L&#8217;importanza di misurare i risultati"},"content":{"rendered":"<p>L&#8217;obiettivo di ogni campagna di email marketing \u00e8 quello di ottenere <strong>risultati<\/strong>. Se il risultato desiderato \u00e8 far crescere il tuo database di iscritti, generare pi\u00f9 contatti per la tua azienda o vendere pi\u00f9 prodotti, c&#8217;\u00e8 un solo modo per sapere se stai raggiungendo i tuoi obiettivi: monitorare i risultati con <strong>statistiche precise e dettagliate<\/strong>. Solo cos\u00ec potrai sapere se le tue campagne sono davvero efficaci.<\/p>\n<p>Qualunque sia la natura del tuo business, ci sono alcuni parametri che \u00e8 utile conoscere, come ad esempio il tasso di clic, il tasso di conversione, il tasso di apertura, la frequenza di bounce e il ROI complessivo.<br \/>\nTenere d&#8217;occhio questi parametri ti aiuter\u00e0 non solo a determinare l&#8217;andamento delle tue campagne, ma anche a <strong>migliorare le prestazioni<\/strong> di quelle future.<\/p>\n<p>Inoltre un monitoraggio costante delle tue campagne ti consentir\u00e0 di conoscere cosa non ha funzionato, rendendo cos\u00ec pi\u00f9 facile e veloce la correzione di eventuali errori.<\/p>\n<p>&nbsp;<\/p>\n","protected":false},"excerpt":{"rendered":"<p>L&#8217;obiettivo di ogni campagna di email marketing \u00e8 quello di ottenere risultati. Se il risultato desiderato \u00e8 far crescere il tuo database di iscritti, generare pi\u00f9 contatti per la tua azienda o vendere pi\u00f9 prodotti, c&#8217;\u00e8 un solo modo per sapere se stai raggiungendo i tuoi obiettivi: monitorare i risultati con statistiche precise e dettagliate. [&hellip;]<\/p>\n","protected":false},"author":4,"featured_media":0,"parent":1081,"menu_order":0,"comment_status":"closed","ping_status":"closed","template":"","meta":{"_acf_changed":false,"inline_featured_image":false,"footnotes":""},"g1_relation_tag":[],"class_list":["post-1981","page","type-page","status-publish","hentry"],"acf":[],"yoast_head":"<!-- This site is optimized with the Yoast SEO plugin v24.8.1 - https:\/\/yoast.com\/wordpress\/plugins\/seo\/ -->\n<title>L&#039;importanza di misurare i risultati - Emailchef<\/title>\n<meta name=\"description\" content=\"C&#039;\u00e8 un solo modo per sapere se stai raggiungendo i tuoi obiettivi: monitorare i risultati con analytics precise e dettagliate.\" \/>\n<meta name=\"robots\" content=\"index, follow, max-snippet:-1, max-image-preview:large, max-video-preview:-1\" \/>\n<link rel=\"canonical\" href=\"https:\/\/emailchef.com\/it\/documentazione\/importanza-di-misurare-risultati\/\" \/>\n<meta name=\"twitter:label1\" content=\"Tempo di lettura stimato\" \/>\n\t<meta name=\"twitter:data1\" content=\"1 minuto\" \/>\n<!-- \/ Yoast SEO plugin. -->","yoast_head_json":{"title":"L'importanza di misurare i risultati - Emailchef","description":"C'\u00e8 un solo modo per sapere se stai raggiungendo i tuoi obiettivi: monitorare i risultati con analytics precise e dettagliate.","robots":{"index":"index","follow":"follow","max-snippet":"max-snippet:-1","max-image-preview":"max-image-preview:large","max-video-preview":"max-video-preview:-1"},"canonical":"https:\/\/emailchef.com\/it\/documentazione\/importanza-di-misurare-risultati\/","twitter_misc":{"Tempo di lettura stimato":"1 minuto"},"schema":{"@context":"https:\/\/schema.org","@graph":[{"@type":"WebPage","@id":"https:\/\/emailchef.com\/it\/documentazione\/importanza-di-misurare-risultati\/","url":"https:\/\/emailchef.com\/it\/documentazione\/importanza-di-misurare-risultati\/","name":"L'importanza di misurare i risultati - Emailchef","isPartOf":{"@id":"https:\/\/emailchef.com\/it\/#website"},"datePublished":"2014-09-22T08:38:02+00:00","dateModified":"2020-09-11T13:14:56+00:00","description":"C'\u00e8 un solo modo per sapere se stai raggiungendo i tuoi obiettivi: monitorare i risultati con analytics precise e dettagliate.","breadcrumb":{"@id":"https:\/\/emailchef.com\/it\/documentazione\/importanza-di-misurare-risultati\/#breadcrumb"},"inLanguage":"it-IT","potentialAction":[{"@type":"ReadAction","target":["https:\/\/emailchef.com\/it\/documentazione\/importanza-di-misurare-risultati\/"]}]},{"@type":"BreadcrumbList","@id":"https:\/\/emailchef.com\/it\/documentazione\/importanza-di-misurare-risultati\/#breadcrumb","itemListElement":[{"@type":"ListItem","position":1,"name":"Home","item":"https:\/\/emailchef.com\/it\/home-test-2023\/"},{"@type":"ListItem","position":2,"name":"Documentazione","item":"https:\/\/emailchef.com\/it\/documentazione\/"},{"@type":"ListItem","position":3,"name":"L&#8217;importanza di misurare i risultati"}]},{"@type":"WebSite","@id":"https:\/\/emailchef.com\/it\/#website","url":"https:\/\/emailchef.com\/it\/","name":"Emailchef","description":"Gustose ricette di email marketing","publisher":{"@id":"https:\/\/emailchef.com\/it\/#organization"},"potentialAction":[{"@type":"SearchAction","target":{"@type":"EntryPoint","urlTemplate":"https:\/\/emailchef.com\/it\/?s={search_term_string}"},"query-input":{"@type":"PropertyValueSpecification","valueRequired":true,"valueName":"search_term_string"}}],"inLanguage":"it-IT"},{"@type":"Organization","@id":"https:\/\/emailchef.com\/it\/#organization","name":"Delivery Tech Corp.","url":"https:\/\/emailchef.com\/it\/","logo":{"@type":"ImageObject","inLanguage":"it-IT","@id":"https:\/\/emailchef.com\/it\/#\/schema\/logo\/image\/","url":"https:\/\/emailchef.com\/wp-content\/uploads\/2022\/04\/logo-sama.png","contentUrl":"https:\/\/emailchef.com\/wp-content\/uploads\/2022\/04\/logo-sama.png","width":237,"height":80,"caption":"Delivery Tech Corp."},"image":{"@id":"https:\/\/emailchef.com\/it\/#\/schema\/logo\/image\/"}}]}},"_links":{"self":[{"href":"https:\/\/emailchef.com\/it\/wp-json\/wp\/v2\/pages\/1981"}],"collection":[{"href":"https:\/\/emailchef.com\/it\/wp-json\/wp\/v2\/pages"}],"about":[{"href":"https:\/\/emailchef.com\/it\/wp-json\/wp\/v2\/types\/page"}],"author":[{"embeddable":true,"href":"https:\/\/emailchef.com\/it\/wp-json\/wp\/v2\/users\/4"}],"replies":[{"embeddable":true,"href":"https:\/\/emailchef.com\/it\/wp-json\/wp\/v2\/comments?post=1981"}],"version-history":[{"count":4,"href":"https:\/\/emailchef.com\/it\/wp-json\/wp\/v2\/pages\/1981\/revisions"}],"predecessor-version":[{"id":24096,"href":"https:\/\/emailchef.com\/it\/wp-json\/wp\/v2\/pages\/1981\/revisions\/24096"}],"up":[{"embeddable":true,"href":"https:\/\/emailchef.com\/it\/wp-json\/wp\/v2\/pages\/1081"}],"wp:attachment":[{"href":"https:\/\/emailchef.com\/it\/wp-json\/wp\/v2\/media?parent=1981"}],"wp:term":[{"taxonomy":"g1_relation_tag","embeddable":true,"href":"https:\/\/emailchef.com\/it\/wp-json\/wp\/v2\/g1_relation_tag?post=1981"}],"curies":[{"name":"wp","href":"https:\/\/api.w.org\/{rel}","templated":true}]}}