{"id":1734,"date":"2014-09-18T07:44:38","date_gmt":"2014-09-18T07:44:38","guid":{"rendered":"http:\/\/emailchef.com\/?page_id=1734"},"modified":"2024-10-31T13:43:09","modified_gmt":"2024-10-31T13:43:09","slug":"cose-un-servizio-di-newsletter","status":"publish","type":"page","link":"https:\/\/emailchef.com\/it\/cose-un-servizio-di-newsletter\/","title":{"rendered":"Cos&#8217;\u00e8 un servizio di newsletter"},"content":{"rendered":"<p>In generale, un <strong>servizio di newsletter<\/strong> \u00e8 una piattaforma online che consente di creare, inviare e analizzare email di massa; \u00e8 per questo che i servizi di newsletter sono noti anche come <strong>servizi di email marketing<\/strong> o <a title=\"invio email massive\" href=\"http:\/\/emailchef.com\/it\/invio-email-massive\/\">servizi di email&nbsp;di massa<\/a>.<\/p>\n<p>In particolare, una tale piattaforma dovrebbe fornire:<\/p>\n<ul>\n<li>un buon <strong>editor di newsletter<\/strong> che permetta di costruire e importare facilmente template&nbsp;HTML e messaggi di solo testo; meglio se con uno&nbsp;spam scanner per verificare la capacit\u00e0 dei messaggi creati&nbsp;di&nbsp;raggiungere i destinatari&nbsp;ed evitare restrizioni dei server di posta in entrata;<\/li>\n<li>un efficace sistema di <strong>gestione dei contatti<\/strong> per raccogliere (tramite moduli web), raggruppare&nbsp;e segmentare tutte le email dei vostri clienti;<\/li>\n<li>un potente <strong>server SMTP integrato<\/strong> per garantire&nbsp;che ogni&nbsp;email inviata&nbsp;sia un&#8217;email consegnata;<\/li>\n<li>una vasta scelta di piani in base&nbsp;al <strong>numero di destinatari che si devono&nbsp;gestire<\/strong>,&nbsp;in modo da poter scegliere quello migliore per le&nbsp;vostre singole esigenze;<\/li>\n<li>uno&nbsp;<strong>strumento&nbsp;di analisi<\/strong>&nbsp;per&nbsp;visualizzare ed esportare tutti i parametri rilevanti circa le campagne di email marketing inviate: numero di disiscrizioni, click-through rate, tasso di apertura, segnalazioni di spam, ecc. Tutto ci\u00f2 che serve per migliorare costantemente le vostre newsletter.<\/li>\n<\/ul>\n<p>Grazie a&nbsp;tutte queste funzioni (e&nbsp;molte di pi\u00f9), Emailchef si candida quale miglior&nbsp;servizio di newsletter in circolazione.<\/p>\n","protected":false},"excerpt":{"rendered":"<p>In linea di massima, un servizio di newsletter \u00e8 una piattaforma online che consente di creare, inviare e analizzare email di massa; vediamo quali sono le sue caratteristiche e funzioni chiave.<\/p>\n","protected":false},"author":3,"featured_media":0,"parent":0,"menu_order":263,"comment_status":"closed","ping_status":"closed","template":"","meta":{"_acf_changed":false,"inline_featured_image":false,"footnotes":""},"g1_relation_tag":[60],"class_list":["post-1734","page","type-page","status-publish","hentry","g1_relation_tag-come-creare-newsletter"],"acf":[],"yoast_head":"<!-- This site is optimized with the Yoast SEO plugin v24.8.1 - https:\/\/yoast.com\/wordpress\/plugins\/seo\/ -->\n<title>Cos&#039;\u00e8 un servizio di newsletter (e perch\u00e9 ne hai bisogno)<\/title>\n<meta name=\"description\" content=\"Servizio Gratuito per Newsletter. Cos&#039;\u00e8 una Piattaforma di Newsletter e Come Scegliere la Migliore. Tutto Ci\u00f2 che Devi Sapere sui Servizi di Newsletter.\" \/>\n<meta name=\"robots\" content=\"index, follow, max-snippet:-1, max-image-preview:large, max-video-preview:-1\" \/>\n<link rel=\"canonical\" href=\"https:\/\/emailchef.com\/it\/cose-un-servizio-di-newsletter\/\" \/>\n<meta name=\"twitter:label1\" content=\"Tempo di lettura stimato\" \/>\n\t<meta name=\"twitter:data1\" content=\"1 minuto\" \/>\n<!-- \/ Yoast SEO plugin. -->","yoast_head_json":{"title":"Cos'\u00e8 un servizio di newsletter (e perch\u00e9 ne hai bisogno)","description":"Servizio Gratuito per Newsletter. Cos'\u00e8 una Piattaforma di Newsletter e Come Scegliere la Migliore. Tutto Ci\u00f2 che Devi Sapere sui Servizi di Newsletter.","robots":{"index":"index","follow":"follow","max-snippet":"max-snippet:-1","max-image-preview":"max-image-preview:large","max-video-preview":"max-video-preview:-1"},"canonical":"https:\/\/emailchef.com\/it\/cose-un-servizio-di-newsletter\/","twitter_misc":{"Tempo di lettura stimato":"1 minuto"},"schema":{"@context":"https:\/\/schema.org","@graph":[{"@type":"WebPage","@id":"https:\/\/emailchef.com\/it\/cose-un-servizio-di-newsletter\/","url":"https:\/\/emailchef.com\/it\/cose-un-servizio-di-newsletter\/","name":"Cos'\u00e8 un servizio di newsletter (e perch\u00e9 ne hai bisogno)","isPartOf":{"@id":"https:\/\/emailchef.com\/it\/#website"},"datePublished":"2014-09-18T07:44:38+00:00","dateModified":"2024-10-31T13:43:09+00:00","description":"Servizio Gratuito per Newsletter. Cos'\u00e8 una Piattaforma di Newsletter e Come Scegliere la Migliore. Tutto Ci\u00f2 che Devi Sapere sui Servizi di Newsletter.","breadcrumb":{"@id":"https:\/\/emailchef.com\/it\/cose-un-servizio-di-newsletter\/#breadcrumb"},"inLanguage":"it-IT","potentialAction":[{"@type":"ReadAction","target":["https:\/\/emailchef.com\/it\/cose-un-servizio-di-newsletter\/"]}]},{"@type":"BreadcrumbList","@id":"https:\/\/emailchef.com\/it\/cose-un-servizio-di-newsletter\/#breadcrumb","itemListElement":[{"@type":"ListItem","position":1,"name":"Home","item":"https:\/\/emailchef.com\/it\/home-test-2023\/"},{"@type":"ListItem","position":2,"name":"Cos&#8217;\u00e8 un servizio di newsletter"}]},{"@type":"WebSite","@id":"https:\/\/emailchef.com\/it\/#website","url":"https:\/\/emailchef.com\/it\/","name":"Emailchef","description":"Gustose ricette di email marketing","publisher":{"@id":"https:\/\/emailchef.com\/it\/#organization"},"potentialAction":[{"@type":"SearchAction","target":{"@type":"EntryPoint","urlTemplate":"https:\/\/emailchef.com\/it\/?s={search_term_string}"},"query-input":{"@type":"PropertyValueSpecification","valueRequired":true,"valueName":"search_term_string"}}],"inLanguage":"it-IT"},{"@type":"Organization","@id":"https:\/\/emailchef.com\/it\/#organization","name":"Delivery Tech Corp.","url":"https:\/\/emailchef.com\/it\/","logo":{"@type":"ImageObject","inLanguage":"it-IT","@id":"https:\/\/emailchef.com\/it\/#\/schema\/logo\/image\/","url":"https:\/\/emailchef.com\/wp-content\/uploads\/2022\/04\/logo-sama.png","contentUrl":"https:\/\/emailchef.com\/wp-content\/uploads\/2022\/04\/logo-sama.png","width":237,"height":80,"caption":"Delivery Tech Corp."},"image":{"@id":"https:\/\/emailchef.com\/it\/#\/schema\/logo\/image\/"}}]}},"_links":{"self":[{"href":"https:\/\/emailchef.com\/it\/wp-json\/wp\/v2\/pages\/1734"}],"collection":[{"href":"https:\/\/emailchef.com\/it\/wp-json\/wp\/v2\/pages"}],"about":[{"href":"https:\/\/emailchef.com\/it\/wp-json\/wp\/v2\/types\/page"}],"author":[{"embeddable":true,"href":"https:\/\/emailchef.com\/it\/wp-json\/wp\/v2\/users\/3"}],"replies":[{"embeddable":true,"href":"https:\/\/emailchef.com\/it\/wp-json\/wp\/v2\/comments?post=1734"}],"version-history":[{"count":7,"href":"https:\/\/emailchef.com\/it\/wp-json\/wp\/v2\/pages\/1734\/revisions"}],"predecessor-version":[{"id":45086,"href":"https:\/\/emailchef.com\/it\/wp-json\/wp\/v2\/pages\/1734\/revisions\/45086"}],"wp:attachment":[{"href":"https:\/\/emailchef.com\/it\/wp-json\/wp\/v2\/media?parent=1734"}],"wp:term":[{"taxonomy":"g1_relation_tag","embeddable":true,"href":"https:\/\/emailchef.com\/it\/wp-json\/wp\/v2\/g1_relation_tag?post=1734"}],"curies":[{"name":"wp","href":"https:\/\/api.w.org\/{rel}","templated":true}]}}