{"id":1728,"date":"2014-09-18T07:24:44","date_gmt":"2014-09-18T07:24:44","guid":{"rendered":"http:\/\/emailchef.com\/?page_id=1728"},"modified":"2021-07-09T08:08:38","modified_gmt":"2021-07-09T08:08:38","slug":"invio-email-massive","status":"publish","type":"page","link":"https:\/\/emailchef.com\/it\/invio-email-massive\/","title":{"rendered":"Invio di email massive"},"content":{"rendered":"<p>Trovare il prodotto giusto tra la vasta gamma&nbsp;di <strong>servizi di email marketing di massa<\/strong> pu\u00f2 non essere un compito facile. Dal momento che ogni marketer ha le proprie particolari esigenze, pu\u00f2 essere difficile trovare una soluzione&nbsp;che offre insieme&nbsp;<strong>flessibilit\u00e0 e potenza<\/strong> quando si tratta di gestire le newsletter&nbsp;e le email massive.<\/p>\n<p>Ma ora si pu\u00f2 contare su Emailchef.<\/p>\n<p>Il nostro&nbsp;servizio di invio per email massive copre tutte le esigenze legate a ogni campagna di newsletter marketing:&nbsp;dalla <strong>creazione di template HTML<\/strong> alla <strong>consegna del messaggio<\/strong>.&nbsp;Ed \u00e8 completamente&nbsp;<strong>gratis<\/strong>&nbsp;hai email illimitate fino a 500 contatti.<\/p>\n<p>Tra i servizi di email marketing offerti da Emailchef:<\/p>\n<ul>\n<li>Un <strong>editor di posta elettronica<\/strong>&nbsp;semplicissimo per&nbsp;comporre il layout delle vostre email, aggiungere il contenuto, modificare l&#8217;intera newsletter e scrivere un oggetto adeguato. Forniamo anche una serie completa di <a title=\"template email\" href=\"http:\/\/emailchef.com\/it\/caratteristiche\/template-email-professionali\/\">template&nbsp;gi\u00e0 pronti<\/a> e un <a title=\"template creator\" href=\"http:\/\/emailchef.com\/it\/caratteristiche\/template-creator-layout-bellissimi\/\">software dedicato<\/a> per la creazione di newsletter&nbsp;HTML senza che sia necessario scrivere alcuna riga di codice.<\/li>\n<li>Un potente <strong>server SMTP<\/strong>&nbsp;in grado di garantire un alto&nbsp;tasso di consegna nel minor tempo possibile. Niente pi\u00f9 code e attese!<\/li>\n<li>Tutti gli strumenti per <strong>creare e gestire elenchi di indirizzi email<\/strong>&nbsp;<strong>illimitati<\/strong> &#8211; comprese opzioni avanzate come la segmentazione delle liste.&nbsp;Tutti i contatti di posta elettronica possono essere importati da varie fonti, con un semplice copia &amp; incolla o tramite il caricamento di un foglio di calcolo.<\/li>\n<li>Un <a title=\"editor form iscrizione\" href=\"http:\/\/emailchef.com\/it\/caratteristiche\/editor-form-di-iscrizione\/\"><strong>editor per i moduli di iscrizione<\/strong><\/a>&nbsp;alle vostre newsletter. Potrete&nbsp;creare dei form eleganti&nbsp;ed efficienti&nbsp;in pochi secondi e incorporarli nel vostro&nbsp;sito web: il modo pi\u00f9 semplice per attirare nuovi&nbsp;iscritti.<\/li>\n<li>La possibilit\u00e0 di <strong>email transazionali<\/strong> attivate da particolari eventi (un anniversario, un clic su un determinato link, ecc).<\/li>\n<li>Un set completo di&nbsp;<strong>strumenti di&nbsp;analisi<\/strong>&nbsp;per ottenere in tempo reale tutte le metriche pi\u00f9 utili su ciascuna campagna di newsletter&nbsp;e per valutarne l&#8217;efficacia. Perch\u00e9&nbsp;l&#8217;email marketing di massa \u00e8 un processo continuo di miglioramento e di conoscenza pi\u00f9 approfondita degli utenti.<\/li>\n<\/ul>\n","protected":false},"excerpt":{"rendered":"<p>Il nostro servizio di invio per email massive copre tutte le esigenze legate a ogni campagna di newsletter marketing: dalla creazione di template HTML alla consegna del messaggio.<\/p>\n","protected":false},"author":3,"featured_media":0,"parent":0,"menu_order":189,"comment_status":"closed","ping_status":"closed","template":"","meta":{"_acf_changed":false,"inline_featured_image":false,"footnotes":""},"g1_relation_tag":[130],"class_list":["post-1728","page","type-page","status-publish","hentry","g1_relation_tag-email-di-massa"],"acf":[],"yoast_head":"<!-- This site is optimized with the Yoast SEO plugin v24.8.1 - https:\/\/yoast.com\/wordpress\/plugins\/seo\/ -->\n<title>Invio di email massive - Emailchef<\/title>\n<meta name=\"description\" content=\"Il nostro servizio per email massive copre tutte le esigenze legate a ogni campagna di newsletter: dalla creazione di template alla consegna del messaggio.\" \/>\n<meta name=\"robots\" content=\"index, follow, max-snippet:-1, max-image-preview:large, max-video-preview:-1\" \/>\n<link rel=\"canonical\" href=\"https:\/\/emailchef.com\/it\/invio-email-massive\/\" \/>\n<meta name=\"twitter:label1\" content=\"Tempo di lettura stimato\" \/>\n\t<meta name=\"twitter:data1\" content=\"2 minuti\" \/>\n<!-- \/ Yoast SEO plugin. -->","yoast_head_json":{"title":"Invio di email massive - Emailchef","description":"Il nostro servizio per email massive copre tutte le esigenze legate a ogni campagna di newsletter: dalla creazione di template alla consegna del messaggio.","robots":{"index":"index","follow":"follow","max-snippet":"max-snippet:-1","max-image-preview":"max-image-preview:large","max-video-preview":"max-video-preview:-1"},"canonical":"https:\/\/emailchef.com\/it\/invio-email-massive\/","twitter_misc":{"Tempo di lettura stimato":"2 minuti"},"schema":{"@context":"https:\/\/schema.org","@graph":[{"@type":"WebPage","@id":"https:\/\/emailchef.com\/it\/invio-email-massive\/","url":"https:\/\/emailchef.com\/it\/invio-email-massive\/","name":"Invio di email massive - Emailchef","isPartOf":{"@id":"https:\/\/emailchef.com\/it\/#website"},"datePublished":"2014-09-18T07:24:44+00:00","dateModified":"2021-07-09T08:08:38+00:00","description":"Il nostro servizio per email massive copre tutte le esigenze legate a ogni campagna di newsletter: dalla creazione di template alla consegna del messaggio.","breadcrumb":{"@id":"https:\/\/emailchef.com\/it\/invio-email-massive\/#breadcrumb"},"inLanguage":"it-IT","potentialAction":[{"@type":"ReadAction","target":["https:\/\/emailchef.com\/it\/invio-email-massive\/"]}]},{"@type":"BreadcrumbList","@id":"https:\/\/emailchef.com\/it\/invio-email-massive\/#breadcrumb","itemListElement":[{"@type":"ListItem","position":1,"name":"Home","item":"https:\/\/emailchef.com\/it\/home-test-2023\/"},{"@type":"ListItem","position":2,"name":"Invio di email massive"}]},{"@type":"WebSite","@id":"https:\/\/emailchef.com\/it\/#website","url":"https:\/\/emailchef.com\/it\/","name":"Emailchef","description":"Gustose ricette di email marketing","publisher":{"@id":"https:\/\/emailchef.com\/it\/#organization"},"potentialAction":[{"@type":"SearchAction","target":{"@type":"EntryPoint","urlTemplate":"https:\/\/emailchef.com\/it\/?s={search_term_string}"},"query-input":{"@type":"PropertyValueSpecification","valueRequired":true,"valueName":"search_term_string"}}],"inLanguage":"it-IT"},{"@type":"Organization","@id":"https:\/\/emailchef.com\/it\/#organization","name":"Delivery Tech Corp.","url":"https:\/\/emailchef.com\/it\/","logo":{"@type":"ImageObject","inLanguage":"it-IT","@id":"https:\/\/emailchef.com\/it\/#\/schema\/logo\/image\/","url":"https:\/\/emailchef.com\/wp-content\/uploads\/2022\/04\/logo-sama.png","contentUrl":"https:\/\/emailchef.com\/wp-content\/uploads\/2022\/04\/logo-sama.png","width":237,"height":80,"caption":"Delivery Tech Corp."},"image":{"@id":"https:\/\/emailchef.com\/it\/#\/schema\/logo\/image\/"}}]}},"_links":{"self":[{"href":"https:\/\/emailchef.com\/it\/wp-json\/wp\/v2\/pages\/1728"}],"collection":[{"href":"https:\/\/emailchef.com\/it\/wp-json\/wp\/v2\/pages"}],"about":[{"href":"https:\/\/emailchef.com\/it\/wp-json\/wp\/v2\/types\/page"}],"author":[{"embeddable":true,"href":"https:\/\/emailchef.com\/it\/wp-json\/wp\/v2\/users\/3"}],"replies":[{"embeddable":true,"href":"https:\/\/emailchef.com\/it\/wp-json\/wp\/v2\/comments?post=1728"}],"version-history":[{"count":7,"href":"https:\/\/emailchef.com\/it\/wp-json\/wp\/v2\/pages\/1728\/revisions"}],"predecessor-version":[{"id":45082,"href":"https:\/\/emailchef.com\/it\/wp-json\/wp\/v2\/pages\/1728\/revisions\/45082"}],"wp:attachment":[{"href":"https:\/\/emailchef.com\/it\/wp-json\/wp\/v2\/media?parent=1728"}],"wp:term":[{"taxonomy":"g1_relation_tag","embeddable":true,"href":"https:\/\/emailchef.com\/it\/wp-json\/wp\/v2\/g1_relation_tag?post=1728"}],"curies":[{"name":"wp","href":"https:\/\/api.w.org\/{rel}","templated":true}]}}