{"id":1727,"date":"2014-09-18T07:14:51","date_gmt":"2014-09-18T07:14:51","guid":{"rendered":"http:\/\/emailchef.com\/?page_id=1727"},"modified":"2021-07-09T08:09:01","modified_gmt":"2021-07-09T08:09:01","slug":"inviare-newsletter","status":"publish","type":"page","link":"https:\/\/emailchef.com\/it\/inviare-newsletter\/","title":{"rendered":"Come inviare una newsletter"},"content":{"rendered":"<p>Vuoi raggiungere i vostri clienti in modo rapido e mantenere saldo&nbsp;il vostro rapporto con loro? <strong>Invia una newsletter<\/strong>: a dispetto di tutte le chiacchiere su social media e marketing virale, le buone&nbsp;vecchie email sono ancora&nbsp;estremamente efficaci.<\/p>\n<p>Ma <strong>come si invia&nbsp;una newsletter<\/strong>, esattamente? Pu\u00f2 sembrare una domanda oziosa,&nbsp;ma non lo \u00e8. Un&#8217;email di massa mal concepita pu\u00f2 infatti causare pi\u00f9 male che bene: ecco perch\u00e9 \u00e8 indispensabile&nbsp;applicare&nbsp;alcune <strong>regole di base<\/strong> quando si tratta di creare e spedire&nbsp;una&nbsp;newsletter.<\/p>\n<p>Prima di tutto \u00e8 necessario scegliere una <strong>piattaforma dedicata<\/strong> come Emailchef, che ti guider\u00e0 attraverso le varie fasi di lavorazione della campagna di email&nbsp;marketing. Quindi, segui queste&nbsp;cinque <em>best practice<\/em>&nbsp;sull&#8217;invio delle newsletter:<\/p>\n<p><strong>1. Spedisci le tu&nbsp;email&nbsp;solo a utenti&nbsp;che hanno fatto opt-in.<\/strong><\/p>\n<p>C&#8217;\u00e8 solo una forma legittima di email marketing: inviare&nbsp;newsletter sulla base di una previa autorizzazione. Ovvero, spedirle solo a&nbsp;utenti&nbsp;che hanno dichiarato esplicitamente di voler ricevere le tue&nbsp;comunicazioni. Per iniziare a raccogliere tali contatti, il modo migliore \u00e8 fornire un semplice modulo di iscrizione sul tuo&nbsp;sito web. Emailchef t<a title=\"editor form iscrizione\" href=\"http:\/\/emailchef.com\/it\/caratteristiche\/editor-form-di-iscrizione\/\">i aiuter\u00e0 a farlo in pochi secondi<\/a>.<\/p>\n<p><strong>2. Usa un template&nbsp;HTML di qualit\u00e0.<\/strong><\/p>\n<p>Un codice HTML pulito \u00e8 essenziale per semplificare il processo di invio di una newsletter. Se non ti senti sicuri,&nbsp;puoi provare uno dei nostri <a title=\"template email professionali\" href=\"http:\/\/emailchef.com\/it\/caratteristiche\/template-email-professionali\/\">layout gi\u00e0 pronti<\/a>, o&nbsp;crearne uno personalizzato&nbsp;a partire da zero con <a title=\"template creator\" href=\"http:\/\/emailchef.com\/it\/caratteristiche\/template-creator-layout-bellissimi\/\">Template Creator<\/a> (senza scrivere una sola riga di codice).<\/p>\n<p><strong>3. Non dimenticare di aggiungere un link di cancellazione.<\/strong><\/p>\n<p>E&#8217; molto importante includere un processo di disiscrizione&nbsp;nella tua&nbsp;newsletter: basta un link&nbsp;nel footer dell&#8217;email. Non solo per rispettare le leggi&nbsp;anti-spam, ma anche perch\u00e9 ti aiuter\u00e0 a non finire nella casella&nbsp;di posta indesiderata quando un utente non vuole&nbsp;pi\u00f9 ricevere&nbsp;i tuoi messaggi. Anche in questo caso, con Emailchef aggiungere tale link \u00e8 un gioco da ragazzi.<\/p>\n<p><strong>4. Rileggi.<\/strong><\/p>\n<p>Errori e refusi possono essere ovunque. Prima di inviare una newsletter, prenditi sempre&nbsp;po&#8217; di tempo per&nbsp;rileggere attentamente e verificare se tutti i link&nbsp;funzionano (e puntano verso le&nbsp;pagine corrette).<\/p>\n<p><strong>5. Usa un servizio di consegna di posta elettronica professionale.<\/strong><\/p>\n<p>Inviare una newsletter non significa automaticamente recapitarla:&nbsp;un&#8217;email multipla o di massa pu\u00f2 sempre essere filtrata da server o servizi&nbsp;anti-spam &#8211; anche se \u00e8 fatta con tutti i crismi e perfettamente legittima. Per garantire che la tua newsletter venga consegnata&nbsp;\u00e8 dunque necessario utilizzare un server SMTP professionale. Cosa che Emailchef garantisce per tutti i suoi utenti!<\/p>\n","protected":false},"excerpt":{"rendered":"<p>Volete raggiungere i vostri clienti in modo rapido e mantenere saldo il vostro rapporto con loro? Inviate una newsletter: le buone vecchie email sono ancora estremamente efficaci.<\/p>\n","protected":false},"author":3,"featured_media":0,"parent":0,"menu_order":155,"comment_status":"closed","ping_status":"closed","template":"","meta":{"_acf_changed":false,"inline_featured_image":false,"footnotes":""},"g1_relation_tag":[130],"class_list":["post-1727","page","type-page","status-publish","hentry","g1_relation_tag-email-di-massa"],"acf":[],"yoast_head":"<!-- This site is optimized with the Yoast SEO plugin v24.8.1 - https:\/\/yoast.com\/wordpress\/plugins\/seo\/ -->\n<title>Come inviare una newsletter - Emailchef<\/title>\n<meta name=\"description\" content=\"Come inviare una newsletter per raggiungere i tuoi clienti in modo rapido? Invia una newsletter: le buone vecchie email sono ancora estremamente efficaci.\" \/>\n<meta name=\"robots\" content=\"index, follow, max-snippet:-1, max-image-preview:large, max-video-preview:-1\" \/>\n<link rel=\"canonical\" href=\"https:\/\/emailchef.com\/it\/inviare-newsletter\/\" \/>\n<meta name=\"twitter:label1\" content=\"Tempo di lettura stimato\" \/>\n\t<meta name=\"twitter:data1\" content=\"2 minuti\" \/>\n<!-- \/ Yoast SEO plugin. -->","yoast_head_json":{"title":"Come inviare una newsletter - Emailchef","description":"Come inviare una newsletter per raggiungere i tuoi clienti in modo rapido? Invia una newsletter: le buone vecchie email sono ancora estremamente efficaci.","robots":{"index":"index","follow":"follow","max-snippet":"max-snippet:-1","max-image-preview":"max-image-preview:large","max-video-preview":"max-video-preview:-1"},"canonical":"https:\/\/emailchef.com\/it\/inviare-newsletter\/","twitter_misc":{"Tempo di lettura stimato":"2 minuti"},"schema":{"@context":"https:\/\/schema.org","@graph":[{"@type":"WebPage","@id":"https:\/\/emailchef.com\/it\/inviare-newsletter\/","url":"https:\/\/emailchef.com\/it\/inviare-newsletter\/","name":"Come inviare una newsletter - Emailchef","isPartOf":{"@id":"https:\/\/emailchef.com\/it\/#website"},"datePublished":"2014-09-18T07:14:51+00:00","dateModified":"2021-07-09T08:09:01+00:00","description":"Come inviare una newsletter per raggiungere i tuoi clienti in modo rapido? Invia una newsletter: le buone vecchie email sono ancora estremamente efficaci.","breadcrumb":{"@id":"https:\/\/emailchef.com\/it\/inviare-newsletter\/#breadcrumb"},"inLanguage":"it-IT","potentialAction":[{"@type":"ReadAction","target":["https:\/\/emailchef.com\/it\/inviare-newsletter\/"]}]},{"@type":"BreadcrumbList","@id":"https:\/\/emailchef.com\/it\/inviare-newsletter\/#breadcrumb","itemListElement":[{"@type":"ListItem","position":1,"name":"Home","item":"https:\/\/emailchef.com\/it\/home-test-2023\/"},{"@type":"ListItem","position":2,"name":"Come inviare una newsletter"}]},{"@type":"WebSite","@id":"https:\/\/emailchef.com\/it\/#website","url":"https:\/\/emailchef.com\/it\/","name":"Emailchef","description":"Gustose ricette di email marketing","publisher":{"@id":"https:\/\/emailchef.com\/it\/#organization"},"potentialAction":[{"@type":"SearchAction","target":{"@type":"EntryPoint","urlTemplate":"https:\/\/emailchef.com\/it\/?s={search_term_string}"},"query-input":{"@type":"PropertyValueSpecification","valueRequired":true,"valueName":"search_term_string"}}],"inLanguage":"it-IT"},{"@type":"Organization","@id":"https:\/\/emailchef.com\/it\/#organization","name":"Delivery Tech Corp.","url":"https:\/\/emailchef.com\/it\/","logo":{"@type":"ImageObject","inLanguage":"it-IT","@id":"https:\/\/emailchef.com\/it\/#\/schema\/logo\/image\/","url":"https:\/\/emailchef.com\/wp-content\/uploads\/2022\/04\/logo-sama.png","contentUrl":"https:\/\/emailchef.com\/wp-content\/uploads\/2022\/04\/logo-sama.png","width":237,"height":80,"caption":"Delivery Tech Corp."},"image":{"@id":"https:\/\/emailchef.com\/it\/#\/schema\/logo\/image\/"}}]}},"_links":{"self":[{"href":"https:\/\/emailchef.com\/it\/wp-json\/wp\/v2\/pages\/1727"}],"collection":[{"href":"https:\/\/emailchef.com\/it\/wp-json\/wp\/v2\/pages"}],"about":[{"href":"https:\/\/emailchef.com\/it\/wp-json\/wp\/v2\/types\/page"}],"author":[{"embeddable":true,"href":"https:\/\/emailchef.com\/it\/wp-json\/wp\/v2\/users\/3"}],"replies":[{"embeddable":true,"href":"https:\/\/emailchef.com\/it\/wp-json\/wp\/v2\/comments?post=1727"}],"version-history":[{"count":4,"href":"https:\/\/emailchef.com\/it\/wp-json\/wp\/v2\/pages\/1727\/revisions"}],"predecessor-version":[{"id":45084,"href":"https:\/\/emailchef.com\/it\/wp-json\/wp\/v2\/pages\/1727\/revisions\/45084"}],"wp:attachment":[{"href":"https:\/\/emailchef.com\/it\/wp-json\/wp\/v2\/media?parent=1727"}],"wp:term":[{"taxonomy":"g1_relation_tag","embeddable":true,"href":"https:\/\/emailchef.com\/it\/wp-json\/wp\/v2\/g1_relation_tag?post=1727"}],"curies":[{"name":"wp","href":"https:\/\/api.w.org\/{rel}","templated":true}]}}