{"id":1720,"date":"2014-09-11T10:04:11","date_gmt":"2014-09-11T10:04:11","guid":{"rendered":"http:\/\/emailchef.com\/?page_id=1720"},"modified":"2021-07-09T08:07:44","modified_gmt":"2021-07-09T08:07:44","slug":"servizi-email-marketing","status":"publish","type":"page","link":"https:\/\/emailchef.com\/it\/servizi-email-marketing\/","title":{"rendered":"Servizi email marketing: come scegliere"},"content":{"rendered":"<p>Il numero di <b>servizi di email marketing <\/b>che si pu\u00f2 trovare sul web \u00e8 davvero molto vasto. Il che non \u00e8 una sorpresa, dal momento che le <b>newsletter <\/b>e le <b>campagne email <\/b>hanno dimostrato il loro valore da tempo, garantendo il <b>ROI <\/b><b>pi\u00f9 alto <\/b>di tutti gli strumenti di comunicazione digitale.<\/p>\n<p>Ma in un panorama cos\u00ec complesso, \u00e8 essenziale capire quali sono le caratteristiche che una piattaforma di email marketing dovrebbe possedere per essere <b>la<\/b><b> migliore per le vostre reali esigenze<\/b>.<\/p>\n<p>Emailchef fornisce una <b>serie completa di servizi di email marketing<\/b> che vanno dallo strumento di invio di base alle tecniche pi\u00f9 avanzate di lista segmentazione e reporting. Grazie al suo potente server SMTP, assicura il <b>miglior tasso di consegna <\/b>a<b>&nbsp;<\/b>tutti i messaggi &#8211; indipendentemente dal numero dei destinatari.<\/p>\n<p>Lo scopo di Emailchef \u00e8 quello di fornire una piattaforma di newsletter <b>pi\u00f9 <\/b><b>semplice possibile<\/b>: un sistema per creare, modificare, inviare e monitorare&nbsp;la propria campagna in pochi minuti. Ma con ulteriori strumenti di email marketing avanzati pensati per i marketer pi\u00f9 esperti:<\/p>\n\n<ul id=\"\" class=\"g1-list g1-list--icon g1-list--simple \">\n<li><i class=\"fa fa-arrow-right g1-list__icon\"><\/i>un efficace <b>editor <\/b><b>per i moduli d&#8217;iscrizione,&nbsp;<\/b>per far alimentare la tua lista di contatti nel modo pi\u00f9 semplice e pi\u00f9 sicuro;<\/li>\n<li><i class=\"fa fa-arrow-right g1-list__icon\"><\/i>un <b>software di creazione template dedicato,&nbsp;<\/b>che consente di creare newsletter perfette con pochi semplici drag&amp;drop;<\/li>\n<li><i class=\"fa fa-arrow-right g1-list__icon\"><\/i>una vasta gamma di <b>template <\/b><b>HTML <\/b><b>gratuiti<\/b>;<\/li>\n<li><i class=\"fa fa-arrow-right g1-list__icon\"><\/i>un sistema di <b>analytics<\/b> accurato per comprendere l&#8217;andamento di ogni invio;<\/li>\n<li><i class=\"fa fa-arrow-right g1-list__icon\"><\/i><b>risorse e articoli <\/b>per imparare a sfruttare al meglio la tua campagna email, oltre ad un servizio clienti di grande esperienza;<\/li>\n<\/ul>\n\n<p>e molto altro ancora.&nbsp;<a href=\"\/user-signup?lang=it\">Provalo subito<\/a>!<\/p>\n","protected":false},"excerpt":{"rendered":"<p>Come capire quali sono le caratteristiche essenziali che una piattaforma di email marketing dovrebbe possedere per essere la migliore per le vostre reali esigenze.<\/p>\n","protected":false},"author":3,"featured_media":0,"parent":0,"menu_order":96,"comment_status":"closed","ping_status":"closed","template":"","meta":{"_acf_changed":false,"inline_featured_image":false,"footnotes":""},"g1_relation_tag":[58],"class_list":["post-1720","page","type-page","status-publish","hentry","g1_relation_tag-email-marketing-pratiche"],"acf":[],"yoast_head":"<!-- This site is optimized with the Yoast SEO plugin v24.8.1 - https:\/\/yoast.com\/wordpress\/plugins\/seo\/ -->\n<title>Servizi email marketing: come scegliere - Emailchef<\/title>\n<meta name=\"description\" content=\"Come capire quali sono le caratteristiche essenziali che una piattaforma di email marketing dovrebbe possedere per soddisfare le tue esigenze.\" \/>\n<meta name=\"robots\" content=\"index, follow, max-snippet:-1, max-image-preview:large, max-video-preview:-1\" \/>\n<link rel=\"canonical\" href=\"https:\/\/emailchef.com\/it\/servizi-email-marketing\/\" \/>\n<meta name=\"twitter:label1\" content=\"Tempo di lettura stimato\" \/>\n\t<meta name=\"twitter:data1\" content=\"2 minuti\" \/>\n<!-- \/ Yoast SEO plugin. -->","yoast_head_json":{"title":"Servizi email marketing: come scegliere - Emailchef","description":"Come capire quali sono le caratteristiche essenziali che una piattaforma di email marketing dovrebbe possedere per soddisfare le tue esigenze.","robots":{"index":"index","follow":"follow","max-snippet":"max-snippet:-1","max-image-preview":"max-image-preview:large","max-video-preview":"max-video-preview:-1"},"canonical":"https:\/\/emailchef.com\/it\/servizi-email-marketing\/","twitter_misc":{"Tempo di lettura stimato":"2 minuti"},"schema":{"@context":"https:\/\/schema.org","@graph":[{"@type":"WebPage","@id":"https:\/\/emailchef.com\/it\/servizi-email-marketing\/","url":"https:\/\/emailchef.com\/it\/servizi-email-marketing\/","name":"Servizi email marketing: come scegliere - Emailchef","isPartOf":{"@id":"https:\/\/emailchef.com\/it\/#website"},"datePublished":"2014-09-11T10:04:11+00:00","dateModified":"2021-07-09T08:07:44+00:00","description":"Come capire quali sono le caratteristiche essenziali che una piattaforma di email marketing dovrebbe possedere per soddisfare le tue esigenze.","breadcrumb":{"@id":"https:\/\/emailchef.com\/it\/servizi-email-marketing\/#breadcrumb"},"inLanguage":"it-IT","potentialAction":[{"@type":"ReadAction","target":["https:\/\/emailchef.com\/it\/servizi-email-marketing\/"]}]},{"@type":"BreadcrumbList","@id":"https:\/\/emailchef.com\/it\/servizi-email-marketing\/#breadcrumb","itemListElement":[{"@type":"ListItem","position":1,"name":"Home","item":"https:\/\/emailchef.com\/it\/home-test-2023\/"},{"@type":"ListItem","position":2,"name":"Servizi email marketing: come scegliere"}]},{"@type":"WebSite","@id":"https:\/\/emailchef.com\/it\/#website","url":"https:\/\/emailchef.com\/it\/","name":"Emailchef","description":"Gustose ricette di email marketing","publisher":{"@id":"https:\/\/emailchef.com\/it\/#organization"},"potentialAction":[{"@type":"SearchAction","target":{"@type":"EntryPoint","urlTemplate":"https:\/\/emailchef.com\/it\/?s={search_term_string}"},"query-input":{"@type":"PropertyValueSpecification","valueRequired":true,"valueName":"search_term_string"}}],"inLanguage":"it-IT"},{"@type":"Organization","@id":"https:\/\/emailchef.com\/it\/#organization","name":"Delivery Tech Corp.","url":"https:\/\/emailchef.com\/it\/","logo":{"@type":"ImageObject","inLanguage":"it-IT","@id":"https:\/\/emailchef.com\/it\/#\/schema\/logo\/image\/","url":"https:\/\/emailchef.com\/wp-content\/uploads\/2022\/04\/logo-sama.png","contentUrl":"https:\/\/emailchef.com\/wp-content\/uploads\/2022\/04\/logo-sama.png","width":237,"height":80,"caption":"Delivery Tech Corp."},"image":{"@id":"https:\/\/emailchef.com\/it\/#\/schema\/logo\/image\/"}}]}},"_links":{"self":[{"href":"https:\/\/emailchef.com\/it\/wp-json\/wp\/v2\/pages\/1720"}],"collection":[{"href":"https:\/\/emailchef.com\/it\/wp-json\/wp\/v2\/pages"}],"about":[{"href":"https:\/\/emailchef.com\/it\/wp-json\/wp\/v2\/types\/page"}],"author":[{"embeddable":true,"href":"https:\/\/emailchef.com\/it\/wp-json\/wp\/v2\/users\/3"}],"replies":[{"embeddable":true,"href":"https:\/\/emailchef.com\/it\/wp-json\/wp\/v2\/comments?post=1720"}],"version-history":[{"count":8,"href":"https:\/\/emailchef.com\/it\/wp-json\/wp\/v2\/pages\/1720\/revisions"}],"predecessor-version":[{"id":45080,"href":"https:\/\/emailchef.com\/it\/wp-json\/wp\/v2\/pages\/1720\/revisions\/45080"}],"wp:attachment":[{"href":"https:\/\/emailchef.com\/it\/wp-json\/wp\/v2\/media?parent=1720"}],"wp:term":[{"taxonomy":"g1_relation_tag","embeddable":true,"href":"https:\/\/emailchef.com\/it\/wp-json\/wp\/v2\/g1_relation_tag?post=1720"}],"curies":[{"name":"wp","href":"https:\/\/api.w.org\/{rel}","templated":true}]}}