{"id":1719,"date":"2014-09-11T10:01:59","date_gmt":"2014-09-11T10:01:59","guid":{"rendered":"http:\/\/emailchef.com\/?page_id=1719"},"modified":"2021-07-09T08:08:08","modified_gmt":"2021-07-09T08:08:08","slug":"miglior-servizio-email-marketing","status":"publish","type":"page","link":"https:\/\/emailchef.com\/it\/miglior-servizio-email-marketing\/","title":{"rendered":"Il miglior servizio di email marketing"},"content":{"rendered":"<p>La scelta di un <b>servizio di email marketing <\/b>adeguato \u00e8 essenziale quando si deve gestire una campagna di newsletter. Tra scelta cos\u00ec vasta di diversi servizi di email marketing, si dovrebbe sempre prendere un po &#8216;di tempo per pensare a quali sono le caratteristiche pi\u00f9 importanti per la <b>propria strategia di emailing<\/b>.<\/p>\n<p>(I principali fattori da considerare possono essere la dimensione della vostra lista, il numero di newsletter che \u00e8 necessario inviare per giorno \/ settimana, o anche la flessibilit\u00e0 in termini di modifica del template).<\/p>\n<p>Comunque, ci sono alcuni requisiti di base che il <b>miglior servizio di email marketing<\/b> per le vostre esigenze deve sempre soddisfare:<\/p>\n\n<ul id=\"\" class=\"g1-list g1-list--icon g1-list--simple \">\n<li><i class=\"fa fa-arrow-right g1-list__icon\"><\/i><b>Garantire una consegna email rapida ed efficace<\/b>.<br \/>\nQuesto \u00e8 chiaramente un must per tutte le piattaforme di email marketing professionali: dopo tutto lo scopo finale della vostra campagna \u00e8 quello di consegnare tutti i messaggi ai contatti giusti. In questo senso \u00e8 necessario verificare l&#8217;affidabilit\u00e0 del server SMTP del servizio di email marketing in considerazione: Emailchef utilizza il motore professionale turboSMTP per garantire la massima deliverability.<\/li>\n<li><i class=\"fa fa-arrow-right g1-list__icon\"><\/i><b>Rendere pi\u00f9 facile da gestire e segmentare<\/b>i vostri elenchi di contatti.<br \/>\nL&#8217;importazione di indirizzi di posta elettronica, l&#8217;aggiunta di nuovi campi personalizzati e la creazione di segmenti (per inviare offerte su misura) deve essere semplice e intuitiva, al fine di evitare eventuali complicazioni o errori legati ai database (ad esempio l&#8217;invio di un&#8217;offerta alla lista sbagliata&#8230;).<\/li>\n<li><i class=\"fa fa-arrow-right g1-list__icon\"><\/i><b>Includere un <\/b><b>buon <\/b><b>editor di newsletter<\/b>.<br \/>\n\u00c8 molto importante, al fine di realizzare una newsletter che rifletta la vostra brand identity e segua tutte le migliori pratiche per la creazione di email (in primis, una corretta codifica HTML). Quindi un buon servizio di email marketing deve fornire gli strumenti di editing flessibili per farvi progettare il miglior template per le vostre esigenze. In particolare, Emailchef offre anche un editor drag&amp;drop dedicato di grande semplicit\u00e0 e flessibilit\u00e0: Template Creator.<\/li>\n<li><i class=\"fa fa-arrow-right g1-list__icon\"><\/i><b>Fornire strumenti statistici avanzati<\/b>.<br \/>\nUn buon fornitore di servizi di email marketing non deve farvi &#8220;sentire soli&#8221; dopo un invio: deve cio\u00e8 mostrare tutte le informazioni rilevanti legate alle vostre campagne email: tassi di apertura, click-through rate, numero di disiscrizioni e cos\u00ec via &#8211; meglio se con dei grafici chiari. In questo modo potrete comprendere le qualit\u00e0 e i problemi della vostra strategia di marketing, e migliorarla di conseguenza.<\/li>\n<\/ul>\n\n<p>Emailchef offre tutti questi servizi e molto altro ancora, come piattaforma leader nel settore di email marketing.<\/p>\n","protected":false},"excerpt":{"rendered":"<p>La scelta di un servizio di email marketing adeguato \u00e8 essenziale quando si deve gestire una campagna di newsletter. Ecco quali sono i vantaggi offerti da Emailchef.<\/p>\n","protected":false},"author":3,"featured_media":0,"parent":0,"menu_order":246,"comment_status":"closed","ping_status":"closed","template":"","meta":{"_acf_changed":false,"inline_featured_image":false,"footnotes":""},"g1_relation_tag":[58],"class_list":["post-1719","page","type-page","status-publish","hentry","g1_relation_tag-email-marketing-pratiche"],"acf":[],"yoast_head":"<!-- This site is optimized with the Yoast SEO plugin v24.8.1 - https:\/\/yoast.com\/wordpress\/plugins\/seo\/ -->\n<title>Il miglior servizio di email marketing - Emailchef<\/title>\n<meta name=\"description\" content=\"La scelta di un servizio di email marketing adeguato \u00e8 essenziale quando si deve gestire una campagna di newsletter. Ecco quali sono i vantaggi di Emailchef.\" \/>\n<meta name=\"robots\" content=\"index, follow, max-snippet:-1, max-image-preview:large, max-video-preview:-1\" \/>\n<link rel=\"canonical\" href=\"https:\/\/emailchef.com\/it\/miglior-servizio-email-marketing\/\" \/>\n<meta name=\"twitter:label1\" content=\"Tempo di lettura stimato\" \/>\n\t<meta name=\"twitter:data1\" content=\"2 minuti\" \/>\n<!-- \/ Yoast SEO plugin. -->","yoast_head_json":{"title":"Il miglior servizio di email marketing - Emailchef","description":"La scelta di un servizio di email marketing adeguato \u00e8 essenziale quando si deve gestire una campagna di newsletter. Ecco quali sono i vantaggi di Emailchef.","robots":{"index":"index","follow":"follow","max-snippet":"max-snippet:-1","max-image-preview":"max-image-preview:large","max-video-preview":"max-video-preview:-1"},"canonical":"https:\/\/emailchef.com\/it\/miglior-servizio-email-marketing\/","twitter_misc":{"Tempo di lettura stimato":"2 minuti"},"schema":{"@context":"https:\/\/schema.org","@graph":[{"@type":"WebPage","@id":"https:\/\/emailchef.com\/it\/miglior-servizio-email-marketing\/","url":"https:\/\/emailchef.com\/it\/miglior-servizio-email-marketing\/","name":"Il miglior servizio di email marketing - Emailchef","isPartOf":{"@id":"https:\/\/emailchef.com\/it\/#website"},"datePublished":"2014-09-11T10:01:59+00:00","dateModified":"2021-07-09T08:08:08+00:00","description":"La scelta di un servizio di email marketing adeguato \u00e8 essenziale quando si deve gestire una campagna di newsletter. Ecco quali sono i vantaggi di Emailchef.","breadcrumb":{"@id":"https:\/\/emailchef.com\/it\/miglior-servizio-email-marketing\/#breadcrumb"},"inLanguage":"it-IT","potentialAction":[{"@type":"ReadAction","target":["https:\/\/emailchef.com\/it\/miglior-servizio-email-marketing\/"]}]},{"@type":"BreadcrumbList","@id":"https:\/\/emailchef.com\/it\/miglior-servizio-email-marketing\/#breadcrumb","itemListElement":[{"@type":"ListItem","position":1,"name":"Home","item":"https:\/\/emailchef.com\/it\/home-test-2023\/"},{"@type":"ListItem","position":2,"name":"Il miglior servizio di email marketing"}]},{"@type":"WebSite","@id":"https:\/\/emailchef.com\/it\/#website","url":"https:\/\/emailchef.com\/it\/","name":"Emailchef","description":"Gustose ricette di email marketing","publisher":{"@id":"https:\/\/emailchef.com\/it\/#organization"},"potentialAction":[{"@type":"SearchAction","target":{"@type":"EntryPoint","urlTemplate":"https:\/\/emailchef.com\/it\/?s={search_term_string}"},"query-input":{"@type":"PropertyValueSpecification","valueRequired":true,"valueName":"search_term_string"}}],"inLanguage":"it-IT"},{"@type":"Organization","@id":"https:\/\/emailchef.com\/it\/#organization","name":"Delivery Tech Corp.","url":"https:\/\/emailchef.com\/it\/","logo":{"@type":"ImageObject","inLanguage":"it-IT","@id":"https:\/\/emailchef.com\/it\/#\/schema\/logo\/image\/","url":"https:\/\/emailchef.com\/wp-content\/uploads\/2022\/04\/logo-sama.png","contentUrl":"https:\/\/emailchef.com\/wp-content\/uploads\/2022\/04\/logo-sama.png","width":237,"height":80,"caption":"Delivery Tech Corp."},"image":{"@id":"https:\/\/emailchef.com\/it\/#\/schema\/logo\/image\/"}}]}},"_links":{"self":[{"href":"https:\/\/emailchef.com\/it\/wp-json\/wp\/v2\/pages\/1719"}],"collection":[{"href":"https:\/\/emailchef.com\/it\/wp-json\/wp\/v2\/pages"}],"about":[{"href":"https:\/\/emailchef.com\/it\/wp-json\/wp\/v2\/types\/page"}],"author":[{"embeddable":true,"href":"https:\/\/emailchef.com\/it\/wp-json\/wp\/v2\/users\/3"}],"replies":[{"embeddable":true,"href":"https:\/\/emailchef.com\/it\/wp-json\/wp\/v2\/comments?post=1719"}],"version-history":[{"count":4,"href":"https:\/\/emailchef.com\/it\/wp-json\/wp\/v2\/pages\/1719\/revisions"}],"predecessor-version":[{"id":6194,"href":"https:\/\/emailchef.com\/it\/wp-json\/wp\/v2\/pages\/1719\/revisions\/6194"}],"wp:attachment":[{"href":"https:\/\/emailchef.com\/it\/wp-json\/wp\/v2\/media?parent=1719"}],"wp:term":[{"taxonomy":"g1_relation_tag","embeddable":true,"href":"https:\/\/emailchef.com\/it\/wp-json\/wp\/v2\/g1_relation_tag?post=1719"}],"curies":[{"name":"wp","href":"https:\/\/api.w.org\/{rel}","templated":true}]}}