{"id":1710,"date":"2014-09-11T09:44:32","date_gmt":"2014-09-11T09:44:32","guid":{"rendered":"http:\/\/emailchef.com\/?page_id=1710"},"modified":"2021-07-07T13:54:15","modified_gmt":"2021-07-07T13:54:15","slug":"email-massa","status":"publish","type":"page","link":"https:\/\/emailchef.com\/it\/email-massa\/","title":{"rendered":"Email di massa"},"content":{"rendered":"<div class=\"gb-container gb-container-74cf0174\"><div class=\"gb-inside-container\">\n\n<p><strong>L\u2019invio di email di massa<\/strong> \u00e8 un\u2019arte molto pi\u00f9 complessa di quanto possa sembrare a prima vista, ed \u00e8 completamente diversa dallo spam. Ecco come applicarla al meglio.<\/p>\n\n\n\n<\/div><\/div>\n\n\n<p><\/p>\n","protected":false},"excerpt":{"rendered":"<p>L\u2019invio di email di massa \u00e8 un\u2019arte molto pi\u00f9 complessa di quanto possa sembrare a prima vista, ed \u00e8 completamente diversa dallo spam. Ecco come applicarla al meglio.<\/p>\n","protected":false},"author":3,"featured_media":0,"parent":0,"menu_order":60,"comment_status":"closed","ping_status":"closed","template":"","meta":{"_acf_changed":false,"inline_featured_image":false,"footnotes":""},"g1_relation_tag":[130],"class_list":["post-1710","page","type-page","status-publish","hentry","g1_relation_tag-email-di-massa"],"acf":[],"yoast_head":"<!-- This site is optimized with the Yoast SEO plugin v24.8.1 - https:\/\/yoast.com\/wordpress\/plugins\/seo\/ -->\n<title>Email di massa - Emailchef<\/title>\n<meta name=\"description\" content=\"L&#039;invio di email di massa \u00e8 un&#039;arte molto pi\u00f9 complessa di quanto possa sembrare a prima vista, ed \u00e8 completamente diversa dallo spam.\" \/>\n<meta name=\"robots\" content=\"index, follow, max-snippet:-1, max-image-preview:large, max-video-preview:-1\" \/>\n<link rel=\"canonical\" href=\"https:\/\/emailchef.com\/it\/email-massa\/\" \/>\n<meta name=\"twitter:label1\" content=\"Tempo di lettura stimato\" \/>\n\t<meta name=\"twitter:data1\" content=\"1 minuto\" \/>\n<!-- \/ Yoast SEO plugin. -->","yoast_head_json":{"title":"Email di massa - Emailchef","description":"L'invio di email di massa \u00e8 un'arte molto pi\u00f9 complessa di quanto possa sembrare a prima vista, ed \u00e8 completamente diversa dallo spam.","robots":{"index":"index","follow":"follow","max-snippet":"max-snippet:-1","max-image-preview":"max-image-preview:large","max-video-preview":"max-video-preview:-1"},"canonical":"https:\/\/emailchef.com\/it\/email-massa\/","twitter_misc":{"Tempo di lettura stimato":"1 minuto"},"schema":{"@context":"https:\/\/schema.org","@graph":[{"@type":"WebPage","@id":"https:\/\/emailchef.com\/it\/email-massa\/","url":"https:\/\/emailchef.com\/it\/email-massa\/","name":"Email di massa - Emailchef","isPartOf":{"@id":"https:\/\/emailchef.com\/it\/#website"},"datePublished":"2014-09-11T09:44:32+00:00","dateModified":"2021-07-07T13:54:15+00:00","description":"L'invio di email di massa \u00e8 un'arte molto pi\u00f9 complessa di quanto possa sembrare a prima vista, ed \u00e8 completamente diversa dallo spam.","breadcrumb":{"@id":"https:\/\/emailchef.com\/it\/email-massa\/#breadcrumb"},"inLanguage":"it-IT","potentialAction":[{"@type":"ReadAction","target":["https:\/\/emailchef.com\/it\/email-massa\/"]}]},{"@type":"BreadcrumbList","@id":"https:\/\/emailchef.com\/it\/email-massa\/#breadcrumb","itemListElement":[{"@type":"ListItem","position":1,"name":"Home","item":"https:\/\/emailchef.com\/it\/home-test-2023\/"},{"@type":"ListItem","position":2,"name":"Email di massa"}]},{"@type":"WebSite","@id":"https:\/\/emailchef.com\/it\/#website","url":"https:\/\/emailchef.com\/it\/","name":"Emailchef","description":"Gustose ricette di email marketing","publisher":{"@id":"https:\/\/emailchef.com\/it\/#organization"},"potentialAction":[{"@type":"SearchAction","target":{"@type":"EntryPoint","urlTemplate":"https:\/\/emailchef.com\/it\/?s={search_term_string}"},"query-input":{"@type":"PropertyValueSpecification","valueRequired":true,"valueName":"search_term_string"}}],"inLanguage":"it-IT"},{"@type":"Organization","@id":"https:\/\/emailchef.com\/it\/#organization","name":"Delivery Tech Corp.","url":"https:\/\/emailchef.com\/it\/","logo":{"@type":"ImageObject","inLanguage":"it-IT","@id":"https:\/\/emailchef.com\/it\/#\/schema\/logo\/image\/","url":"https:\/\/emailchef.com\/wp-content\/uploads\/2022\/04\/logo-sama.png","contentUrl":"https:\/\/emailchef.com\/wp-content\/uploads\/2022\/04\/logo-sama.png","width":237,"height":80,"caption":"Delivery Tech Corp."},"image":{"@id":"https:\/\/emailchef.com\/it\/#\/schema\/logo\/image\/"}}]}},"_links":{"self":[{"href":"https:\/\/emailchef.com\/it\/wp-json\/wp\/v2\/pages\/1710"}],"collection":[{"href":"https:\/\/emailchef.com\/it\/wp-json\/wp\/v2\/pages"}],"about":[{"href":"https:\/\/emailchef.com\/it\/wp-json\/wp\/v2\/types\/page"}],"author":[{"embeddable":true,"href":"https:\/\/emailchef.com\/it\/wp-json\/wp\/v2\/users\/3"}],"replies":[{"embeddable":true,"href":"https:\/\/emailchef.com\/it\/wp-json\/wp\/v2\/comments?post=1710"}],"version-history":[{"count":9,"href":"https:\/\/emailchef.com\/it\/wp-json\/wp\/v2\/pages\/1710\/revisions"}],"predecessor-version":[{"id":44680,"href":"https:\/\/emailchef.com\/it\/wp-json\/wp\/v2\/pages\/1710\/revisions\/44680"}],"wp:attachment":[{"href":"https:\/\/emailchef.com\/it\/wp-json\/wp\/v2\/media?parent=1710"}],"wp:term":[{"taxonomy":"g1_relation_tag","embeddable":true,"href":"https:\/\/emailchef.com\/it\/wp-json\/wp\/v2\/g1_relation_tag?post=1710"}],"curies":[{"name":"wp","href":"https:\/\/api.w.org\/{rel}","templated":true}]}}