{"id":1707,"date":"2014-09-11T09:46:18","date_gmt":"2014-09-11T09:46:18","guid":{"rendered":"http:\/\/emailchef.com\/?page_id=1707"},"modified":"2021-07-07T13:56:45","modified_gmt":"2021-07-07T13:56:45","slug":"template-email-newsletter","status":"publish","type":"page","link":"https:\/\/emailchef.com\/it\/template-email-newsletter\/","title":{"rendered":"Template per email e newsletter"},"content":{"rendered":"<div class=\"gb-container gb-container-74cf0174\"><div class=\"gb-inside-container\">\n\n<p>Emailchef offre una vasta scelta di <strong>template professionali per newsletter<\/strong> che possono essere scaricati, modificati e usati sul nostro servizio in pochi secondi. Ed ecco perch\u00e9 sono cos\u00ec importanti per una campagna email di qualit\u00e0.<\/p>\n\n\n\n<\/div><\/div>\n\n\n<p><\/p>\n","protected":false},"excerpt":{"rendered":"<p>Emailchef offre una vasta scelta di template professionali per newsletter che possono essere scaricati, modificati e usati sul nostro servizio in pochi secondi. Ed ecco perch\u00e9 sono cos\u00ec importanti per una campagna email di qualit\u00e0.<\/p>\n","protected":false},"author":3,"featured_media":0,"parent":0,"menu_order":236,"comment_status":"closed","ping_status":"closed","template":"","meta":{"_acf_changed":false,"inline_featured_image":false,"footnotes":""},"g1_relation_tag":[57],"class_list":["post-1707","page","type-page","status-publish","hentry","g1_relation_tag-template-email-newsletter"],"acf":[],"yoast_head":"<!-- This site is optimized with the Yoast SEO plugin v24.8.1 - https:\/\/yoast.com\/wordpress\/plugins\/seo\/ -->\n<title>Template per email e newsletter - Emailchef<\/title>\n<meta name=\"description\" content=\"Emailchef offre una vasta scelta di template professionali per newsletter che possono essere scaricati, modificati e usati sul nostro servizio in pochi secondi.\" \/>\n<meta name=\"robots\" content=\"index, follow, max-snippet:-1, max-image-preview:large, max-video-preview:-1\" \/>\n<link rel=\"canonical\" href=\"https:\/\/emailchef.com\/it\/template-email-newsletter\/\" \/>\n<meta name=\"twitter:label1\" content=\"Tempo di lettura stimato\" \/>\n\t<meta name=\"twitter:data1\" content=\"1 minuto\" \/>\n<!-- \/ Yoast SEO plugin. -->","yoast_head_json":{"title":"Template per email e newsletter - Emailchef","description":"Emailchef offre una vasta scelta di template professionali per newsletter che possono essere scaricati, modificati e usati sul nostro servizio in pochi secondi.","robots":{"index":"index","follow":"follow","max-snippet":"max-snippet:-1","max-image-preview":"max-image-preview:large","max-video-preview":"max-video-preview:-1"},"canonical":"https:\/\/emailchef.com\/it\/template-email-newsletter\/","twitter_misc":{"Tempo di lettura stimato":"1 minuto"},"schema":{"@context":"https:\/\/schema.org","@graph":[{"@type":"WebPage","@id":"https:\/\/emailchef.com\/it\/template-email-newsletter\/","url":"https:\/\/emailchef.com\/it\/template-email-newsletter\/","name":"Template per email e newsletter - Emailchef","isPartOf":{"@id":"https:\/\/emailchef.com\/it\/#website"},"datePublished":"2014-09-11T09:46:18+00:00","dateModified":"2021-07-07T13:56:45+00:00","description":"Emailchef offre una vasta scelta di template professionali per newsletter che possono essere scaricati, modificati e usati sul nostro servizio in pochi secondi.","breadcrumb":{"@id":"https:\/\/emailchef.com\/it\/template-email-newsletter\/#breadcrumb"},"inLanguage":"it-IT","potentialAction":[{"@type":"ReadAction","target":["https:\/\/emailchef.com\/it\/template-email-newsletter\/"]}]},{"@type":"BreadcrumbList","@id":"https:\/\/emailchef.com\/it\/template-email-newsletter\/#breadcrumb","itemListElement":[{"@type":"ListItem","position":1,"name":"Home","item":"https:\/\/emailchef.com\/it\/home-test-2023\/"},{"@type":"ListItem","position":2,"name":"Template per email e newsletter"}]},{"@type":"WebSite","@id":"https:\/\/emailchef.com\/it\/#website","url":"https:\/\/emailchef.com\/it\/","name":"Emailchef","description":"Gustose ricette di email marketing","publisher":{"@id":"https:\/\/emailchef.com\/it\/#organization"},"potentialAction":[{"@type":"SearchAction","target":{"@type":"EntryPoint","urlTemplate":"https:\/\/emailchef.com\/it\/?s={search_term_string}"},"query-input":{"@type":"PropertyValueSpecification","valueRequired":true,"valueName":"search_term_string"}}],"inLanguage":"it-IT"},{"@type":"Organization","@id":"https:\/\/emailchef.com\/it\/#organization","name":"Delivery Tech Corp.","url":"https:\/\/emailchef.com\/it\/","logo":{"@type":"ImageObject","inLanguage":"it-IT","@id":"https:\/\/emailchef.com\/it\/#\/schema\/logo\/image\/","url":"https:\/\/emailchef.com\/wp-content\/uploads\/2022\/04\/logo-sama.png","contentUrl":"https:\/\/emailchef.com\/wp-content\/uploads\/2022\/04\/logo-sama.png","width":237,"height":80,"caption":"Delivery Tech Corp."},"image":{"@id":"https:\/\/emailchef.com\/it\/#\/schema\/logo\/image\/"}}]}},"_links":{"self":[{"href":"https:\/\/emailchef.com\/it\/wp-json\/wp\/v2\/pages\/1707"}],"collection":[{"href":"https:\/\/emailchef.com\/it\/wp-json\/wp\/v2\/pages"}],"about":[{"href":"https:\/\/emailchef.com\/it\/wp-json\/wp\/v2\/types\/page"}],"author":[{"embeddable":true,"href":"https:\/\/emailchef.com\/it\/wp-json\/wp\/v2\/users\/3"}],"replies":[{"embeddable":true,"href":"https:\/\/emailchef.com\/it\/wp-json\/wp\/v2\/comments?post=1707"}],"version-history":[{"count":3,"href":"https:\/\/emailchef.com\/it\/wp-json\/wp\/v2\/pages\/1707\/revisions"}],"predecessor-version":[{"id":44686,"href":"https:\/\/emailchef.com\/it\/wp-json\/wp\/v2\/pages\/1707\/revisions\/44686"}],"wp:attachment":[{"href":"https:\/\/emailchef.com\/it\/wp-json\/wp\/v2\/media?parent=1707"}],"wp:term":[{"taxonomy":"g1_relation_tag","embeddable":true,"href":"https:\/\/emailchef.com\/it\/wp-json\/wp\/v2\/g1_relation_tag?post=1707"}],"curies":[{"name":"wp","href":"https:\/\/api.w.org\/{rel}","templated":true}]}}