{"id":1131,"date":"2014-09-22T08:15:04","date_gmt":"2014-09-22T08:15:04","guid":{"rendered":"http:\/\/emailchef.com\/?page_id=1131"},"modified":"2020-09-25T10:23:45","modified_gmt":"2020-09-25T10:23:45","slug":"conformita-al-can-spam-act","status":"publish","type":"page","link":"https:\/\/emailchef.com\/it\/documentazione\/conformita-al-can-spam-act\/","title":{"rendered":"Conformit\u00e0 al CAN-SPAM Act"},"content":{"rendered":"<p>Per utilizzare Emailchef \u00e8 necessario essere <strong>conformi<\/strong> a quanto previsto dal \u201c<strong>CAN-SPAM Act<\/strong>\u201d, ovvero alla legge USA che regolamenta la spedizione delle email commerciali.<\/p>\n<p>Per farlo, \u00e8 necessario inserire un <strong>indirizzo postale valido<\/strong> in tutte le tue email, preferibilmente nel pi\u00e8 di pagina. \u00c8 inoltre obbligatorio un <strong>link per la disiscrizione<\/strong> dalle tue newsletter.<\/p>\n<p><a href=\"https:\/\/emailchef.com\/wp-content\/uploads\/2020\/08\/Screenshot_108.jpg\" rel=\"lightbox\"><img fetchpriority=\"high\" decoding=\"async\" class=\"alignnone wp-image-22970 size-full\" src=\"https:\/\/emailchef.com\/wp-content\/uploads\/2020\/08\/Screenshot_108.jpg\" alt=\"\" width=\"681\" height=\"195\" srcset=\"https:\/\/emailchef.com\/wp-content\/uploads\/2020\/08\/Screenshot_108.jpg 681w, https:\/\/emailchef.com\/wp-content\/uploads\/2020\/08\/Screenshot_108-300x86.jpg 300w, https:\/\/emailchef.com\/wp-content\/uploads\/2020\/08\/Screenshot_108-636x182.jpg 636w, https:\/\/emailchef.com\/wp-content\/uploads\/2020\/08\/Screenshot_108-320x92.jpg 320w, https:\/\/emailchef.com\/wp-content\/uploads\/2020\/08\/Screenshot_108-239x68.jpg 239w\" sizes=\"(max-width: 681px) 100vw, 681px\" \/><\/a><\/p>\n<p>Tieni presente che l&#8217;inserimento dell&#8217;indirizzo postale non \u00e8 per\u00f2 sufficiente a\u00a0fare email marketing in modo \u201clegittimo\u201d. Puoi utilizzare Emailchef solo per inviare messaggi a destinatari che hanno dato esplicitamente il<strong> consenso<\/strong> a ricevere le tue email.<\/p>\n","protected":false},"excerpt":{"rendered":"<p>Per utilizzare Emailchef \u00e8 necessario essere conformi a quanto previsto dal \u201cCAN-SPAM Act\u201d, ovvero alla legge USA che regolamenta la spedizione delle email commerciali. Per farlo, \u00e8 necessario inserire un indirizzo postale valido in tutte le tue email, preferibilmente nel pi\u00e8 di pagina. \u00c8 inoltre obbligatorio un link per la disiscrizione dalle tue newsletter. Tieni [&hellip;]<\/p>\n","protected":false},"author":4,"featured_media":0,"parent":1081,"menu_order":0,"comment_status":"closed","ping_status":"closed","template":"","meta":{"_acf_changed":false,"inline_featured_image":false,"footnotes":""},"g1_relation_tag":[],"class_list":["post-1131","page","type-page","status-publish","hentry"],"acf":[],"yoast_head":"<!-- This site is optimized with the Yoast SEO plugin v24.8.1 - https:\/\/yoast.com\/wordpress\/plugins\/seo\/ -->\n<title>Conformit\u00e0 al CAN-SPAM Act - Emailchef<\/title>\n<meta name=\"description\" content=\"Per utilizzare Emailchef \u00e8 necessario essere conformi a quanto previsto dal \u201cCAN-SPAM Act\u201d, ovvero alla legge USA che regolamenta l&#039;invio delle email commerciali.\" \/>\n<meta name=\"robots\" content=\"index, follow, max-snippet:-1, max-image-preview:large, max-video-preview:-1\" \/>\n<link rel=\"canonical\" href=\"https:\/\/emailchef.com\/it\/documentazione\/conformita-al-can-spam-act\/\" \/>\n<!-- \/ Yoast SEO plugin. -->","yoast_head_json":{"title":"Conformit\u00e0 al CAN-SPAM Act - Emailchef","description":"Per utilizzare Emailchef \u00e8 necessario essere conformi a quanto previsto dal \u201cCAN-SPAM Act\u201d, ovvero alla legge USA che regolamenta l'invio delle email commerciali.","robots":{"index":"index","follow":"follow","max-snippet":"max-snippet:-1","max-image-preview":"max-image-preview:large","max-video-preview":"max-video-preview:-1"},"canonical":"https:\/\/emailchef.com\/it\/documentazione\/conformita-al-can-spam-act\/","schema":{"@context":"https:\/\/schema.org","@graph":[{"@type":"WebPage","@id":"https:\/\/emailchef.com\/it\/documentazione\/conformita-al-can-spam-act\/","url":"https:\/\/emailchef.com\/it\/documentazione\/conformita-al-can-spam-act\/","name":"Conformit\u00e0 al CAN-SPAM Act - Emailchef","isPartOf":{"@id":"https:\/\/emailchef.com\/it\/#website"},"primaryImageOfPage":{"@id":"https:\/\/emailchef.com\/it\/documentazione\/conformita-al-can-spam-act\/#primaryimage"},"image":{"@id":"https:\/\/emailchef.com\/it\/documentazione\/conformita-al-can-spam-act\/#primaryimage"},"thumbnailUrl":"https:\/\/emailchef.com\/wp-content\/uploads\/2020\/08\/Screenshot_108.jpg","datePublished":"2014-09-22T08:15:04+00:00","dateModified":"2020-09-25T10:23:45+00:00","description":"Per utilizzare Emailchef \u00e8 necessario essere conformi a quanto previsto dal \u201cCAN-SPAM Act\u201d, ovvero alla legge USA che regolamenta l'invio delle email commerciali.","breadcrumb":{"@id":"https:\/\/emailchef.com\/it\/documentazione\/conformita-al-can-spam-act\/#breadcrumb"},"inLanguage":"it-IT","potentialAction":[{"@type":"ReadAction","target":["https:\/\/emailchef.com\/it\/documentazione\/conformita-al-can-spam-act\/"]}]},{"@type":"ImageObject","inLanguage":"it-IT","@id":"https:\/\/emailchef.com\/it\/documentazione\/conformita-al-can-spam-act\/#primaryimage","url":"https:\/\/emailchef.com\/wp-content\/uploads\/2020\/08\/Screenshot_108.jpg","contentUrl":"https:\/\/emailchef.com\/wp-content\/uploads\/2020\/08\/Screenshot_108.jpg"},{"@type":"BreadcrumbList","@id":"https:\/\/emailchef.com\/it\/documentazione\/conformita-al-can-spam-act\/#breadcrumb","itemListElement":[{"@type":"ListItem","position":1,"name":"Home","item":"https:\/\/emailchef.com\/it\/home-test-2023\/"},{"@type":"ListItem","position":2,"name":"Documentazione","item":"https:\/\/emailchef.com\/it\/documentazione\/"},{"@type":"ListItem","position":3,"name":"Conformit\u00e0 al CAN-SPAM Act"}]},{"@type":"WebSite","@id":"https:\/\/emailchef.com\/it\/#website","url":"https:\/\/emailchef.com\/it\/","name":"Emailchef","description":"Gustose ricette di email marketing","publisher":{"@id":"https:\/\/emailchef.com\/it\/#organization"},"potentialAction":[{"@type":"SearchAction","target":{"@type":"EntryPoint","urlTemplate":"https:\/\/emailchef.com\/it\/?s={search_term_string}"},"query-input":{"@type":"PropertyValueSpecification","valueRequired":true,"valueName":"search_term_string"}}],"inLanguage":"it-IT"},{"@type":"Organization","@id":"https:\/\/emailchef.com\/it\/#organization","name":"Delivery Tech Corp.","url":"https:\/\/emailchef.com\/it\/","logo":{"@type":"ImageObject","inLanguage":"it-IT","@id":"https:\/\/emailchef.com\/it\/#\/schema\/logo\/image\/","url":"https:\/\/emailchef.com\/wp-content\/uploads\/2022\/04\/logo-sama.png","contentUrl":"https:\/\/emailchef.com\/wp-content\/uploads\/2022\/04\/logo-sama.png","width":237,"height":80,"caption":"Delivery Tech Corp."},"image":{"@id":"https:\/\/emailchef.com\/it\/#\/schema\/logo\/image\/"}}]}},"_links":{"self":[{"href":"https:\/\/emailchef.com\/it\/wp-json\/wp\/v2\/pages\/1131"}],"collection":[{"href":"https:\/\/emailchef.com\/it\/wp-json\/wp\/v2\/pages"}],"about":[{"href":"https:\/\/emailchef.com\/it\/wp-json\/wp\/v2\/types\/page"}],"author":[{"embeddable":true,"href":"https:\/\/emailchef.com\/it\/wp-json\/wp\/v2\/users\/4"}],"replies":[{"embeddable":true,"href":"https:\/\/emailchef.com\/it\/wp-json\/wp\/v2\/comments?post=1131"}],"version-history":[{"count":12,"href":"https:\/\/emailchef.com\/it\/wp-json\/wp\/v2\/pages\/1131\/revisions"}],"predecessor-version":[{"id":24958,"href":"https:\/\/emailchef.com\/it\/wp-json\/wp\/v2\/pages\/1131\/revisions\/24958"}],"up":[{"embeddable":true,"href":"https:\/\/emailchef.com\/it\/wp-json\/wp\/v2\/pages\/1081"}],"wp:attachment":[{"href":"https:\/\/emailchef.com\/it\/wp-json\/wp\/v2\/media?parent=1131"}],"wp:term":[{"taxonomy":"g1_relation_tag","embeddable":true,"href":"https:\/\/emailchef.com\/it\/wp-json\/wp\/v2\/g1_relation_tag?post=1131"}],"curies":[{"name":"wp","href":"https:\/\/api.w.org\/{rel}","templated":true}]}}