{"id":1119,"date":"2014-09-22T08:13:37","date_gmt":"2014-09-22T08:13:37","guid":{"rendered":"http:\/\/emailchef.com\/?page_id=1119"},"modified":"2023-02-27T11:02:46","modified_gmt":"2023-02-27T11:02:46","slug":"la-dashboard-di-emailchef","status":"publish","type":"page","link":"https:\/\/emailchef.com\/it\/documentazione\/la-dashboard-di-emailchef\/","title":{"rendered":"La Dashboard di Emailchef"},"content":{"rendered":"<p>La dashboard di Emailchef mette in evidenza le informazioni pi\u00f9 utili riguardo le <strong>statistiche delle tue campagne<\/strong> e delle liste e presenta un riepilogo delle <strong>ultime attivit\u00e0 svolte.<\/strong> In questo modo potrai velocemente consultare i tuoi dati pi\u00f9 importanti.<\/p>\n<p><a href=\"https:\/\/emailchef.com\/wp-content\/uploads\/2020\/06\/Screenshot_21.jpg\" rel=\"lightbox\"><img fetchpriority=\"high\" decoding=\"async\" class=\"alignnone wp-image-19926 size-full\" src=\"https:\/\/emailchef.com\/wp-content\/uploads\/2020\/06\/Screenshot_21.jpg\" alt=\"\" width=\"1666\" height=\"928\" srcset=\"https:\/\/emailchef.com\/wp-content\/uploads\/2020\/06\/Screenshot_21.jpg 1666w, https:\/\/emailchef.com\/wp-content\/uploads\/2020\/06\/Screenshot_21-300x167.jpg 300w, https:\/\/emailchef.com\/wp-content\/uploads\/2020\/06\/Screenshot_21-768x428.jpg 768w, https:\/\/emailchef.com\/wp-content\/uploads\/2020\/06\/Screenshot_21-1024x570.jpg 1024w, https:\/\/emailchef.com\/wp-content\/uploads\/2020\/06\/Screenshot_21-968x539.jpg 968w, https:\/\/emailchef.com\/wp-content\/uploads\/2020\/06\/Screenshot_21-636x354.jpg 636w, https:\/\/emailchef.com\/wp-content\/uploads\/2020\/06\/Screenshot_21-320x178.jpg 320w, https:\/\/emailchef.com\/wp-content\/uploads\/2020\/06\/Screenshot_21-239x133.jpg 239w\" sizes=\"(max-width: 1666px) 100vw, 1666px\" \/><\/a><\/p>\n<p>La fascia superiore mostra i <strong>dati principali del tuo account<\/strong>, come il piano attuale e la sua data di scadenza. Inoltre puoi vedere il numero dei tuoi iscritti e dei messaggi inviati:<\/p>\n<p><a href=\"https:\/\/emailchef.com\/wp-content\/uploads\/2020\/06\/Screenshot_18.jpg\" rel=\"lightbox\"><img decoding=\"async\" class=\"alignnone wp-image-19858 size-full\" src=\"https:\/\/emailchef.com\/wp-content\/uploads\/2020\/06\/Screenshot_18.jpg\" alt=\"\" width=\"1213\" height=\"71\" srcset=\"https:\/\/emailchef.com\/wp-content\/uploads\/2020\/06\/Screenshot_18.jpg 1213w, https:\/\/emailchef.com\/wp-content\/uploads\/2020\/06\/Screenshot_18-300x18.jpg 300w, https:\/\/emailchef.com\/wp-content\/uploads\/2020\/06\/Screenshot_18-768x45.jpg 768w, https:\/\/emailchef.com\/wp-content\/uploads\/2020\/06\/Screenshot_18-1024x60.jpg 1024w, https:\/\/emailchef.com\/wp-content\/uploads\/2020\/06\/Screenshot_18-968x57.jpg 968w, https:\/\/emailchef.com\/wp-content\/uploads\/2020\/06\/Screenshot_18-636x37.jpg 636w, https:\/\/emailchef.com\/wp-content\/uploads\/2020\/06\/Screenshot_18-320x19.jpg 320w, https:\/\/emailchef.com\/wp-content\/uploads\/2020\/06\/Screenshot_18-239x14.jpg 239w\" sizes=\"(max-width: 1213px) 100vw, 1213px\" \/><\/a><\/p>\n<p>La parte sottostante della dashboard \u00e8 divisa in 3 sezioni:<\/p>\n<p><strong>1. SEZIONE CAMPAGNE<\/strong><\/p>\n<p>Qui troverai per primo il riepilogo dell&#8217;ultima campagna inviata con le relative statistiche. Sotto, a sinistra, un calendario segna tutte le date con le campagne inviate e le campagne programmate. A destra, invece, trovi l&#8217;elenco delle ultime campagne programmate e\/o delle ultime campagne in bozza con i dati principali.<\/p>\n<p><strong><a href=\"https:\/\/emailchef.com\/wp-content\/uploads\/2020\/06\/Screenshot_22.jpg\" rel=\"lightbox\"><img decoding=\"async\" class=\"alignnone wp-image-19940 size-full\" src=\"https:\/\/emailchef.com\/wp-content\/uploads\/2020\/06\/Screenshot_22.jpg\" alt=\"\" width=\"1170\" height=\"710\" srcset=\"https:\/\/emailchef.com\/wp-content\/uploads\/2020\/06\/Screenshot_22.jpg 1170w, https:\/\/emailchef.com\/wp-content\/uploads\/2020\/06\/Screenshot_22-300x182.jpg 300w, https:\/\/emailchef.com\/wp-content\/uploads\/2020\/06\/Screenshot_22-768x466.jpg 768w, https:\/\/emailchef.com\/wp-content\/uploads\/2020\/06\/Screenshot_22-1024x621.jpg 1024w, https:\/\/emailchef.com\/wp-content\/uploads\/2020\/06\/Screenshot_22-968x587.jpg 968w, https:\/\/emailchef.com\/wp-content\/uploads\/2020\/06\/Screenshot_22-636x386.jpg 636w, https:\/\/emailchef.com\/wp-content\/uploads\/2020\/06\/Screenshot_22-320x194.jpg 320w, https:\/\/emailchef.com\/wp-content\/uploads\/2020\/06\/Screenshot_22-239x145.jpg 239w\" sizes=\"(max-width: 1170px) 100vw, 1170px\" \/><\/a><\/strong><\/p>\n<p><strong>2. SEZIONE LISTE<\/strong><\/p>\n<p>Nella sezione delle liste hai immediatamente a disposizione i dati relativi alle tue liste pi\u00f9 recenti: il numero di iscritti, di disiscritti, di bounce e di reclami.<\/p>\n<p><a href=\"https:\/\/emailchef.com\/wp-content\/uploads\/2020\/06\/Screenshot_19.jpg\" rel=\"lightbox\"><img loading=\"lazy\" decoding=\"async\" class=\"alignnone wp-image-19878 size-full\" src=\"https:\/\/emailchef.com\/wp-content\/uploads\/2020\/06\/Screenshot_19.jpg\" alt=\"\" width=\"1169\" height=\"330\" srcset=\"https:\/\/emailchef.com\/wp-content\/uploads\/2020\/06\/Screenshot_19.jpg 1169w, https:\/\/emailchef.com\/wp-content\/uploads\/2020\/06\/Screenshot_19-300x85.jpg 300w, https:\/\/emailchef.com\/wp-content\/uploads\/2020\/06\/Screenshot_19-768x217.jpg 768w, https:\/\/emailchef.com\/wp-content\/uploads\/2020\/06\/Screenshot_19-1024x289.jpg 1024w, https:\/\/emailchef.com\/wp-content\/uploads\/2020\/06\/Screenshot_19-968x273.jpg 968w, https:\/\/emailchef.com\/wp-content\/uploads\/2020\/06\/Screenshot_19-636x180.jpg 636w, https:\/\/emailchef.com\/wp-content\/uploads\/2020\/06\/Screenshot_19-320x90.jpg 320w, https:\/\/emailchef.com\/wp-content\/uploads\/2020\/06\/Screenshot_19-239x67.jpg 239w\" sizes=\"(max-width: 1169px) 100vw, 1169px\" \/><\/a><\/p>\n<p><strong>3. SEZIONE NOTIZIE E AGGIORNAMENTI<\/strong><\/p>\n<p>L&#8217;ultima sezione viene costantemente aggiornata con le ultime notizie relative a Emailchef e ti suggerisce dei video tutorial per supportarti durante l&#8217;utilizzo della piattaforma.<\/p>\n<p><a href=\"https:\/\/emailchef.com\/wp-content\/uploads\/2020\/06\/Screenshot_17.jpg\" rel=\"lightbox\"><img loading=\"lazy\" decoding=\"async\" class=\"alignnone wp-image-19844 size-full\" src=\"https:\/\/emailchef.com\/wp-content\/uploads\/2020\/06\/Screenshot_17.jpg\" alt=\"\" width=\"1191\" height=\"323\" srcset=\"https:\/\/emailchef.com\/wp-content\/uploads\/2020\/06\/Screenshot_17.jpg 1191w, https:\/\/emailchef.com\/wp-content\/uploads\/2020\/06\/Screenshot_17-300x81.jpg 300w, https:\/\/emailchef.com\/wp-content\/uploads\/2020\/06\/Screenshot_17-768x208.jpg 768w, https:\/\/emailchef.com\/wp-content\/uploads\/2020\/06\/Screenshot_17-1024x278.jpg 1024w, https:\/\/emailchef.com\/wp-content\/uploads\/2020\/06\/Screenshot_17-968x263.jpg 968w, https:\/\/emailchef.com\/wp-content\/uploads\/2020\/06\/Screenshot_17-636x172.jpg 636w, https:\/\/emailchef.com\/wp-content\/uploads\/2020\/06\/Screenshot_17-320x87.jpg 320w, https:\/\/emailchef.com\/wp-content\/uploads\/2020\/06\/Screenshot_17-239x65.jpg 239w\" sizes=\"(max-width: 1191px) 100vw, 1191px\" \/><\/a><\/p>\n<p>Troverai tutti i video tutorial di Emailchef nella&nbsp;<strong><a class=\"_ps2id\" href=\"https:\/\/emailchef.com\/it\/video-tutorial\/\" data-ps2id-offset=\"\">sezione dedicata<\/a><\/strong>. Per approfondire l&#8217;argomento sulla dashboard, guarda il video:<\/p>\n<div class=\"lyte-wrapper\" title=\"Emailchef: scopri tutte le caratteristiche della dashboard.\" style=\"width:640px;max-width:100%;margin:5px;\"><div class=\"lyMe\" id=\"WYL_hggKWHtxDSc\"><div id=\"lyte_hggKWHtxDSc\" data-src=\"https:\/\/emailchef.com\/wp-content\/plugins\/wp-youtube-lyte\/lyteCache.php?origThumbUrl=https%3A%2F%2Fi.ytimg.com%2Fvi%2FhggKWHtxDSc%2Fhqdefault.jpg\" class=\"pL\"><div class=\"tC\"><div class=\"tT\">Emailchef: scopri tutte le caratteristiche della dashboard.<\/div><\/div><div class=\"play\"><\/div><div class=\"ctrl\"><div class=\"Lctrl\"><\/div><div class=\"Rctrl\"><\/div><\/div><\/div><noscript><a href=\"https:\/\/youtu.be\/hggKWHtxDSc\" rel=\"nofollow\"><img loading=\"lazy\" decoding=\"async\" src=\"https:\/\/emailchef.com\/wp-content\/plugins\/wp-youtube-lyte\/lyteCache.php?origThumbUrl=https%3A%2F%2Fi.ytimg.com%2Fvi%2FhggKWHtxDSc%2F0.jpg\" alt=\"Emailchef: scopri tutte le caratteristiche della dashboard.\" width=\"640\" height=\"340\" \/><br \/>Guarda questo video su YouTube<\/a><\/noscript><\/div><\/div><div class=\"lL\" style=\"max-width:100%;width:640px;margin:5px;\"><\/div>\n<div class=\"ec-video-button hide centered\">\n\t<a href=\"https:\/\/youtu.be\/hggKWHtxDSc\" rel=\"prettyPhoto\" title=\"Riproduci Video\">Riproduci Video <i class=\"fa fa-play-circle fa-2x\"><\/i><\/a>\n<\/div>\n","protected":false},"excerpt":{"rendered":"<p>La dashboard di Emailchef mette in evidenza le informazioni pi\u00f9 utili riguardo le statistiche delle tue campagne e delle liste e presenta un riepilogo delle ultime attivit\u00e0 svolte. In questo modo potrai velocemente consultare i tuoi dati pi\u00f9 importanti. La fascia superiore mostra i dati principali del tuo account, come il piano attuale e la [&hellip;]<\/p>\n","protected":false},"author":4,"featured_media":0,"parent":1081,"menu_order":0,"comment_status":"closed","ping_status":"closed","template":"","meta":{"_acf_changed":false,"inline_featured_image":false,"footnotes":""},"g1_relation_tag":[],"class_list":["post-1119","page","type-page","status-publish","hentry"],"acf":[],"yoast_head":"<!-- This site is optimized with the Yoast SEO plugin v24.8.1 - https:\/\/yoast.com\/wordpress\/plugins\/seo\/ -->\n<title>La Dashboard di Emailchef - Emailchef<\/title>\n<meta name=\"description\" content=\"Emailchef si presenta con una dashboard semplice e chiara, organizzata in blocchi e che puoi personalizzare a seconda delle tue esigenze.\" \/>\n<meta name=\"robots\" content=\"index, follow, max-snippet:-1, max-image-preview:large, max-video-preview:-1\" \/>\n<link rel=\"canonical\" href=\"https:\/\/emailchef.com\/it\/documentazione\/la-dashboard-di-emailchef\/\" \/>\n<meta name=\"twitter:label1\" content=\"Tempo di lettura stimato\" \/>\n\t<meta name=\"twitter:data1\" content=\"2 minuti\" \/>\n<!-- \/ Yoast SEO plugin. -->","yoast_head_json":{"title":"La Dashboard di Emailchef - Emailchef","description":"Emailchef si presenta con una dashboard semplice e chiara, organizzata in blocchi e che puoi personalizzare a seconda delle tue esigenze.","robots":{"index":"index","follow":"follow","max-snippet":"max-snippet:-1","max-image-preview":"max-image-preview:large","max-video-preview":"max-video-preview:-1"},"canonical":"https:\/\/emailchef.com\/it\/documentazione\/la-dashboard-di-emailchef\/","twitter_misc":{"Tempo di lettura stimato":"2 minuti"},"schema":{"@context":"https:\/\/schema.org","@graph":[{"@type":"WebPage","@id":"https:\/\/emailchef.com\/it\/documentazione\/la-dashboard-di-emailchef\/","url":"https:\/\/emailchef.com\/it\/documentazione\/la-dashboard-di-emailchef\/","name":"La Dashboard di Emailchef - Emailchef","isPartOf":{"@id":"https:\/\/emailchef.com\/it\/#website"},"primaryImageOfPage":{"@id":"https:\/\/emailchef.com\/it\/documentazione\/la-dashboard-di-emailchef\/#primaryimage"},"image":{"@id":"https:\/\/emailchef.com\/it\/documentazione\/la-dashboard-di-emailchef\/#primaryimage"},"thumbnailUrl":"https:\/\/emailchef.com\/wp-content\/uploads\/2020\/06\/Screenshot_21.jpg","datePublished":"2014-09-22T08:13:37+00:00","dateModified":"2023-02-27T11:02:46+00:00","description":"Emailchef si presenta con una dashboard semplice e chiara, organizzata in blocchi e che puoi personalizzare a seconda delle tue esigenze.","breadcrumb":{"@id":"https:\/\/emailchef.com\/it\/documentazione\/la-dashboard-di-emailchef\/#breadcrumb"},"inLanguage":"it-IT","potentialAction":[{"@type":"ReadAction","target":["https:\/\/emailchef.com\/it\/documentazione\/la-dashboard-di-emailchef\/"]}]},{"@type":"ImageObject","inLanguage":"it-IT","@id":"https:\/\/emailchef.com\/it\/documentazione\/la-dashboard-di-emailchef\/#primaryimage","url":"https:\/\/emailchef.com\/wp-content\/uploads\/2020\/06\/Screenshot_21.jpg","contentUrl":"https:\/\/emailchef.com\/wp-content\/uploads\/2020\/06\/Screenshot_21.jpg"},{"@type":"BreadcrumbList","@id":"https:\/\/emailchef.com\/it\/documentazione\/la-dashboard-di-emailchef\/#breadcrumb","itemListElement":[{"@type":"ListItem","position":1,"name":"Home","item":"https:\/\/emailchef.com\/it\/home-test-2023\/"},{"@type":"ListItem","position":2,"name":"Documentazione","item":"https:\/\/emailchef.com\/it\/documentazione\/"},{"@type":"ListItem","position":3,"name":"La Dashboard di Emailchef"}]},{"@type":"WebSite","@id":"https:\/\/emailchef.com\/it\/#website","url":"https:\/\/emailchef.com\/it\/","name":"Emailchef","description":"Gustose ricette di email marketing","publisher":{"@id":"https:\/\/emailchef.com\/it\/#organization"},"potentialAction":[{"@type":"SearchAction","target":{"@type":"EntryPoint","urlTemplate":"https:\/\/emailchef.com\/it\/?s={search_term_string}"},"query-input":{"@type":"PropertyValueSpecification","valueRequired":true,"valueName":"search_term_string"}}],"inLanguage":"it-IT"},{"@type":"Organization","@id":"https:\/\/emailchef.com\/it\/#organization","name":"Delivery Tech Corp.","url":"https:\/\/emailchef.com\/it\/","logo":{"@type":"ImageObject","inLanguage":"it-IT","@id":"https:\/\/emailchef.com\/it\/#\/schema\/logo\/image\/","url":"https:\/\/emailchef.com\/wp-content\/uploads\/2022\/04\/logo-sama.png","contentUrl":"https:\/\/emailchef.com\/wp-content\/uploads\/2022\/04\/logo-sama.png","width":237,"height":80,"caption":"Delivery Tech Corp."},"image":{"@id":"https:\/\/emailchef.com\/it\/#\/schema\/logo\/image\/"}}]}},"_links":{"self":[{"href":"https:\/\/emailchef.com\/it\/wp-json\/wp\/v2\/pages\/1119"}],"collection":[{"href":"https:\/\/emailchef.com\/it\/wp-json\/wp\/v2\/pages"}],"about":[{"href":"https:\/\/emailchef.com\/it\/wp-json\/wp\/v2\/types\/page"}],"author":[{"embeddable":true,"href":"https:\/\/emailchef.com\/it\/wp-json\/wp\/v2\/users\/4"}],"replies":[{"embeddable":true,"href":"https:\/\/emailchef.com\/it\/wp-json\/wp\/v2\/comments?post=1119"}],"version-history":[{"count":16,"href":"https:\/\/emailchef.com\/it\/wp-json\/wp\/v2\/pages\/1119\/revisions"}],"predecessor-version":[{"id":62559,"href":"https:\/\/emailchef.com\/it\/wp-json\/wp\/v2\/pages\/1119\/revisions\/62559"}],"up":[{"embeddable":true,"href":"https:\/\/emailchef.com\/it\/wp-json\/wp\/v2\/pages\/1081"}],"wp:attachment":[{"href":"https:\/\/emailchef.com\/it\/wp-json\/wp\/v2\/media?parent=1119"}],"wp:term":[{"taxonomy":"g1_relation_tag","embeddable":true,"href":"https:\/\/emailchef.com\/it\/wp-json\/wp\/v2\/g1_relation_tag?post=1119"}],"curies":[{"name":"wp","href":"https:\/\/api.w.org\/{rel}","templated":true}]}}