{"id":6884,"date":"2018-05-09T14:43:26","date_gmt":"2018-05-09T14:43:26","guid":{"rendered":"https:\/\/emailchef.com\/?page_id=6884"},"modified":"2026-04-02T10:23:39","modified_gmt":"2026-04-02T10:23:39","slug":"regulation-eu-2016-679-gdpr","status":"publish","type":"page","link":"https:\/\/emailchef.com\/hr\/regulation-eu-2016-679-gdpr\/","title":{"rendered":"Uredba (EU) 2016\/679 &#8211; GDPR"},"content":{"rendered":"<p><strong>Za\u0161tita privatnosti na\u0161ih korisnika prioritet je za nas<\/strong>, zbog \u010dega poduzimamo sve mjere i najbolje prakse za\u0161tite podataka. Na\u0161 rad temelji se na principu Privacy by Design.<\/p>\n<p>Na\u0161a tvrtka ve\u0107 je podigla standarde u skladu s <strong>GDPR-om<\/strong> (Op\u0107a uredba o za\u0161titi podataka). Za nas je to va\u017ean korak koji osigurava <strong>ve\u0107u sigurnost va\u0161ih podataka<\/strong>.<\/p>\n<p>\u017delimo podijeliti s vama <strong>\u0161to smo u\u010dinili kako bismo osigurali ve\u0107u sigurnost<\/strong>, a osim toga, \u017eelimo vam pomo\u0107i <strong>da budete u skladu s GDPR-om<\/strong>.<\/p>\n<p>Ako \u017eelite pregledati osnovne pojmove GDPR-a, mo\u017eete pogledati <a href=\"\/hr\/gdpr-basic-concepts\/\"><strong>na\u0161 vodi\u010d<\/strong><\/a>, napisan upravo za vas.<\/p>\n<div class=\"g1-space\" style=\"height: 30px;\"><\/div>\n<h2>Va\u0161i Podaci Su Sigurni Kod Nas<\/h2>\n<p>Prije nekog vremena, na\u0161 tim implementirao je neka pobolj\u0161anja radi za\u0161tite va\u0161ih podataka i privatnosti. Stoga smo ve\u0107 potpuno uskla\u0111eni s GDPR-om.<\/p>\n<p><strong>Na\u0161a predanost je kontinuirana<\/strong>, jer redovito provjeravamo u\u010dinkovitost i primjerenost usvojenih i provedenih mjera, s ciljem jam\u010denja za\u0161tite baze podataka, prava i temeljnih sloboda osoba te primjene obrade podataka od strane onih koji koriste na\u0161e usluge.<\/p>\n<p>U tablici ispod na\u0107i \u0107ete sve pojedinosti o obavljenom poslu koji vam omogu\u0107uje da koristite na\u0161e proizvode i usluge na siguran na\u010din.<\/p>\n<div id=\"\" class=\"g1-table g1-table--solid \">\n<table width=\"100%\">\n<tbody>\n<tr>\n<td align=\"left\" valign=\"center\">Imenovali smo Slu\u017ebenika za za\u0161titu podataka<\/td>\n<td align=\"center\" valign=\"top\" width=\"100px\"><i id=\"\" class=\"fa fa-check-square g1-icon g1-icon--none g1-icon--medium g1-icon--inherit \"  style=\"color: #f47200;\"><\/i><\/td>\n<\/tr>\n<tr>\n<td align=\"left\" valign=\"center\">Obu\u010dili smo tim uklju\u010den u obradu podataka i povezane kontrolne aktivnosti<\/td>\n<td align=\"center\" valign=\"top\" width=\"100px\"><i id=\"\" class=\"fa fa-check-square g1-icon g1-icon--none g1-icon--medium g1-icon--inherit \"  style=\"color: #f47200;\"><\/i><\/td>\n<\/tr>\n<tr>\n<td align=\"left\" valign=\"center\">Na\u0161a politika o pravima ispitanika i postupci za dokazivanje pristanka na obradu podataka a\u017eurirani su<\/td>\n<td align=\"center\" valign=\"top\" width=\"100px\"><i id=\"\" class=\"fa fa-check-square g1-icon g1-icon--none g1-icon--medium g1-icon--inherit \"  style=\"color: #f47200;\"><\/i><\/td>\n<\/tr>\n<tr>\n<td align=\"left\" valign=\"center\">Izradili smo detaljnu i primjerenu obavijest u skladu s GDPR-om, laku za razumijevanje, kako bi ispitanici znali kako ostvariti svoja prava<\/td>\n<td align=\"center\" valign=\"top\" width=\"100px\"><i id=\"\" class=\"fa fa-check-square g1-icon g1-icon--none g1-icon--medium g1-icon--inherit \"  style=\"color: #f47200;\"><\/i><\/td>\n<\/tr>\n<tr>\n<td align=\"left\" valign=\"center\">U slu\u010daju povrede osobnih podataka na\u0161i postupci odgovora su brzi i odvijaju se bez ikakve odgode nakon \u0161to je otkrivena anomalija<\/td>\n<td align=\"center\" valign=\"top\" width=\"100px\"><i id=\"\" class=\"fa fa-check-square g1-icon g1-icon--none g1-icon--medium g1-icon--inherit \"  style=\"color: #f47200;\"><\/i><\/td>\n<\/tr>\n<tr>\n<td align=\"left\" valign=\"center\">Proveli smo DPIA, tj. procjenu u\u010dinka na za\u0161titu podataka<\/td>\n<td align=\"center\" valign=\"top\" width=\"100px\"><i id=\"\" class=\"fa fa-check-square g1-icon g1-icon--none g1-icon--medium g1-icon--inherit \"  style=\"color: #f47200;\"><\/i><\/td>\n<\/tr>\n<tr>\n<td align=\"left\" valign=\"center\">Primijenili smo na\u010dela GDPR-a na razli\u010dite aspekte obrade podataka: aktivnosti, ciljeve, opis kategorija primatelja i eventualne prijenose podataka<\/td>\n<td align=\"center\" valign=\"top\" width=\"100px\"><i id=\"\" class=\"fa fa-check-square g1-icon g1-icon--none g1-icon--medium g1-icon--inherit \"  style=\"color: #f47200;\"><\/i><\/td>\n<\/tr>\n<tr>\n<td align=\"left\" valign=\"center\">Na\u0161e tehni\u010dke i organizacijske mjere su konsolidirane<\/td>\n<td align=\"center\" valign=\"top\" width=\"100px\"><i id=\"\" class=\"fa fa-check-square g1-icon g1-icon--none g1-icon--medium g1-icon--inherit \"  style=\"color: #f47200;\"><\/i><\/td>\n<\/tr>\n<tr>\n<td align=\"left\" valign=\"center\">Jam\u010dimo pravo na prenosivost podataka ispitanika prema tre\u0107im sustavima i od njih<\/td>\n<td align=\"center\" valign=\"top\" width=\"100px\"><i id=\"\" class=\"fa fa-check-square g1-icon g1-icon--none g1-icon--medium g1-icon--inherit \"  style=\"color: #f47200;\"><\/i><\/td>\n<\/tr>\n<tr>\n<td align=\"left\" valign=\"center\">Razina za\u0161tite prijenosa podataka u zemlje izvan EU poja\u010dana je odgovaraju\u0107im protokolima<\/td>\n<td align=\"center\" valign=\"top\" width=\"100px\"><i id=\"\" class=\"fa fa-check-square g1-icon g1-icon--none g1-icon--medium g1-icon--inherit \"  style=\"color: #f47200;\"><\/i><\/td>\n<\/tr>\n<tr>\n<td align=\"left\" valign=\"center\">Prije nekog vremena usvojili smo Privacy by Design kako bismo u\u010dinkovito implementirali na\u010dela GDPR-a u za\u0161titu i obradu podataka<\/td>\n<td align=\"center\" valign=\"top\" width=\"100px\"><i id=\"\" class=\"fa fa-check-square g1-icon g1-icon--none g1-icon--medium g1-icon--inherit \"  style=\"color: #f47200;\"><\/i><\/td>\n<\/tr>\n<tr>\n<td align=\"left\" valign=\"center\">24. svibnja 2018. objavit \u0107emo novu obavijest<\/td>\n<td align=\"center\" valign=\"top\" width=\"100px\"><i id=\"\" class=\"fa fa-check-square g1-icon g1-icon--none g1-icon--medium g1-icon--inherit \"  style=\"color: #f47200;\"><\/i><\/td>\n<\/tr>\n<\/tbody>\n<\/table>\n<\/div>\n<p><span style=\"font-weight: 400;\">Tako\u0111er radimo na obrascima za prijavu na va\u0161e liste koji vam poma\u017eu da se pridr\u017eavate GDPR-a.<\/span><\/p>\n<div class=\"g1-space\" style=\"height: 30px;\"><\/div>\n<h2>Kako Biti U Skladu S GDPR-om<\/h2>\n<p><strong>Vi ste voditelj obrade svojih osobnih podataka<\/strong>, a Emailchef obra\u0111uje osobne podatke u va\u0161e ime.<\/p>\n<p>Kako bismo vam pomogli u va\u0161im aktivnostima, nudimo vam najsigurnije i najpouzdanije alate koji su uskla\u0111eni s GDPR-om.<\/p>\n<p>Pozivamo vas da pogledate sljede\u0107e savjete kako biste saznali \u0161to trebate u\u010diniti da biste se uskladili s novim odredbama o privatnosti i kako ispravno koristiti Emailchef:<\/p>\n\n<ul id=\"\" class=\"g1-list g1-list--icon g1-list--simple \">\n<li><i class=\"fa fa-arrow-right g1-list__icon\"><\/i><strong>Za\u0161titite svoje ra\u010dunalo lozinkom i antivirusom<\/strong>: nitko drugi ne smije imati pristup va\u0161im podacima<\/li>\n<li><i class=\"fa fa-arrow-right g1-list__icon\"><\/i>Predla\u017eemo vam da <strong>redovito mijenjate svoju lozinku za prijavu<\/strong><\/li>\n<li><i class=\"fa fa-arrow-right g1-list__icon\"><\/i><strong>Va\u0161e e-mail liste smiju sadr\u017eavati samo verificirane kontakte<\/strong> onih koji su dali <strong>informirani pristanak na obradu podataka<\/strong><\/li>\n<li><i class=\"fa fa-arrow-right g1-list__icon\"><\/i>Morat \u0107ete <strong>obratiti pa\u017enju na na\u0161e nove uvjete obrade podataka<\/strong>, a\u017eurirane radi uskla\u0111enosti s GDPR-om<\/li>\n<li><i class=\"fa fa-arrow-right g1-list__icon\"><\/i>Du\u017eni ste svojim klijentima i\/ili korisnicima pru\u017eiti odgovaraju\u0107e a\u017eurirane <strong>informacije u skladu s GDPR-om<\/strong><\/li>\n<li><i class=\"fa fa-arrow-right g1-list__icon\"><\/i>Kada izvozite svoje podatke iz Emailchefa, <strong>pobrinite se<\/strong> da su va\u0161i podaci za\u0161ti\u0107eni!<\/li>\n<li><i class=\"fa fa-arrow-right g1-list__icon\"><\/i><strong>Ako koristite API tre\u0107e strane za uvoz podataka<\/strong>, pobrinite se da imate a\u017eurirani ugovor o obradi podataka uskla\u0111en s GDPR-om<\/li>\n<li><i class=\"fa fa-arrow-right g1-list__icon\"><\/i><strong>Ne \u0161aljite povjerljive informacije<\/strong> putem e-mail kampanja<\/li>\n<\/ul>\n\n","protected":false},"excerpt":{"rendered":"<p>Za\u0161tita privatnosti na\u0161ih korisnika prioritet je za nas, zbog \u010dega poduzimamo sve mjere i najbolje prakse za\u0161tite podataka. Na\u0161 rad temelji se na principu Privacy by Design. Na\u0161a tvrtka ve\u0107 je podigla standarde u skladu s GDPR-om (Op\u0107a uredba o za\u0161titi podataka). Za nas je to va\u017ean korak koji osigurava ve\u0107u sigurnost va\u0161ih podataka. \u017delimo [&hellip;]<\/p>\n","protected":false},"author":2,"featured_media":0,"parent":0,"menu_order":0,"comment_status":"closed","ping_status":"closed","template":"","meta":{"_acf_changed":false,"inline_featured_image":false,"footnotes":""},"g1_relation_tag":[],"class_list":["post-6884","page","type-page","status-publish","hentry"],"acf":[],"yoast_head":"<!-- This site is optimized with the Yoast SEO plugin v24.8.1 - https:\/\/yoast.com\/wordpress\/plugins\/seo\/ -->\n<title>Uredba (EU) 2016\/679 - GDPR - Emailchef<\/title>\n<meta name=\"robots\" content=\"index, follow, max-snippet:-1, max-image-preview:large, max-video-preview:-1\" \/>\n<link rel=\"canonical\" href=\"https:\/\/emailchef.com\/hr\/regulation-eu-2016-679-gdpr\/\" \/>\n<meta name=\"twitter:label1\" content=\"Procijenjeno vrijeme \u010ditanja\" \/>\n\t<meta name=\"twitter:data1\" content=\"3 minute\" \/>\n<!-- \/ Yoast SEO plugin. -->","yoast_head_json":{"title":"Uredba (EU) 2016\/679 - GDPR - Emailchef","robots":{"index":"index","follow":"follow","max-snippet":"max-snippet:-1","max-image-preview":"max-image-preview:large","max-video-preview":"max-video-preview:-1"},"canonical":"https:\/\/emailchef.com\/hr\/regulation-eu-2016-679-gdpr\/","twitter_misc":{"Procijenjeno vrijeme \u010ditanja":"3 minute"},"schema":{"@context":"https:\/\/schema.org","@graph":[{"@type":"WebPage","@id":"https:\/\/emailchef.com\/hr\/regulation-eu-2016-679-gdpr\/","url":"https:\/\/emailchef.com\/hr\/regulation-eu-2016-679-gdpr\/","name":"Uredba (EU) 2016\/679 - GDPR - Emailchef","isPartOf":{"@id":"https:\/\/emailchef.com\/hr\/#website"},"datePublished":"2018-05-09T14:43:26+00:00","dateModified":"2026-04-02T10:23:39+00:00","breadcrumb":{"@id":"https:\/\/emailchef.com\/hr\/regulation-eu-2016-679-gdpr\/#breadcrumb"},"inLanguage":"hr","potentialAction":[{"@type":"ReadAction","target":["https:\/\/emailchef.com\/hr\/regulation-eu-2016-679-gdpr\/"]}]},{"@type":"BreadcrumbList","@id":"https:\/\/emailchef.com\/hr\/regulation-eu-2016-679-gdpr\/#breadcrumb","itemListElement":[{"@type":"ListItem","position":1,"name":"Home","item":"https:\/\/emailchef.com\/hr\/emailchef-email-marketing-usluge\/"},{"@type":"ListItem","position":2,"name":"Uredba (EU) 2016\/679 &#8211; GDPR"}]},{"@type":"WebSite","@id":"https:\/\/emailchef.com\/hr\/#website","url":"https:\/\/emailchef.com\/hr\/","name":"Emailchef","description":"Izvrsni recepti za e-mail marketing","publisher":{"@id":"https:\/\/emailchef.com\/hr\/#organization"},"potentialAction":[{"@type":"SearchAction","target":{"@type":"EntryPoint","urlTemplate":"https:\/\/emailchef.com\/hr\/?s={search_term_string}"},"query-input":{"@type":"PropertyValueSpecification","valueRequired":true,"valueName":"search_term_string"}}],"inLanguage":"hr"},{"@type":"Organization","@id":"https:\/\/emailchef.com\/hr\/#organization","name":"Delivery Tech Corp.","url":"https:\/\/emailchef.com\/hr\/","logo":{"@type":"ImageObject","inLanguage":"hr","@id":"https:\/\/emailchef.com\/hr\/#\/schema\/logo\/image\/","url":"https:\/\/emailchef.com\/wp-content\/uploads\/2022\/04\/logo-sama.png","contentUrl":"https:\/\/emailchef.com\/wp-content\/uploads\/2022\/04\/logo-sama.png","width":237,"height":80,"caption":"Delivery Tech Corp."},"image":{"@id":"https:\/\/emailchef.com\/hr\/#\/schema\/logo\/image\/"}}]}},"_links":{"self":[{"href":"https:\/\/emailchef.com\/hr\/wp-json\/wp\/v2\/pages\/6884"}],"collection":[{"href":"https:\/\/emailchef.com\/hr\/wp-json\/wp\/v2\/pages"}],"about":[{"href":"https:\/\/emailchef.com\/hr\/wp-json\/wp\/v2\/types\/page"}],"author":[{"embeddable":true,"href":"https:\/\/emailchef.com\/hr\/wp-json\/wp\/v2\/users\/2"}],"replies":[{"embeddable":true,"href":"https:\/\/emailchef.com\/hr\/wp-json\/wp\/v2\/comments?post=6884"}],"version-history":[{"count":5,"href":"https:\/\/emailchef.com\/hr\/wp-json\/wp\/v2\/pages\/6884\/revisions"}],"predecessor-version":[{"id":95821,"href":"https:\/\/emailchef.com\/hr\/wp-json\/wp\/v2\/pages\/6884\/revisions\/95821"}],"wp:attachment":[{"href":"https:\/\/emailchef.com\/hr\/wp-json\/wp\/v2\/media?parent=6884"}],"wp:term":[{"taxonomy":"g1_relation_tag","embeddable":true,"href":"https:\/\/emailchef.com\/hr\/wp-json\/wp\/v2\/g1_relation_tag?post=6884"}],"curies":[{"name":"wp","href":"https:\/\/api.w.org\/{rel}","templated":true}]}}