{"id":5704,"date":"2016-11-21T09:43:57","date_gmt":"2016-11-21T09:43:57","guid":{"rendered":"http:\/\/emailchef.com\/?page_id=5704\/"},"modified":"2024-02-13T14:37:25","modified_gmt":"2024-02-13T14:37:25","slug":"emailchef-prestashop-dobitna-kombinacija-za-uvecanje-vase-online-prodaje","status":"publish","type":"page","link":"https:\/\/emailchef.com\/hr\/emailchef-prestashop-dobitna-kombinacija-za-uvecanje-vase-online-prodaje\/","title":{"rendered":"Emailchef + Prestashop: dobitna kombinacija za uve\u0107anje va\u0161e online prodaje"},"content":{"rendered":"\t\t<div data-elementor-type=\"wp-page\" data-elementor-id=\"5704\" class=\"elementor elementor-5704 elementor-5132\" data-elementor-post-type=\"page\">\n\t\t\t\t\t\t<section class=\"elementor-section elementor-top-section elementor-element elementor-element-dce4f65 elementor-section-boxed elementor-section-height-default elementor-section-height-default\" data-id=\"dce4f65\" data-element_type=\"section\">\n\t\t\t\t\t\t<div class=\"elementor-container elementor-column-gap-default\">\n\t\t\t\t\t<div class=\"elementor-column elementor-col-100 elementor-top-column elementor-element elementor-element-fa6b870\" data-id=\"fa6b870\" data-element_type=\"column\">\n\t\t\t<div class=\"elementor-widget-wrap elementor-element-populated\">\n\t\t\t\t\t\t<div class=\"elementor-element elementor-element-330086a0 elementor-widget elementor-widget-text-editor\" data-id=\"330086a0\" data-element_type=\"widget\" data-widget_type=\"text-editor.default\">\n\t\t\t\t<div class=\"elementor-widget-container\">\n\t\t\t\t\t\t\t\t\t<img fetchpriority=\"high\" decoding=\"async\" class=\"noBorders alignnone wp-image-7511 size-full\" src=\"https:\/\/emailchef.com\/wp-content\/uploads\/2024\/02\/logo-prestashop-release-8.png\" alt=\"\" width=\"594\" height=\"128\" \/>\n\n<div id=\"\" class=\"g1-lead  \" >\n\nKada posjedujete e-commerce web stranicu, e-mail marketing postaje jedan od najmo\u0107nijih i naju\u010dinkovitijih alata za uve\u0107anje rezultata prodaje, te u isto vrijeme osigurava da zadr\u017eite lojalnost va\u0161ih kupaca.\n\n<\/div>\n\n<div id=\"\" class=\"g1-message g1-message--success \" ><div class=\"g1-inner\">Modul je kompatibilan s <strong>PrestaShop 1.6.X -> 8.1.X<\/strong><\/div><\/div>\n\nUz ovaj dodatak za PrestaShop, Emailchef mo\u017ee komunicirati s va\u0161om on-line trgovinom i na taj na\u010din vam omogu\u0107ava da na lagan, jednostavan i automatizirani na\u010din stvarate ciljane kampanje.\n\nPrestaShop modul za Emailchef omogu\u0107uje:\n\n\n<ul id=\"\" class=\"g1-list g1-list--icon g1-list--simple \">\n \t<li><i class=\"fa fa-arrow-right g1-list__icon\" style=\"color: #f47200\"><\/i>prenijeti relevantne podatke va\u0161ih klijenata i nihovih narud\u017ebi u bazu podataka va\u0161eg korisni\u010dkog ra\u010duna Emailchef-a;<\/li>\n \t<li><i class=\"fa fa-arrow-right g1-list__icon\" style=\"color: #f47200\"><\/i>automatsko dodavanje prilago\u0111enih polja i prijenos podataka na Emailchef, tako da mo\u017eete segmentirati kupce po narud\u017ebi, napu\u0161tenoj ko\u0161arici, datuma registracije, itd .;<\/li>\n \t<li><i class=\"fa fa-arrow-right g1-list__icon\" style=\"color: #f47200\"><\/i>sinkroniziranje, tj. prijenos podataka izme\u0111u platformi Prestashop i\u00a0Emailchef nakon izvr\u0161ene pretlate klijenta na e-bilten (newsletter);<\/li>\n \t<li><i class=\"fa fa-arrow-right g1-list__icon\" style=\"color: #f47200\"><\/i>u\u0161teda u novcu i vremenu putem postavljanja automatskih poruka pomo\u0107u kojih bi se va\u0161i klijenti vra\u0107ali i ponovno kupovali;<\/li>\n \t<li><i class=\"fa fa-arrow-right g1-list__icon\" style=\"color: #f47200\"><\/i>stvoriti ciljane marketin\u0161ke akcije koje bi podsje\u0107ale va\u0161e kupce na nedovr\u0161enu kupnju (napu\u0161tena ko\u0161arica), pru\u017eanje nagrade kupcima za ponavljaju\u0107e narud\u017ebe i ponovno aktiviranje neaktivnih korisnika.<\/li>\n<\/ul>\n\n\nPreuzmite besplatno Emailchef modul za PrestaShop i po\u010dnite promovirati odmah va\u0161e proizvode.\n<p style=\"text-align: center;\"><a id=\"\" class=\"g1-button g1-button--big g1-button--solid g1-button--standard \" href=\"http:\/\/emailchef.com\/utils\/download\/plugins\/prestashop\/plugin-prestashop-emailchef.zip?v=20240214\" title=\"Preuzmite besplatno Emailchef modul za PrestaShop\" ><i class=\"fas fa-download\"><\/i> Preuzmite besplatno Emailchef modul za PrestaShop<\/a><br>\nVi\u0161e informacija o platformi <a href=\"https:\/\/www.prestashop.com\/\" target=\"_blank\" rel=\"nofollow noopener\">Prestashop<\/a><\/p>\n&nbsp;\n<h2>Snimke zaslona<\/h2>\n<div id='gallery-1' class='gallery galleryid-5704 gallery-columns-3 gallery-size-full'><figure class='gallery-item'>\n\t\t\t<div class='gallery-icon landscape'>\n\t\t\t\t<a href='https:\/\/emailchef.com\/wp-content\/uploads\/2017\/02\/Prestashop16-new_list.png'><img decoding=\"async\" width=\"1658\" height=\"894\" src=\"https:\/\/emailchef.com\/wp-content\/uploads\/2017\/02\/Prestashop16-new_list.png\" class=\"attachment-full size-full\" alt=\"\" srcset=\"https:\/\/emailchef.com\/wp-content\/uploads\/2017\/02\/Prestashop16-new_list.png 1658w, https:\/\/emailchef.com\/wp-content\/uploads\/2017\/02\/Prestashop16-new_list-300x162.png 300w, https:\/\/emailchef.com\/wp-content\/uploads\/2017\/02\/Prestashop16-new_list-768x414.png 768w, https:\/\/emailchef.com\/wp-content\/uploads\/2017\/02\/Prestashop16-new_list-1024x552.png 1024w, https:\/\/emailchef.com\/wp-content\/uploads\/2017\/02\/Prestashop16-new_list-968x522.png 968w, https:\/\/emailchef.com\/wp-content\/uploads\/2017\/02\/Prestashop16-new_list-636x343.png 636w, https:\/\/emailchef.com\/wp-content\/uploads\/2017\/02\/Prestashop16-new_list-320x173.png 320w, https:\/\/emailchef.com\/wp-content\/uploads\/2017\/02\/Prestashop16-new_list-239x129.png 239w\" sizes=\"(max-width: 1658px) 100vw, 1658px\" \/><\/a>\n\t\t\t<\/div><\/figure><figure class='gallery-item'>\n\t\t\t<div class='gallery-icon landscape'>\n\t\t\t\t<a href='https:\/\/emailchef.com\/wp-content\/uploads\/2017\/02\/Prestashop16-new_Custom_fealds_creation.png'><img decoding=\"async\" width=\"1679\" height=\"765\" src=\"https:\/\/emailchef.com\/wp-content\/uploads\/2017\/02\/Prestashop16-new_Custom_fealds_creation.png\" class=\"attachment-full size-full\" alt=\"\" srcset=\"https:\/\/emailchef.com\/wp-content\/uploads\/2017\/02\/Prestashop16-new_Custom_fealds_creation.png 1679w, https:\/\/emailchef.com\/wp-content\/uploads\/2017\/02\/Prestashop16-new_Custom_fealds_creation-300x137.png 300w, https:\/\/emailchef.com\/wp-content\/uploads\/2017\/02\/Prestashop16-new_Custom_fealds_creation-768x350.png 768w, https:\/\/emailchef.com\/wp-content\/uploads\/2017\/02\/Prestashop16-new_Custom_fealds_creation-1024x467.png 1024w, https:\/\/emailchef.com\/wp-content\/uploads\/2017\/02\/Prestashop16-new_Custom_fealds_creation-968x441.png 968w, https:\/\/emailchef.com\/wp-content\/uploads\/2017\/02\/Prestashop16-new_Custom_fealds_creation-636x290.png 636w, https:\/\/emailchef.com\/wp-content\/uploads\/2017\/02\/Prestashop16-new_Custom_fealds_creation-320x146.png 320w, https:\/\/emailchef.com\/wp-content\/uploads\/2017\/02\/Prestashop16-new_Custom_fealds_creation-239x109.png 239w\" sizes=\"(max-width: 1679px) 100vw, 1679px\" \/><\/a>\n\t\t\t<\/div><\/figure><figure class='gallery-item'>\n\t\t\t<div class='gallery-icon landscape'>\n\t\t\t\t<a href='https:\/\/emailchef.com\/wp-content\/uploads\/2017\/02\/Prestashop16-emailchef_list-eng.png'><img loading=\"lazy\" decoding=\"async\" width=\"1194\" height=\"483\" src=\"https:\/\/emailchef.com\/wp-content\/uploads\/2017\/02\/Prestashop16-emailchef_list-eng.png\" class=\"attachment-full size-full\" alt=\"\" srcset=\"https:\/\/emailchef.com\/wp-content\/uploads\/2017\/02\/Prestashop16-emailchef_list-eng.png 1194w, https:\/\/emailchef.com\/wp-content\/uploads\/2017\/02\/Prestashop16-emailchef_list-eng-300x121.png 300w, https:\/\/emailchef.com\/wp-content\/uploads\/2017\/02\/Prestashop16-emailchef_list-eng-768x311.png 768w, https:\/\/emailchef.com\/wp-content\/uploads\/2017\/02\/Prestashop16-emailchef_list-eng-1024x414.png 1024w, https:\/\/emailchef.com\/wp-content\/uploads\/2017\/02\/Prestashop16-emailchef_list-eng-968x392.png 968w, https:\/\/emailchef.com\/wp-content\/uploads\/2017\/02\/Prestashop16-emailchef_list-eng-636x257.png 636w, https:\/\/emailchef.com\/wp-content\/uploads\/2017\/02\/Prestashop16-emailchef_list-eng-320x129.png 320w, https:\/\/emailchef.com\/wp-content\/uploads\/2017\/02\/Prestashop16-emailchef_list-eng-239x97.png 239w\" sizes=\"(max-width: 1194px) 100vw, 1194px\" \/><\/a>\n\t\t\t<\/div><\/figure>\n\t\t<\/div>\n\t\t\t\t\t\t\t\t<\/div>\n\t\t\t\t<\/div>\n\t\t\t\t\t<\/div>\n\t\t<\/div>\n\t\t\t\t\t<\/div>\n\t\t<\/section>\n\t\t\t\t<\/div>\n\t\t","protected":false},"excerpt":{"rendered":"<p>Uz ovaj dodatak za PrestaShop, Emailchef mo\u017ee komunicirati s va\u0161om on-line trgovinom i na taj na\u010din vam omogu\u0107ava da na lagan, jednostavan i automatizirani na\u010din stvarate ciljane kampanje. PrestaShop modul za Emailchef omogu\u0107uje: Preuzmite besplatno Emailchef modul za PrestaShop i po\u010dnite promovirati odmah va\u0161e proizvode. Vi\u0161e informacija o platformi Prestashop &nbsp; Snimke zaslona<\/p>\n","protected":false},"author":6,"featured_media":0,"parent":0,"menu_order":18,"comment_status":"closed","ping_status":"closed","template":"","meta":{"_acf_changed":false,"inline_featured_image":false,"footnotes":""},"g1_relation_tag":[],"class_list":["post-5704","page","type-page","status-publish","hentry"],"acf":[],"yoast_head":"<!-- This site is optimized with the Yoast SEO plugin v24.8.1 - https:\/\/yoast.com\/wordpress\/plugins\/seo\/ -->\n<title>Emailchef + Prestashop: dobitna kombinacija za uve\u0107anje va\u0161e online prodaje - Emailchef<\/title>\n<meta name=\"robots\" content=\"index, follow, max-snippet:-1, max-image-preview:large, max-video-preview:-1\" \/>\n<link rel=\"canonical\" href=\"https:\/\/emailchef.com\/hr\/emailchef-prestashop-dobitna-kombinacija-za-uvecanje-vase-online-prodaje\/\" \/>\n<meta name=\"twitter:label1\" content=\"Procijenjeno vrijeme \u010ditanja\" \/>\n\t<meta name=\"twitter:data1\" content=\"2 minute\" \/>\n<!-- \/ Yoast SEO plugin. -->","yoast_head_json":{"title":"Emailchef + Prestashop: dobitna kombinacija za uve\u0107anje va\u0161e online prodaje - Emailchef","robots":{"index":"index","follow":"follow","max-snippet":"max-snippet:-1","max-image-preview":"max-image-preview:large","max-video-preview":"max-video-preview:-1"},"canonical":"https:\/\/emailchef.com\/hr\/emailchef-prestashop-dobitna-kombinacija-za-uvecanje-vase-online-prodaje\/","twitter_misc":{"Procijenjeno vrijeme \u010ditanja":"2 minute"},"schema":{"@context":"https:\/\/schema.org","@graph":[{"@type":"WebPage","@id":"https:\/\/emailchef.com\/hr\/emailchef-prestashop-dobitna-kombinacija-za-uvecanje-vase-online-prodaje\/","url":"https:\/\/emailchef.com\/hr\/emailchef-prestashop-dobitna-kombinacija-za-uvecanje-vase-online-prodaje\/","name":"Emailchef + Prestashop: dobitna kombinacija za uve\u0107anje va\u0161e online prodaje - Emailchef","isPartOf":{"@id":"https:\/\/emailchef.com\/hr\/#website"},"primaryImageOfPage":{"@id":"https:\/\/emailchef.com\/hr\/emailchef-prestashop-dobitna-kombinacija-za-uvecanje-vase-online-prodaje\/#primaryimage"},"image":{"@id":"https:\/\/emailchef.com\/hr\/emailchef-prestashop-dobitna-kombinacija-za-uvecanje-vase-online-prodaje\/#primaryimage"},"thumbnailUrl":"https:\/\/emailchef.com\/wp-content\/uploads\/2024\/02\/logo-prestashop-release-8.png","datePublished":"2016-11-21T09:43:57+00:00","dateModified":"2024-02-13T14:37:25+00:00","breadcrumb":{"@id":"https:\/\/emailchef.com\/hr\/emailchef-prestashop-dobitna-kombinacija-za-uvecanje-vase-online-prodaje\/#breadcrumb"},"inLanguage":"hr","potentialAction":[{"@type":"ReadAction","target":["https:\/\/emailchef.com\/hr\/emailchef-prestashop-dobitna-kombinacija-za-uvecanje-vase-online-prodaje\/"]}]},{"@type":"ImageObject","inLanguage":"hr","@id":"https:\/\/emailchef.com\/hr\/emailchef-prestashop-dobitna-kombinacija-za-uvecanje-vase-online-prodaje\/#primaryimage","url":"https:\/\/emailchef.com\/wp-content\/uploads\/2024\/02\/logo-prestashop-release-8.png","contentUrl":"https:\/\/emailchef.com\/wp-content\/uploads\/2024\/02\/logo-prestashop-release-8.png"},{"@type":"BreadcrumbList","@id":"https:\/\/emailchef.com\/hr\/emailchef-prestashop-dobitna-kombinacija-za-uvecanje-vase-online-prodaje\/#breadcrumb","itemListElement":[{"@type":"ListItem","position":1,"name":"Home","item":"https:\/\/emailchef.com\/hr\/emailchef-email-marketing-usluge\/"},{"@type":"ListItem","position":2,"name":"Emailchef + Prestashop: dobitna kombinacija za uve\u0107anje va\u0161e online prodaje"}]},{"@type":"WebSite","@id":"https:\/\/emailchef.com\/hr\/#website","url":"https:\/\/emailchef.com\/hr\/","name":"Emailchef","description":"Izvrsni recepti za e-mail marketing","publisher":{"@id":"https:\/\/emailchef.com\/hr\/#organization"},"potentialAction":[{"@type":"SearchAction","target":{"@type":"EntryPoint","urlTemplate":"https:\/\/emailchef.com\/hr\/?s={search_term_string}"},"query-input":{"@type":"PropertyValueSpecification","valueRequired":true,"valueName":"search_term_string"}}],"inLanguage":"hr"},{"@type":"Organization","@id":"https:\/\/emailchef.com\/hr\/#organization","name":"Delivery Tech Corp.","url":"https:\/\/emailchef.com\/hr\/","logo":{"@type":"ImageObject","inLanguage":"hr","@id":"https:\/\/emailchef.com\/hr\/#\/schema\/logo\/image\/","url":"https:\/\/emailchef.com\/wp-content\/uploads\/2022\/04\/logo-sama.png","contentUrl":"https:\/\/emailchef.com\/wp-content\/uploads\/2022\/04\/logo-sama.png","width":237,"height":80,"caption":"Delivery Tech Corp."},"image":{"@id":"https:\/\/emailchef.com\/hr\/#\/schema\/logo\/image\/"}}]}},"_links":{"self":[{"href":"https:\/\/emailchef.com\/hr\/wp-json\/wp\/v2\/pages\/5704"}],"collection":[{"href":"https:\/\/emailchef.com\/hr\/wp-json\/wp\/v2\/pages"}],"about":[{"href":"https:\/\/emailchef.com\/hr\/wp-json\/wp\/v2\/types\/page"}],"author":[{"embeddable":true,"href":"https:\/\/emailchef.com\/hr\/wp-json\/wp\/v2\/users\/6"}],"replies":[{"embeddable":true,"href":"https:\/\/emailchef.com\/hr\/wp-json\/wp\/v2\/comments?post=5704"}],"version-history":[{"count":17,"href":"https:\/\/emailchef.com\/hr\/wp-json\/wp\/v2\/pages\/5704\/revisions"}],"predecessor-version":[{"id":70487,"href":"https:\/\/emailchef.com\/hr\/wp-json\/wp\/v2\/pages\/5704\/revisions\/70487"}],"wp:attachment":[{"href":"https:\/\/emailchef.com\/hr\/wp-json\/wp\/v2\/media?parent=5704"}],"wp:term":[{"taxonomy":"g1_relation_tag","embeddable":true,"href":"https:\/\/emailchef.com\/hr\/wp-json\/wp\/v2\/g1_relation_tag?post=5704"}],"curies":[{"name":"wp","href":"https:\/\/api.w.org\/{rel}","templated":true}]}}