{"id":5645,"date":"2014-09-22T08:19:23","date_gmt":"2014-09-22T08:19:23","guid":{"rendered":"http:\/\/emailchef.com\/?page_id=5645\/"},"modified":"2017-01-31T16:52:48","modified_gmt":"2017-01-31T16:52:48","slug":"posjedujte-vise-adrese-posiljatelja","status":"publish","type":"page","link":"https:\/\/emailchef.com\/hr\/baza-znanja\/posjedujte-vise-adrese-posiljatelja\/","title":{"rendered":"Posjedujte vi\u0161e od jedne e-mail adrese po\u0161iljatelja"},"content":{"rendered":"<p>Na stranici s Postavkama, u dijelu &#8220;Potvr\u0111eni po\u0161iljatelji&#8221;, mo\u017eete <b>dodati i druge e-mail adrese<\/b> s kojih \u0107e rezultirati slanje va\u0161ih e-biltena (newslettera).<\/p>\n<p><a href=\"http:\/\/emailchef.com\/wp-content\/uploads\/2014\/09\/validate.jpg\"><img fetchpriority=\"high\" decoding=\"async\" class=\"alignnone wp-image-3824 size-full\" src=\"http:\/\/emailchef.com\/wp-content\/uploads\/2014\/09\/validate.jpg\" alt=\"\" width=\"880\" height=\"456\" \/><\/a><\/p>\n<p>Samo jedana e-mail adresa mo\u017ee biti postavljena kao zadana (glavna), ali u trenutku izrade nove kampanje mo\u017eete odrediti e-mail adresu po\u0161iljatelja. Imajte na umu da <b>svaki novi po\u0161iljatelj mora biti provjeren<\/b>: svakoj novoj dodanoj e-mail adresi \u0107e biti poslana poruka na koju se morati dati potvrda putem klika na poveznicu.<\/p>\n","protected":false},"excerpt":{"rendered":"<p>Na stranici s Postavkama, u dijelu &#8220;Potvr\u0111eni po\u0161iljatelji&#8221;, mo\u017eete dodati i druge e-mail adrese s kojih \u0107e rezultirati slanje va\u0161ih e-biltena (newslettera). Samo jedana e-mail adresa mo\u017ee biti postavljena kao zadana (glavna), ali u trenutku izrade nove kampanje mo\u017eete odrediti e-mail adresu po\u0161iljatelja. Imajte na umu da svaki novi po\u0161iljatelj mora biti provjeren: svakoj novoj [&hellip;]<\/p>\n","protected":false},"author":6,"featured_media":0,"parent":5427,"menu_order":0,"comment_status":"closed","ping_status":"closed","template":"","meta":{"_acf_changed":false,"inline_featured_image":false,"footnotes":""},"g1_relation_tag":[],"class_list":["post-5645","page","type-page","status-publish","hentry"],"acf":[],"yoast_head":"<!-- This site is optimized with the Yoast SEO plugin v24.8.1 - https:\/\/yoast.com\/wordpress\/plugins\/seo\/ -->\n<title>Posjedujte vi\u0161e od jedne e-mail adrese po\u0161iljatelja - Emailchef<\/title>\n<meta name=\"robots\" content=\"index, follow, max-snippet:-1, max-image-preview:large, max-video-preview:-1\" \/>\n<link rel=\"canonical\" href=\"https:\/\/emailchef.com\/hr\/baza-znanja\/posjedujte-vise-adrese-posiljatelja\/\" \/>\n<!-- \/ Yoast SEO plugin. -->","yoast_head_json":{"title":"Posjedujte vi\u0161e od jedne e-mail adrese po\u0161iljatelja - Emailchef","robots":{"index":"index","follow":"follow","max-snippet":"max-snippet:-1","max-image-preview":"max-image-preview:large","max-video-preview":"max-video-preview:-1"},"canonical":"https:\/\/emailchef.com\/hr\/baza-znanja\/posjedujte-vise-adrese-posiljatelja\/","schema":{"@context":"https:\/\/schema.org","@graph":[{"@type":"WebPage","@id":"https:\/\/emailchef.com\/hr\/baza-znanja\/posjedujte-vise-adrese-posiljatelja\/","url":"https:\/\/emailchef.com\/hr\/baza-znanja\/posjedujte-vise-adrese-posiljatelja\/","name":"Posjedujte vi\u0161e od jedne e-mail adrese po\u0161iljatelja - Emailchef","isPartOf":{"@id":"https:\/\/emailchef.com\/hr\/#website"},"primaryImageOfPage":{"@id":"https:\/\/emailchef.com\/hr\/baza-znanja\/posjedujte-vise-adrese-posiljatelja\/#primaryimage"},"image":{"@id":"https:\/\/emailchef.com\/hr\/baza-znanja\/posjedujte-vise-adrese-posiljatelja\/#primaryimage"},"thumbnailUrl":"http:\/\/emailchef.com\/wp-content\/uploads\/2014\/09\/validate.jpg","datePublished":"2014-09-22T08:19:23+00:00","dateModified":"2017-01-31T16:52:48+00:00","breadcrumb":{"@id":"https:\/\/emailchef.com\/hr\/baza-znanja\/posjedujte-vise-adrese-posiljatelja\/#breadcrumb"},"inLanguage":"hr","potentialAction":[{"@type":"ReadAction","target":["https:\/\/emailchef.com\/hr\/baza-znanja\/posjedujte-vise-adrese-posiljatelja\/"]}]},{"@type":"ImageObject","inLanguage":"hr","@id":"https:\/\/emailchef.com\/hr\/baza-znanja\/posjedujte-vise-adrese-posiljatelja\/#primaryimage","url":"http:\/\/emailchef.com\/wp-content\/uploads\/2014\/09\/validate.jpg","contentUrl":"http:\/\/emailchef.com\/wp-content\/uploads\/2014\/09\/validate.jpg"},{"@type":"BreadcrumbList","@id":"https:\/\/emailchef.com\/hr\/baza-znanja\/posjedujte-vise-adrese-posiljatelja\/#breadcrumb","itemListElement":[{"@type":"ListItem","position":1,"name":"Home","item":"https:\/\/emailchef.com\/hr\/emailchef-email-marketing-usluge\/"},{"@type":"ListItem","position":2,"name":"Baza znanja","item":"https:\/\/emailchef.com\/hr\/baza-znanja\/"},{"@type":"ListItem","position":3,"name":"Posjedujte vi\u0161e od jedne e-mail adrese po\u0161iljatelja"}]},{"@type":"WebSite","@id":"https:\/\/emailchef.com\/hr\/#website","url":"https:\/\/emailchef.com\/hr\/","name":"Emailchef","description":"Izvrsni recepti za e-mail marketing","publisher":{"@id":"https:\/\/emailchef.com\/hr\/#organization"},"potentialAction":[{"@type":"SearchAction","target":{"@type":"EntryPoint","urlTemplate":"https:\/\/emailchef.com\/hr\/?s={search_term_string}"},"query-input":{"@type":"PropertyValueSpecification","valueRequired":true,"valueName":"search_term_string"}}],"inLanguage":"hr"},{"@type":"Organization","@id":"https:\/\/emailchef.com\/hr\/#organization","name":"Delivery Tech Corp.","url":"https:\/\/emailchef.com\/hr\/","logo":{"@type":"ImageObject","inLanguage":"hr","@id":"https:\/\/emailchef.com\/hr\/#\/schema\/logo\/image\/","url":"https:\/\/emailchef.com\/wp-content\/uploads\/2022\/04\/logo-sama.png","contentUrl":"https:\/\/emailchef.com\/wp-content\/uploads\/2022\/04\/logo-sama.png","width":237,"height":80,"caption":"Delivery Tech Corp."},"image":{"@id":"https:\/\/emailchef.com\/hr\/#\/schema\/logo\/image\/"}}]}},"_links":{"self":[{"href":"https:\/\/emailchef.com\/hr\/wp-json\/wp\/v2\/pages\/5645"}],"collection":[{"href":"https:\/\/emailchef.com\/hr\/wp-json\/wp\/v2\/pages"}],"about":[{"href":"https:\/\/emailchef.com\/hr\/wp-json\/wp\/v2\/types\/page"}],"author":[{"embeddable":true,"href":"https:\/\/emailchef.com\/hr\/wp-json\/wp\/v2\/users\/6"}],"replies":[{"embeddable":true,"href":"https:\/\/emailchef.com\/hr\/wp-json\/wp\/v2\/comments?post=5645"}],"version-history":[{"count":3,"href":"https:\/\/emailchef.com\/hr\/wp-json\/wp\/v2\/pages\/5645\/revisions"}],"predecessor-version":[{"id":5664,"href":"https:\/\/emailchef.com\/hr\/wp-json\/wp\/v2\/pages\/5645\/revisions\/5664"}],"up":[{"embeddable":true,"href":"https:\/\/emailchef.com\/hr\/wp-json\/wp\/v2\/pages\/5427"}],"wp:attachment":[{"href":"https:\/\/emailchef.com\/hr\/wp-json\/wp\/v2\/media?parent=5645"}],"wp:term":[{"taxonomy":"g1_relation_tag","embeddable":true,"href":"https:\/\/emailchef.com\/hr\/wp-json\/wp\/v2\/g1_relation_tag?post=5645"}],"curies":[{"name":"wp","href":"https:\/\/api.w.org\/{rel}","templated":true}]}}