{"id":5643,"date":"2014-09-22T08:15:04","date_gmt":"2014-09-22T08:15:04","guid":{"rendered":"http:\/\/emailchef.com\/?page_id=5643\/"},"modified":"2017-01-31T16:36:29","modified_gmt":"2017-01-31T16:36:29","slug":"registracija-u-suglasnosti-s-can-spam-aktom","status":"publish","type":"page","link":"https:\/\/emailchef.com\/hr\/baza-znanja\/registracija-u-suglasnosti-s-can-spam-aktom\/","title":{"rendered":"Registracija u suglasnosti s CAN-SPAM Aktom"},"content":{"rendered":"<p>Platformu Emailchef mo\u017eete koristiti samo <b>u skladu s CAN-SPAM Aktom<\/b>: taj Akt definira &#8220;Nacionalne standarde za slanje promotivnih e-mailova&#8221; u Sjedinjenim Ameri\u010dkim Dr\u017eavama.<\/p>\n<p>Tim Aktom se predvi\u0111a dodavanje <b>ispravne i va\u017ee\u0107e po\u0161tanske adrese<\/b> koji \u0107e biti prikazana unutar svakog e-maila (e-biltena, tj. newslettera) &#8211; obi\u010dno se nalazi u podno\u017eju poruke. Ova informacija je tra\u017eena u trenutku va\u0161e registracije na Emailchef.<\/p>\n<p><a href=\"http:\/\/emailchef.com\/wp-content\/uploads\/2014\/09\/validate.jpg\"><img fetchpriority=\"high\" decoding=\"async\" class=\"alignnone wp-image-3824 size-full\" src=\"http:\/\/emailchef.com\/wp-content\/uploads\/2014\/09\/validate.jpg\" alt=\"\" width=\"880\" height=\"456\" \/><\/a><\/p>\n","protected":false},"excerpt":{"rendered":"<p>Platformu Emailchef mo\u017eete koristiti samo u skladu s CAN-SPAM Aktom: taj Akt definira &#8220;Nacionalne standarde za slanje promotivnih e-mailova&#8221; u Sjedinjenim Ameri\u010dkim Dr\u017eavama. Tim Aktom se predvi\u0111a dodavanje ispravne i va\u017ee\u0107e po\u0161tanske adrese koji \u0107e biti prikazana unutar svakog e-maila (e-biltena, tj. newslettera) &#8211; obi\u010dno se nalazi u podno\u017eju poruke. Ova informacija je tra\u017eena u [&hellip;]<\/p>\n","protected":false},"author":6,"featured_media":0,"parent":5427,"menu_order":0,"comment_status":"closed","ping_status":"closed","template":"","meta":{"_acf_changed":false,"inline_featured_image":false,"footnotes":""},"g1_relation_tag":[],"class_list":["post-5643","page","type-page","status-publish","hentry"],"acf":[],"yoast_head":"<!-- This site is optimized with the Yoast SEO plugin v24.8.1 - https:\/\/yoast.com\/wordpress\/plugins\/seo\/ -->\n<title>Registracija u suglasnosti s CAN-SPAM Aktom - Emailchef<\/title>\n<meta name=\"robots\" content=\"index, follow, max-snippet:-1, max-image-preview:large, max-video-preview:-1\" \/>\n<link rel=\"canonical\" href=\"https:\/\/emailchef.com\/hr\/baza-znanja\/registracija-u-suglasnosti-s-can-spam-aktom\/\" \/>\n<!-- \/ Yoast SEO plugin. -->","yoast_head_json":{"title":"Registracija u suglasnosti s CAN-SPAM Aktom - Emailchef","robots":{"index":"index","follow":"follow","max-snippet":"max-snippet:-1","max-image-preview":"max-image-preview:large","max-video-preview":"max-video-preview:-1"},"canonical":"https:\/\/emailchef.com\/hr\/baza-znanja\/registracija-u-suglasnosti-s-can-spam-aktom\/","schema":{"@context":"https:\/\/schema.org","@graph":[{"@type":"WebPage","@id":"https:\/\/emailchef.com\/hr\/baza-znanja\/registracija-u-suglasnosti-s-can-spam-aktom\/","url":"https:\/\/emailchef.com\/hr\/baza-znanja\/registracija-u-suglasnosti-s-can-spam-aktom\/","name":"Registracija u suglasnosti s CAN-SPAM Aktom - Emailchef","isPartOf":{"@id":"https:\/\/emailchef.com\/hr\/#website"},"primaryImageOfPage":{"@id":"https:\/\/emailchef.com\/hr\/baza-znanja\/registracija-u-suglasnosti-s-can-spam-aktom\/#primaryimage"},"image":{"@id":"https:\/\/emailchef.com\/hr\/baza-znanja\/registracija-u-suglasnosti-s-can-spam-aktom\/#primaryimage"},"thumbnailUrl":"http:\/\/emailchef.com\/wp-content\/uploads\/2014\/09\/validate.jpg","datePublished":"2014-09-22T08:15:04+00:00","dateModified":"2017-01-31T16:36:29+00:00","breadcrumb":{"@id":"https:\/\/emailchef.com\/hr\/baza-znanja\/registracija-u-suglasnosti-s-can-spam-aktom\/#breadcrumb"},"inLanguage":"hr","potentialAction":[{"@type":"ReadAction","target":["https:\/\/emailchef.com\/hr\/baza-znanja\/registracija-u-suglasnosti-s-can-spam-aktom\/"]}]},{"@type":"ImageObject","inLanguage":"hr","@id":"https:\/\/emailchef.com\/hr\/baza-znanja\/registracija-u-suglasnosti-s-can-spam-aktom\/#primaryimage","url":"http:\/\/emailchef.com\/wp-content\/uploads\/2014\/09\/validate.jpg","contentUrl":"http:\/\/emailchef.com\/wp-content\/uploads\/2014\/09\/validate.jpg"},{"@type":"BreadcrumbList","@id":"https:\/\/emailchef.com\/hr\/baza-znanja\/registracija-u-suglasnosti-s-can-spam-aktom\/#breadcrumb","itemListElement":[{"@type":"ListItem","position":1,"name":"Home","item":"https:\/\/emailchef.com\/hr\/emailchef-email-marketing-usluge\/"},{"@type":"ListItem","position":2,"name":"Baza znanja","item":"https:\/\/emailchef.com\/hr\/baza-znanja\/"},{"@type":"ListItem","position":3,"name":"Registracija u suglasnosti s CAN-SPAM Aktom"}]},{"@type":"WebSite","@id":"https:\/\/emailchef.com\/hr\/#website","url":"https:\/\/emailchef.com\/hr\/","name":"Emailchef","description":"Izvrsni recepti za e-mail marketing","publisher":{"@id":"https:\/\/emailchef.com\/hr\/#organization"},"potentialAction":[{"@type":"SearchAction","target":{"@type":"EntryPoint","urlTemplate":"https:\/\/emailchef.com\/hr\/?s={search_term_string}"},"query-input":{"@type":"PropertyValueSpecification","valueRequired":true,"valueName":"search_term_string"}}],"inLanguage":"hr"},{"@type":"Organization","@id":"https:\/\/emailchef.com\/hr\/#organization","name":"Delivery Tech Corp.","url":"https:\/\/emailchef.com\/hr\/","logo":{"@type":"ImageObject","inLanguage":"hr","@id":"https:\/\/emailchef.com\/hr\/#\/schema\/logo\/image\/","url":"https:\/\/emailchef.com\/wp-content\/uploads\/2022\/04\/logo-sama.png","contentUrl":"https:\/\/emailchef.com\/wp-content\/uploads\/2022\/04\/logo-sama.png","width":237,"height":80,"caption":"Delivery Tech Corp."},"image":{"@id":"https:\/\/emailchef.com\/hr\/#\/schema\/logo\/image\/"}}]}},"_links":{"self":[{"href":"https:\/\/emailchef.com\/hr\/wp-json\/wp\/v2\/pages\/5643"}],"collection":[{"href":"https:\/\/emailchef.com\/hr\/wp-json\/wp\/v2\/pages"}],"about":[{"href":"https:\/\/emailchef.com\/hr\/wp-json\/wp\/v2\/types\/page"}],"author":[{"embeddable":true,"href":"https:\/\/emailchef.com\/hr\/wp-json\/wp\/v2\/users\/6"}],"replies":[{"embeddable":true,"href":"https:\/\/emailchef.com\/hr\/wp-json\/wp\/v2\/comments?post=5643"}],"version-history":[{"count":7,"href":"https:\/\/emailchef.com\/hr\/wp-json\/wp\/v2\/pages\/5643\/revisions"}],"predecessor-version":[{"id":5662,"href":"https:\/\/emailchef.com\/hr\/wp-json\/wp\/v2\/pages\/5643\/revisions\/5662"}],"up":[{"embeddable":true,"href":"https:\/\/emailchef.com\/hr\/wp-json\/wp\/v2\/pages\/5427"}],"wp:attachment":[{"href":"https:\/\/emailchef.com\/hr\/wp-json\/wp\/v2\/media?parent=5643"}],"wp:term":[{"taxonomy":"g1_relation_tag","embeddable":true,"href":"https:\/\/emailchef.com\/hr\/wp-json\/wp\/v2\/g1_relation_tag?post=5643"}],"curies":[{"name":"wp","href":"https:\/\/api.w.org\/{rel}","templated":true}]}}