{"id":5634,"date":"2014-09-22T08:13:37","date_gmt":"2014-09-22T08:13:37","guid":{"rendered":"http:\/\/emailchef.com\/?page_id=5634\/"},"modified":"2017-01-31T15:52:30","modified_gmt":"2017-01-31T15:52:30","slug":"nadzorna-ploca-emailchef","status":"publish","type":"page","link":"https:\/\/emailchef.com\/hr\/baza-znanja\/nadzorna-ploca-emailchef\/","title":{"rendered":"Nadzorna plo\u010da Emailchef-a"},"content":{"rendered":"<p>Nadzorna plo\u010da ili po\u010detna strana platforme Emailchef je organizirana u jednostavnim i preglednim blokovima putem kojih mo\u017eete direktno pristupiti pojedinim funkcijama:<\/p>\n<p><a href=\"http:\/\/emailchef.com\/wp-content\/uploads\/2017\/01\/Nadzorna-ploca-emailchef.png\"><img fetchpriority=\"high\" decoding=\"async\" class=\"alignnone size-full wp-image-5651\" src=\"http:\/\/emailchef.com\/wp-content\/uploads\/2017\/01\/Nadzorna-ploca-emailchef.png\" alt=\"\" width=\"1228\" height=\"852\" \/><\/a><\/p>\n<p>&nbsp;<\/p>\n<p>U jednom bloku smo objedinili tri <b>glavne usluge<\/b>: upravljanje listama, izrada i slanje e-mailova, te statistike i izvje\u0161\u0107a o pojedinoj kampanji.<\/p>\n<p>U ostalim blokovima imate pristup i osnovni uvid u stanje va\u0161eg korisni\u010dkog ra\u010duna, pristup izradama e-obrazaca, izradama novih kampanji kao i pristup nacrtima kampanji koje trebaju biti dovr\u0161ene ili uvid u statistiku odaslanih kampanji.<\/p>\n<p>Nadzornu plo\u010du je mogu\u0107e u <b>cijelosti prilagoditi<\/b>. Svaki od blokova je mogu\u0107e ukloniti i naknadno ponovo prikazati (pomo\u0107u male ikone s desne strane) ili im mo\u017eete izmijeniti poredak jednostavnim sistemom &#8220;pomakni-i-ispusti&#8221;.<\/p>\n","protected":false},"excerpt":{"rendered":"<p>Nadzorna plo\u010da ili po\u010detna strana platforme Emailchef je organizirana u jednostavnim i preglednim blokovima putem kojih mo\u017eete direktno pristupiti pojedinim funkcijama: &nbsp; U jednom bloku smo objedinili tri glavne usluge: upravljanje listama, izrada i slanje e-mailova, te statistike i izvje\u0161\u0107a o pojedinoj kampanji. U ostalim blokovima imate pristup i osnovni uvid u stanje va\u0161eg korisni\u010dkog [&hellip;]<\/p>\n","protected":false},"author":6,"featured_media":0,"parent":5427,"menu_order":0,"comment_status":"closed","ping_status":"closed","template":"","meta":{"_acf_changed":false,"inline_featured_image":false,"footnotes":""},"g1_relation_tag":[],"class_list":["post-5634","page","type-page","status-publish","hentry"],"acf":[],"yoast_head":"<!-- This site is optimized with the Yoast SEO plugin v24.8.1 - https:\/\/yoast.com\/wordpress\/plugins\/seo\/ -->\n<title>Nadzorna plo\u010da Emailchef-a - Emailchef<\/title>\n<meta name=\"robots\" content=\"index, follow, max-snippet:-1, max-image-preview:large, max-video-preview:-1\" \/>\n<link rel=\"canonical\" href=\"https:\/\/emailchef.com\/hr\/baza-znanja\/nadzorna-ploca-emailchef\/\" \/>\n<meta name=\"twitter:label1\" content=\"Procijenjeno vrijeme \u010ditanja\" \/>\n\t<meta name=\"twitter:data1\" content=\"1 minuta\" \/>\n<!-- \/ Yoast SEO plugin. -->","yoast_head_json":{"title":"Nadzorna plo\u010da Emailchef-a - Emailchef","robots":{"index":"index","follow":"follow","max-snippet":"max-snippet:-1","max-image-preview":"max-image-preview:large","max-video-preview":"max-video-preview:-1"},"canonical":"https:\/\/emailchef.com\/hr\/baza-znanja\/nadzorna-ploca-emailchef\/","twitter_misc":{"Procijenjeno vrijeme \u010ditanja":"1 minuta"},"schema":{"@context":"https:\/\/schema.org","@graph":[{"@type":"WebPage","@id":"https:\/\/emailchef.com\/hr\/baza-znanja\/nadzorna-ploca-emailchef\/","url":"https:\/\/emailchef.com\/hr\/baza-znanja\/nadzorna-ploca-emailchef\/","name":"Nadzorna plo\u010da Emailchef-a - Emailchef","isPartOf":{"@id":"https:\/\/emailchef.com\/hr\/#website"},"primaryImageOfPage":{"@id":"https:\/\/emailchef.com\/hr\/baza-znanja\/nadzorna-ploca-emailchef\/#primaryimage"},"image":{"@id":"https:\/\/emailchef.com\/hr\/baza-znanja\/nadzorna-ploca-emailchef\/#primaryimage"},"thumbnailUrl":"http:\/\/emailchef.com\/wp-content\/uploads\/2017\/01\/Nadzorna-ploca-emailchef.png","datePublished":"2014-09-22T08:13:37+00:00","dateModified":"2017-01-31T15:52:30+00:00","breadcrumb":{"@id":"https:\/\/emailchef.com\/hr\/baza-znanja\/nadzorna-ploca-emailchef\/#breadcrumb"},"inLanguage":"hr","potentialAction":[{"@type":"ReadAction","target":["https:\/\/emailchef.com\/hr\/baza-znanja\/nadzorna-ploca-emailchef\/"]}]},{"@type":"ImageObject","inLanguage":"hr","@id":"https:\/\/emailchef.com\/hr\/baza-znanja\/nadzorna-ploca-emailchef\/#primaryimage","url":"http:\/\/emailchef.com\/wp-content\/uploads\/2017\/01\/Nadzorna-ploca-emailchef.png","contentUrl":"http:\/\/emailchef.com\/wp-content\/uploads\/2017\/01\/Nadzorna-ploca-emailchef.png"},{"@type":"BreadcrumbList","@id":"https:\/\/emailchef.com\/hr\/baza-znanja\/nadzorna-ploca-emailchef\/#breadcrumb","itemListElement":[{"@type":"ListItem","position":1,"name":"Home","item":"https:\/\/emailchef.com\/hr\/emailchef-email-marketing-usluge\/"},{"@type":"ListItem","position":2,"name":"Baza znanja","item":"https:\/\/emailchef.com\/hr\/baza-znanja\/"},{"@type":"ListItem","position":3,"name":"Nadzorna plo\u010da Emailchef-a"}]},{"@type":"WebSite","@id":"https:\/\/emailchef.com\/hr\/#website","url":"https:\/\/emailchef.com\/hr\/","name":"Emailchef","description":"Izvrsni recepti za e-mail marketing","publisher":{"@id":"https:\/\/emailchef.com\/hr\/#organization"},"potentialAction":[{"@type":"SearchAction","target":{"@type":"EntryPoint","urlTemplate":"https:\/\/emailchef.com\/hr\/?s={search_term_string}"},"query-input":{"@type":"PropertyValueSpecification","valueRequired":true,"valueName":"search_term_string"}}],"inLanguage":"hr"},{"@type":"Organization","@id":"https:\/\/emailchef.com\/hr\/#organization","name":"Delivery Tech Corp.","url":"https:\/\/emailchef.com\/hr\/","logo":{"@type":"ImageObject","inLanguage":"hr","@id":"https:\/\/emailchef.com\/hr\/#\/schema\/logo\/image\/","url":"https:\/\/emailchef.com\/wp-content\/uploads\/2022\/04\/logo-sama.png","contentUrl":"https:\/\/emailchef.com\/wp-content\/uploads\/2022\/04\/logo-sama.png","width":237,"height":80,"caption":"Delivery Tech Corp."},"image":{"@id":"https:\/\/emailchef.com\/hr\/#\/schema\/logo\/image\/"}}]}},"_links":{"self":[{"href":"https:\/\/emailchef.com\/hr\/wp-json\/wp\/v2\/pages\/5634"}],"collection":[{"href":"https:\/\/emailchef.com\/hr\/wp-json\/wp\/v2\/pages"}],"about":[{"href":"https:\/\/emailchef.com\/hr\/wp-json\/wp\/v2\/types\/page"}],"author":[{"embeddable":true,"href":"https:\/\/emailchef.com\/hr\/wp-json\/wp\/v2\/users\/6"}],"replies":[{"embeddable":true,"href":"https:\/\/emailchef.com\/hr\/wp-json\/wp\/v2\/comments?post=5634"}],"version-history":[{"count":5,"href":"https:\/\/emailchef.com\/hr\/wp-json\/wp\/v2\/pages\/5634\/revisions"}],"predecessor-version":[{"id":5654,"href":"https:\/\/emailchef.com\/hr\/wp-json\/wp\/v2\/pages\/5634\/revisions\/5654"}],"up":[{"embeddable":true,"href":"https:\/\/emailchef.com\/hr\/wp-json\/wp\/v2\/pages\/5427"}],"wp:attachment":[{"href":"https:\/\/emailchef.com\/hr\/wp-json\/wp\/v2\/media?parent=5634"}],"wp:term":[{"taxonomy":"g1_relation_tag","embeddable":true,"href":"https:\/\/emailchef.com\/hr\/wp-json\/wp\/v2\/g1_relation_tag?post=5634"}],"curies":[{"name":"wp","href":"https:\/\/api.w.org\/{rel}","templated":true}]}}