{"id":5628,"date":"2014-09-22T08:12:17","date_gmt":"2014-09-22T08:12:17","guid":{"rendered":"http:\/\/emailchef.com\/?page_id=5628\/"},"modified":"2017-01-31T13:54:28","modified_gmt":"2017-01-31T13:54:28","slug":"kako-mi-emailchef-moze-pomoci","status":"publish","type":"page","link":"https:\/\/emailchef.com\/hr\/baza-znanja\/kako-mi-emailchef-moze-pomoci\/","title":{"rendered":"Kako mi Emailchef mo\u017ee pomo\u0107i"},"content":{"rendered":"<p>Emailchef je <b>e-mail marketing platforma<\/b> koja vam omogu\u0107uje izradu, slanje i analizu masovnih e-mailova, kao i upravljanje svojim kontakt listama.<\/p>\n<p>Emailchef tako\u0111er nudi profesionalan <b>izra\u0111iva\u010d predlo\u017eaka za newslettere po sistemu &#8220;povuci-i-ispusti&#8221; (eng.: drag-and-drop)<\/b> kako biste na taj na\u010din mogli izra\u0111ivati profesionalne newslettere u samo par poteza, tako\u0111er po istom principu, <b>&#8220;povuci-i-ispusti&#8221;, mo\u017eete izra\u0111ivati e-obrasce za predbilje\u017ebu na newslettere<\/b> koje zatim mo\u017eete integrirati jednostavno na va\u0161u web stranicu.<br \/>\nNo glavna zna\u010dajka ove platforme je da njen sistem slanja e-mailova radi pomo\u0107u sna\u017enih poslu\u017eitelja odlazne po\u0161te (eng.: outgoing mail servers) i na taj na\u010din je osigurana <b>najve\u0107a dostava odaslanih e-mailova<\/b> bilo za promotivne ili za transakcijske poruke.<\/p>\n","protected":false},"excerpt":{"rendered":"<p>Emailchef je e-mail marketing platforma koja vam omogu\u0107uje izradu, slanje i analizu masovnih e-mailova, kao i upravljanje svojim kontakt listama. Emailchef tako\u0111er nudi profesionalan izra\u0111iva\u010d predlo\u017eaka za newslettere po sistemu &#8220;povuci-i-ispusti&#8221; (eng.: drag-and-drop) kako biste na taj na\u010din mogli izra\u0111ivati profesionalne newslettere u samo par poteza, tako\u0111er po istom principu, &#8220;povuci-i-ispusti&#8221;, mo\u017eete izra\u0111ivati e-obrasce za [&hellip;]<\/p>\n","protected":false},"author":6,"featured_media":0,"parent":5427,"menu_order":0,"comment_status":"closed","ping_status":"closed","template":"","meta":{"_acf_changed":false,"inline_featured_image":false,"footnotes":""},"g1_relation_tag":[],"class_list":["post-5628","page","type-page","status-publish","hentry"],"acf":[],"yoast_head":"<!-- This site is optimized with the Yoast SEO plugin v24.8.1 - https:\/\/yoast.com\/wordpress\/plugins\/seo\/ -->\n<title>Kako mi Emailchef mo\u017ee pomo\u0107i - Emailchef<\/title>\n<meta name=\"robots\" content=\"index, follow, max-snippet:-1, max-image-preview:large, max-video-preview:-1\" \/>\n<link rel=\"canonical\" href=\"https:\/\/emailchef.com\/hr\/baza-znanja\/kako-mi-emailchef-moze-pomoci\/\" \/>\n<meta name=\"twitter:label1\" content=\"Procijenjeno vrijeme \u010ditanja\" \/>\n\t<meta name=\"twitter:data1\" content=\"1 minuta\" \/>\n<!-- \/ Yoast SEO plugin. -->","yoast_head_json":{"title":"Kako mi Emailchef mo\u017ee pomo\u0107i - Emailchef","robots":{"index":"index","follow":"follow","max-snippet":"max-snippet:-1","max-image-preview":"max-image-preview:large","max-video-preview":"max-video-preview:-1"},"canonical":"https:\/\/emailchef.com\/hr\/baza-znanja\/kako-mi-emailchef-moze-pomoci\/","twitter_misc":{"Procijenjeno vrijeme \u010ditanja":"1 minuta"},"schema":{"@context":"https:\/\/schema.org","@graph":[{"@type":"WebPage","@id":"https:\/\/emailchef.com\/hr\/baza-znanja\/kako-mi-emailchef-moze-pomoci\/","url":"https:\/\/emailchef.com\/hr\/baza-znanja\/kako-mi-emailchef-moze-pomoci\/","name":"Kako mi Emailchef mo\u017ee pomo\u0107i - Emailchef","isPartOf":{"@id":"https:\/\/emailchef.com\/hr\/#website"},"datePublished":"2014-09-22T08:12:17+00:00","dateModified":"2017-01-31T13:54:28+00:00","breadcrumb":{"@id":"https:\/\/emailchef.com\/hr\/baza-znanja\/kako-mi-emailchef-moze-pomoci\/#breadcrumb"},"inLanguage":"hr","potentialAction":[{"@type":"ReadAction","target":["https:\/\/emailchef.com\/hr\/baza-znanja\/kako-mi-emailchef-moze-pomoci\/"]}]},{"@type":"BreadcrumbList","@id":"https:\/\/emailchef.com\/hr\/baza-znanja\/kako-mi-emailchef-moze-pomoci\/#breadcrumb","itemListElement":[{"@type":"ListItem","position":1,"name":"Home","item":"https:\/\/emailchef.com\/hr\/emailchef-email-marketing-usluge\/"},{"@type":"ListItem","position":2,"name":"Baza znanja","item":"https:\/\/emailchef.com\/hr\/baza-znanja\/"},{"@type":"ListItem","position":3,"name":"Kako mi Emailchef mo\u017ee pomo\u0107i"}]},{"@type":"WebSite","@id":"https:\/\/emailchef.com\/hr\/#website","url":"https:\/\/emailchef.com\/hr\/","name":"Emailchef","description":"Izvrsni recepti za e-mail marketing","publisher":{"@id":"https:\/\/emailchef.com\/hr\/#organization"},"potentialAction":[{"@type":"SearchAction","target":{"@type":"EntryPoint","urlTemplate":"https:\/\/emailchef.com\/hr\/?s={search_term_string}"},"query-input":{"@type":"PropertyValueSpecification","valueRequired":true,"valueName":"search_term_string"}}],"inLanguage":"hr"},{"@type":"Organization","@id":"https:\/\/emailchef.com\/hr\/#organization","name":"Delivery Tech Corp.","url":"https:\/\/emailchef.com\/hr\/","logo":{"@type":"ImageObject","inLanguage":"hr","@id":"https:\/\/emailchef.com\/hr\/#\/schema\/logo\/image\/","url":"https:\/\/emailchef.com\/wp-content\/uploads\/2022\/04\/logo-sama.png","contentUrl":"https:\/\/emailchef.com\/wp-content\/uploads\/2022\/04\/logo-sama.png","width":237,"height":80,"caption":"Delivery Tech Corp."},"image":{"@id":"https:\/\/emailchef.com\/hr\/#\/schema\/logo\/image\/"}}]}},"_links":{"self":[{"href":"https:\/\/emailchef.com\/hr\/wp-json\/wp\/v2\/pages\/5628"}],"collection":[{"href":"https:\/\/emailchef.com\/hr\/wp-json\/wp\/v2\/pages"}],"about":[{"href":"https:\/\/emailchef.com\/hr\/wp-json\/wp\/v2\/types\/page"}],"author":[{"embeddable":true,"href":"https:\/\/emailchef.com\/hr\/wp-json\/wp\/v2\/users\/6"}],"replies":[{"embeddable":true,"href":"https:\/\/emailchef.com\/hr\/wp-json\/wp\/v2\/comments?post=5628"}],"version-history":[{"count":4,"href":"https:\/\/emailchef.com\/hr\/wp-json\/wp\/v2\/pages\/5628\/revisions"}],"predecessor-version":[{"id":5633,"href":"https:\/\/emailchef.com\/hr\/wp-json\/wp\/v2\/pages\/5628\/revisions\/5633"}],"up":[{"embeddable":true,"href":"https:\/\/emailchef.com\/hr\/wp-json\/wp\/v2\/pages\/5427"}],"wp:attachment":[{"href":"https:\/\/emailchef.com\/hr\/wp-json\/wp\/v2\/media?parent=5628"}],"wp:term":[{"taxonomy":"g1_relation_tag","embeddable":true,"href":"https:\/\/emailchef.com\/hr\/wp-json\/wp\/v2\/g1_relation_tag?post=5628"}],"curies":[{"name":"wp","href":"https:\/\/api.w.org\/{rel}","templated":true}]}}