{"id":5611,"date":"2014-09-18T07:49:12","date_gmt":"2014-09-18T07:49:12","guid":{"rendered":"http:\/\/emailchef.com\/?page_id=5611\/"},"modified":"2017-11-03T11:37:55","modified_gmt":"2017-11-03T11:37:55","slug":"10-savjeta-za-izradu-ebiltena","status":"publish","type":"page","link":"https:\/\/emailchef.com\/hr\/10-savjeta-za-izradu-ebiltena\/","title":{"rendered":"10 savjeta za izradu e-biltena"},"content":{"rendered":"<p>U ovom \u010dlanku smo sakupili <strong>10 savjeta u vezi izrade i pisanja e-biltena (newsletter)<\/strong> &#8211; ovi savjeti \u0107e vam pomo\u0107i da <strong>dobijete najvi\u0161e od va\u0161e e-mail kampanje<\/strong>.<\/p>\n<p>As everybody knows, email marketing is awesome: it&#8217;s quite easy, scalable and extremely affordable; and it can still deliver the best ROI among all other digital marketing tactics. But to truly make the most of it, <strong>your newsletter must be perfect<\/strong>. A good starting point is of course a professional service like Emailchef, but when it comes to craft the email itself, there are some best practices to remember.<\/p>\n<p>So here are our tips:<\/p>\n<ol>\n<li><strong>Keep it short and clear<\/strong>.<br \/>\nNo, really: do that. We&#8217;re all tired of verbose newsletters that never get to the point.<\/li>\n<li><strong>Build a great template and build it consistent with your brand and website.<\/strong><br \/>\nFor all information about how to design a good-looking email layout, please consult our best practices.<\/li>\n<li><strong>Choose captivating, lightweight images<\/strong>.<br \/>\nIn particular if they&#8217;re very useful for what you&#8217;re telling \u2013 for instance the picture of your products. Find the right balance between image quality and weight, considering that a good newsletter shouldn&#8217;t exceed 40-50 Kb to ensure a perfect delivery.<\/li>\n<li><strong>Curate your email sending frequency<\/strong>.<br \/>\nNo one wants to receive loads of marketing messages or newsletters. You may think that your content is always fresh and interesting, but believe us: it is not, if you overload your recipients. The right frequency depends of course on your type of business and marketing strategies, but by rule of thumb never send more than one email each three days. Engagement is not related to the volume of mailings \u2013 it depends on the relationship you have built with your recipients. So&#8230;<\/li>\n<li><strong>Establish a true relationship<\/strong>.<br \/>\nExactly. Professional email marketing is a matter of trust and dialogue, so always read the answers of your contacts and be ready to listen carefully to their requests, advices and criticism. Thinking of your lists as a simple stack of addresses and not as people you&#8217;re talking to is totally wrong.<\/li>\n<li><strong>Subjects lines are crucial<\/strong>.<br \/>\nA classic tip, but always worth remembering (since, alas, it&#8217;s pretty underestimated). To increase your email open rate, check out our tips about <a title=\"how to write a perferct subject line\" href=\"http:\/\/emailchef.com\/email-subject-line-best-practices\/\">how to write the perfect subject line<\/a>.<\/li>\n<li><strong>Don&#8217;t forget an unsubscribe link<\/strong>.<br \/>\nFor two reasons: it will help your deliverability (see point n. 10) and it&#8217;s required by law almost everywhere.<\/li>\n<li><strong>Tell a story<\/strong>.<br \/>\nYou should work hard to develop a fascinating narrative of your brand. Don&#8217;t be afraid to share your projects, your views, your feelings. Sometimes readers are not looking for a simple list of pics and links \u2013 they want more. Be ready to give it to them.<\/li>\n<li><strong>Test<\/strong>.<br \/>\nFinally, don&#8217;t forget that email marketing is a great tool also because it can be improved step by step, newsletter by newsletter. Do perform A\/B tests changing small details of your emails (the subject line, the position of a picture or of the call to action, etc.) to get an always better version of them.<\/li>\n<li><strong>Remember deliverability<\/strong>.<br \/>\nWhat we have listed is essential, but it will be useless if your emails don&#8217;t hit the target. That&#8217;s why you should always follow the best practices to help <a title=\"email marketing free\" href=\"http:\/\/emailchef.com\/lifetime-free-service\/\">Emailchef<\/a> to do the delivery job.<\/li>\n<\/ol>\n","protected":false},"excerpt":{"rendered":"<p>U ovom \u010dlanku smo sakupili 10 savjeta u vezi izrade i pisanja e-biltena (newsletter) &#8211; ovi savjeti \u0107e vam pomo\u0107i da dobijete najvi\u0161e od va\u0161e e-mail kampanje.<\/p>\n","protected":false},"author":6,"featured_media":0,"parent":0,"menu_order":43,"comment_status":"closed","ping_status":"closed","template":"","meta":{"_acf_changed":false,"inline_featured_image":false,"footnotes":""},"g1_relation_tag":[115],"class_list":["post-5611","page","type-page","status-publish","hentry","g1_relation_tag-newsletter-basic-practices-hr"],"acf":[],"yoast_head":"<!-- This site is optimized with the Yoast SEO plugin v24.8.1 - https:\/\/yoast.com\/wordpress\/plugins\/seo\/ -->\n<title>10 savjeta za izradu e-biltena - Emailchef<\/title>\n<meta name=\"robots\" content=\"index, follow, max-snippet:-1, max-image-preview:large, max-video-preview:-1\" \/>\n<link rel=\"canonical\" href=\"https:\/\/emailchef.com\/hr\/10-savjeta-za-izradu-ebiltena\/\" \/>\n<meta name=\"twitter:label1\" content=\"Procijenjeno vrijeme \u010ditanja\" \/>\n\t<meta name=\"twitter:data1\" content=\"3 minute\" \/>\n<!-- \/ Yoast SEO plugin. -->","yoast_head_json":{"title":"10 savjeta za izradu e-biltena - Emailchef","robots":{"index":"index","follow":"follow","max-snippet":"max-snippet:-1","max-image-preview":"max-image-preview:large","max-video-preview":"max-video-preview:-1"},"canonical":"https:\/\/emailchef.com\/hr\/10-savjeta-za-izradu-ebiltena\/","twitter_misc":{"Procijenjeno vrijeme \u010ditanja":"3 minute"},"schema":{"@context":"https:\/\/schema.org","@graph":[{"@type":"WebPage","@id":"https:\/\/emailchef.com\/hr\/10-savjeta-za-izradu-ebiltena\/","url":"https:\/\/emailchef.com\/hr\/10-savjeta-za-izradu-ebiltena\/","name":"10 savjeta za izradu e-biltena - Emailchef","isPartOf":{"@id":"https:\/\/emailchef.com\/hr\/#website"},"datePublished":"2014-09-18T07:49:12+00:00","dateModified":"2017-11-03T11:37:55+00:00","breadcrumb":{"@id":"https:\/\/emailchef.com\/hr\/10-savjeta-za-izradu-ebiltena\/#breadcrumb"},"inLanguage":"hr","potentialAction":[{"@type":"ReadAction","target":["https:\/\/emailchef.com\/hr\/10-savjeta-za-izradu-ebiltena\/"]}]},{"@type":"BreadcrumbList","@id":"https:\/\/emailchef.com\/hr\/10-savjeta-za-izradu-ebiltena\/#breadcrumb","itemListElement":[{"@type":"ListItem","position":1,"name":"Home","item":"https:\/\/emailchef.com\/hr\/emailchef-email-marketing-usluge\/"},{"@type":"ListItem","position":2,"name":"10 savjeta za izradu e-biltena"}]},{"@type":"WebSite","@id":"https:\/\/emailchef.com\/hr\/#website","url":"https:\/\/emailchef.com\/hr\/","name":"Emailchef","description":"Izvrsni recepti za e-mail marketing","publisher":{"@id":"https:\/\/emailchef.com\/hr\/#organization"},"potentialAction":[{"@type":"SearchAction","target":{"@type":"EntryPoint","urlTemplate":"https:\/\/emailchef.com\/hr\/?s={search_term_string}"},"query-input":{"@type":"PropertyValueSpecification","valueRequired":true,"valueName":"search_term_string"}}],"inLanguage":"hr"},{"@type":"Organization","@id":"https:\/\/emailchef.com\/hr\/#organization","name":"Delivery Tech Corp.","url":"https:\/\/emailchef.com\/hr\/","logo":{"@type":"ImageObject","inLanguage":"hr","@id":"https:\/\/emailchef.com\/hr\/#\/schema\/logo\/image\/","url":"https:\/\/emailchef.com\/wp-content\/uploads\/2022\/04\/logo-sama.png","contentUrl":"https:\/\/emailchef.com\/wp-content\/uploads\/2022\/04\/logo-sama.png","width":237,"height":80,"caption":"Delivery Tech Corp."},"image":{"@id":"https:\/\/emailchef.com\/hr\/#\/schema\/logo\/image\/"}}]}},"_links":{"self":[{"href":"https:\/\/emailchef.com\/hr\/wp-json\/wp\/v2\/pages\/5611"}],"collection":[{"href":"https:\/\/emailchef.com\/hr\/wp-json\/wp\/v2\/pages"}],"about":[{"href":"https:\/\/emailchef.com\/hr\/wp-json\/wp\/v2\/types\/page"}],"author":[{"embeddable":true,"href":"https:\/\/emailchef.com\/hr\/wp-json\/wp\/v2\/users\/6"}],"replies":[{"embeddable":true,"href":"https:\/\/emailchef.com\/hr\/wp-json\/wp\/v2\/comments?post=5611"}],"version-history":[{"count":8,"href":"https:\/\/emailchef.com\/hr\/wp-json\/wp\/v2\/pages\/5611\/revisions"}],"predecessor-version":[{"id":5613,"href":"https:\/\/emailchef.com\/hr\/wp-json\/wp\/v2\/pages\/5611\/revisions\/5613"}],"wp:attachment":[{"href":"https:\/\/emailchef.com\/hr\/wp-json\/wp\/v2\/media?parent=5611"}],"wp:term":[{"taxonomy":"g1_relation_tag","embeddable":true,"href":"https:\/\/emailchef.com\/hr\/wp-json\/wp\/v2\/g1_relation_tag?post=5611"}],"curies":[{"name":"wp","href":"https:\/\/api.w.org\/{rel}","templated":true}]}}