{"id":5592,"date":"2017-01-30T15:57:35","date_gmt":"2017-01-30T15:57:35","guid":{"rendered":"http:\/\/emailchef.com\/?page_id=5592\/"},"modified":"2017-11-03T12:57:00","modified_gmt":"2017-11-03T12:57:00","slug":"besplatni-alati-za-email-marketing","status":"publish","type":"page","link":"https:\/\/emailchef.com\/hr\/besplatni-alati-za-email-marketing\/","title":{"rendered":"Besplatni alati za e-mail marketing"},"content":{"rendered":"<p>Pomo\u0107u Emailchef-a mo\u017eete u cijelosti izra\u0111ivati i upravljati va\u0161im <strong>e-mail marketing kampanjama i to besplatno<\/strong>, dovoljno je samo registrirati se na na\u0161u platformu.<\/p>\n<p>Jednom kada ste se registrirali imate odmah na raspolaganju\u00a0<strong>sve Emailchef alate<\/strong>\u00a0koje mo\u017eete slobodno i potpuno besplatno isprobati, mo\u017eete izraditi e-biltene, organizirati va\u0161e e-mail marketing kampanje, postaviti automatske orgovore, ili na primjer organizirati segmentiranje kontakata prema kriterijima koje ste postavili.<\/p>\n<p>U slu\u010daju da \u017eelite aktivirati slanje va\u0161ih e-mailova (e-biltena, tj. newslettera)\u00a0<a title=\"emailchef cjenovnik\" href=\"http:\/\/emailchef.com\/hr\/cjenovnik\/\">slobodno pogledajte na\u0161e ostale Planove<\/a>.<\/p>\n<p align=\"middle\"><a id=\"\" class=\"g1-button g1-button--medium g1-button--solid g1-button-- sidebar-free-CTA\" href=\"\/user-signup\" title=\"\" ><strong>ISPROBAJ ODMAH BESPLATNO<\/strong><!--small>\u0160alji NEOGRANI\u010cENE e-mailove<br>na najvi\u0161e 500 kontakata<\/small--><\/a><\/p>\n","protected":false},"excerpt":{"rendered":"<p>Pomo\u0107u Emailchef-a mo\u017eete u cijelosti izra\u0111ivati i upravljati va\u0161im e-mail marketing kampanjama i to besplatno, dovoljno je samo registrirati se na na\u0161u platformu. Jednom kada ste se registrirali imate odmah na raspolaganju\u00a0sve Emailchef alate\u00a0koje mo\u017eete slobodno i potpuno besplatno isprobati, mo\u017eete izraditi e-biltene, organizirati va\u0161e e-mail marketing kampanje, postaviti automatske orgovore, ili na primjer organizirati [&hellip;]<\/p>\n","protected":false},"author":6,"featured_media":0,"parent":0,"menu_order":126,"comment_status":"closed","ping_status":"closed","template":"","meta":{"_acf_changed":false,"inline_featured_image":false,"footnotes":""},"g1_relation_tag":[],"class_list":["post-5592","page","type-page","status-publish","hentry"],"acf":[],"yoast_head":"<!-- This site is optimized with the Yoast SEO plugin v24.8.1 - https:\/\/yoast.com\/wordpress\/plugins\/seo\/ -->\n<title>Besplatni alati za e-mail marketing - Emailchef<\/title>\n<meta name=\"robots\" content=\"index, follow, max-snippet:-1, max-image-preview:large, max-video-preview:-1\" \/>\n<link rel=\"canonical\" href=\"https:\/\/emailchef.com\/hr\/besplatni-alati-za-email-marketing\/\" \/>\n<!-- \/ Yoast SEO plugin. -->","yoast_head_json":{"title":"Besplatni alati za e-mail marketing - Emailchef","robots":{"index":"index","follow":"follow","max-snippet":"max-snippet:-1","max-image-preview":"max-image-preview:large","max-video-preview":"max-video-preview:-1"},"canonical":"https:\/\/emailchef.com\/hr\/besplatni-alati-za-email-marketing\/","schema":{"@context":"https:\/\/schema.org","@graph":[{"@type":"WebPage","@id":"https:\/\/emailchef.com\/hr\/besplatni-alati-za-email-marketing\/","url":"https:\/\/emailchef.com\/hr\/besplatni-alati-za-email-marketing\/","name":"Besplatni alati za e-mail marketing - Emailchef","isPartOf":{"@id":"https:\/\/emailchef.com\/hr\/#website"},"datePublished":"2017-01-30T15:57:35+00:00","dateModified":"2017-11-03T12:57:00+00:00","breadcrumb":{"@id":"https:\/\/emailchef.com\/hr\/besplatni-alati-za-email-marketing\/#breadcrumb"},"inLanguage":"hr","potentialAction":[{"@type":"ReadAction","target":["https:\/\/emailchef.com\/hr\/besplatni-alati-za-email-marketing\/"]}]},{"@type":"BreadcrumbList","@id":"https:\/\/emailchef.com\/hr\/besplatni-alati-za-email-marketing\/#breadcrumb","itemListElement":[{"@type":"ListItem","position":1,"name":"Home","item":"https:\/\/emailchef.com\/hr\/emailchef-email-marketing-usluge\/"},{"@type":"ListItem","position":2,"name":"Besplatni alati za e-mail marketing"}]},{"@type":"WebSite","@id":"https:\/\/emailchef.com\/hr\/#website","url":"https:\/\/emailchef.com\/hr\/","name":"Emailchef","description":"Izvrsni recepti za e-mail marketing","publisher":{"@id":"https:\/\/emailchef.com\/hr\/#organization"},"potentialAction":[{"@type":"SearchAction","target":{"@type":"EntryPoint","urlTemplate":"https:\/\/emailchef.com\/hr\/?s={search_term_string}"},"query-input":{"@type":"PropertyValueSpecification","valueRequired":true,"valueName":"search_term_string"}}],"inLanguage":"hr"},{"@type":"Organization","@id":"https:\/\/emailchef.com\/hr\/#organization","name":"Delivery Tech Corp.","url":"https:\/\/emailchef.com\/hr\/","logo":{"@type":"ImageObject","inLanguage":"hr","@id":"https:\/\/emailchef.com\/hr\/#\/schema\/logo\/image\/","url":"https:\/\/emailchef.com\/wp-content\/uploads\/2022\/04\/logo-sama.png","contentUrl":"https:\/\/emailchef.com\/wp-content\/uploads\/2022\/04\/logo-sama.png","width":237,"height":80,"caption":"Delivery Tech Corp."},"image":{"@id":"https:\/\/emailchef.com\/hr\/#\/schema\/logo\/image\/"}}]}},"_links":{"self":[{"href":"https:\/\/emailchef.com\/hr\/wp-json\/wp\/v2\/pages\/5592"}],"collection":[{"href":"https:\/\/emailchef.com\/hr\/wp-json\/wp\/v2\/pages"}],"about":[{"href":"https:\/\/emailchef.com\/hr\/wp-json\/wp\/v2\/types\/page"}],"author":[{"embeddable":true,"href":"https:\/\/emailchef.com\/hr\/wp-json\/wp\/v2\/users\/6"}],"replies":[{"embeddable":true,"href":"https:\/\/emailchef.com\/hr\/wp-json\/wp\/v2\/comments?post=5592"}],"version-history":[{"count":11,"href":"https:\/\/emailchef.com\/hr\/wp-json\/wp\/v2\/pages\/5592\/revisions"}],"predecessor-version":[{"id":6341,"href":"https:\/\/emailchef.com\/hr\/wp-json\/wp\/v2\/pages\/5592\/revisions\/6341"}],"wp:attachment":[{"href":"https:\/\/emailchef.com\/hr\/wp-json\/wp\/v2\/media?parent=5592"}],"wp:term":[{"taxonomy":"g1_relation_tag","embeddable":true,"href":"https:\/\/emailchef.com\/hr\/wp-json\/wp\/v2\/g1_relation_tag?post=5592"}],"curies":[{"name":"wp","href":"https:\/\/api.w.org\/{rel}","templated":true}]}}