{"id":5574,"date":"2014-09-18T08:38:00","date_gmt":"2014-09-18T08:38:00","guid":{"rendered":"http:\/\/emailchef.com\/?page_id=5574\/"},"modified":"2017-10-24T11:47:59","modified_gmt":"2017-10-24T11:47:59","slug":"email-marketing-kampanja-kako-je-napraviti","status":"publish","type":"page","link":"https:\/\/emailchef.com\/hr\/email-marketing-kampanja-kako-je-napraviti\/","title":{"rendered":"E-mail marketing kampanja: kako je napraviti"},"content":{"rendered":"<p><strong>Dobro osmi\u0161ljena e-mail kampanja<\/strong> i dalje ostaje kao jedna od najefikasnijih digitalno marketin\u0161kih alatki &#8211; pogotovu kada se mjeri prema <strong>ROI<\/strong>-u, tj. omjeru neto dobiti prema ulo\u017eenim sredstvima. To pravilo isplativosti vrijedi i u dana\u0161nje vrijeme, usprkos rastu raznovrsnih dru\u0161tvenih medija i za njih specijaliziranih aplikacija. E-mail marketing ostaje kao najva\u017eniji i <strong>najuspje\u0161niji na\u010din kontaktiranja i odr\u017eavanja veze s klijentima<\/strong>.<\/p>\n<p>Kada je prikladno izgra\u0111ena, e-mail marketin\u0161ka kampanja nije samo niz komercijalnih ponuda koje su odaslane na razne e-mail adrese: naprotiv, to je <strong>mo\u0107an na\u010din komunikacijskog marketinga<\/strong>.<\/p>\n<p>U ovom trenutku se mo\u017ee postaviti pitanje: <strong>kako osmisliti i izraditi dobru e-mail marketing kampanju<\/strong>?<\/p>\n<p>Kao jedan od iskustvenih odgovora, mo\u017eemo vam poslu\u017eiti ovih sedam jednostavnih savjeta:<\/p>\n<h4><strong>1. Izradite efikasne e-obrasce za prijavu.<\/strong><\/h4>\n<p>Prije nego \u0161to po\u010dnete razmi\u0161ljati o izradi e-biltena, tj. newslettera, razmislite o tome kako najbolje <strong>privu\u0107i potencijalne \u010ditatelje<\/strong> i kako pribaviti njihove e-mail adrese. Naju\u010dinkovitiji je na\u010din izraditi elegantan i jednostavan pristupni e-obrazac za prikupljanje e-mail adresa, bilo uz pojednostavljenu ili uz provjeru dane e-mail adrese, te ga kao takvog izra\u0111enog unutar eMailCh-a ugradite na web-stranicu, odabiru\u0107i mjesto na kojem ga \u017eelite postaviti. Emailchef pru\u017ea jednostavan za izradu editor e-obrazaca, po principu povuci-i-ispusti, s kojim \u0107ete svaki tip e-obrasca izraditi u samo par sekundi: <a title=\"Izra\u0111iva\u010d pristupnih e-obrazaca\" href=\"http:\/\/emailchef.com\/hr\/znacajke\/izradivac-pristupnih-e-obrazaca\/\">saznaj vi\u0161e!<\/a><\/p>\n<h4><strong>2. Odr\u017eavajte va\u0161e liste a\u017euriranima.<\/strong><\/h4>\n<p>To je \u010desto zanemarena, a radi se o jednoj vrlo jednostavnoj najboljoj praksi koja \u0107e <strong>odmah pobolj\u0161ati kvalitetu va\u0161ih kampanja<\/strong>. Morate samo izbrisati sve pogre\u0161no napisane, pogre\u0161ne ili dvostruke e-mail adrese. Emailchef automatski pronalazi duplikate i pru\u017ea alat za test koji potvr\u0111uje broj odbijanja slanja na pojedine adrese. Niz grafikona <a href=\"http:\/\/emailchef.com\/hr\/znacajke\/napredne-statistike-sa-prikazom-u-stvarnom-vremenu\/\">jasno \u0107e prikazati sve podatke<\/a>.<\/p>\n<h4><strong>3. Oblikujte predlo\u017eak u skladu s brandom.<\/strong><\/h4>\n<p>Izgled va\u0161eg emaila trebao bi pru\u017eiti ugodan do\u017eivljaj \u010ditanja i uvijek biti u <strong>skladu s va\u0161im brandom<\/strong>, tj. <strong>va\u0161om robnom markom<\/strong>, te biti i <strong>u skladu s dizajnom va\u0161ih web stranica<\/strong>: uostalom, to je dio \u0161ire marketin\u0161ke strategije. Ah da, i ne zaboravite dodati poveznicu za otkazivanje na pretplatu; sva ova pravila su i sastavni dio CAN-SPAM Akta i utje\u010du na to da va\u0161 email ne postane klasificiran kao SPAM i kao takav zavr\u0161i u sme\u0107u po\u0161to, npr. u samom e-mailu nije data mogu\u0107nost na odjavu pretplate.<\/p>\n<h4><strong>4. Obratite posebnu pozornost na predmet e-maila.<\/strong><\/h4>\n<p>Mo\u017eda ste i sami zamoreni od uobi\u010dajenih e-mailova s predmetom poput: &#8220;Velika ponuda za vas&#8221; ili &#8220;E-bilten br. 53\u201d. Iskreno, mi jesmo. Tako &#8211; osim o\u010ditih savjeta da izbjegnete u predmetima va\u0161eg e-maila koristiti ne\u017eeljene rije\u010di ili simbole, kao \u0161to su &#8220;$$&#8221; ili &#8220;viagra&#8221; &#8211; <strong>dajte ma\u0161ti slobode i oslobodite va\u0161u kreativnost<\/strong>.<br \/>\nNeki savjeti: neka predmet bude kratak (manje od 60 znakova); informirajte umjesto da opi\u0161ete sadr\u017eaj va\u0161eg e-maila; nemojte biti pretjerano &#8220;agresivni&#8221;; apsolutno izbjegavati uskli\u010dnike i samo velika slova; odredite si ciljeve (koje e-mail moraispuniti). Vi\u0161e savjeta mo\u017eete na\u0107i u na\u0161em \u010dlanku <a title=\"Odabir predmeta E-maila: najbolje prakse\" href=\"http:\/\/emailchef.com\/hr\/predmet-emaila-najbolje-prakse\/\">o najboljim praksama za odabir predmeta e-maila<\/a>.<\/p>\n<h4><strong>5. Oslonite se na profesionalnu platformu za isporuku e-mailova.<\/strong><\/h4>\n<p>Sav va\u0161 trud mo\u017ee postati beskorisan ako nemate profesionalnu, pouzdanu i brzu uslugu za isporuku va\u0161ih e-mailova, kao \u0161to je na primjer pru\u017ea platforma Emailchef. Na\u0161a platforma jam\u010dit \u0107e <strong>brzo i sigurno slanje va\u0161ih e-mailova<\/strong> (ne uzimaju\u0107i u obzir i mnoge druge cool zna\u010dajke koje Emailchef pru\u017ea).<\/p>\n<h4><strong>6. Segmentirajte liste i personalizirajte e-mailove.<\/strong><\/h4>\n<p>Za\u0161to slati samo uop\u0107ene e-biltene svim korisnicima sa liste? Jedna od najprofitabilnijih taktika naprednog e-mail marketinga jest <strong>segmentiranje baze podataka<\/strong> prema odre\u0111enim kategorijama &#8211; primjerice dobi, spolu, interesima, jeziku, lokaciji i sl. &#8211; i sukladno tome izraditi po mjeri e-mailove.<br \/>\nKako prikupiti ove podatke? <strong>Vratite se na savijet br. 1<\/strong> i dodajte razna polja u va\u0161 e-obrazac za prijavu na e-bilten!<br \/>\nEmailchef pru\u017ea prakti\u010dna prilagodljiva korisni\u010dka polja pomo\u0107u kojih mo\u017eete segmentirati listu i\/ili pomo\u0107u srodne oznake svakog od korisni\u010dkog polja mo\u017eete te informacije nadodati u va\u0161 e-bilten, tj. newsletter. Svje je vrlo jednostavno i daje maksimalni ekeft va\u0161im kampanjama.<\/p>\n<h4><strong>7. Analizirajte.<\/strong><\/h4>\n<p>Nijedna e-mail kampanja je savr\u0161ena. Stoga uvijek <strong>pa\u017eljivo analizirajte sve rezultate svake kampanje<\/strong>, kao \u00e8to su postotak klikova unutar e-maila, postotak otvaranja e-mailova, postotak odbijene, tj. ne\u017eeljene po\u0161te itd.<br \/>\nPomo\u0107u Emailchef-ove nadzorne plo\u010de za analizu mo\u017eete to u\u010diniti vrlo lako: svi mjereni podaci se u stvarnom vremenu prikazuju i bit \u0107e vam od velike pomo\u0107i za pobolj\u0161anje sljede\u0107ih kampanja i u izradi e-biltena, tj. newslettera. Budu\u0107i da je to sr\u017e svakog dobrog marketinga: uvijek testirati i pobolj\u0161avati.<\/p>\n","protected":false},"excerpt":{"rendered":"<p>An email campaign is still one of the best digital marketing resources \u2013 and still the most rewarding in terms of ROI. Here&#8217;s how to create a good one.<\/p>\n","protected":false},"author":6,"featured_media":0,"parent":0,"menu_order":94,"comment_status":"closed","ping_status":"closed","template":"","meta":{"_acf_changed":false,"inline_featured_image":false,"footnotes":""},"g1_relation_tag":[16],"class_list":["post-5574","page","type-page","status-publish","hentry","g1_relation_tag-email-campaign-tips"],"acf":[],"yoast_head":"<!-- This site is optimized with the Yoast SEO plugin v24.8.1 - https:\/\/yoast.com\/wordpress\/plugins\/seo\/ -->\n<title>E-mail marketing kampanja: kako je napraviti - Emailchef<\/title>\n<meta name=\"robots\" content=\"index, follow, max-snippet:-1, max-image-preview:large, max-video-preview:-1\" \/>\n<link rel=\"canonical\" href=\"https:\/\/emailchef.com\/hr\/email-marketing-kampanja-kako-je-napraviti\/\" \/>\n<meta name=\"twitter:label1\" content=\"Procijenjeno vrijeme \u010ditanja\" \/>\n\t<meta name=\"twitter:data1\" content=\"4 minute\" \/>\n<!-- \/ Yoast SEO plugin. -->","yoast_head_json":{"title":"E-mail marketing kampanja: kako je napraviti - Emailchef","robots":{"index":"index","follow":"follow","max-snippet":"max-snippet:-1","max-image-preview":"max-image-preview:large","max-video-preview":"max-video-preview:-1"},"canonical":"https:\/\/emailchef.com\/hr\/email-marketing-kampanja-kako-je-napraviti\/","twitter_misc":{"Procijenjeno vrijeme \u010ditanja":"4 minute"},"schema":{"@context":"https:\/\/schema.org","@graph":[{"@type":"WebPage","@id":"https:\/\/emailchef.com\/hr\/email-marketing-kampanja-kako-je-napraviti\/","url":"https:\/\/emailchef.com\/hr\/email-marketing-kampanja-kako-je-napraviti\/","name":"E-mail marketing kampanja: kako je napraviti - Emailchef","isPartOf":{"@id":"https:\/\/emailchef.com\/hr\/#website"},"datePublished":"2014-09-18T08:38:00+00:00","dateModified":"2017-10-24T11:47:59+00:00","breadcrumb":{"@id":"https:\/\/emailchef.com\/hr\/email-marketing-kampanja-kako-je-napraviti\/#breadcrumb"},"inLanguage":"hr","potentialAction":[{"@type":"ReadAction","target":["https:\/\/emailchef.com\/hr\/email-marketing-kampanja-kako-je-napraviti\/"]}]},{"@type":"BreadcrumbList","@id":"https:\/\/emailchef.com\/hr\/email-marketing-kampanja-kako-je-napraviti\/#breadcrumb","itemListElement":[{"@type":"ListItem","position":1,"name":"Home","item":"https:\/\/emailchef.com\/hr\/emailchef-email-marketing-usluge\/"},{"@type":"ListItem","position":2,"name":"E-mail marketing kampanja: kako je napraviti"}]},{"@type":"WebSite","@id":"https:\/\/emailchef.com\/hr\/#website","url":"https:\/\/emailchef.com\/hr\/","name":"Emailchef","description":"Izvrsni recepti za e-mail marketing","publisher":{"@id":"https:\/\/emailchef.com\/hr\/#organization"},"potentialAction":[{"@type":"SearchAction","target":{"@type":"EntryPoint","urlTemplate":"https:\/\/emailchef.com\/hr\/?s={search_term_string}"},"query-input":{"@type":"PropertyValueSpecification","valueRequired":true,"valueName":"search_term_string"}}],"inLanguage":"hr"},{"@type":"Organization","@id":"https:\/\/emailchef.com\/hr\/#organization","name":"Delivery Tech Corp.","url":"https:\/\/emailchef.com\/hr\/","logo":{"@type":"ImageObject","inLanguage":"hr","@id":"https:\/\/emailchef.com\/hr\/#\/schema\/logo\/image\/","url":"https:\/\/emailchef.com\/wp-content\/uploads\/2022\/04\/logo-sama.png","contentUrl":"https:\/\/emailchef.com\/wp-content\/uploads\/2022\/04\/logo-sama.png","width":237,"height":80,"caption":"Delivery Tech Corp."},"image":{"@id":"https:\/\/emailchef.com\/hr\/#\/schema\/logo\/image\/"}}]}},"_links":{"self":[{"href":"https:\/\/emailchef.com\/hr\/wp-json\/wp\/v2\/pages\/5574"}],"collection":[{"href":"https:\/\/emailchef.com\/hr\/wp-json\/wp\/v2\/pages"}],"about":[{"href":"https:\/\/emailchef.com\/hr\/wp-json\/wp\/v2\/types\/page"}],"author":[{"embeddable":true,"href":"https:\/\/emailchef.com\/hr\/wp-json\/wp\/v2\/users\/6"}],"replies":[{"embeddable":true,"href":"https:\/\/emailchef.com\/hr\/wp-json\/wp\/v2\/comments?post=5574"}],"version-history":[{"count":16,"href":"https:\/\/emailchef.com\/hr\/wp-json\/wp\/v2\/pages\/5574\/revisions"}],"predecessor-version":[{"id":6172,"href":"https:\/\/emailchef.com\/hr\/wp-json\/wp\/v2\/pages\/5574\/revisions\/6172"}],"wp:attachment":[{"href":"https:\/\/emailchef.com\/hr\/wp-json\/wp\/v2\/media?parent=5574"}],"wp:term":[{"taxonomy":"g1_relation_tag","embeddable":true,"href":"https:\/\/emailchef.com\/hr\/wp-json\/wp\/v2\/g1_relation_tag?post=5574"}],"curies":[{"name":"wp","href":"https:\/\/api.w.org\/{rel}","templated":true}]}}