{"id":5567,"date":"2014-09-22T08:30:13","date_gmt":"2014-09-22T08:30:13","guid":{"rendered":"http:\/\/emailchef.com\/?page_id=5567\/"},"modified":"2017-01-31T13:19:18","modified_gmt":"2017-01-31T13:19:18","slug":"odaberite-izgled-ebiltena","status":"publish","type":"page","link":"https:\/\/emailchef.com\/hr\/baza-znanja\/odaberite-izgled-ebiltena\/","title":{"rendered":"Odaberite izgled e-biltena"},"content":{"rendered":"<p>Izrada e-mail kampanje po\u010dinje sa <b>odabirom izgleda poruke<\/b>. Kliknite na \u201cKAMPANJE\u201d unutar glavnog izbornika i na novo otvorenoj stranici kliknite \u201cNAPRAVI KAMPANJU\u201d. Postoje pet mogu\u0107nosti da definirate izgled, tj. dizajn va\u0161e poruke:<\/p>\n<ol>\n<li><b>Odaberite ve\u0107 gotov predlo\u017eak<\/b>. Nudimo vam \u0161irok izbor profesionalno izra\u0111enih predlo\u017eaka: svi predlo\u0161ci su razvrstani po kategorijama kako bi vam olak\u0161ali odabir i svaki od njih ve\u0107 sadr\u017ee CAN-SPAM Akt oznake i poveznice za odjavu. Svi ponu\u0111eni predlo\u0161ci su izra\u0111eni od strane stru\u010dnih dizejnera kako bi osigurali ne samo profesionalan izgled nego i najbolji prikaz u svakom od e-mail prikaziva\u010da.<\/li>\n<li><b>U\u010ditajte vlastiti predlo\u017eak<\/b>. Ako ve\u0107 imate vlastiti gotov predlo\u017eak, mo\u017eete ga u\u010ditati u tren oka: bilo kao HTML (.html i .htm) ili zip (.zip) datoteke. Ako \u017eelite u\u010ditati .zip datoteku, provjerite da ona sadr\u017ei HTML dio, da se u njoj nalaze sve potrebne slike za va\u0161 predlo\u0107ak i na kraju molimo vas da za zip datoteku odaberete jedan od ova tri naziva: &#8220;index.html&#8221;, &#8220;index.htm&#8221; ili &#8220;campaign.html&#8221;. Tako\u0111er, zapamtite da i va\u0161a HTML datoteka mora sadr\u017eavati slike predlo\u0161ka: to jedna od u\u010destalih pogre\u0161ka koja se zna dogoditi.<\/li>\n<li><b>Koristite na\u0161 izra\u0111iva\u010d predlo\u017eaka.<\/b> Mo\u017eete izraditi vlastiti HTML predlo\u017eak bez da i\u0161ta znate o programiranju, putem jednostavnog sistema povuci-i-ispusti izradit \u0107ete predlo\u017eak kakav \u017eelite. Preuzmite na\u0161 profesionalni <a title=\"profesionalni izra\u0111iva\u010d predlo\u017eaka\" href=\"http:\/\/emailchef.com\/hr\/znacajke\/najbrzi-izradivac-predlozaka\/\">izra\u0111iva\u010d predlo\u017eaka<\/a> koji \u0107e vam omogu\u0107iti da izradite vrhunske predlo\u0161ke u par poteza.<\/li>\n<li><b>Krenite od nule ili programirajte u HTML-u<\/b>. Naravno, mo\u017eete izraditi vlastiti e-bilten (newsletter) od samog po\u010detka bilo da ga radite u na\u0161em vizualnom ure\u0111iva\u010du (eng.: visual editor) ili da pi\u0161ete vlastiti k\u00f4d.<\/li>\n<\/ol>\n<p>Koji god od na\u010dina da odaberete, potrebno je da <b>prilagodite va\u0161 predlo\u017eak<\/b>.<\/p>\n<p><a href=\"https:\/\/emailchef.com\/wp-content\/uploads\/2017\/01\/Odaberi-svoj-dizajn.png\"><img fetchpriority=\"high\" decoding=\"async\" class=\"alignnone size-full wp-image-5624\" src=\"https:\/\/emailchef.com\/wp-content\/uploads\/2017\/01\/Odaberi-svoj-dizajn.png\" alt=\"\" width=\"1197\" height=\"950\" \/><\/a><\/p>\n<p>&nbsp;<\/p>\n","protected":false},"excerpt":{"rendered":"<p>Izrada e-mail kampanje po\u010dinje sa odabirom izgleda poruke. Kliknite na \u201cKAMPANJE\u201d unutar glavnog izbornika i na novo otvorenoj stranici kliknite \u201cNAPRAVI KAMPANJU\u201d. Postoje pet mogu\u0107nosti da definirate izgled, tj. dizajn va\u0161e poruke: Odaberite ve\u0107 gotov predlo\u017eak. Nudimo vam \u0161irok izbor profesionalno izra\u0111enih predlo\u017eaka: svi predlo\u0161ci su razvrstani po kategorijama kako bi vam olak\u0161ali odabir i [&hellip;]<\/p>\n","protected":false},"author":6,"featured_media":0,"parent":5427,"menu_order":0,"comment_status":"closed","ping_status":"closed","template":"","meta":{"_acf_changed":false,"inline_featured_image":false,"footnotes":""},"g1_relation_tag":[],"class_list":["post-5567","page","type-page","status-publish","hentry"],"acf":[],"yoast_head":"<!-- This site is optimized with the Yoast SEO plugin v24.8.1 - https:\/\/yoast.com\/wordpress\/plugins\/seo\/ -->\n<title>Odaberite izgled e-biltena - Emailchef<\/title>\n<meta name=\"robots\" content=\"index, follow, max-snippet:-1, max-image-preview:large, max-video-preview:-1\" \/>\n<link rel=\"canonical\" href=\"https:\/\/emailchef.com\/hr\/baza-znanja\/odaberite-izgled-ebiltena\/\" \/>\n<meta name=\"twitter:label1\" content=\"Procijenjeno vrijeme \u010ditanja\" \/>\n\t<meta name=\"twitter:data1\" content=\"2 minute\" \/>\n<!-- \/ Yoast SEO plugin. -->","yoast_head_json":{"title":"Odaberite izgled e-biltena - Emailchef","robots":{"index":"index","follow":"follow","max-snippet":"max-snippet:-1","max-image-preview":"max-image-preview:large","max-video-preview":"max-video-preview:-1"},"canonical":"https:\/\/emailchef.com\/hr\/baza-znanja\/odaberite-izgled-ebiltena\/","twitter_misc":{"Procijenjeno vrijeme \u010ditanja":"2 minute"},"schema":{"@context":"https:\/\/schema.org","@graph":[{"@type":"WebPage","@id":"https:\/\/emailchef.com\/hr\/baza-znanja\/odaberite-izgled-ebiltena\/","url":"https:\/\/emailchef.com\/hr\/baza-znanja\/odaberite-izgled-ebiltena\/","name":"Odaberite izgled e-biltena - Emailchef","isPartOf":{"@id":"https:\/\/emailchef.com\/hr\/#website"},"primaryImageOfPage":{"@id":"https:\/\/emailchef.com\/hr\/baza-znanja\/odaberite-izgled-ebiltena\/#primaryimage"},"image":{"@id":"https:\/\/emailchef.com\/hr\/baza-znanja\/odaberite-izgled-ebiltena\/#primaryimage"},"thumbnailUrl":"https:\/\/emailchef.com\/wp-content\/uploads\/2017\/01\/Odaberi-svoj-dizajn.png","datePublished":"2014-09-22T08:30:13+00:00","dateModified":"2017-01-31T13:19:18+00:00","breadcrumb":{"@id":"https:\/\/emailchef.com\/hr\/baza-znanja\/odaberite-izgled-ebiltena\/#breadcrumb"},"inLanguage":"hr","potentialAction":[{"@type":"ReadAction","target":["https:\/\/emailchef.com\/hr\/baza-znanja\/odaberite-izgled-ebiltena\/"]}]},{"@type":"ImageObject","inLanguage":"hr","@id":"https:\/\/emailchef.com\/hr\/baza-znanja\/odaberite-izgled-ebiltena\/#primaryimage","url":"https:\/\/emailchef.com\/wp-content\/uploads\/2017\/01\/Odaberi-svoj-dizajn.png","contentUrl":"https:\/\/emailchef.com\/wp-content\/uploads\/2017\/01\/Odaberi-svoj-dizajn.png"},{"@type":"BreadcrumbList","@id":"https:\/\/emailchef.com\/hr\/baza-znanja\/odaberite-izgled-ebiltena\/#breadcrumb","itemListElement":[{"@type":"ListItem","position":1,"name":"Home","item":"https:\/\/emailchef.com\/hr\/emailchef-email-marketing-usluge\/"},{"@type":"ListItem","position":2,"name":"Baza znanja","item":"https:\/\/emailchef.com\/hr\/baza-znanja\/"},{"@type":"ListItem","position":3,"name":"Odaberite izgled e-biltena"}]},{"@type":"WebSite","@id":"https:\/\/emailchef.com\/hr\/#website","url":"https:\/\/emailchef.com\/hr\/","name":"Emailchef","description":"Izvrsni recepti za e-mail marketing","publisher":{"@id":"https:\/\/emailchef.com\/hr\/#organization"},"potentialAction":[{"@type":"SearchAction","target":{"@type":"EntryPoint","urlTemplate":"https:\/\/emailchef.com\/hr\/?s={search_term_string}"},"query-input":{"@type":"PropertyValueSpecification","valueRequired":true,"valueName":"search_term_string"}}],"inLanguage":"hr"},{"@type":"Organization","@id":"https:\/\/emailchef.com\/hr\/#organization","name":"Delivery Tech Corp.","url":"https:\/\/emailchef.com\/hr\/","logo":{"@type":"ImageObject","inLanguage":"hr","@id":"https:\/\/emailchef.com\/hr\/#\/schema\/logo\/image\/","url":"https:\/\/emailchef.com\/wp-content\/uploads\/2022\/04\/logo-sama.png","contentUrl":"https:\/\/emailchef.com\/wp-content\/uploads\/2022\/04\/logo-sama.png","width":237,"height":80,"caption":"Delivery Tech Corp."},"image":{"@id":"https:\/\/emailchef.com\/hr\/#\/schema\/logo\/image\/"}}]}},"_links":{"self":[{"href":"https:\/\/emailchef.com\/hr\/wp-json\/wp\/v2\/pages\/5567"}],"collection":[{"href":"https:\/\/emailchef.com\/hr\/wp-json\/wp\/v2\/pages"}],"about":[{"href":"https:\/\/emailchef.com\/hr\/wp-json\/wp\/v2\/types\/page"}],"author":[{"embeddable":true,"href":"https:\/\/emailchef.com\/hr\/wp-json\/wp\/v2\/users\/6"}],"replies":[{"embeddable":true,"href":"https:\/\/emailchef.com\/hr\/wp-json\/wp\/v2\/comments?post=5567"}],"version-history":[{"count":5,"href":"https:\/\/emailchef.com\/hr\/wp-json\/wp\/v2\/pages\/5567\/revisions"}],"predecessor-version":[{"id":5625,"href":"https:\/\/emailchef.com\/hr\/wp-json\/wp\/v2\/pages\/5567\/revisions\/5625"}],"up":[{"embeddable":true,"href":"https:\/\/emailchef.com\/hr\/wp-json\/wp\/v2\/pages\/5427"}],"wp:attachment":[{"href":"https:\/\/emailchef.com\/hr\/wp-json\/wp\/v2\/media?parent=5567"}],"wp:term":[{"taxonomy":"g1_relation_tag","embeddable":true,"href":"https:\/\/emailchef.com\/hr\/wp-json\/wp\/v2\/g1_relation_tag?post=5567"}],"curies":[{"name":"wp","href":"https:\/\/api.w.org\/{rel}","templated":true}]}}