{"id":5441,"date":"2014-09-11T09:46:18","date_gmt":"2014-09-11T09:46:18","guid":{"rendered":"http:\/\/emailchef.com\/?page_id=5441\/"},"modified":"2017-01-25T11:22:33","modified_gmt":"2017-01-25T11:22:33","slug":"predlosci-za-ebiltene-newslettere","status":"publish","type":"page","link":"https:\/\/emailchef.com\/hr\/predlosci-za-ebiltene-newslettere\/","title":{"rendered":"Predlo\u0161ci za e-biltene (newslettere)"},"content":{"rendered":"<p>Emailchef vam nudi \u0161irok izbor <strong>predlo\u017eaka za e-biltene (newslettere)<\/strong> koji se mogu preuzeti i koristiti na na\u0161oj platformi u tren oka. Otkrijte za\u0161to su tako va\u017ene za va\u0161 e-mail kampanje.<\/p>\n<p>[related_pages template=&#8221;one_third&#8221; effect=&#8221;none&#8221; hide=&#8221;featured_media,author&#8221;]<\/p>\n","protected":false},"excerpt":{"rendered":"<p>Emailchef vam nudi \u0161irok izbor predlo\u017eaka za e-biltene (newslettere) koji se mogu preuzeti i koristiti na na\u0161oj platformi u tren oka. Otkrijte za\u0161to su tako va\u017ene za va\u0161 e-mail kampanje. [related_pages template=&#8221;one_third&#8221; effect=&#8221;none&#8221; hide=&#8221;featured_media,author&#8221;]<\/p>\n","protected":false},"author":6,"featured_media":0,"parent":0,"menu_order":236,"comment_status":"closed","ping_status":"closed","template":"","meta":{"_acf_changed":false,"inline_featured_image":false,"footnotes":""},"g1_relation_tag":[15],"class_list":["post-5441","page","type-page","status-publish","hentry","g1_relation_tag-templates-for-newsletters"],"acf":[],"yoast_head":"<!-- This site is optimized with the Yoast SEO plugin v24.8.1 - https:\/\/yoast.com\/wordpress\/plugins\/seo\/ -->\n<title>Predlo\u0161ci za e-biltene (newslettere) - Emailchef<\/title>\n<meta name=\"robots\" content=\"index, follow, max-snippet:-1, max-image-preview:large, max-video-preview:-1\" \/>\n<link rel=\"canonical\" href=\"https:\/\/emailchef.com\/hr\/predlosci-za-ebiltene-newslettere\/\" \/>\n<!-- \/ Yoast SEO plugin. -->","yoast_head_json":{"title":"Predlo\u0161ci za e-biltene (newslettere) - Emailchef","robots":{"index":"index","follow":"follow","max-snippet":"max-snippet:-1","max-image-preview":"max-image-preview:large","max-video-preview":"max-video-preview:-1"},"canonical":"https:\/\/emailchef.com\/hr\/predlosci-za-ebiltene-newslettere\/","schema":{"@context":"https:\/\/schema.org","@graph":[{"@type":"WebPage","@id":"https:\/\/emailchef.com\/hr\/predlosci-za-ebiltene-newslettere\/","url":"https:\/\/emailchef.com\/hr\/predlosci-za-ebiltene-newslettere\/","name":"Predlo\u0161ci za e-biltene (newslettere) - Emailchef","isPartOf":{"@id":"https:\/\/emailchef.com\/hr\/#website"},"datePublished":"2014-09-11T09:46:18+00:00","dateModified":"2017-01-25T11:22:33+00:00","breadcrumb":{"@id":"https:\/\/emailchef.com\/hr\/predlosci-za-ebiltene-newslettere\/#breadcrumb"},"inLanguage":"hr","potentialAction":[{"@type":"ReadAction","target":["https:\/\/emailchef.com\/hr\/predlosci-za-ebiltene-newslettere\/"]}]},{"@type":"BreadcrumbList","@id":"https:\/\/emailchef.com\/hr\/predlosci-za-ebiltene-newslettere\/#breadcrumb","itemListElement":[{"@type":"ListItem","position":1,"name":"Home","item":"https:\/\/emailchef.com\/hr\/"},{"@type":"ListItem","position":2,"name":"Predlo\u0161ci za e-biltene (newslettere)"}]},{"@type":"WebSite","@id":"https:\/\/emailchef.com\/hr\/#website","url":"https:\/\/emailchef.com\/hr\/","name":"Emailchef","description":"Izvrsni recepti za e-mail marketing","publisher":{"@id":"https:\/\/emailchef.com\/hr\/#organization"},"potentialAction":[{"@type":"SearchAction","target":{"@type":"EntryPoint","urlTemplate":"https:\/\/emailchef.com\/hr\/?s={search_term_string}"},"query-input":{"@type":"PropertyValueSpecification","valueRequired":true,"valueName":"search_term_string"}}],"inLanguage":"hr"},{"@type":"Organization","@id":"https:\/\/emailchef.com\/hr\/#organization","name":"Delivery Tech Corp.","url":"https:\/\/emailchef.com\/hr\/","logo":{"@type":"ImageObject","inLanguage":"hr","@id":"https:\/\/emailchef.com\/hr\/#\/schema\/logo\/image\/","url":"https:\/\/emailchef.com\/wp-content\/uploads\/2022\/04\/logo-sama.png","contentUrl":"https:\/\/emailchef.com\/wp-content\/uploads\/2022\/04\/logo-sama.png","width":237,"height":80,"caption":"Delivery Tech Corp."},"image":{"@id":"https:\/\/emailchef.com\/hr\/#\/schema\/logo\/image\/"}}]}},"_links":{"self":[{"href":"https:\/\/emailchef.com\/hr\/wp-json\/wp\/v2\/pages\/5441"}],"collection":[{"href":"https:\/\/emailchef.com\/hr\/wp-json\/wp\/v2\/pages"}],"about":[{"href":"https:\/\/emailchef.com\/hr\/wp-json\/wp\/v2\/types\/page"}],"author":[{"embeddable":true,"href":"https:\/\/emailchef.com\/hr\/wp-json\/wp\/v2\/users\/6"}],"replies":[{"embeddable":true,"href":"https:\/\/emailchef.com\/hr\/wp-json\/wp\/v2\/comments?post=5441"}],"version-history":[{"count":2,"href":"https:\/\/emailchef.com\/hr\/wp-json\/wp\/v2\/pages\/5441\/revisions"}],"predecessor-version":[{"id":5443,"href":"https:\/\/emailchef.com\/hr\/wp-json\/wp\/v2\/pages\/5441\/revisions\/5443"}],"wp:attachment":[{"href":"https:\/\/emailchef.com\/hr\/wp-json\/wp\/v2\/media?parent=5441"}],"wp:term":[{"taxonomy":"g1_relation_tag","embeddable":true,"href":"https:\/\/emailchef.com\/hr\/wp-json\/wp\/v2\/g1_relation_tag?post=5441"}],"curies":[{"name":"wp","href":"https:\/\/api.w.org\/{rel}","templated":true}]}}