{"id":5427,"date":"2014-09-22T08:04:21","date_gmt":"2014-09-22T08:04:21","guid":{"rendered":"http:\/\/emailchef.com\/?page_id=5427\/"},"modified":"2017-01-25T11:19:50","modified_gmt":"2017-01-25T11:19:50","slug":"baza-znanja","status":"publish","type":"page","link":"https:\/\/emailchef.com\/hr\/baza-znanja\/","title":{"rendered":"Baza znanja"},"content":{"rendered":"<p>Na ovim stranicama mo\u017eete prona\u0107i <strong>kompletan vodi\u010d<\/strong> za Emailchef, od toga kako izraditi listu ili liste sa kontaktima pa sve do kako napraviti, poslati i analizirati vlastitu e-mail kampanju.<\/p>\n<p>Mo\u017eete pretra\u017eivati po pojedinoj tematici klikom na lijevi izbornik. Ako \u017eelite kratak sa\u017eetak svake od zna\u010dajki Emailchef-a, pogledajte na\u0161 vodi\u010d kako <a title=\"pokrenuti kampanju u 5 minuta\" href=\"http:\/\/emailchef.com\/run-campaign-in-5-minutes\/\"><strong>pokrenuti kampanju u 5 minuta<\/strong><\/a>.<\/p>\n","protected":false},"excerpt":{"rendered":"<p>Na ovim stranicama mo\u017eete prona\u0107i kompletan vodi\u010d za Emailchef, od toga kako izraditi listu ili liste sa kontaktima pa sve do kako napraviti, poslati i analizirati vlastitu e-mail kampanju. Mo\u017eete pretra\u017eivati po pojedinoj tematici klikom na lijevi izbornik. Ako \u017eelite kratak sa\u017eetak svake od zna\u010dajki Emailchef-a, pogledajte na\u0161 vodi\u010d kako pokrenuti kampanju u 5 minuta.<\/p>\n","protected":false},"author":6,"featured_media":0,"parent":0,"menu_order":171,"comment_status":"closed","ping_status":"closed","template":"","meta":{"_acf_changed":false,"inline_featured_image":false,"footnotes":""},"g1_relation_tag":[],"class_list":["post-5427","page","type-page","status-publish","hentry"],"acf":[],"yoast_head":"<!-- This site is optimized with the Yoast SEO plugin v24.8.1 - https:\/\/yoast.com\/wordpress\/plugins\/seo\/ -->\n<title>Baza znanja - Emailchef<\/title>\n<meta name=\"robots\" content=\"index, follow, max-snippet:-1, max-image-preview:large, max-video-preview:-1\" \/>\n<link rel=\"canonical\" href=\"https:\/\/emailchef.com\/hr\/baza-znanja\/\" \/>\n<!-- \/ Yoast SEO plugin. -->","yoast_head_json":{"title":"Baza znanja - Emailchef","robots":{"index":"index","follow":"follow","max-snippet":"max-snippet:-1","max-image-preview":"max-image-preview:large","max-video-preview":"max-video-preview:-1"},"canonical":"https:\/\/emailchef.com\/hr\/baza-znanja\/","schema":{"@context":"https:\/\/schema.org","@graph":[{"@type":"WebPage","@id":"https:\/\/emailchef.com\/hr\/baza-znanja\/","url":"https:\/\/emailchef.com\/hr\/baza-znanja\/","name":"Baza znanja - Emailchef","isPartOf":{"@id":"https:\/\/emailchef.com\/hr\/#website"},"datePublished":"2014-09-22T08:04:21+00:00","dateModified":"2017-01-25T11:19:50+00:00","breadcrumb":{"@id":"https:\/\/emailchef.com\/hr\/baza-znanja\/#breadcrumb"},"inLanguage":"hr","potentialAction":[{"@type":"ReadAction","target":["https:\/\/emailchef.com\/hr\/baza-znanja\/"]}]},{"@type":"BreadcrumbList","@id":"https:\/\/emailchef.com\/hr\/baza-znanja\/#breadcrumb","itemListElement":[{"@type":"ListItem","position":1,"name":"Home","item":"https:\/\/emailchef.com\/hr\/emailchef-email-marketing-usluge\/"},{"@type":"ListItem","position":2,"name":"Baza znanja"}]},{"@type":"WebSite","@id":"https:\/\/emailchef.com\/hr\/#website","url":"https:\/\/emailchef.com\/hr\/","name":"Emailchef","description":"Izvrsni recepti za e-mail marketing","publisher":{"@id":"https:\/\/emailchef.com\/hr\/#organization"},"potentialAction":[{"@type":"SearchAction","target":{"@type":"EntryPoint","urlTemplate":"https:\/\/emailchef.com\/hr\/?s={search_term_string}"},"query-input":{"@type":"PropertyValueSpecification","valueRequired":true,"valueName":"search_term_string"}}],"inLanguage":"hr"},{"@type":"Organization","@id":"https:\/\/emailchef.com\/hr\/#organization","name":"Delivery Tech Corp.","url":"https:\/\/emailchef.com\/hr\/","logo":{"@type":"ImageObject","inLanguage":"hr","@id":"https:\/\/emailchef.com\/hr\/#\/schema\/logo\/image\/","url":"https:\/\/emailchef.com\/wp-content\/uploads\/2022\/04\/logo-sama.png","contentUrl":"https:\/\/emailchef.com\/wp-content\/uploads\/2022\/04\/logo-sama.png","width":237,"height":80,"caption":"Delivery Tech Corp."},"image":{"@id":"https:\/\/emailchef.com\/hr\/#\/schema\/logo\/image\/"}}]}},"_links":{"self":[{"href":"https:\/\/emailchef.com\/hr\/wp-json\/wp\/v2\/pages\/5427"}],"collection":[{"href":"https:\/\/emailchef.com\/hr\/wp-json\/wp\/v2\/pages"}],"about":[{"href":"https:\/\/emailchef.com\/hr\/wp-json\/wp\/v2\/types\/page"}],"author":[{"embeddable":true,"href":"https:\/\/emailchef.com\/hr\/wp-json\/wp\/v2\/users\/6"}],"replies":[{"embeddable":true,"href":"https:\/\/emailchef.com\/hr\/wp-json\/wp\/v2\/comments?post=5427"}],"version-history":[{"count":2,"href":"https:\/\/emailchef.com\/hr\/wp-json\/wp\/v2\/pages\/5427\/revisions"}],"predecessor-version":[{"id":5429,"href":"https:\/\/emailchef.com\/hr\/wp-json\/wp\/v2\/pages\/5427\/revisions\/5429"}],"wp:attachment":[{"href":"https:\/\/emailchef.com\/hr\/wp-json\/wp\/v2\/media?parent=5427"}],"wp:term":[{"taxonomy":"g1_relation_tag","embeddable":true,"href":"https:\/\/emailchef.com\/hr\/wp-json\/wp\/v2\/g1_relation_tag?post=5427"}],"curies":[{"name":"wp","href":"https:\/\/api.w.org\/{rel}","templated":true}]}}