{"id":5420,"date":"2016-07-11T09:53:48","date_gmt":"2016-07-11T09:53:48","guid":{"rendered":"http:\/\/emailchef.com\/?page_id=5420\/"},"modified":"2025-01-27T14:23:24","modified_gmt":"2025-01-27T14:23:24","slug":"email-marketing-wordpress-emailchef","status":"publish","type":"page","link":"https:\/\/emailchef.com\/hr\/email-marketing-wordpress-emailchef\/","title":{"rendered":"E-mail marketing s WordPress-om i Emailchef-om"},"content":{"rendered":"\t\t<div data-elementor-type=\"wp-page\" data-elementor-id=\"5420\" class=\"elementor elementor-5420 elementor-4828\" data-elementor-post-type=\"page\">\n\t\t\t\t\t\t<section class=\"elementor-section elementor-top-section elementor-element elementor-element-453bacae elementor-section-boxed elementor-section-height-default elementor-section-height-default\" data-id=\"453bacae\" data-element_type=\"section\">\n\t\t\t\t\t\t<div class=\"elementor-container elementor-column-gap-default\">\n\t\t\t\t\t<div class=\"elementor-column elementor-col-100 elementor-top-column elementor-element elementor-element-6e14b241\" data-id=\"6e14b241\" data-element_type=\"column\">\n\t\t\t<div class=\"elementor-widget-wrap elementor-element-populated\">\n\t\t\t\t\t\t<div class=\"elementor-element elementor-element-7c975508 elementor-widget elementor-widget-text-editor\" data-id=\"7c975508\" data-element_type=\"widget\" data-widget_type=\"text-editor.default\">\n\t\t\t\t<div class=\"elementor-widget-container\">\n\t\t\t\t\t\t\t\t\t<p><img decoding=\"async\" class=\"alignnone noBorders wp-image-4831 size-full\" title=\"E-mail marketing s WordPress-om\" src=\"https:\/\/emailchef.com\/wp-content\/uploads\/2016\/07\/WordPress_logo-1.png\" alt=\"WordPress\" width=\"300\" height=\"68\" \/><\/p><p><div id=\"\" class=\"g1-lead  \" ><p>Jednostavno prikupljajte predbilje\u017ebe putem obrasca postavljenog na va\u0161oj stranici, gdje \u0107e sve informacije automatski biti prene\u0161ene na \u017eeljene e-mail liste unutar Emailchef-a.<\/p><\/div><\/p><p>Na\u0161 Plugin vam omogu\u0107uje da jednostavno pove\u017eete popularni &#8220;Contact Form 7&#8221; i va\u0161u bazu podataka na Emailchef-u. Na taj na\u010din svaka nova predbilje\u017eba na obrascu &#8220;Contac Form 7&#8221; bit \u0107e automatski prenesena na \u017eeljenu listu unutar va\u0161eg korisni\u010dkog ra\u010duna Emailchef-a. Mo\u017eete slobodno dodavati i povezivati polja po izboru.<br \/>\u201cContact Form 7\u201d je besplatan i fleksibilan plugin, sa kojim na jednostavan na\u010din mo\u017eete izraditi obrasce po va\u0161oj potrebi, tako\u0111er vam omogu\u0107uje upravljanje s vi\u0161estrukim obrascima koje mo\u017eete jednostavno prilagoditi.<\/p><p>Nije potrebno nikakvo poznavanje kodiranja!<br \/>Sve informacije une\u0161ene na obrazac biti \u0107e automatski prenesene na va\u0161e liste u Emailchef-u.<\/p><p>Mo\u017eete slobodno povezivati razli\u010dite liste sa razli\u010ditim obrascima ili razli\u010ditim grupama unutar istog obrasca. Na primjer, mo\u017eete izraditi obrazac prema tipu korisnika (kupac, distributer, dobavlja\u010d &#8230;) i za svakog od tipa korisnika napraviti zasebnu listu unutar Emailchef-a u koje \u0107e biti pohranjeni svi podaci razvrstani prema tipu unosa pojednog pretplatnika. Na taj na\u010din mo\u017eete ciljano slati va\u0161e newslettere prem tipu predbilje\u017ebe.<\/p><p>Potrebno je samo nekoliko sekundi za postavljanje ovog Plugin-a. Jednostavno slijedite ove upute:<\/p><p><ol id=\"\" class=\"g1-list g1-list--icon g1-list--simple \"><li><i class=\"fa fa-arrow-right g1-list__icon\" style=\"color: #f47200\"><\/i>Aktivirajte Plugin putem izbornika &#8220;Plugin&#8221; u WordPress-u<\/li><li><i class=\"fa fa-arrow-right g1-list__icon\" style=\"color: #f47200\"><\/i>Idite na EmailChef &gt; Postavke (eng.: Settings) na rubnom izborniku od WordPress-a<\/li><li><i class=\"fa fa-arrow-right g1-list__icon\" style=\"color: #f47200\"><\/i>Unesite korisni\u010dko ime i zaporku va\u0161eg karisni\u010dkog ra\u010duna na Emailchef-u<\/li><li><i class=\"fa fa-arrow-right g1-list__icon\" style=\"color: #f47200\"><\/i>Pove\u017eite polja obrasca s poljima \u017eeljene liste od Emailchef-a<\/li><\/ol><\/p><p>Neophodno:<\/p><p><ul id=\"\" class=\"g1-list g1-list--icon g1-list--simple \"><li><i class=\"fa fa-arrow-right g1-list__icon\" style=\"color: #f47200\"><\/i>Instaliran WordPress u vlastitom modalitetu (eng: stand-alone) (verzija 5.0 ili novija)<\/li><li><i class=\"fa fa-arrow-right g1-list__icon\" style=\"color: #f47200\"><\/i>WPForms, Contact Form 7, Elementor, Fast Secure Contact Form (FSCF), Jetpack<\/li><li><i class=\"fa fa-arrow-right g1-list__icon\" style=\"color: #f47200\"><\/i>Aktivan korisni\u010dki ra\u010dun na Emailchef-u<\/li><\/ul><\/p><p style=\"text-align: center;\"><a id=\"\" class=\"g1-button g1-button--big g1-button--solid g1-button--standard \" href=\"https:\/\/it.wordpress.org\/plugins\/emailchef\/\" title=\"Preuzmi besplatno WordPress Plugin\" ><i class=\"fas fa-download\"><\/i> Preuzmi besplatno WordPress Plugin<\/a><br \/>Vi\u0161e informacija o platformi <a href=\"https:\/\/wordpress.org\/\" target=\"_blank\" rel=\"noopener\">WordPress<\/a><\/p><h2>Snimke zaslona<\/h2><p><div id='gallery-1' class='gallery galleryid-5420 gallery-columns-3 gallery-size-full'><figure class='gallery-item'>\n\t\t\t<div class='gallery-icon landscape'>\n\t\t\t\t<a href='https:\/\/emailchef.com\/wp-content\/uploads\/2025\/01\/image_2025_01_22T08_52_26_450Z.png'><img fetchpriority=\"high\" decoding=\"async\" width=\"1065\" height=\"472\" src=\"https:\/\/emailchef.com\/wp-content\/uploads\/2025\/01\/image_2025_01_22T08_52_26_450Z.png\" class=\"attachment-full size-full\" alt=\"\" srcset=\"https:\/\/emailchef.com\/wp-content\/uploads\/2025\/01\/image_2025_01_22T08_52_26_450Z.png 1065w, https:\/\/emailchef.com\/wp-content\/uploads\/2025\/01\/image_2025_01_22T08_52_26_450Z-300x133.png 300w, https:\/\/emailchef.com\/wp-content\/uploads\/2025\/01\/image_2025_01_22T08_52_26_450Z-1024x454.png 1024w, https:\/\/emailchef.com\/wp-content\/uploads\/2025\/01\/image_2025_01_22T08_52_26_450Z-768x340.png 768w\" sizes=\"(max-width: 1065px) 100vw, 1065px\" \/><\/a>\n\t\t\t<\/div><\/figure><figure class='gallery-item'>\n\t\t\t<div class='gallery-icon landscape'>\n\t\t\t\t<a href='https:\/\/emailchef.com\/wp-content\/uploads\/2025\/01\/image_2025_01_22T08_52_26_455Z.png'><img decoding=\"async\" width=\"1310\" height=\"756\" src=\"https:\/\/emailchef.com\/wp-content\/uploads\/2025\/01\/image_2025_01_22T08_52_26_455Z.png\" class=\"attachment-full size-full\" alt=\"\" srcset=\"https:\/\/emailchef.com\/wp-content\/uploads\/2025\/01\/image_2025_01_22T08_52_26_455Z.png 1310w, https:\/\/emailchef.com\/wp-content\/uploads\/2025\/01\/image_2025_01_22T08_52_26_455Z-300x173.png 300w, https:\/\/emailchef.com\/wp-content\/uploads\/2025\/01\/image_2025_01_22T08_52_26_455Z-1024x591.png 1024w, https:\/\/emailchef.com\/wp-content\/uploads\/2025\/01\/image_2025_01_22T08_52_26_455Z-768x443.png 768w\" sizes=\"(max-width: 1310px) 100vw, 1310px\" \/><\/a>\n\t\t\t<\/div><\/figure>\n\t\t<\/div>\n<\/p><p style=\"text-align: center;\">\u00a0<\/p>\t\t\t\t\t\t\t\t<\/div>\n\t\t\t\t<\/div>\n\t\t\t\t\t<\/div>\n\t\t<\/div>\n\t\t\t\t\t<\/div>\n\t\t<\/section>\n\t\t\t\t<\/div>\n\t\t","protected":false},"excerpt":{"rendered":"<p>Na\u0161 Plugin vam omogu\u0107uje da jednostavno pove\u017eete popularni &#8220;Contact Form 7&#8221; i va\u0161u bazu podataka na Emailchef-u. Na taj na\u010din svaka nova predbilje\u017eba na obrascu &#8220;Contac Form 7&#8221; bit \u0107e automatski prenesena na \u017eeljenu listu unutar va\u0161eg korisni\u010dkog ra\u010duna Emailchef-a. Mo\u017eete slobodno dodavati i povezivati polja po izboru.\u201cContact Form 7\u201d je besplatan i fleksibilan plugin, [&hellip;]<\/p>\n","protected":false},"author":6,"featured_media":0,"parent":0,"menu_order":14,"comment_status":"closed","ping_status":"closed","template":"","meta":{"_acf_changed":false,"inline_featured_image":false,"footnotes":""},"g1_relation_tag":[],"class_list":["post-5420","page","type-page","status-publish","hentry"],"acf":[],"yoast_head":"<!-- This site is optimized with the Yoast SEO plugin v24.8.1 - https:\/\/yoast.com\/wordpress\/plugins\/seo\/ -->\n<title>E-mail marketing s WordPress-om i Emailchef-om - Emailchef<\/title>\n<meta name=\"robots\" content=\"index, follow, max-snippet:-1, max-image-preview:large, max-video-preview:-1\" \/>\n<link rel=\"canonical\" href=\"https:\/\/emailchef.com\/hr\/email-marketing-wordpress-emailchef\/\" \/>\n<meta name=\"twitter:label1\" content=\"Procijenjeno vrijeme \u010ditanja\" \/>\n\t<meta name=\"twitter:data1\" content=\"2 minute\" \/>\n<!-- \/ Yoast SEO plugin. -->","yoast_head_json":{"title":"E-mail marketing s WordPress-om i Emailchef-om - Emailchef","robots":{"index":"index","follow":"follow","max-snippet":"max-snippet:-1","max-image-preview":"max-image-preview:large","max-video-preview":"max-video-preview:-1"},"canonical":"https:\/\/emailchef.com\/hr\/email-marketing-wordpress-emailchef\/","twitter_misc":{"Procijenjeno vrijeme \u010ditanja":"2 minute"},"schema":{"@context":"https:\/\/schema.org","@graph":[{"@type":"WebPage","@id":"https:\/\/emailchef.com\/hr\/email-marketing-wordpress-emailchef\/","url":"https:\/\/emailchef.com\/hr\/email-marketing-wordpress-emailchef\/","name":"E-mail marketing s WordPress-om i Emailchef-om - Emailchef","isPartOf":{"@id":"https:\/\/emailchef.com\/hr\/#website"},"primaryImageOfPage":{"@id":"https:\/\/emailchef.com\/hr\/email-marketing-wordpress-emailchef\/#primaryimage"},"image":{"@id":"https:\/\/emailchef.com\/hr\/email-marketing-wordpress-emailchef\/#primaryimage"},"thumbnailUrl":"https:\/\/emailchef.com\/wp-content\/uploads\/2016\/07\/WordPress_logo-1.png","datePublished":"2016-07-11T09:53:48+00:00","dateModified":"2025-01-27T14:23:24+00:00","breadcrumb":{"@id":"https:\/\/emailchef.com\/hr\/email-marketing-wordpress-emailchef\/#breadcrumb"},"inLanguage":"hr","potentialAction":[{"@type":"ReadAction","target":["https:\/\/emailchef.com\/hr\/email-marketing-wordpress-emailchef\/"]}]},{"@type":"ImageObject","inLanguage":"hr","@id":"https:\/\/emailchef.com\/hr\/email-marketing-wordpress-emailchef\/#primaryimage","url":"https:\/\/emailchef.com\/wp-content\/uploads\/2016\/07\/WordPress_logo-1.png","contentUrl":"https:\/\/emailchef.com\/wp-content\/uploads\/2016\/07\/WordPress_logo-1.png"},{"@type":"BreadcrumbList","@id":"https:\/\/emailchef.com\/hr\/email-marketing-wordpress-emailchef\/#breadcrumb","itemListElement":[{"@type":"ListItem","position":1,"name":"Home","item":"https:\/\/emailchef.com\/hr\/emailchef-email-marketing-usluge\/"},{"@type":"ListItem","position":2,"name":"E-mail marketing s WordPress-om i Emailchef-om"}]},{"@type":"WebSite","@id":"https:\/\/emailchef.com\/hr\/#website","url":"https:\/\/emailchef.com\/hr\/","name":"Emailchef","description":"Izvrsni recepti za e-mail marketing","publisher":{"@id":"https:\/\/emailchef.com\/hr\/#organization"},"potentialAction":[{"@type":"SearchAction","target":{"@type":"EntryPoint","urlTemplate":"https:\/\/emailchef.com\/hr\/?s={search_term_string}"},"query-input":{"@type":"PropertyValueSpecification","valueRequired":true,"valueName":"search_term_string"}}],"inLanguage":"hr"},{"@type":"Organization","@id":"https:\/\/emailchef.com\/hr\/#organization","name":"Delivery Tech Corp.","url":"https:\/\/emailchef.com\/hr\/","logo":{"@type":"ImageObject","inLanguage":"hr","@id":"https:\/\/emailchef.com\/hr\/#\/schema\/logo\/image\/","url":"https:\/\/emailchef.com\/wp-content\/uploads\/2022\/04\/logo-sama.png","contentUrl":"https:\/\/emailchef.com\/wp-content\/uploads\/2022\/04\/logo-sama.png","width":237,"height":80,"caption":"Delivery Tech Corp."},"image":{"@id":"https:\/\/emailchef.com\/hr\/#\/schema\/logo\/image\/"}}]}},"_links":{"self":[{"href":"https:\/\/emailchef.com\/hr\/wp-json\/wp\/v2\/pages\/5420"}],"collection":[{"href":"https:\/\/emailchef.com\/hr\/wp-json\/wp\/v2\/pages"}],"about":[{"href":"https:\/\/emailchef.com\/hr\/wp-json\/wp\/v2\/types\/page"}],"author":[{"embeddable":true,"href":"https:\/\/emailchef.com\/hr\/wp-json\/wp\/v2\/users\/6"}],"replies":[{"embeddable":true,"href":"https:\/\/emailchef.com\/hr\/wp-json\/wp\/v2\/comments?post=5420"}],"version-history":[{"count":17,"href":"https:\/\/emailchef.com\/hr\/wp-json\/wp\/v2\/pages\/5420\/revisions"}],"predecessor-version":[{"id":78897,"href":"https:\/\/emailchef.com\/hr\/wp-json\/wp\/v2\/pages\/5420\/revisions\/78897"}],"wp:attachment":[{"href":"https:\/\/emailchef.com\/hr\/wp-json\/wp\/v2\/media?parent=5420"}],"wp:term":[{"taxonomy":"g1_relation_tag","embeddable":true,"href":"https:\/\/emailchef.com\/hr\/wp-json\/wp\/v2\/g1_relation_tag?post=5420"}],"curies":[{"name":"wp","href":"https:\/\/api.w.org\/{rel}","templated":true}]}}