{"id":5363,"date":"2017-01-11T16:13:15","date_gmt":"2017-01-11T16:13:15","guid":{"rendered":"http:\/\/emailchef.com\/?page_id=5363\/"},"modified":"2017-01-25T11:21:40","modified_gmt":"2017-01-25T11:21:40","slug":"detalji-o-profilu-sous-chef","status":"publish","type":"page","link":"https:\/\/emailchef.com\/hr\/detalji-o-profilu-sous-chef\/","title":{"rendered":"Detalji o Profilu \u201cSous-Chef\u201d"},"content":{"rendered":"<p><img fetchpriority=\"high\" decoding=\"async\" class=\"alignnone wp-image-2079\" src=\"http:\/\/emailchef.com\/wp-content\/uploads\/2015\/02\/sous-chef.png\" alt=\"Sous-chef policy\" width=\"636\" height=\"216\" \/> \n<ul id=\"\" class=\"g1-list g1-list--icon g1-list--none \">\n<li><i class=\"fa fa-arrow-right g1-list__icon\"><\/i><strong>Ne mo\u017eete ponovo aktivirati pretplatu kontaktu<\/strong> kojem ste prethodno sami otkazali pretplatu<\/li>\n<li><i class=\"fa fa-arrow-right g1-list__icon\"><\/i>Zahtjev za otkazivanjem pretplate ukloniti \u0107e kontakt <strong>iz svih lista<\/strong> u kojima se nalazi i onemogu\u0107iti \u0107e bilo kakav<strong>budu\u0107i poku\u0161aj ponovne pretplate<\/strong><\/li>\n<li><i class=\"fa fa-arrow-right g1-list__icon\"><\/i>Kontakt se <strong>mo\u017ee ponovo pretplatiti<\/strong> putem pristupnog e-obrasca<\/li>\n<li><i class=\"fa fa-arrow-right g1-list__icon\"><\/i>Nije dopu\u0161tena <strong>pojednostavljena pretplata<\/strong>, tj. kontakt koji podnese zahtjev za pretplatu mora dodatno potvrditi upisanu e-mail adresu da bi zahtjev bio valjan<\/li>\n<li><i class=\"fa fa-arrow-right g1-list__icon\"><\/i>Mo\u017eete slati e-mail kampanje slijede\u0107i samo pravila <strong>CAN-SPAM Akta<\/strong><\/li>\n<li><i class=\"fa fa-arrow-right g1-list__icon\"><\/i>Upozorenja o obveznom <strong>dodavanju CAN-SPAM oznaki<\/strong> su prisutna<\/li>\n<\/ul>\n<\/p>\n<hr \/>\n<p>Saznajte vi\u0161e o na\u0161im pravilima upotrebe korisni\u010dkih ra\u010duna:<\/p>\n<ul>\n<li><a title=\"Detalji o Head Chef Profilu\" href=\"http:\/\/emailchef.com\/hr\/detalji-o-profilu-head-chef\/\">Detalji o Head Chef Profilu<\/a><\/li>\n<li><a title=\"Detalji o Executive Chef Profilu\" href=\"http:\/\/emailchef.com\/hr\/detalji-o-profilu-executive-chef\/\">Detalji o Executive Chef Profilu<\/a><\/li>\n<\/ul>\n","protected":false},"excerpt":{"rendered":"<p>Saznajte vi\u0161e o na\u0161im pravilima upotrebe korisni\u010dkih ra\u010duna: Detalji o Head Chef Profilu Detalji o Executive Chef Profilu<\/p>\n","protected":false},"author":6,"featured_media":0,"parent":0,"menu_order":233,"comment_status":"closed","ping_status":"closed","template":"g1_template_page_sidebar_right.php","meta":{"_acf_changed":false,"inline_featured_image":false,"footnotes":""},"g1_relation_tag":[],"class_list":["post-5363","page","type-page","status-publish","hentry"],"acf":[],"yoast_head":"<!-- This site is optimized with the Yoast SEO plugin v24.8.1 - https:\/\/yoast.com\/wordpress\/plugins\/seo\/ -->\n<title>Detalji o Profilu \u201cSous-Chef\u201d - Emailchef<\/title>\n<meta name=\"robots\" content=\"index, follow, max-snippet:-1, max-image-preview:large, max-video-preview:-1\" \/>\n<link rel=\"canonical\" href=\"https:\/\/emailchef.com\/hr\/detalji-o-profilu-sous-chef\/\" \/>\n<meta name=\"twitter:label1\" content=\"Procijenjeno vrijeme \u010ditanja\" \/>\n\t<meta name=\"twitter:data1\" content=\"1 minuta\" \/>\n<!-- \/ Yoast SEO plugin. -->","yoast_head_json":{"title":"Detalji o Profilu \u201cSous-Chef\u201d - Emailchef","robots":{"index":"index","follow":"follow","max-snippet":"max-snippet:-1","max-image-preview":"max-image-preview:large","max-video-preview":"max-video-preview:-1"},"canonical":"https:\/\/emailchef.com\/hr\/detalji-o-profilu-sous-chef\/","twitter_misc":{"Procijenjeno vrijeme \u010ditanja":"1 minuta"},"schema":{"@context":"https:\/\/schema.org","@graph":[{"@type":"WebPage","@id":"https:\/\/emailchef.com\/hr\/detalji-o-profilu-sous-chef\/","url":"https:\/\/emailchef.com\/hr\/detalji-o-profilu-sous-chef\/","name":"Detalji o Profilu \u201cSous-Chef\u201d - Emailchef","isPartOf":{"@id":"https:\/\/emailchef.com\/hr\/#website"},"primaryImageOfPage":{"@id":"https:\/\/emailchef.com\/hr\/detalji-o-profilu-sous-chef\/#primaryimage"},"image":{"@id":"https:\/\/emailchef.com\/hr\/detalji-o-profilu-sous-chef\/#primaryimage"},"thumbnailUrl":"http:\/\/emailchef.com\/wp-content\/uploads\/2015\/02\/sous-chef.png","datePublished":"2017-01-11T16:13:15+00:00","dateModified":"2017-01-25T11:21:40+00:00","breadcrumb":{"@id":"https:\/\/emailchef.com\/hr\/detalji-o-profilu-sous-chef\/#breadcrumb"},"inLanguage":"hr","potentialAction":[{"@type":"ReadAction","target":["https:\/\/emailchef.com\/hr\/detalji-o-profilu-sous-chef\/"]}]},{"@type":"ImageObject","inLanguage":"hr","@id":"https:\/\/emailchef.com\/hr\/detalji-o-profilu-sous-chef\/#primaryimage","url":"http:\/\/emailchef.com\/wp-content\/uploads\/2015\/02\/sous-chef.png","contentUrl":"http:\/\/emailchef.com\/wp-content\/uploads\/2015\/02\/sous-chef.png"},{"@type":"BreadcrumbList","@id":"https:\/\/emailchef.com\/hr\/detalji-o-profilu-sous-chef\/#breadcrumb","itemListElement":[{"@type":"ListItem","position":1,"name":"Home","item":"https:\/\/emailchef.com\/hr\/emailchef-email-marketing-usluge\/"},{"@type":"ListItem","position":2,"name":"Detalji o Profilu \u201cSous-Chef\u201d"}]},{"@type":"WebSite","@id":"https:\/\/emailchef.com\/hr\/#website","url":"https:\/\/emailchef.com\/hr\/","name":"Emailchef","description":"Izvrsni recepti za e-mail marketing","publisher":{"@id":"https:\/\/emailchef.com\/hr\/#organization"},"potentialAction":[{"@type":"SearchAction","target":{"@type":"EntryPoint","urlTemplate":"https:\/\/emailchef.com\/hr\/?s={search_term_string}"},"query-input":{"@type":"PropertyValueSpecification","valueRequired":true,"valueName":"search_term_string"}}],"inLanguage":"hr"},{"@type":"Organization","@id":"https:\/\/emailchef.com\/hr\/#organization","name":"Delivery Tech Corp.","url":"https:\/\/emailchef.com\/hr\/","logo":{"@type":"ImageObject","inLanguage":"hr","@id":"https:\/\/emailchef.com\/hr\/#\/schema\/logo\/image\/","url":"https:\/\/emailchef.com\/wp-content\/uploads\/2022\/04\/logo-sama.png","contentUrl":"https:\/\/emailchef.com\/wp-content\/uploads\/2022\/04\/logo-sama.png","width":237,"height":80,"caption":"Delivery Tech Corp."},"image":{"@id":"https:\/\/emailchef.com\/hr\/#\/schema\/logo\/image\/"}}]}},"_links":{"self":[{"href":"https:\/\/emailchef.com\/hr\/wp-json\/wp\/v2\/pages\/5363"}],"collection":[{"href":"https:\/\/emailchef.com\/hr\/wp-json\/wp\/v2\/pages"}],"about":[{"href":"https:\/\/emailchef.com\/hr\/wp-json\/wp\/v2\/types\/page"}],"author":[{"embeddable":true,"href":"https:\/\/emailchef.com\/hr\/wp-json\/wp\/v2\/users\/6"}],"replies":[{"embeddable":true,"href":"https:\/\/emailchef.com\/hr\/wp-json\/wp\/v2\/comments?post=5363"}],"version-history":[{"count":7,"href":"https:\/\/emailchef.com\/hr\/wp-json\/wp\/v2\/pages\/5363\/revisions"}],"predecessor-version":[{"id":5380,"href":"https:\/\/emailchef.com\/hr\/wp-json\/wp\/v2\/pages\/5363\/revisions\/5380"}],"wp:attachment":[{"href":"https:\/\/emailchef.com\/hr\/wp-json\/wp\/v2\/media?parent=5363"}],"wp:term":[{"taxonomy":"g1_relation_tag","embeddable":true,"href":"https:\/\/emailchef.com\/hr\/wp-json\/wp\/v2\/g1_relation_tag?post=5363"}],"curies":[{"name":"wp","href":"https:\/\/api.w.org\/{rel}","templated":true}]}}