{"id":5314,"date":"2014-09-30T10:35:56","date_gmt":"2014-09-30T10:35:56","guid":{"rendered":"http:\/\/emailchef.com\/?page_id=5314\/"},"modified":"2022-07-13T08:42:18","modified_gmt":"2022-07-13T08:42:18","slug":"zauvijek-besplatna-usluga","status":"publish","type":"page","link":"https:\/\/emailchef.com\/hr\/zauvijek-besplatna-usluga\/","title":{"rendered":"Do\u017eivotna besplatna usluga za neprofitne udruge"},"content":{"rendered":"\t\t<div data-elementor-type=\"wp-page\" data-elementor-id=\"5314\" class=\"elementor elementor-5314 elementor-834\" data-elementor-post-type=\"page\">\n\t\t\t\t\t\t<section class=\"elementor-section elementor-top-section elementor-element elementor-element-6dfe927 elementor-section-boxed elementor-section-height-default elementor-section-height-default\" data-id=\"6dfe927\" data-element_type=\"section\">\n\t\t\t\t\t\t<div class=\"elementor-container elementor-column-gap-default\">\n\t\t\t\t\t<div class=\"elementor-column elementor-col-100 elementor-top-column elementor-element elementor-element-e1e6784\" data-id=\"e1e6784\" data-element_type=\"column\">\n\t\t\t<div class=\"elementor-widget-wrap elementor-element-populated\">\n\t\t\t\t\t\t<div class=\"elementor-element elementor-element-f3ba674 elementor-widget elementor-widget-image\" data-id=\"f3ba674\" data-element_type=\"widget\" data-widget_type=\"image.default\">\n\t\t\t\t<div class=\"elementor-widget-container\">\n\t\t\t\t\t\t\t\t\t\t\t\t\t\t\t<img fetchpriority=\"high\" decoding=\"async\" width=\"954\" height=\"600\" src=\"https:\/\/emailchef.com\/wp-content\/uploads\/2022\/07\/non-profit.png\" class=\"attachment-full size-full wp-image-58728\" alt=\"Do\u017eivotna besplatna usluga za neprofitne udruge\" \/>\t\t\t\t\t\t\t\t\t\t\t\t\t\t\t<\/div>\n\t\t\t\t<\/div>\n\t\t\t\t\t<\/div>\n\t\t<\/div>\n\t\t\t\t\t<\/div>\n\t\t<\/section>\n\t\t\t\t<section class=\"elementor-section elementor-top-section elementor-element elementor-element-62f320a4 elementor-section-boxed elementor-section-height-default elementor-section-height-default\" data-id=\"62f320a4\" data-element_type=\"section\">\n\t\t\t\t\t\t<div class=\"elementor-container elementor-column-gap-default\">\n\t\t\t\t\t<div class=\"elementor-column elementor-col-100 elementor-top-column elementor-element elementor-element-1b2f9e2a\" data-id=\"1b2f9e2a\" data-element_type=\"column\">\n\t\t\t<div class=\"elementor-widget-wrap elementor-element-populated\">\n\t\t\t\t\t\t<div class=\"elementor-element elementor-element-3cefab12 elementor-widget elementor-widget-text-editor\" data-id=\"3cefab12\" data-element_type=\"widget\" data-widget_type=\"text-editor.default\">\n\t\t\t\t<div class=\"elementor-widget-container\">\n\t\t\t\t\t\t\t\t\t<p>Tim platforme Emailchef iznimno je predan ideji vra\u0107anja zajednici. Upravo zato smo stvorili ad hoc program za <strong>neprofitne organizacije<\/strong>, kojima s rado\u0161\u0107u dajemo besplatne licence.<\/p>\n\n<p>Odgovaraju\u0107i bilten jo\u0161 uvijek predstavlja najjednostavniji i najdragocjeniji alat <strong>digitalnog marketinga<\/strong>. Budu\u0107i da je on djelotvoran kada je rije\u010d o poslovanju, vjerujemo da mo\u017ee biti izuzetno vrijedan i za neprofitne udruge: rezultate prikupljanja sredstava od ogla\u0161avanja, informiranje pobornika i prijatelja, promotivne priredbe, nova\u010denje volontera\u2026<\/p>\n\n<p>Zato nam je drago \u0161to licencu za Emailchef mo\u017eemo donirati <strong>svim kvalificiranim neprofitnim organizacijama povezanima sa zdravstvom<\/strong> (koje djeluju na podru\u010djima kao \u0161to je skrb o djeci, usluge za osobe s invaliditetom, obiteljska potpora itd.).<\/p>\n\n<div class=\"g1-space\" style=\"height: 25px;\"><\/div>\n\n<h2><b>\u0160aljite besplatno neograni\u010den broj e-mailova na najvi\u0161e 500 pretplatnika. Zauvijek.<\/b><\/h2>\n\n<div class=\"g1-space\" style=\"height: 10px;\"><\/div>\n\n<h3 style=\"font-weight: 400 !important;\">Najbolja besplatna newsletter usluga<\/h3>\n<p>Ako \u0161aljete neograni\u010deni broj e-mailova na listama do sveukupno najvi\u0161e 500 pretplatnika, onda je Emailchef za vas potpuno besplatan. Zauvijek i zajam\u010deno bez ikakvih skrivenih tro\u0161kova.<\/p>\n\n<div class=\"g1-space\" style=\"height: 15px;\"><\/div>\n\n<h3 style=\"font-weight: 400 !important;\">Sve glavne zna\u010dajke su dostupne<\/h2>\n<p>Besplatna verzija Emailchef-a posjeduje sve otklju\u010dane zna\u010dajke &#8211; osim automatskih odgovora &#8211; stoje vam na raspolaganju: upravljanje neograni\u010denim brojem listi kontakata, izrada i ure\u0111ivanje e-mailova\/newslettera, slanje e-mailova po visokim stopama dostavljanja i prikazi napredne statistike za svaku odaslanu kampanju.<\/p>\n\n<div class=\"g1-space\" style=\"height: 35px;\"><\/div>\n\n<p><strong>Dijeli vas samo par koraka od va\u0161e prve odli\u010dne e-mail kampanje:<\/strong><\/p>\n\n<div class=\"g1-space\" style=\"height: 15px;\"><\/div>\n\n\n<ol id=\"\" class=\"g1-list g1-list--icon g1-list--simple \">\n \t<li><i class=\"fa fa-arrow-right g1-list__icon\"><\/i>Otvorite besplatan\u00a0<a href=\"https:\/\/app.emailchef.com\/customer\/signup?type=RECURRING&amp;lang=en\">korisni\u010dki ra\u010dun na Emailchef<\/a>-u.<\/li>\n \t<li><i class=\"fa fa-arrow-right g1-list__icon\"><\/i>Otkrijte kako je jednostavno i brzo izraditi e-bilten (newsletter) sa na\u0161im sistemom \u201cpovuci-i-ispusti\u201d:\u00a0<a href=\"\/features\/the-fastest-template-creator\/\">Izra\u0111iva\u010d predlo\u017eaka<\/a>.<\/li>\n \t<li><i class=\"fa fa-arrow-right g1-list__icon\"><\/i>Izradite, kopirajte ili unesite\u00a0listu sa <strong>e-mail adresama i drugim podacima va\u0161ih pretplatnika<\/strong>.<\/li>\n \t<li><i class=\"fa fa-arrow-right g1-list__icon\"><\/i>Javite se na\u0161em timu za podr\u0161ku i zatra\u017eite besplatan korisni\u010dki ra\u010dun za neprofitne udruge.<\/li>\n \t<li><i class=\"fa fa-arrow-right g1-list__icon\"><\/i><span style=\"font-weight: 400;\">Po\u0161aljite i <strong>dostavite<\/strong> sve va\u0161e e-mailove<\/span>.<\/li>\n<\/ol>\n\n\n<div class=\"g1-space\" style=\"height: 20px;\"><\/div>\n\n<p>Sve je tako <strong>jednostavno<\/strong>. I ponosni smo na tako jednostavan sistem koji smo izradili.<\/p>\n\n<p style=\"text-align: center;\"><a id=\"\" class=\"g1-button g1-button--medium g1-button--solid g1-button-- \" href=\"\/user-signup\" title=\"\" >REGISTRIRAJTE SE ODMAH BESPLATNO<\/a><\/p>\n<p style=\"text-align: center;\"><small>Va\u0161u \u0107emo prijavu pregledati u najkra\u0107em roku i na vrijeme vas obavijestiti ispunjavate li uvjete za na\u0161 program. Ako ih ispunjavate, aktivirat \u0107emo va\u0161 besplatan korisni\u010dki ra\u010dun.\nMolimo vas da imate na umu da zadr\u017eavamo pravo odobravanja ili odbijanja va\u0161eg zahtjeva prema vlastitom naho\u0111enju.<\/small><\/p>\t\t\t\t\t\t\t\t<\/div>\n\t\t\t\t<\/div>\n\t\t\t\t\t<\/div>\n\t\t<\/div>\n\t\t\t\t\t<\/div>\n\t\t<\/section>\n\t\t\t\t<\/div>\n\t\t","protected":false},"excerpt":{"rendered":"<p>Tim platforme Emailchef iznimno je predan ideji vra\u0107anja zajednici. Upravo zato smo stvorili ad hoc program za neprofitne organizacije, kojima s rado\u0161\u0107u dajemo besplatne licence. Odgovaraju\u0107i bilten jo\u0161 uvijek predstavlja najjednostavniji i najdragocjeniji alat digitalnog marketinga. Budu\u0107i da je on djelotvoran kada je rije\u010d o poslovanju, vjerujemo da mo\u017ee biti izuzetno vrijedan i za neprofitne [&hellip;]<\/p>\n","protected":false},"author":6,"featured_media":0,"parent":0,"menu_order":175,"comment_status":"closed","ping_status":"closed","template":"","meta":{"_acf_changed":false,"inline_featured_image":false,"footnotes":""},"g1_relation_tag":[],"class_list":["post-5314","page","type-page","status-publish","hentry"],"acf":[],"yoast_head":"<!-- This site is optimized with the Yoast SEO plugin v24.8.1 - https:\/\/yoast.com\/wordpress\/plugins\/seo\/ -->\n<title>Do\u017eivotna besplatna usluga za neprofitne udruge - Emailchef<\/title>\n<meta name=\"robots\" content=\"index, follow, max-snippet:-1, max-image-preview:large, max-video-preview:-1\" \/>\n<link rel=\"canonical\" href=\"https:\/\/emailchef.com\/hr\/zauvijek-besplatna-usluga\/\" \/>\n<meta name=\"twitter:label1\" content=\"Procijenjeno vrijeme \u010ditanja\" \/>\n\t<meta name=\"twitter:data1\" content=\"2 minute\" \/>\n<!-- \/ Yoast SEO plugin. -->","yoast_head_json":{"title":"Do\u017eivotna besplatna usluga za neprofitne udruge - Emailchef","robots":{"index":"index","follow":"follow","max-snippet":"max-snippet:-1","max-image-preview":"max-image-preview:large","max-video-preview":"max-video-preview:-1"},"canonical":"https:\/\/emailchef.com\/hr\/zauvijek-besplatna-usluga\/","twitter_misc":{"Procijenjeno vrijeme \u010ditanja":"2 minute"},"schema":{"@context":"https:\/\/schema.org","@graph":[{"@type":"WebPage","@id":"https:\/\/emailchef.com\/hr\/zauvijek-besplatna-usluga\/","url":"https:\/\/emailchef.com\/hr\/zauvijek-besplatna-usluga\/","name":"Do\u017eivotna besplatna usluga za neprofitne udruge - Emailchef","isPartOf":{"@id":"https:\/\/emailchef.com\/hr\/#website"},"primaryImageOfPage":{"@id":"https:\/\/emailchef.com\/hr\/zauvijek-besplatna-usluga\/#primaryimage"},"image":{"@id":"https:\/\/emailchef.com\/hr\/zauvijek-besplatna-usluga\/#primaryimage"},"thumbnailUrl":"https:\/\/emailchef.com\/wp-content\/uploads\/2022\/07\/non-profit.png","datePublished":"2014-09-30T10:35:56+00:00","dateModified":"2022-07-13T08:42:18+00:00","breadcrumb":{"@id":"https:\/\/emailchef.com\/hr\/zauvijek-besplatna-usluga\/#breadcrumb"},"inLanguage":"hr","potentialAction":[{"@type":"ReadAction","target":["https:\/\/emailchef.com\/hr\/zauvijek-besplatna-usluga\/"]}]},{"@type":"ImageObject","inLanguage":"hr","@id":"https:\/\/emailchef.com\/hr\/zauvijek-besplatna-usluga\/#primaryimage","url":"https:\/\/emailchef.com\/wp-content\/uploads\/2022\/07\/non-profit.png","contentUrl":"https:\/\/emailchef.com\/wp-content\/uploads\/2022\/07\/non-profit.png"},{"@type":"BreadcrumbList","@id":"https:\/\/emailchef.com\/hr\/zauvijek-besplatna-usluga\/#breadcrumb","itemListElement":[{"@type":"ListItem","position":1,"name":"Home","item":"https:\/\/emailchef.com\/hr\/emailchef-email-marketing-usluge\/"},{"@type":"ListItem","position":2,"name":"Do\u017eivotna besplatna usluga za neprofitne udruge"}]},{"@type":"WebSite","@id":"https:\/\/emailchef.com\/hr\/#website","url":"https:\/\/emailchef.com\/hr\/","name":"Emailchef","description":"Izvrsni recepti za e-mail marketing","publisher":{"@id":"https:\/\/emailchef.com\/hr\/#organization"},"potentialAction":[{"@type":"SearchAction","target":{"@type":"EntryPoint","urlTemplate":"https:\/\/emailchef.com\/hr\/?s={search_term_string}"},"query-input":{"@type":"PropertyValueSpecification","valueRequired":true,"valueName":"search_term_string"}}],"inLanguage":"hr"},{"@type":"Organization","@id":"https:\/\/emailchef.com\/hr\/#organization","name":"Delivery Tech Corp.","url":"https:\/\/emailchef.com\/hr\/","logo":{"@type":"ImageObject","inLanguage":"hr","@id":"https:\/\/emailchef.com\/hr\/#\/schema\/logo\/image\/","url":"https:\/\/emailchef.com\/wp-content\/uploads\/2022\/04\/logo-sama.png","contentUrl":"https:\/\/emailchef.com\/wp-content\/uploads\/2022\/04\/logo-sama.png","width":237,"height":80,"caption":"Delivery Tech Corp."},"image":{"@id":"https:\/\/emailchef.com\/hr\/#\/schema\/logo\/image\/"}}]}},"_links":{"self":[{"href":"https:\/\/emailchef.com\/hr\/wp-json\/wp\/v2\/pages\/5314"}],"collection":[{"href":"https:\/\/emailchef.com\/hr\/wp-json\/wp\/v2\/pages"}],"about":[{"href":"https:\/\/emailchef.com\/hr\/wp-json\/wp\/v2\/types\/page"}],"author":[{"embeddable":true,"href":"https:\/\/emailchef.com\/hr\/wp-json\/wp\/v2\/users\/6"}],"replies":[{"embeddable":true,"href":"https:\/\/emailchef.com\/hr\/wp-json\/wp\/v2\/comments?post=5314"}],"version-history":[{"count":8,"href":"https:\/\/emailchef.com\/hr\/wp-json\/wp\/v2\/pages\/5314\/revisions"}],"predecessor-version":[{"id":58872,"href":"https:\/\/emailchef.com\/hr\/wp-json\/wp\/v2\/pages\/5314\/revisions\/58872"}],"wp:attachment":[{"href":"https:\/\/emailchef.com\/hr\/wp-json\/wp\/v2\/media?parent=5314"}],"wp:term":[{"taxonomy":"g1_relation_tag","embeddable":true,"href":"https:\/\/emailchef.com\/hr\/wp-json\/wp\/v2\/g1_relation_tag?post=5314"}],"curies":[{"name":"wp","href":"https:\/\/api.w.org\/{rel}","templated":true}]}}