{"id":5309,"date":"2014-09-04T10:44:52","date_gmt":"2014-09-04T10:44:52","guid":{"rendered":"http:\/\/emailchef.com\/?page_id=5309\/"},"modified":"2022-07-11T12:46:30","modified_gmt":"2022-07-11T12:46:30","slug":"bilo-kad-bilo-gdje","status":"publish","type":"page","link":"https:\/\/emailchef.com\/hr\/znacajke\/bilo-kad-bilo-gdje\/","title":{"rendered":"Bilo kad i bilo gdje"},"content":{"rendered":"\t\t<div data-elementor-type=\"wp-page\" data-elementor-id=\"5309\" class=\"elementor elementor-5309 elementor-147\" data-elementor-post-type=\"page\">\n\t\t\t\t\t\t<section class=\"elementor-section elementor-top-section elementor-element elementor-element-9ca4b02 elementor-section-boxed elementor-section-height-default elementor-section-height-default\" data-id=\"9ca4b02\" data-element_type=\"section\">\n\t\t\t\t\t\t<div class=\"elementor-container elementor-column-gap-default\">\n\t\t\t\t\t<div class=\"elementor-column elementor-col-100 elementor-top-column elementor-element elementor-element-d7ad599\" data-id=\"d7ad599\" data-element_type=\"column\">\n\t\t\t<div class=\"elementor-widget-wrap elementor-element-populated\">\n\t\t\t\t\t\t<div class=\"elementor-element elementor-element-825b3eb elementor-widget elementor-widget-image\" data-id=\"825b3eb\" data-element_type=\"widget\" data-widget_type=\"image.default\">\n\t\t\t\t<div class=\"elementor-widget-container\">\n\t\t\t\t\t\t\t\t\t\t\t\t\t\t\t<img fetchpriority=\"high\" decoding=\"async\" width=\"1597\" height=\"600\" src=\"https:\/\/emailchef.com\/wp-content\/uploads\/2022\/06\/anywhere.png\" class=\"attachment-full size-full wp-image-57320\" alt=\"Bilo kad i bilo gdje\" \/>\t\t\t\t\t\t\t\t\t\t\t\t\t\t\t<\/div>\n\t\t\t\t<\/div>\n\t\t\t\t\t<\/div>\n\t\t<\/div>\n\t\t\t\t\t<\/div>\n\t\t<\/section>\n\t\t\t\t<section class=\"elementor-section elementor-top-section elementor-element elementor-element-56ddc875 elementor-section-boxed elementor-section-height-default elementor-section-height-default\" data-id=\"56ddc875\" data-element_type=\"section\">\n\t\t\t\t\t\t<div class=\"elementor-container elementor-column-gap-default\">\n\t\t\t\t\t<div class=\"elementor-column elementor-col-100 elementor-top-column elementor-element elementor-element-7ecec4d7\" data-id=\"7ecec4d7\" data-element_type=\"column\">\n\t\t\t<div class=\"elementor-widget-wrap elementor-element-populated\">\n\t\t\t\t\t\t<div class=\"elementor-element elementor-element-7950acf1 elementor-widget elementor-widget-text-editor\" data-id=\"7950acf1\" data-element_type=\"widget\" data-widget_type=\"text-editor.default\">\n\t\t\t\t<div class=\"elementor-widget-container\">\n\t\t\t\t\t\t\t\t\t<p>Jedna od najve\u0107ih prednosti uporabe <b>web-orijentirane e-mail marketing usluge,<\/b> kao \u0161to je Emailchef le\u017ei u tome da ne morate preuzeti bilo kakav softver i da mo\u017eete slobodno pristupiti i koristiti na\u0161u uslugu <b>bilo gdje i bilo kad<\/b>.<\/p>\n\n<p>Sve \u0161to trebate u\u010diniti je da se registrirate na na\u0161u web stranicu. Bez obzira na kvalitetu va\u0161eg internet priklju\u010dka &#8211; uklju\u010duju\u0107i i 3G mre\u017ee &#8211; Emailchef \u0107e raditi savr\u0161eno. Svi va\u0161i kontakti, e-mail poruke, predlo\u0161ci, zapo\u010dete kampanje i obrasci biti \u0107e <b>odmah dostupni<\/b>: U\u017eivajte u slobodi slanja e-mail kampanji kad god i gdje god vi to po\u017eelite.<\/p>\t\t\t\t\t\t\t\t<\/div>\n\t\t\t\t<\/div>\n\t\t\t\t\t<\/div>\n\t\t<\/div>\n\t\t\t\t\t<\/div>\n\t\t<\/section>\n\t\t\t\t<\/div>\n\t\t","protected":false},"excerpt":{"rendered":"<p>Jedna od najve\u0107ih prednosti uporabe web-orijentirane e-mail marketing usluge, kao \u0161to je Emailchef le\u017ei u tome da ne morate preuzeti bilo kakav softver i da mo\u017eete slobodno pristupiti i koristiti na\u0161u uslugu bilo gdje i bilo kad. Sve \u0161to trebate u\u010diniti je da se registrirate na na\u0161u web stranicu. Bez obzira na kvalitetu va\u0161eg internet [&hellip;]<\/p>\n","protected":false},"author":6,"featured_media":0,"parent":5263,"menu_order":8,"comment_status":"closed","ping_status":"closed","template":"","meta":{"_acf_changed":false,"inline_featured_image":false,"footnotes":""},"g1_relation_tag":[],"class_list":["post-5309","page","type-page","status-publish","hentry"],"acf":[],"yoast_head":"<!-- This site is optimized with the Yoast SEO plugin v24.8.1 - https:\/\/yoast.com\/wordpress\/plugins\/seo\/ -->\n<title>Bilo kad i bilo gdje - Emailchef<\/title>\n<meta name=\"robots\" content=\"index, follow, max-snippet:-1, max-image-preview:large, max-video-preview:-1\" \/>\n<link rel=\"canonical\" href=\"https:\/\/emailchef.com\/hr\/znacajke\/bilo-kad-bilo-gdje\/\" \/>\n<meta name=\"twitter:label1\" content=\"Procijenjeno vrijeme \u010ditanja\" \/>\n\t<meta name=\"twitter:data1\" content=\"1 minuta\" \/>\n<!-- \/ Yoast SEO plugin. -->","yoast_head_json":{"title":"Bilo kad i bilo gdje - Emailchef","robots":{"index":"index","follow":"follow","max-snippet":"max-snippet:-1","max-image-preview":"max-image-preview:large","max-video-preview":"max-video-preview:-1"},"canonical":"https:\/\/emailchef.com\/hr\/znacajke\/bilo-kad-bilo-gdje\/","twitter_misc":{"Procijenjeno vrijeme \u010ditanja":"1 minuta"},"schema":{"@context":"https:\/\/schema.org","@graph":[{"@type":"WebPage","@id":"https:\/\/emailchef.com\/hr\/znacajke\/bilo-kad-bilo-gdje\/","url":"https:\/\/emailchef.com\/hr\/znacajke\/bilo-kad-bilo-gdje\/","name":"Bilo kad i bilo gdje - Emailchef","isPartOf":{"@id":"https:\/\/emailchef.com\/hr\/#website"},"primaryImageOfPage":{"@id":"https:\/\/emailchef.com\/hr\/znacajke\/bilo-kad-bilo-gdje\/#primaryimage"},"image":{"@id":"https:\/\/emailchef.com\/hr\/znacajke\/bilo-kad-bilo-gdje\/#primaryimage"},"thumbnailUrl":"https:\/\/emailchef.com\/wp-content\/uploads\/2022\/06\/anywhere.png","datePublished":"2014-09-04T10:44:52+00:00","dateModified":"2022-07-11T12:46:30+00:00","breadcrumb":{"@id":"https:\/\/emailchef.com\/hr\/znacajke\/bilo-kad-bilo-gdje\/#breadcrumb"},"inLanguage":"hr","potentialAction":[{"@type":"ReadAction","target":["https:\/\/emailchef.com\/hr\/znacajke\/bilo-kad-bilo-gdje\/"]}]},{"@type":"ImageObject","inLanguage":"hr","@id":"https:\/\/emailchef.com\/hr\/znacajke\/bilo-kad-bilo-gdje\/#primaryimage","url":"https:\/\/emailchef.com\/wp-content\/uploads\/2022\/06\/anywhere.png","contentUrl":"https:\/\/emailchef.com\/wp-content\/uploads\/2022\/06\/anywhere.png"},{"@type":"BreadcrumbList","@id":"https:\/\/emailchef.com\/hr\/znacajke\/bilo-kad-bilo-gdje\/#breadcrumb","itemListElement":[{"@type":"ListItem","position":1,"name":"Home","item":"https:\/\/emailchef.com\/hr\/emailchef-email-marketing-usluge\/"},{"@type":"ListItem","position":2,"name":"Zna\u010dajke","item":"https:\/\/emailchef.com\/hr\/znacajke\/"},{"@type":"ListItem","position":3,"name":"Bilo kad i bilo gdje"}]},{"@type":"WebSite","@id":"https:\/\/emailchef.com\/hr\/#website","url":"https:\/\/emailchef.com\/hr\/","name":"Emailchef","description":"Izvrsni recepti za e-mail marketing","publisher":{"@id":"https:\/\/emailchef.com\/hr\/#organization"},"potentialAction":[{"@type":"SearchAction","target":{"@type":"EntryPoint","urlTemplate":"https:\/\/emailchef.com\/hr\/?s={search_term_string}"},"query-input":{"@type":"PropertyValueSpecification","valueRequired":true,"valueName":"search_term_string"}}],"inLanguage":"hr"},{"@type":"Organization","@id":"https:\/\/emailchef.com\/hr\/#organization","name":"Delivery Tech Corp.","url":"https:\/\/emailchef.com\/hr\/","logo":{"@type":"ImageObject","inLanguage":"hr","@id":"https:\/\/emailchef.com\/hr\/#\/schema\/logo\/image\/","url":"https:\/\/emailchef.com\/wp-content\/uploads\/2022\/04\/logo-sama.png","contentUrl":"https:\/\/emailchef.com\/wp-content\/uploads\/2022\/04\/logo-sama.png","width":237,"height":80,"caption":"Delivery Tech Corp."},"image":{"@id":"https:\/\/emailchef.com\/hr\/#\/schema\/logo\/image\/"}}]}},"_links":{"self":[{"href":"https:\/\/emailchef.com\/hr\/wp-json\/wp\/v2\/pages\/5309"}],"collection":[{"href":"https:\/\/emailchef.com\/hr\/wp-json\/wp\/v2\/pages"}],"about":[{"href":"https:\/\/emailchef.com\/hr\/wp-json\/wp\/v2\/types\/page"}],"author":[{"embeddable":true,"href":"https:\/\/emailchef.com\/hr\/wp-json\/wp\/v2\/users\/6"}],"replies":[{"embeddable":true,"href":"https:\/\/emailchef.com\/hr\/wp-json\/wp\/v2\/comments?post=5309"}],"version-history":[{"count":6,"href":"https:\/\/emailchef.com\/hr\/wp-json\/wp\/v2\/pages\/5309\/revisions"}],"predecessor-version":[{"id":58498,"href":"https:\/\/emailchef.com\/hr\/wp-json\/wp\/v2\/pages\/5309\/revisions\/58498"}],"up":[{"embeddable":true,"href":"https:\/\/emailchef.com\/hr\/wp-json\/wp\/v2\/pages\/5263"}],"wp:attachment":[{"href":"https:\/\/emailchef.com\/hr\/wp-json\/wp\/v2\/media?parent=5309"}],"wp:term":[{"taxonomy":"g1_relation_tag","embeddable":true,"href":"https:\/\/emailchef.com\/hr\/wp-json\/wp\/v2\/g1_relation_tag?post=5309"}],"curies":[{"name":"wp","href":"https:\/\/api.w.org\/{rel}","templated":true}]}}