{"id":5305,"date":"2014-09-04T10:43:45","date_gmt":"2014-09-04T10:43:45","guid":{"rendered":"http:\/\/emailchef.com\/?page_id=5305\/"},"modified":"2022-07-11T12:44:35","modified_gmt":"2022-07-11T12:44:35","slug":"najvise-stope-dostavljenih-emailova","status":"publish","type":"page","link":"https:\/\/emailchef.com\/hr\/znacajke\/najvise-stope-dostavljenih-emailova\/","title":{"rendered":"Najvi\u0161e stope dostavljenih e-mailova"},"content":{"rendered":"\t\t<div data-elementor-type=\"wp-page\" data-elementor-id=\"5305\" class=\"elementor elementor-5305 elementor-145\" data-elementor-post-type=\"page\">\n\t\t\t\t\t\t<section class=\"elementor-section elementor-top-section elementor-element elementor-element-ef02781 elementor-section-boxed elementor-section-height-default elementor-section-height-default\" data-id=\"ef02781\" data-element_type=\"section\">\n\t\t\t\t\t\t<div class=\"elementor-container elementor-column-gap-default\">\n\t\t\t\t\t<div class=\"elementor-column elementor-col-100 elementor-top-column elementor-element elementor-element-d16a6cd\" data-id=\"d16a6cd\" data-element_type=\"column\">\n\t\t\t<div class=\"elementor-widget-wrap elementor-element-populated\">\n\t\t\t\t\t\t<div class=\"elementor-element elementor-element-4c010de elementor-widget elementor-widget-image\" data-id=\"4c010de\" data-element_type=\"widget\" data-widget_type=\"image.default\">\n\t\t\t\t<div class=\"elementor-widget-container\">\n\t\t\t\t\t\t\t\t\t\t\t\t\t\t\t<img fetchpriority=\"high\" decoding=\"async\" width=\"974\" height=\"600\" src=\"https:\/\/emailchef.com\/wp-content\/uploads\/2022\/06\/high-delivery-rates.png\" class=\"attachment-full size-full wp-image-57296\" alt=\"Najvi\u0161e stope dostavljenih e-mailova\" \/>\t\t\t\t\t\t\t\t\t\t\t\t\t\t\t<\/div>\n\t\t\t\t<\/div>\n\t\t\t\t\t<\/div>\n\t\t<\/div>\n\t\t\t\t\t<\/div>\n\t\t<\/section>\n\t\t\t\t<section class=\"elementor-section elementor-top-section elementor-element elementor-element-67bd8a4b elementor-section-boxed elementor-section-height-default elementor-section-height-default\" data-id=\"67bd8a4b\" data-element_type=\"section\">\n\t\t\t\t\t\t<div class=\"elementor-container elementor-column-gap-default\">\n\t\t\t\t\t<div class=\"elementor-column elementor-col-100 elementor-top-column elementor-element elementor-element-771f7be0\" data-id=\"771f7be0\" data-element_type=\"column\">\n\t\t\t<div class=\"elementor-widget-wrap elementor-element-populated\">\n\t\t\t\t\t\t<div class=\"elementor-element elementor-element-53bba8e1 elementor-widget elementor-widget-text-editor\" data-id=\"53bba8e1\" data-element_type=\"widget\" data-widget_type=\"text-editor.default\">\n\t\t\t\t<div class=\"elementor-widget-container\">\n\t\t\t\t\t\t\t\t\t<p>Emailchef pola\u017ee najve\u0107u pa\u017enju na <b>dostavu va\u0161ih e-mailova<\/b>. Bez obzira na to koliko ste izradili dobar e-bilten (newsletter), ako isti ne zavr\u0161i u sandu\u010di\u0107u primatelja nikakve koristi od obavljenog posla: to je glavni razlog za\u0161to je va\u017eno osigurati za svaku kampanju <b>sigurnu dostvu<\/b> i sa <b>najvi\u0161om stopom dostave<\/b>.<\/p>\n\n<p>Ukratko: nije svaki poslani e-mail automatski i dostavljeni e-mail. Na primjer, ako koristite SMTP poslu\u017eitelj s lo\u0161om reputacijom (ili jednostavno neki besplatni SMTP poslu\u017eitelj namjenjen obi\u010dnim e-mailovima, ali ne i za masovna slanja), mo\u017eete biti sigurni da \u0107e veliki dio va\u0161ih poslanih masovnih e-mailova biti <b>filtrirani<\/b> od strane &#8220;antispam&#8221; za\u0161tita i ISP filtera, <b>bez da \u0107ete vi biti upozoreni na to<\/b>. Rezultat \u0107e biti da va\u0161i korisnici ne\u0107e nikada zaprimiti va\u0161 e-mail ili u najboiljem slu\u010daju \u0107e zavr\u0161iti kao spam poruke. U dostavi masovnih e-mailova nije dovoljno samo da je sve napravljeno legitimno, sa savr\u0161eno izra\u0111enom e-bro\u0161urom koja je odaslana samo na liste pretplatnika uz njihovo dopu\u0161tenje (kao \u0161to bi uvijek i trebalo biti!): Ovdje profesionalna tehnologija stvarno mo\u017ee napraviti razliku.<\/p>\n\n<p>Emailchef se oslanja samo na <b>sna\u017eane poslu\u017eitelje koji su namjenjeni samo za odlaznu po\u0161tu<\/b>, tj. <b>SMTP serverima<\/b> (\u010dije su IP adrese pouzdane i nalaze se isklju\u010divo na &#8220;bijelim&#8221; listama IP adresa) i odr\u017eavamo <b>stalnu vezu s vode\u0107im ISP tvrtkama<\/b> u cijelom svijetu.<\/p>\n\n<p>Uz na\u0161e usluge mo\u017eete poslati masovne e-mailove prema <b>neograni\u010denom broju primatelja<\/b> sa sigurno\u0161\u0107u da \u0107e svaka poruka biti dostavljena na \u017eeljenu adresu. <b>Brzo i sigurno<\/b>.<\/p>\n\n<p>A za sve najbolje prakse o tome<b> kako pobolj\u0161ati vlastite stope dostave<\/b>, slobodno posjetite na\u0161 vodi\u010d.<\/p>\t\t\t\t\t\t\t\t<\/div>\n\t\t\t\t<\/div>\n\t\t\t\t\t<\/div>\n\t\t<\/div>\n\t\t\t\t\t<\/div>\n\t\t<\/section>\n\t\t\t\t<\/div>\n\t\t","protected":false},"excerpt":{"rendered":"<p>Emailchef pola\u017ee najve\u0107u pa\u017enju na dostavu va\u0161ih e-mailova. Bez obzira na to koliko ste izradili dobar e-bilten (newsletter), ako isti ne zavr\u0161i u sandu\u010di\u0107u primatelja nikakve koristi od obavljenog posla: to je glavni razlog za\u0161to je va\u017eno osigurati za svaku kampanju sigurnu dostvu i sa najvi\u0161om stopom dostave. Ukratko: nije svaki poslani e-mail automatski i [&hellip;]<\/p>\n","protected":false},"author":6,"featured_media":0,"parent":5263,"menu_order":9,"comment_status":"closed","ping_status":"closed","template":"","meta":{"_acf_changed":false,"inline_featured_image":false,"footnotes":""},"g1_relation_tag":[],"class_list":["post-5305","page","type-page","status-publish","hentry"],"acf":[],"yoast_head":"<!-- This site is optimized with the Yoast SEO plugin v24.8.1 - https:\/\/yoast.com\/wordpress\/plugins\/seo\/ -->\n<title>Najvi\u0161e stope dostavljenih e-mailova - Emailchef<\/title>\n<meta name=\"robots\" content=\"index, follow, max-snippet:-1, max-image-preview:large, max-video-preview:-1\" \/>\n<link rel=\"canonical\" href=\"https:\/\/emailchef.com\/hr\/znacajke\/najvise-stope-dostavljenih-emailova\/\" \/>\n<meta name=\"twitter:label1\" content=\"Procijenjeno vrijeme \u010ditanja\" \/>\n\t<meta name=\"twitter:data1\" content=\"2 minute\" \/>\n<!-- \/ Yoast SEO plugin. -->","yoast_head_json":{"title":"Najvi\u0161e stope dostavljenih e-mailova - Emailchef","robots":{"index":"index","follow":"follow","max-snippet":"max-snippet:-1","max-image-preview":"max-image-preview:large","max-video-preview":"max-video-preview:-1"},"canonical":"https:\/\/emailchef.com\/hr\/znacajke\/najvise-stope-dostavljenih-emailova\/","twitter_misc":{"Procijenjeno vrijeme \u010ditanja":"2 minute"},"schema":{"@context":"https:\/\/schema.org","@graph":[{"@type":"WebPage","@id":"https:\/\/emailchef.com\/hr\/znacajke\/najvise-stope-dostavljenih-emailova\/","url":"https:\/\/emailchef.com\/hr\/znacajke\/najvise-stope-dostavljenih-emailova\/","name":"Najvi\u0161e stope dostavljenih e-mailova - Emailchef","isPartOf":{"@id":"https:\/\/emailchef.com\/hr\/#website"},"primaryImageOfPage":{"@id":"https:\/\/emailchef.com\/hr\/znacajke\/najvise-stope-dostavljenih-emailova\/#primaryimage"},"image":{"@id":"https:\/\/emailchef.com\/hr\/znacajke\/najvise-stope-dostavljenih-emailova\/#primaryimage"},"thumbnailUrl":"https:\/\/emailchef.com\/wp-content\/uploads\/2022\/06\/high-delivery-rates.png","datePublished":"2014-09-04T10:43:45+00:00","dateModified":"2022-07-11T12:44:35+00:00","breadcrumb":{"@id":"https:\/\/emailchef.com\/hr\/znacajke\/najvise-stope-dostavljenih-emailova\/#breadcrumb"},"inLanguage":"hr","potentialAction":[{"@type":"ReadAction","target":["https:\/\/emailchef.com\/hr\/znacajke\/najvise-stope-dostavljenih-emailova\/"]}]},{"@type":"ImageObject","inLanguage":"hr","@id":"https:\/\/emailchef.com\/hr\/znacajke\/najvise-stope-dostavljenih-emailova\/#primaryimage","url":"https:\/\/emailchef.com\/wp-content\/uploads\/2022\/06\/high-delivery-rates.png","contentUrl":"https:\/\/emailchef.com\/wp-content\/uploads\/2022\/06\/high-delivery-rates.png"},{"@type":"BreadcrumbList","@id":"https:\/\/emailchef.com\/hr\/znacajke\/najvise-stope-dostavljenih-emailova\/#breadcrumb","itemListElement":[{"@type":"ListItem","position":1,"name":"Home","item":"https:\/\/emailchef.com\/hr\/emailchef-email-marketing-usluge\/"},{"@type":"ListItem","position":2,"name":"Zna\u010dajke","item":"https:\/\/emailchef.com\/hr\/znacajke\/"},{"@type":"ListItem","position":3,"name":"Najvi\u0161e stope dostavljenih e-mailova"}]},{"@type":"WebSite","@id":"https:\/\/emailchef.com\/hr\/#website","url":"https:\/\/emailchef.com\/hr\/","name":"Emailchef","description":"Izvrsni recepti za e-mail marketing","publisher":{"@id":"https:\/\/emailchef.com\/hr\/#organization"},"potentialAction":[{"@type":"SearchAction","target":{"@type":"EntryPoint","urlTemplate":"https:\/\/emailchef.com\/hr\/?s={search_term_string}"},"query-input":{"@type":"PropertyValueSpecification","valueRequired":true,"valueName":"search_term_string"}}],"inLanguage":"hr"},{"@type":"Organization","@id":"https:\/\/emailchef.com\/hr\/#organization","name":"Delivery Tech Corp.","url":"https:\/\/emailchef.com\/hr\/","logo":{"@type":"ImageObject","inLanguage":"hr","@id":"https:\/\/emailchef.com\/hr\/#\/schema\/logo\/image\/","url":"https:\/\/emailchef.com\/wp-content\/uploads\/2022\/04\/logo-sama.png","contentUrl":"https:\/\/emailchef.com\/wp-content\/uploads\/2022\/04\/logo-sama.png","width":237,"height":80,"caption":"Delivery Tech Corp."},"image":{"@id":"https:\/\/emailchef.com\/hr\/#\/schema\/logo\/image\/"}}]}},"_links":{"self":[{"href":"https:\/\/emailchef.com\/hr\/wp-json\/wp\/v2\/pages\/5305"}],"collection":[{"href":"https:\/\/emailchef.com\/hr\/wp-json\/wp\/v2\/pages"}],"about":[{"href":"https:\/\/emailchef.com\/hr\/wp-json\/wp\/v2\/types\/page"}],"author":[{"embeddable":true,"href":"https:\/\/emailchef.com\/hr\/wp-json\/wp\/v2\/users\/6"}],"replies":[{"embeddable":true,"href":"https:\/\/emailchef.com\/hr\/wp-json\/wp\/v2\/comments?post=5305"}],"version-history":[{"count":6,"href":"https:\/\/emailchef.com\/hr\/wp-json\/wp\/v2\/pages\/5305\/revisions"}],"predecessor-version":[{"id":58492,"href":"https:\/\/emailchef.com\/hr\/wp-json\/wp\/v2\/pages\/5305\/revisions\/58492"}],"up":[{"embeddable":true,"href":"https:\/\/emailchef.com\/hr\/wp-json\/wp\/v2\/pages\/5263"}],"wp:attachment":[{"href":"https:\/\/emailchef.com\/hr\/wp-json\/wp\/v2\/media?parent=5305"}],"wp:term":[{"taxonomy":"g1_relation_tag","embeddable":true,"href":"https:\/\/emailchef.com\/hr\/wp-json\/wp\/v2\/g1_relation_tag?post=5305"}],"curies":[{"name":"wp","href":"https:\/\/api.w.org\/{rel}","templated":true}]}}