{"id":5302,"date":"2014-09-04T10:41:04","date_gmt":"2014-09-04T10:41:04","guid":{"rendered":"http:\/\/emailchef.com\/?page_id=5302\/"},"modified":"2022-07-11T12:42:23","modified_gmt":"2022-07-11T12:42:23","slug":"automatizacija-email-marketinga","status":"publish","type":"page","link":"https:\/\/emailchef.com\/hr\/znacajke\/automatizacija-email-marketinga\/","title":{"rendered":"Automatizacija e-mail marketinga"},"content":{"rendered":"\t\t<div data-elementor-type=\"wp-page\" data-elementor-id=\"5302\" class=\"elementor elementor-5302 elementor-143\" data-elementor-post-type=\"page\">\n\t\t\t\t\t\t<section class=\"elementor-section elementor-top-section elementor-element elementor-element-955e2bb elementor-section-boxed elementor-section-height-default elementor-section-height-default\" data-id=\"955e2bb\" data-element_type=\"section\">\n\t\t\t\t\t\t<div class=\"elementor-container elementor-column-gap-default\">\n\t\t\t\t\t<div class=\"elementor-column elementor-col-100 elementor-top-column elementor-element elementor-element-cd1a7e5\" data-id=\"cd1a7e5\" data-element_type=\"column\">\n\t\t\t<div class=\"elementor-widget-wrap elementor-element-populated\">\n\t\t\t\t\t\t<div class=\"elementor-element elementor-element-5ed5bc7 elementor-widget elementor-widget-image\" data-id=\"5ed5bc7\" data-element_type=\"widget\" data-widget_type=\"image.default\">\n\t\t\t\t\t\t\t\t\t\t\t\t\t\t\t<img fetchpriority=\"high\" decoding=\"async\" width=\"892\" height=\"600\" src=\"https:\/\/emailchef.com\/wp-content\/uploads\/2022\/06\/automations.png\" class=\"attachment-full size-full wp-image-57266\" alt=\"Automatizacija e-mail marketinga\" \/>\t\t\t\t\t\t\t\t\t\t\t\t\t\t\t<\/div>\n\t\t\t\t\t<\/div>\n\t\t<\/div>\n\t\t\t\t\t<\/div>\n\t\t<\/section>\n\t\t\t\t<section class=\"elementor-section elementor-top-section elementor-element elementor-element-d8b2fc5 elementor-section-boxed elementor-section-height-default elementor-section-height-default\" data-id=\"d8b2fc5\" data-element_type=\"section\">\n\t\t\t\t\t\t<div class=\"elementor-container elementor-column-gap-default\">\n\t\t\t\t\t<div class=\"elementor-column elementor-col-100 elementor-top-column elementor-element elementor-element-f0fb662\" data-id=\"f0fb662\" data-element_type=\"column\">\n\t\t\t<div class=\"elementor-widget-wrap elementor-element-populated\">\n\t\t\t\t\t\t<div class=\"elementor-element elementor-element-7c57a19a elementor-widget elementor-widget-text-editor\" data-id=\"7c57a19a\" data-element_type=\"widget\" data-widget_type=\"text-editor.default\">\n\t\t\t\t\t\t\t\t\t<p><strong><b>OVA ZNA\u010cAJKA JE DOSTUPNA SAMO ZA PLANOVE NA PLA\u0106ANJE<\/b><\/strong><\/p>\n\n<p>Upotrebom <b>automatskih odgovora<\/b> i <b>transakcijskih e-mailova<\/b> mo\u017eete u isto vrijeme uvelike pojednostaviti i pove\u0107ati efikasnost va\u0161ih e-mail marketing kampanji.<\/p>\n\n<p>Emailchef omogu\u0107uje postavljanje automatskog slanja e-mailova uslijed <b>izvr\u0161enja nekog odre\u0111enog uvjeta<\/b>, tj. radnje ili doga\u0111aja.<\/p>\n\n<p>Nakon \u0161to izradite e-mail ili e-bilten (newsletter), na isti na\u010din kao i za svaku drugu kampanju, mo\u017eete mu zadati uvjet pod kojim \u0107e taj e-mail biti poslan.<\/p>\n\n<div class=\"g1-space\" style=\"height: 35px;\"><\/div>\n<a href=\"http:\/\/emailchef.com\/wp-content\/uploads\/2014\/09\/autoresponders_1.jpg\"><img decoding=\"async\" class=\"aligncenter\" title=\"design autoresponder\" src=\"http:\/\/emailchef.com\/wp-content\/uploads\/2014\/09\/autoresponders_1.jpg\" alt=\"\" width=\"795\" height=\"533\" \/><\/a>\n<div class=\"g1-space\" style=\"height: 35px;\"><\/div>\n\n<p>Zadani uvjeti za slanje automatske poruke mogu biti:<\/p>\n\n<div class=\"g1-space\" style=\"height: 20px;\"><\/div>\n\n\n<ul id=\"\" class=\"g1-list g1-list--icon g1-list--simple \">\n \t<li><i class=\"fa fa-arrow-right g1-list__icon\"><\/i>pristigla nova pretplata<\/li>\n \t<li><i class=\"fa fa-arrow-right g1-list__icon\"><\/i>datum neke godi\u0161njice korisnika (npr. ro\u0111endan pretplatnika, godi\u0161njica pretplate,&#8230;)<\/li>\n \t<li><i class=\"fa fa-arrow-right g1-list__icon\"><\/i>uslijed nedovr\u0161ene kupnje (ako imate e-commerce i integrirali ste ga sa Emailchef-om)<\/li>\n \t<li><i class=\"fa fa-arrow-right g1-list__icon\"><\/i>nakon \u0161to primalac klikne na bilo koju poveznicu e-maila neke kampanje<\/li>\n \t<li><i class=\"fa fa-arrow-right g1-list__icon\"><\/i>odre\u0111ena poveznica unutar neke kampanje je kliknuta<\/li>\n \t<li><i class=\"fa fa-arrow-right g1-list__icon\"><\/i>nakon \u0161to primalac klikne na bilo koju poveznicu e-maila bilo koje kampanje<\/li>\n \t<li><i class=\"fa fa-arrow-right g1-list__icon\"><\/i>kontakt postane dio neke odre\u0111ene segment liste<\/li>\n \t<li><i class=\"fa fa-arrow-right g1-list__icon\"><\/i>otvaranje e-maila neke od kampanji<\/li>\n \t<li><i class=\"fa fa-arrow-right g1-list__icon\"><\/i>i drugo<\/li>\n<\/ul>\n\n\n<div class=\"g1-space\" style=\"height: 20px;\"><\/div>\n\n<p>Zatim sve \u0161to trebate u\u010diniti je odabrati listu primatelja koji \u0107e primiti taj e-mail, i namjestili <b>vrijeme slanja<\/b>, tj. da li \u017eelite da e-mail bude odmah poslan nakon \u0161to se uvjet dogodi ili poslati ga nakon nekoliko dana ili sati. Posljednji detalji su identi\u010dni kao i za svaki standardni e-bilten (newsletter).<\/p>\n\n<p>Nakon \u0161to konfigurirate automatski odgovor Emailchef \u0107e voditi brigu o <b>cijelom procesu isporuke<\/b>. Kada se dogodi odre\u0111eni uvjet, na\u0161a platforma \u0107e poslati e-mail i odmah <b>davati izvje\u0161\u0107a<\/b>. S va\u0161e strane nemate vi\u0161e potrebe za dodatnim provjerama.<\/p>\t\t\t\t\t\t\t\t<\/div>\n\t\t\t\t\t<\/div>\n\t\t<\/div>\n\t\t\t\t\t<\/div>\n\t\t<\/section>\n\t\t\t\t<\/div>\n\t\t","protected":false},"excerpt":{"rendered":"<p>OVA ZNA\u010cAJKA JE DOSTUPNA SAMO ZA PLANOVE NA PLA\u0106ANJE Upotrebom automatskih odgovora i transakcijskih e-mailova mo\u017eete u isto vrijeme uvelike pojednostaviti i pove\u0107ati efikasnost va\u0161ih e-mail marketing kampanji. Emailchef omogu\u0107uje postavljanje automatskog slanja e-mailova uslijed izvr\u0161enja nekog odre\u0111enog uvjeta, tj. radnje ili doga\u0111aja. Nakon \u0161to izradite e-mail ili e-bilten (newsletter), na isti na\u010din kao i [&hellip;]<\/p>\n","protected":false},"author":6,"featured_media":0,"parent":5263,"menu_order":7,"comment_status":"closed","ping_status":"closed","template":"","meta":{"_acf_changed":false,"inline_featured_image":false,"footnotes":""},"g1_relation_tag":[],"class_list":["post-5302","page","type-page","status-publish","hentry"],"acf":[],"yoast_head":"<!-- This site is optimized with the Yoast SEO plugin v24.8.1 - https:\/\/yoast.com\/wordpress\/plugins\/seo\/ -->\n<title>Automatizacija e-mail marketinga - Emailchef<\/title>\n<meta name=\"robots\" content=\"index, follow, max-snippet:-1, max-image-preview:large, max-video-preview:-1\" \/>\n<link rel=\"canonical\" href=\"https:\/\/emailchef.com\/hr\/znacajke\/automatizacija-email-marketinga\/\" \/>\n<meta name=\"twitter:label1\" content=\"Procijenjeno vrijeme \u010ditanja\" \/>\n\t<meta name=\"twitter:data1\" content=\"2 minute\" \/>\n<!-- \/ Yoast SEO plugin. -->","yoast_head_json":{"title":"Automatizacija e-mail marketinga - Emailchef","robots":{"index":"index","follow":"follow","max-snippet":"max-snippet:-1","max-image-preview":"max-image-preview:large","max-video-preview":"max-video-preview:-1"},"canonical":"https:\/\/emailchef.com\/hr\/znacajke\/automatizacija-email-marketinga\/","twitter_misc":{"Procijenjeno vrijeme \u010ditanja":"2 minute"},"schema":{"@context":"https:\/\/schema.org","@graph":[{"@type":"WebPage","@id":"https:\/\/emailchef.com\/hr\/znacajke\/automatizacija-email-marketinga\/","url":"https:\/\/emailchef.com\/hr\/znacajke\/automatizacija-email-marketinga\/","name":"Automatizacija e-mail marketinga - Emailchef","isPartOf":{"@id":"https:\/\/emailchef.com\/hr\/#website"},"primaryImageOfPage":{"@id":"https:\/\/emailchef.com\/hr\/znacajke\/automatizacija-email-marketinga\/#primaryimage"},"image":{"@id":"https:\/\/emailchef.com\/hr\/znacajke\/automatizacija-email-marketinga\/#primaryimage"},"thumbnailUrl":"https:\/\/emailchef.com\/wp-content\/uploads\/2022\/06\/automations.png","datePublished":"2014-09-04T10:41:04+00:00","dateModified":"2022-07-11T12:42:23+00:00","breadcrumb":{"@id":"https:\/\/emailchef.com\/hr\/znacajke\/automatizacija-email-marketinga\/#breadcrumb"},"inLanguage":"hr","potentialAction":[{"@type":"ReadAction","target":["https:\/\/emailchef.com\/hr\/znacajke\/automatizacija-email-marketinga\/"]}]},{"@type":"ImageObject","inLanguage":"hr","@id":"https:\/\/emailchef.com\/hr\/znacajke\/automatizacija-email-marketinga\/#primaryimage","url":"https:\/\/emailchef.com\/wp-content\/uploads\/2022\/06\/automations.png","contentUrl":"https:\/\/emailchef.com\/wp-content\/uploads\/2022\/06\/automations.png"},{"@type":"BreadcrumbList","@id":"https:\/\/emailchef.com\/hr\/znacajke\/automatizacija-email-marketinga\/#breadcrumb","itemListElement":[{"@type":"ListItem","position":1,"name":"Home","item":"https:\/\/emailchef.com\/hr\/"},{"@type":"ListItem","position":2,"name":"Zna\u010dajke","item":"https:\/\/emailchef.com\/hr\/znacajke\/"},{"@type":"ListItem","position":3,"name":"Automatizacija e-mail marketinga"}]},{"@type":"WebSite","@id":"https:\/\/emailchef.com\/hr\/#website","url":"https:\/\/emailchef.com\/hr\/","name":"Emailchef","description":"Izvrsni recepti za e-mail marketing","publisher":{"@id":"https:\/\/emailchef.com\/hr\/#organization"},"potentialAction":[{"@type":"SearchAction","target":{"@type":"EntryPoint","urlTemplate":"https:\/\/emailchef.com\/hr\/?s={search_term_string}"},"query-input":{"@type":"PropertyValueSpecification","valueRequired":true,"valueName":"search_term_string"}}],"inLanguage":"hr"},{"@type":"Organization","@id":"https:\/\/emailchef.com\/hr\/#organization","name":"Delivery Tech Corp.","url":"https:\/\/emailchef.com\/hr\/","logo":{"@type":"ImageObject","inLanguage":"hr","@id":"https:\/\/emailchef.com\/hr\/#\/schema\/logo\/image\/","url":"https:\/\/emailchef.com\/wp-content\/uploads\/2022\/04\/logo-sama.png","contentUrl":"https:\/\/emailchef.com\/wp-content\/uploads\/2022\/04\/logo-sama.png","width":237,"height":80,"caption":"Delivery Tech Corp."},"image":{"@id":"https:\/\/emailchef.com\/hr\/#\/schema\/logo\/image\/"}}]}},"_links":{"self":[{"href":"https:\/\/emailchef.com\/hr\/wp-json\/wp\/v2\/pages\/5302"}],"collection":[{"href":"https:\/\/emailchef.com\/hr\/wp-json\/wp\/v2\/pages"}],"about":[{"href":"https:\/\/emailchef.com\/hr\/wp-json\/wp\/v2\/types\/page"}],"author":[{"embeddable":true,"href":"https:\/\/emailchef.com\/hr\/wp-json\/wp\/v2\/users\/6"}],"replies":[{"embeddable":true,"href":"https:\/\/emailchef.com\/hr\/wp-json\/wp\/v2\/comments?post=5302"}],"version-history":[{"count":5,"href":"https:\/\/emailchef.com\/hr\/wp-json\/wp\/v2\/pages\/5302\/revisions"}],"predecessor-version":[{"id":58486,"href":"https:\/\/emailchef.com\/hr\/wp-json\/wp\/v2\/pages\/5302\/revisions\/58486"}],"up":[{"embeddable":true,"href":"https:\/\/emailchef.com\/hr\/wp-json\/wp\/v2\/pages\/5263"}],"wp:attachment":[{"href":"https:\/\/emailchef.com\/hr\/wp-json\/wp\/v2\/media?parent=5302"}],"wp:term":[{"taxonomy":"g1_relation_tag","embeddable":true,"href":"https:\/\/emailchef.com\/hr\/wp-json\/wp\/v2\/g1_relation_tag?post=5302"}],"curies":[{"name":"wp","href":"https:\/\/api.w.org\/{rel}","templated":true}]}}