{"id":5298,"date":"2014-09-04T10:28:22","date_gmt":"2014-09-04T10:28:22","guid":{"rendered":"http:\/\/emailchef.com\/?page_id=5298\/"},"modified":"2022-07-11T12:39:33","modified_gmt":"2022-07-11T12:39:33","slug":"napredne-statistike-sa-prikazom-u-stvarnom-vremenu","status":"publish","type":"page","link":"https:\/\/emailchef.com\/hr\/znacajke\/napredne-statistike-sa-prikazom-u-stvarnom-vremenu\/","title":{"rendered":"Napredne statistike sa prikazom u stvarnom vremenu"},"content":{"rendered":"\t\t<div data-elementor-type=\"wp-page\" data-elementor-id=\"5298\" class=\"elementor elementor-5298 elementor-138\" data-elementor-post-type=\"page\">\n\t\t\t\t\t\t<section class=\"elementor-section elementor-top-section elementor-element elementor-element-c270ca8 elementor-section-boxed elementor-section-height-default elementor-section-height-default\" data-id=\"c270ca8\" data-element_type=\"section\">\n\t\t\t\t\t\t<div class=\"elementor-container elementor-column-gap-default\">\n\t\t\t\t\t<div class=\"elementor-column elementor-col-100 elementor-top-column elementor-element elementor-element-c069ec3\" data-id=\"c069ec3\" data-element_type=\"column\">\n\t\t\t<div class=\"elementor-widget-wrap elementor-element-populated\">\n\t\t\t\t\t\t<div class=\"elementor-element elementor-element-4518155 elementor-widget elementor-widget-image\" data-id=\"4518155\" data-element_type=\"widget\" data-widget_type=\"image.default\">\n\t\t\t\t<div class=\"elementor-widget-container\">\n\t\t\t\t\t\t\t\t\t\t\t\t\t\t\t<img fetchpriority=\"high\" decoding=\"async\" width=\"867\" height=\"600\" src=\"https:\/\/emailchef.com\/wp-content\/uploads\/2022\/06\/realtime-reports.png\" class=\"attachment-full size-full wp-image-57240\" alt=\"Napredne statistike sa prikazom u stvarnom vremenu\" \/>\t\t\t\t\t\t\t\t\t\t\t\t\t\t\t<\/div>\n\t\t\t\t<\/div>\n\t\t\t\t\t<\/div>\n\t\t<\/div>\n\t\t\t\t\t<\/div>\n\t\t<\/section>\n\t\t\t\t<section class=\"elementor-section elementor-top-section elementor-element elementor-element-513b926d elementor-section-boxed elementor-section-height-default elementor-section-height-default\" data-id=\"513b926d\" data-element_type=\"section\">\n\t\t\t\t\t\t<div class=\"elementor-container elementor-column-gap-default\">\n\t\t\t\t\t<div class=\"elementor-column elementor-col-100 elementor-top-column elementor-element elementor-element-5841bcc3\" data-id=\"5841bcc3\" data-element_type=\"column\">\n\t\t\t<div class=\"elementor-widget-wrap elementor-element-populated\">\n\t\t\t\t\t\t<div class=\"elementor-element elementor-element-59ae4330 elementor-widget elementor-widget-text-editor\" data-id=\"59ae4330\" data-element_type=\"widget\" data-widget_type=\"text-editor.default\">\n\t\t\t\t<div class=\"elementor-widget-container\">\n\t\t\t\t\t\t\t\t\t<p>Dobar E-mail marketing zahtjeva <b>stalno pobolj\u0161avanje<\/b>: krenete sa jednom idejom, isprobate je i uvidite njen dobiven efekat putem izvje\u0161\u0107a kampanje, uvidite \u0161to treba pobolj\u0161ati (ili promijeniti u potpunosti), te ponovite cijeli postupak. U ovom krugu kontinuiranog pobolj\u0161avanja klju\u010dno je raspolagati sa \u0161to <b>to\u010dnijim mjerenjima<\/b> i \u0161to boljim izvje\u0161\u0107ima za svaku pojedina\u010dnu e-mail kampanju. A to je upravo ono \u0161to Emailchef pru\u017ea.<\/p>\n\n<p>Na\u0161i <b>napredni alati za reportiranja<\/b> bit \u0107e vam od pomo\u0107i da shvatite efikasnost va\u0161ih kampanji, i kako ih pobolj\u0161ati. Onog trenutka kad ste poslali kampanju po\u010det \u0107ete zaprimati podatke u vezi nje, i to:<\/p>\n\n<div class=\"g1-space\" style=\"height: 20px;\"><\/div>\n\n\n<ul id=\"\" class=\"g1-list g1-list--icon g1-list--simple \">\n \t<li><i class=\"fa fa-arrow-right g1-list__icon\"><\/i>stopa dostavljanja<\/li>\n \t<li><i class=\"fa fa-arrow-right g1-list__icon\"><\/i>stopa otvoranja<\/li>\n \t<li><i class=\"fa fa-arrow-right g1-list__icon\"><\/i>stopa klik-kroz<\/li>\n \t<li><i class=\"fa fa-arrow-right g1-list__icon\"><\/i>stopa odjavljivanja<\/li>\n \t<li><i class=\"fa fa-arrow-right g1-list__icon\"><\/i>stopa odbijanja<\/li>\n \t<li><i class=\"fa fa-arrow-right g1-list__icon\"><\/i>stopa pritu\u017ebi na ne\u017eeljenu po\u0161tu, tj. spam<\/li>\n<\/ul>\n\n\n<div class=\"g1-space\" style=\"height: 20px;\"><\/div>\n\n<p>Svi rezultati su prikazani s prakti\u010dnim <b>dijagrama <\/b>kako biste imali direktni i pregledan uvid u rezultate. Ali, mo\u017eete tako\u0111er provjeriti <b>svaku od pojedina\u010dne e-mail adrese<\/b>, jednu po jednu, na primjer: tko je to\u010dno otvorio va\u0161u poruku i kada. Ukratko: svaka interakcija od strane korisnika <b>pa\u017eljivo se pratiti <\/b>i daju vam se na uvid kako bi vam ponuditi potpunu kontrolu nad va\u0161im kampanjama.<\/p>\t\t\t\t\t\t\t\t<\/div>\n\t\t\t\t<\/div>\n\t\t\t\t\t<\/div>\n\t\t<\/div>\n\t\t\t\t\t<\/div>\n\t\t<\/section>\n\t\t\t\t<\/div>\n\t\t","protected":false},"excerpt":{"rendered":"<p>Dobar E-mail marketing zahtjeva stalno pobolj\u0161avanje: krenete sa jednom idejom, isprobate je i uvidite njen dobiven efekat putem izvje\u0161\u0107a kampanje, uvidite \u0161to treba pobolj\u0161ati (ili promijeniti u potpunosti), te ponovite cijeli postupak. U ovom krugu kontinuiranog pobolj\u0161avanja klju\u010dno je raspolagati sa \u0161to to\u010dnijim mjerenjima i \u0161to boljim izvje\u0161\u0107ima za svaku pojedina\u010dnu e-mail kampanju. A to [&hellip;]<\/p>\n","protected":false},"author":6,"featured_media":0,"parent":5263,"menu_order":5,"comment_status":"closed","ping_status":"closed","template":"","meta":{"_acf_changed":false,"inline_featured_image":false,"footnotes":""},"g1_relation_tag":[],"class_list":["post-5298","page","type-page","status-publish","hentry"],"acf":[],"yoast_head":"<!-- This site is optimized with the Yoast SEO plugin v24.8.1 - https:\/\/yoast.com\/wordpress\/plugins\/seo\/ -->\n<title>Napredne statistike sa prikazom u stvarnom vremenu - Emailchef<\/title>\n<meta name=\"robots\" content=\"index, follow, max-snippet:-1, max-image-preview:large, max-video-preview:-1\" \/>\n<link rel=\"canonical\" href=\"https:\/\/emailchef.com\/hr\/znacajke\/napredne-statistike-sa-prikazom-u-stvarnom-vremenu\/\" \/>\n<meta name=\"twitter:label1\" content=\"Procijenjeno vrijeme \u010ditanja\" \/>\n\t<meta name=\"twitter:data1\" content=\"2 minute\" \/>\n<!-- \/ Yoast SEO plugin. -->","yoast_head_json":{"title":"Napredne statistike sa prikazom u stvarnom vremenu - Emailchef","robots":{"index":"index","follow":"follow","max-snippet":"max-snippet:-1","max-image-preview":"max-image-preview:large","max-video-preview":"max-video-preview:-1"},"canonical":"https:\/\/emailchef.com\/hr\/znacajke\/napredne-statistike-sa-prikazom-u-stvarnom-vremenu\/","twitter_misc":{"Procijenjeno vrijeme \u010ditanja":"2 minute"},"schema":{"@context":"https:\/\/schema.org","@graph":[{"@type":"WebPage","@id":"https:\/\/emailchef.com\/hr\/znacajke\/napredne-statistike-sa-prikazom-u-stvarnom-vremenu\/","url":"https:\/\/emailchef.com\/hr\/znacajke\/napredne-statistike-sa-prikazom-u-stvarnom-vremenu\/","name":"Napredne statistike sa prikazom u stvarnom vremenu - Emailchef","isPartOf":{"@id":"https:\/\/emailchef.com\/hr\/#website"},"primaryImageOfPage":{"@id":"https:\/\/emailchef.com\/hr\/znacajke\/napredne-statistike-sa-prikazom-u-stvarnom-vremenu\/#primaryimage"},"image":{"@id":"https:\/\/emailchef.com\/hr\/znacajke\/napredne-statistike-sa-prikazom-u-stvarnom-vremenu\/#primaryimage"},"thumbnailUrl":"https:\/\/emailchef.com\/wp-content\/uploads\/2022\/06\/realtime-reports.png","datePublished":"2014-09-04T10:28:22+00:00","dateModified":"2022-07-11T12:39:33+00:00","breadcrumb":{"@id":"https:\/\/emailchef.com\/hr\/znacajke\/napredne-statistike-sa-prikazom-u-stvarnom-vremenu\/#breadcrumb"},"inLanguage":"hr","potentialAction":[{"@type":"ReadAction","target":["https:\/\/emailchef.com\/hr\/znacajke\/napredne-statistike-sa-prikazom-u-stvarnom-vremenu\/"]}]},{"@type":"ImageObject","inLanguage":"hr","@id":"https:\/\/emailchef.com\/hr\/znacajke\/napredne-statistike-sa-prikazom-u-stvarnom-vremenu\/#primaryimage","url":"https:\/\/emailchef.com\/wp-content\/uploads\/2022\/06\/realtime-reports.png","contentUrl":"https:\/\/emailchef.com\/wp-content\/uploads\/2022\/06\/realtime-reports.png"},{"@type":"BreadcrumbList","@id":"https:\/\/emailchef.com\/hr\/znacajke\/napredne-statistike-sa-prikazom-u-stvarnom-vremenu\/#breadcrumb","itemListElement":[{"@type":"ListItem","position":1,"name":"Home","item":"https:\/\/emailchef.com\/hr\/emailchef-email-marketing-usluge\/"},{"@type":"ListItem","position":2,"name":"Zna\u010dajke","item":"https:\/\/emailchef.com\/hr\/znacajke\/"},{"@type":"ListItem","position":3,"name":"Napredne statistike sa prikazom u stvarnom vremenu"}]},{"@type":"WebSite","@id":"https:\/\/emailchef.com\/hr\/#website","url":"https:\/\/emailchef.com\/hr\/","name":"Emailchef","description":"Izvrsni recepti za e-mail marketing","publisher":{"@id":"https:\/\/emailchef.com\/hr\/#organization"},"potentialAction":[{"@type":"SearchAction","target":{"@type":"EntryPoint","urlTemplate":"https:\/\/emailchef.com\/hr\/?s={search_term_string}"},"query-input":{"@type":"PropertyValueSpecification","valueRequired":true,"valueName":"search_term_string"}}],"inLanguage":"hr"},{"@type":"Organization","@id":"https:\/\/emailchef.com\/hr\/#organization","name":"Delivery Tech Corp.","url":"https:\/\/emailchef.com\/hr\/","logo":{"@type":"ImageObject","inLanguage":"hr","@id":"https:\/\/emailchef.com\/hr\/#\/schema\/logo\/image\/","url":"https:\/\/emailchef.com\/wp-content\/uploads\/2022\/04\/logo-sama.png","contentUrl":"https:\/\/emailchef.com\/wp-content\/uploads\/2022\/04\/logo-sama.png","width":237,"height":80,"caption":"Delivery Tech Corp."},"image":{"@id":"https:\/\/emailchef.com\/hr\/#\/schema\/logo\/image\/"}}]}},"_links":{"self":[{"href":"https:\/\/emailchef.com\/hr\/wp-json\/wp\/v2\/pages\/5298"}],"collection":[{"href":"https:\/\/emailchef.com\/hr\/wp-json\/wp\/v2\/pages"}],"about":[{"href":"https:\/\/emailchef.com\/hr\/wp-json\/wp\/v2\/types\/page"}],"author":[{"embeddable":true,"href":"https:\/\/emailchef.com\/hr\/wp-json\/wp\/v2\/users\/6"}],"replies":[{"embeddable":true,"href":"https:\/\/emailchef.com\/hr\/wp-json\/wp\/v2\/comments?post=5298"}],"version-history":[{"count":5,"href":"https:\/\/emailchef.com\/hr\/wp-json\/wp\/v2\/pages\/5298\/revisions"}],"predecessor-version":[{"id":58478,"href":"https:\/\/emailchef.com\/hr\/wp-json\/wp\/v2\/pages\/5298\/revisions\/58478"}],"up":[{"embeddable":true,"href":"https:\/\/emailchef.com\/hr\/wp-json\/wp\/v2\/pages\/5263"}],"wp:attachment":[{"href":"https:\/\/emailchef.com\/hr\/wp-json\/wp\/v2\/media?parent=5298"}],"wp:term":[{"taxonomy":"g1_relation_tag","embeddable":true,"href":"https:\/\/emailchef.com\/hr\/wp-json\/wp\/v2\/g1_relation_tag?post=5298"}],"curies":[{"name":"wp","href":"https:\/\/api.w.org\/{rel}","templated":true}]}}