{"id":5290,"date":"2014-09-04T10:26:34","date_gmt":"2014-09-04T10:26:34","guid":{"rendered":"http:\/\/emailchef.com\/?page_id=5290\/"},"modified":"2022-07-11T12:36:46","modified_gmt":"2022-07-11T12:36:46","slug":"izradivac-pristupnih-e-obrazaca","status":"publish","type":"page","link":"https:\/\/emailchef.com\/hr\/znacajke\/izradivac-pristupnih-e-obrazaca\/","title":{"rendered":"Izra\u0111iva\u010d pristupnih e-obrazaca"},"content":{"rendered":"\t\t<div data-elementor-type=\"wp-page\" data-elementor-id=\"5290\" class=\"elementor elementor-5290 elementor-134\" data-elementor-post-type=\"page\">\n\t\t\t\t\t\t<section class=\"elementor-section elementor-top-section elementor-element elementor-element-41bc7d9 elementor-section-boxed elementor-section-height-default elementor-section-height-default\" data-id=\"41bc7d9\" data-element_type=\"section\">\n\t\t\t\t\t\t<div class=\"elementor-container elementor-column-gap-default\">\n\t\t\t\t\t<div class=\"elementor-column elementor-col-100 elementor-top-column elementor-element elementor-element-2737aa7\" data-id=\"2737aa7\" data-element_type=\"column\">\n\t\t\t<div class=\"elementor-widget-wrap elementor-element-populated\">\n\t\t\t\t\t\t<div class=\"elementor-element elementor-element-d6f026f elementor-widget elementor-widget-image\" data-id=\"d6f026f\" data-element_type=\"widget\" data-widget_type=\"image.default\">\n\t\t\t\t<div class=\"elementor-widget-container\">\n\t\t\t\t\t\t\t\t\t\t\t\t\t\t\t<img fetchpriority=\"high\" decoding=\"async\" width=\"1161\" height=\"600\" src=\"https:\/\/emailchef.com\/wp-content\/uploads\/2022\/06\/form-editor.png\" class=\"attachment-full size-full wp-image-57208\" alt=\"Izra\u0111iva\u010d pristupnih e-obrazaca\" \/>\t\t\t\t\t\t\t\t\t\t\t\t\t\t\t<\/div>\n\t\t\t\t<\/div>\n\t\t\t\t\t<\/div>\n\t\t<\/div>\n\t\t\t\t\t<\/div>\n\t\t<\/section>\n\t\t\t\t<section class=\"elementor-section elementor-top-section elementor-element elementor-element-456da117 elementor-section-boxed elementor-section-height-default elementor-section-height-default\" data-id=\"456da117\" data-element_type=\"section\">\n\t\t\t\t\t\t<div class=\"elementor-container elementor-column-gap-default\">\n\t\t\t\t\t<div class=\"elementor-column elementor-col-100 elementor-top-column elementor-element elementor-element-132edb04\" data-id=\"132edb04\" data-element_type=\"column\">\n\t\t\t<div class=\"elementor-widget-wrap elementor-element-populated\">\n\t\t\t\t\t\t<div class=\"elementor-element elementor-element-7def7eb3 elementor-widget elementor-widget-text-editor\" data-id=\"7def7eb3\" data-element_type=\"widget\" data-widget_type=\"text-editor.default\">\n\t\t\t\t<div class=\"elementor-widget-container\">\n\t\t\t\t\t\t\t\t\t<p>Najbolji na\u010din za prikupljanje novih kontakata zainteresiranih na va\u0161e e-biltene (newslettere) je dati mogu\u010dnost va\u0161im posjetiocima web stranice da se odmah i predbilje\u017ee putem <b>e-obrasca<\/b> postavljenog na va\u0161oj stranici. U tome vam poma\u017ee Emailchef gdje putem <b>povuci-i-ispusti<\/b> izra\u0111iva\u010da mozete za kratko vrijeme izraditi e-obrazac za pretplatu (bilo da se radi o jednostavnom ili o predbilje\u017ebi uz provjeru e-mail adrese posjetioca ) te odabrati na\u010din na koji \u0107ete ga postaviti na vasu web stranicu.<\/p>\n\n<p>Sve \u0161to trebate je odabrati <b>gotov predlo\u017eak e-obrasca<\/b>, a zatim ga prilagoditi va\u0161im potrebama dodaju\u0107i ili uklanjaju\u0107i polja te uskladiti mu boju prema va\u0161oj web stranici, a po potrebi i na vi\u0161e jezika.<\/p>\n<\/p>\n\n<p>Krajnji k\u00f4d izra\u0111enog e-obrasca mo\u017ee biti ugra\u0111en izravno na va\u0161u web stranici: predla\u017eemo da <b>e-obrazac stavi na istaknutom mjestu<\/b> va\u0161e web stranice, tako da olak\u0161ate va\u0161im posjetiteljima da se pretplate na va\u0161e poruke.<\/p>\t\t\t\t\t\t\t\t<\/div>\n\t\t\t\t<\/div>\n\t\t\t\t\t<\/div>\n\t\t<\/div>\n\t\t\t\t\t<\/div>\n\t\t<\/section>\n\t\t\t\t<\/div>\n\t\t","protected":false},"excerpt":{"rendered":"<p>Najbolji na\u010din za prikupljanje novih kontakata zainteresiranih na va\u0161e e-biltene (newslettere) je dati mogu\u010dnost va\u0161im posjetiocima web stranice da se odmah i predbilje\u017ee putem e-obrasca postavljenog na va\u0161oj stranici. U tome vam poma\u017ee Emailchef gdje putem povuci-i-ispusti izra\u0111iva\u010da mozete za kratko vrijeme izraditi e-obrazac za pretplatu (bilo da se radi o jednostavnom ili o predbilje\u017ebi [&hellip;]<\/p>\n","protected":false},"author":6,"featured_media":0,"parent":5263,"menu_order":4,"comment_status":"closed","ping_status":"closed","template":"","meta":{"_acf_changed":false,"inline_featured_image":false,"footnotes":""},"g1_relation_tag":[],"class_list":["post-5290","page","type-page","status-publish","hentry"],"acf":[],"yoast_head":"<!-- This site is optimized with the Yoast SEO plugin v24.8.1 - https:\/\/yoast.com\/wordpress\/plugins\/seo\/ -->\n<title>Izra\u0111iva\u010d pristupnih e-obrazaca - Emailchef<\/title>\n<meta name=\"robots\" content=\"index, follow, max-snippet:-1, max-image-preview:large, max-video-preview:-1\" \/>\n<link rel=\"canonical\" href=\"https:\/\/emailchef.com\/hr\/znacajke\/izradivac-pristupnih-e-obrazaca\/\" \/>\n<meta name=\"twitter:label1\" content=\"Procijenjeno vrijeme \u010ditanja\" \/>\n\t<meta name=\"twitter:data1\" content=\"1 minuta\" \/>\n<!-- \/ Yoast SEO plugin. -->","yoast_head_json":{"title":"Izra\u0111iva\u010d pristupnih e-obrazaca - Emailchef","robots":{"index":"index","follow":"follow","max-snippet":"max-snippet:-1","max-image-preview":"max-image-preview:large","max-video-preview":"max-video-preview:-1"},"canonical":"https:\/\/emailchef.com\/hr\/znacajke\/izradivac-pristupnih-e-obrazaca\/","twitter_misc":{"Procijenjeno vrijeme \u010ditanja":"1 minuta"},"schema":{"@context":"https:\/\/schema.org","@graph":[{"@type":"WebPage","@id":"https:\/\/emailchef.com\/hr\/znacajke\/izradivac-pristupnih-e-obrazaca\/","url":"https:\/\/emailchef.com\/hr\/znacajke\/izradivac-pristupnih-e-obrazaca\/","name":"Izra\u0111iva\u010d pristupnih e-obrazaca - Emailchef","isPartOf":{"@id":"https:\/\/emailchef.com\/hr\/#website"},"primaryImageOfPage":{"@id":"https:\/\/emailchef.com\/hr\/znacajke\/izradivac-pristupnih-e-obrazaca\/#primaryimage"},"image":{"@id":"https:\/\/emailchef.com\/hr\/znacajke\/izradivac-pristupnih-e-obrazaca\/#primaryimage"},"thumbnailUrl":"https:\/\/emailchef.com\/wp-content\/uploads\/2022\/06\/form-editor.png","datePublished":"2014-09-04T10:26:34+00:00","dateModified":"2022-07-11T12:36:46+00:00","breadcrumb":{"@id":"https:\/\/emailchef.com\/hr\/znacajke\/izradivac-pristupnih-e-obrazaca\/#breadcrumb"},"inLanguage":"hr","potentialAction":[{"@type":"ReadAction","target":["https:\/\/emailchef.com\/hr\/znacajke\/izradivac-pristupnih-e-obrazaca\/"]}]},{"@type":"ImageObject","inLanguage":"hr","@id":"https:\/\/emailchef.com\/hr\/znacajke\/izradivac-pristupnih-e-obrazaca\/#primaryimage","url":"https:\/\/emailchef.com\/wp-content\/uploads\/2022\/06\/form-editor.png","contentUrl":"https:\/\/emailchef.com\/wp-content\/uploads\/2022\/06\/form-editor.png"},{"@type":"BreadcrumbList","@id":"https:\/\/emailchef.com\/hr\/znacajke\/izradivac-pristupnih-e-obrazaca\/#breadcrumb","itemListElement":[{"@type":"ListItem","position":1,"name":"Home","item":"https:\/\/emailchef.com\/hr\/emailchef-email-marketing-usluge\/"},{"@type":"ListItem","position":2,"name":"Zna\u010dajke","item":"https:\/\/emailchef.com\/hr\/znacajke\/"},{"@type":"ListItem","position":3,"name":"Izra\u0111iva\u010d pristupnih e-obrazaca"}]},{"@type":"WebSite","@id":"https:\/\/emailchef.com\/hr\/#website","url":"https:\/\/emailchef.com\/hr\/","name":"Emailchef","description":"Izvrsni recepti za e-mail marketing","publisher":{"@id":"https:\/\/emailchef.com\/hr\/#organization"},"potentialAction":[{"@type":"SearchAction","target":{"@type":"EntryPoint","urlTemplate":"https:\/\/emailchef.com\/hr\/?s={search_term_string}"},"query-input":{"@type":"PropertyValueSpecification","valueRequired":true,"valueName":"search_term_string"}}],"inLanguage":"hr"},{"@type":"Organization","@id":"https:\/\/emailchef.com\/hr\/#organization","name":"Delivery Tech Corp.","url":"https:\/\/emailchef.com\/hr\/","logo":{"@type":"ImageObject","inLanguage":"hr","@id":"https:\/\/emailchef.com\/hr\/#\/schema\/logo\/image\/","url":"https:\/\/emailchef.com\/wp-content\/uploads\/2022\/04\/logo-sama.png","contentUrl":"https:\/\/emailchef.com\/wp-content\/uploads\/2022\/04\/logo-sama.png","width":237,"height":80,"caption":"Delivery Tech Corp."},"image":{"@id":"https:\/\/emailchef.com\/hr\/#\/schema\/logo\/image\/"}}]}},"_links":{"self":[{"href":"https:\/\/emailchef.com\/hr\/wp-json\/wp\/v2\/pages\/5290"}],"collection":[{"href":"https:\/\/emailchef.com\/hr\/wp-json\/wp\/v2\/pages"}],"about":[{"href":"https:\/\/emailchef.com\/hr\/wp-json\/wp\/v2\/types\/page"}],"author":[{"embeddable":true,"href":"https:\/\/emailchef.com\/hr\/wp-json\/wp\/v2\/users\/6"}],"replies":[{"embeddable":true,"href":"https:\/\/emailchef.com\/hr\/wp-json\/wp\/v2\/comments?post=5290"}],"version-history":[{"count":5,"href":"https:\/\/emailchef.com\/hr\/wp-json\/wp\/v2\/pages\/5290\/revisions"}],"predecessor-version":[{"id":58472,"href":"https:\/\/emailchef.com\/hr\/wp-json\/wp\/v2\/pages\/5290\/revisions\/58472"}],"up":[{"embeddable":true,"href":"https:\/\/emailchef.com\/hr\/wp-json\/wp\/v2\/pages\/5263"}],"wp:attachment":[{"href":"https:\/\/emailchef.com\/hr\/wp-json\/wp\/v2\/media?parent=5290"}],"wp:term":[{"taxonomy":"g1_relation_tag","embeddable":true,"href":"https:\/\/emailchef.com\/hr\/wp-json\/wp\/v2\/g1_relation_tag?post=5290"}],"curies":[{"name":"wp","href":"https:\/\/api.w.org\/{rel}","templated":true}]}}