{"id":5282,"date":"2014-09-04T10:10:54","date_gmt":"2014-09-04T10:10:54","guid":{"rendered":"http:\/\/emailchef.com\/?page_id=5282\/"},"modified":"2022-07-11T12:34:27","modified_gmt":"2022-07-11T12:34:27","slug":"izradite-posaljite-vasu-kampanju","status":"publish","type":"page","link":"https:\/\/emailchef.com\/hr\/znacajke\/izradite-posaljite-vasu-kampanju\/","title":{"rendered":"Izradite i po\u0161aljite va\u0161u kampanju"},"content":{"rendered":"\t\t<div data-elementor-type=\"wp-page\" data-elementor-id=\"5282\" class=\"elementor elementor-5282 elementor-128\" data-elementor-post-type=\"page\">\n\t\t\t\t\t\t<section class=\"elementor-section elementor-top-section elementor-element elementor-element-e64fdb4 elementor-section-boxed elementor-section-height-default elementor-section-height-default\" data-id=\"e64fdb4\" data-element_type=\"section\">\n\t\t\t\t\t\t<div class=\"elementor-container elementor-column-gap-default\">\n\t\t\t\t\t<div class=\"elementor-column elementor-col-100 elementor-top-column elementor-element elementor-element-b06543c\" data-id=\"b06543c\" data-element_type=\"column\">\n\t\t\t<div class=\"elementor-widget-wrap elementor-element-populated\">\n\t\t\t\t\t\t<div class=\"elementor-element elementor-element-ef90897 elementor-widget elementor-widget-image\" data-id=\"ef90897\" data-element_type=\"widget\" data-widget_type=\"image.default\">\n\t\t\t\t<div class=\"elementor-widget-container\">\n\t\t\t\t\t\t\t\t\t\t\t\t\t\t\t<img fetchpriority=\"high\" decoding=\"async\" width=\"744\" height=\"600\" src=\"https:\/\/emailchef.com\/wp-content\/uploads\/2022\/06\/send-campaign.png\" class=\"attachment-full size-full wp-image-57150\" alt=\"Izradite i po\u0161aljite va\u0161u kampanju\" \/>\t\t\t\t\t\t\t\t\t\t\t\t\t\t\t<\/div>\n\t\t\t\t<\/div>\n\t\t\t\t\t<\/div>\n\t\t<\/div>\n\t\t\t\t\t<\/div>\n\t\t<\/section>\n\t\t\t\t<section class=\"elementor-section elementor-top-section elementor-element elementor-element-4bad5f5f elementor-section-boxed elementor-section-height-default elementor-section-height-default\" data-id=\"4bad5f5f\" data-element_type=\"section\">\n\t\t\t\t\t\t<div class=\"elementor-container elementor-column-gap-default\">\n\t\t\t\t\t<div class=\"elementor-column elementor-col-100 elementor-top-column elementor-element elementor-element-319b3059\" data-id=\"319b3059\" data-element_type=\"column\">\n\t\t\t<div class=\"elementor-widget-wrap elementor-element-populated\">\n\t\t\t\t\t\t<div class=\"elementor-element elementor-element-75292ff0 elementor-widget elementor-widget-text-editor\" data-id=\"75292ff0\" data-element_type=\"widget\" data-widget_type=\"text-editor.default\">\n\t\t\t\t<div class=\"elementor-widget-container\">\n\t\t\t\t\t\t\t\t\t<p>Izrada i ure\u0111ivanje masovnih e-mailova ili e-biltena, tj. kratko re\u010deno kampanja &#8211; je nevjerojatno jednostavano s Emailchef-om. Slobodno mo\u017eete odabrati <b>izme\u0111u \u010detiri razli\u010dite mogu\u0107nosti izrade e-biltena (newslettera)<\/b>:<\/p>\n\n<div class=\"g1-space\" style=\"height: 20px;\"><\/div>\n\n\n<ul id=\"\" class=\"g1-list g1-list--icon g1-list--simple \">\n \t<li><i class=\"fa fa-arrow-right g1-list__icon\"><\/i>Odaberite <b>gotov predlo\u017eak<\/b> iz na\u0161e kolekcije\nNudimo veliki izbor unaprijed izra\u0111enih e-mail formata &#8211; koje po \u017eelji mo\u017eete dodatno prilagoditi &#8211; koji vam mogu uvelike olak\u0161ati izradu same kampanje.<\/li>\n \t<li><i class=\"fa fa-arrow-right g1-list__icon\"><\/i>Izradite vlastiti <b>e-bilten (newsletter) od samog po\u010detka<\/b>\nEmailchef pru\u017ea razne izra\u0111iva\u010de e-biltena: klasi\u010dni vizualni izra\u0111iva\u010d, izra\u0111iva\u010d samo tekstualnog e-maila ili putem HTML programiranja.<\/li>\n \t<li><i class=\"fa fa-arrow-right g1-list__icon\"><\/i>U\u010ditajte va\u0161 <b>postoje\u0107i predlo\u017eak<\/b> e-biltena bilo s ra\u010dunala ili s interneta\nMo\u017eete u\u010ditati va\u0161 predlo\u017eak bilo kao HTML ili kao komprimirane datoteke.<\/li>\n \t<li><i class=\"fa fa-arrow-right g1-list__icon\"><\/i>Preuzmite na\u0161\u00a0<strong><a href=\"http:\/\/emailchef.com\/hr\/znacajke\/najbrzi-izradivac-predlozaka\"><b>program za izradu predlo\u017eaka<\/b><\/a><\/strong>, izrazito jednostavan, intuitivan i za tu namjenu projektiran program\nU samo par poteza &#8220;povuci-i-ispusti&#8221; mo\u017eete sastaviti profesionalan predlo\u017eak i to za par sekundi, zatim ga izravno prenesti u platformu va\u0161e kampanje.<\/li>\n<\/ul>\n\n\n<div class=\"g1-space\" style=\"height: 20px;\"><\/div>\n\n<p>Nakon \u0161to imate izra\u0111en predlo\u017eak slobodno mu <b>dodajte \u017eeljeni sadr\u017eaj i slike<\/b>. Zatim dajte upe\u010datljiv <b>naslov, tj. predmet<\/b> va\u0161em e-mailu i odaberite <b>e-mail adresu po\u0161iljaoca<\/b>, tu adresu \u0107e vidjeti va\u0161i primaoci e-maila. Potom <b>odaberite listu ili segment<\/b> (ili vi\u0161e njih) sa kontaktima kojima \u017eelite poslati kampanju, ponovno provjerite da vam se nije potkrala neka gre\u0161ka unutar kampanje i na kraju samo <b>pritisnite &#8220;Po\u0161alji&#8221;<\/b> (ili odaberite neko vrijeme kada ho\u010dete da va\u0161a kampanja krene).<\/p>\n\n<p>Tokom cijelog procesa <b>vo\u0111eni ste korak po korak<\/b>, a na\u0161a je du\u017enost da vas obavijestimo ako je do\u0161lo do nekog propusta: primjerice izostavljanje <b>poveznice za odjavu pretplate<\/b> ili izostavljen predmet,&#8230;. Svaka zgotovljena kampanja mo\u017ee tako\u0111er biti prethodno poslana kao <b>test<\/b> na odabranu adresu prije stvarnog oda\u0161iljanja; tako\u0111er vam savjetujemo da iskoristite <b>sken na ne\u017eeljenu po\u0161tu<\/b> i na taj na\u010din provjerite kvalitet va\u0161eg izra\u0111enog e-maila, kako bi se utvrdilo da li sam izgled va\u0161eg e-maila mo\u017ee izazvati blokiranje dostave e-mailova od strane antispam filtera.<\/p>\t\t\t\t\t\t\t\t<\/div>\n\t\t\t\t<\/div>\n\t\t\t\t\t<\/div>\n\t\t<\/div>\n\t\t\t\t\t<\/div>\n\t\t<\/section>\n\t\t\t\t<\/div>\n\t\t","protected":false},"excerpt":{"rendered":"<p>Izrada i ure\u0111ivanje masovnih e-mailova ili e-biltena, tj. kratko re\u010deno kampanja &#8211; je nevjerojatno jednostavano s Emailchef-om. Slobodno mo\u017eete odabrati izme\u0111u \u010detiri razli\u010dite mogu\u0107nosti izrade e-biltena (newslettera): Nakon \u0161to imate izra\u0111en predlo\u017eak slobodno mu dodajte \u017eeljeni sadr\u017eaj i slike. Zatim dajte upe\u010datljiv naslov, tj. predmet va\u0161em e-mailu i odaberite e-mail adresu po\u0161iljaoca, tu adresu \u0107e [&hellip;]<\/p>\n","protected":false},"author":6,"featured_media":0,"parent":5263,"menu_order":2,"comment_status":"closed","ping_status":"closed","template":"","meta":{"_acf_changed":false,"inline_featured_image":false,"footnotes":""},"g1_relation_tag":[],"class_list":["post-5282","page","type-page","status-publish","hentry"],"acf":[],"yoast_head":"<!-- This site is optimized with the Yoast SEO plugin v24.8.1 - https:\/\/yoast.com\/wordpress\/plugins\/seo\/ -->\n<title>Izradite i po\u0161aljite va\u0161u kampanju - Emailchef<\/title>\n<meta name=\"robots\" content=\"index, follow, max-snippet:-1, max-image-preview:large, max-video-preview:-1\" \/>\n<link rel=\"canonical\" href=\"https:\/\/emailchef.com\/hr\/znacajke\/izradite-posaljite-vasu-kampanju\/\" \/>\n<meta name=\"twitter:label1\" content=\"Procijenjeno vrijeme \u010ditanja\" \/>\n\t<meta name=\"twitter:data1\" content=\"2 minute\" \/>\n<!-- \/ Yoast SEO plugin. -->","yoast_head_json":{"title":"Izradite i po\u0161aljite va\u0161u kampanju - Emailchef","robots":{"index":"index","follow":"follow","max-snippet":"max-snippet:-1","max-image-preview":"max-image-preview:large","max-video-preview":"max-video-preview:-1"},"canonical":"https:\/\/emailchef.com\/hr\/znacajke\/izradite-posaljite-vasu-kampanju\/","twitter_misc":{"Procijenjeno vrijeme \u010ditanja":"2 minute"},"schema":{"@context":"https:\/\/schema.org","@graph":[{"@type":"WebPage","@id":"https:\/\/emailchef.com\/hr\/znacajke\/izradite-posaljite-vasu-kampanju\/","url":"https:\/\/emailchef.com\/hr\/znacajke\/izradite-posaljite-vasu-kampanju\/","name":"Izradite i po\u0161aljite va\u0161u kampanju - Emailchef","isPartOf":{"@id":"https:\/\/emailchef.com\/hr\/#website"},"primaryImageOfPage":{"@id":"https:\/\/emailchef.com\/hr\/znacajke\/izradite-posaljite-vasu-kampanju\/#primaryimage"},"image":{"@id":"https:\/\/emailchef.com\/hr\/znacajke\/izradite-posaljite-vasu-kampanju\/#primaryimage"},"thumbnailUrl":"https:\/\/emailchef.com\/wp-content\/uploads\/2022\/06\/send-campaign.png","datePublished":"2014-09-04T10:10:54+00:00","dateModified":"2022-07-11T12:34:27+00:00","breadcrumb":{"@id":"https:\/\/emailchef.com\/hr\/znacajke\/izradite-posaljite-vasu-kampanju\/#breadcrumb"},"inLanguage":"hr","potentialAction":[{"@type":"ReadAction","target":["https:\/\/emailchef.com\/hr\/znacajke\/izradite-posaljite-vasu-kampanju\/"]}]},{"@type":"ImageObject","inLanguage":"hr","@id":"https:\/\/emailchef.com\/hr\/znacajke\/izradite-posaljite-vasu-kampanju\/#primaryimage","url":"https:\/\/emailchef.com\/wp-content\/uploads\/2022\/06\/send-campaign.png","contentUrl":"https:\/\/emailchef.com\/wp-content\/uploads\/2022\/06\/send-campaign.png"},{"@type":"BreadcrumbList","@id":"https:\/\/emailchef.com\/hr\/znacajke\/izradite-posaljite-vasu-kampanju\/#breadcrumb","itemListElement":[{"@type":"ListItem","position":1,"name":"Home","item":"https:\/\/emailchef.com\/hr\/emailchef-email-marketing-usluge\/"},{"@type":"ListItem","position":2,"name":"Zna\u010dajke","item":"https:\/\/emailchef.com\/hr\/znacajke\/"},{"@type":"ListItem","position":3,"name":"Izradite i po\u0161aljite va\u0161u kampanju"}]},{"@type":"WebSite","@id":"https:\/\/emailchef.com\/hr\/#website","url":"https:\/\/emailchef.com\/hr\/","name":"Emailchef","description":"Izvrsni recepti za e-mail marketing","publisher":{"@id":"https:\/\/emailchef.com\/hr\/#organization"},"potentialAction":[{"@type":"SearchAction","target":{"@type":"EntryPoint","urlTemplate":"https:\/\/emailchef.com\/hr\/?s={search_term_string}"},"query-input":{"@type":"PropertyValueSpecification","valueRequired":true,"valueName":"search_term_string"}}],"inLanguage":"hr"},{"@type":"Organization","@id":"https:\/\/emailchef.com\/hr\/#organization","name":"Delivery Tech Corp.","url":"https:\/\/emailchef.com\/hr\/","logo":{"@type":"ImageObject","inLanguage":"hr","@id":"https:\/\/emailchef.com\/hr\/#\/schema\/logo\/image\/","url":"https:\/\/emailchef.com\/wp-content\/uploads\/2022\/04\/logo-sama.png","contentUrl":"https:\/\/emailchef.com\/wp-content\/uploads\/2022\/04\/logo-sama.png","width":237,"height":80,"caption":"Delivery Tech Corp."},"image":{"@id":"https:\/\/emailchef.com\/hr\/#\/schema\/logo\/image\/"}}]}},"_links":{"self":[{"href":"https:\/\/emailchef.com\/hr\/wp-json\/wp\/v2\/pages\/5282"}],"collection":[{"href":"https:\/\/emailchef.com\/hr\/wp-json\/wp\/v2\/pages"}],"about":[{"href":"https:\/\/emailchef.com\/hr\/wp-json\/wp\/v2\/types\/page"}],"author":[{"embeddable":true,"href":"https:\/\/emailchef.com\/hr\/wp-json\/wp\/v2\/users\/6"}],"replies":[{"embeddable":true,"href":"https:\/\/emailchef.com\/hr\/wp-json\/wp\/v2\/comments?post=5282"}],"version-history":[{"count":7,"href":"https:\/\/emailchef.com\/hr\/wp-json\/wp\/v2\/pages\/5282\/revisions"}],"predecessor-version":[{"id":58466,"href":"https:\/\/emailchef.com\/hr\/wp-json\/wp\/v2\/pages\/5282\/revisions\/58466"}],"up":[{"embeddable":true,"href":"https:\/\/emailchef.com\/hr\/wp-json\/wp\/v2\/pages\/5263"}],"wp:attachment":[{"href":"https:\/\/emailchef.com\/hr\/wp-json\/wp\/v2\/media?parent=5282"}],"wp:term":[{"taxonomy":"g1_relation_tag","embeddable":true,"href":"https:\/\/emailchef.com\/hr\/wp-json\/wp\/v2\/g1_relation_tag?post=5282"}],"curies":[{"name":"wp","href":"https:\/\/api.w.org\/{rel}","templated":true}]}}