{"id":5274,"date":"2014-09-04T10:46:01","date_gmt":"2014-09-04T10:46:01","guid":{"rendered":"http:\/\/emailchef.com\/?page_id=5274\/"},"modified":"2022-07-12T08:40:49","modified_gmt":"2022-07-12T08:40:49","slug":"najbrzi-izradivac-predlozaka","status":"publish","type":"page","link":"https:\/\/emailchef.com\/hr\/znacajke\/najbrzi-izradivac-predlozaka\/","title":{"rendered":"Najbr\u017ei izra\u0111iva\u010d predlo\u017eaka e-biltena"},"content":{"rendered":"\t\t<div data-elementor-type=\"wp-page\" data-elementor-id=\"5274\" class=\"elementor elementor-5274 elementor-149\" data-elementor-post-type=\"page\">\n\t\t\t\t\t\t<section class=\"elementor-section elementor-top-section elementor-element elementor-element-fc60bd7 elementor-section-boxed elementor-section-height-default elementor-section-height-default\" data-id=\"fc60bd7\" data-element_type=\"section\">\n\t\t\t\t\t\t<div class=\"elementor-container elementor-column-gap-default\">\n\t\t\t\t\t<div class=\"elementor-column elementor-col-100 elementor-top-column elementor-element elementor-element-05d6e16\" data-id=\"05d6e16\" data-element_type=\"column\">\n\t\t\t<div class=\"elementor-widget-wrap elementor-element-populated\">\n\t\t\t\t\t\t<div class=\"elementor-element elementor-element-5061637 elementor-widget elementor-widget-image\" data-id=\"5061637\" data-element_type=\"widget\" data-widget_type=\"image.default\">\n\t\t\t\t<div class=\"elementor-widget-container\">\n\t\t\t\t\t\t\t\t\t\t\t\t\t\t\t<img fetchpriority=\"high\" decoding=\"async\" width=\"800\" height=\"600\" src=\"https:\/\/emailchef.com\/wp-content\/uploads\/2022\/06\/templates-creator.png\" class=\"attachment-full size-full wp-image-57096\" alt=\"Najbr\u017ei izra\u0111iva\u010d predlo\u017eaka e-biltena\" \/>\t\t\t\t\t\t\t\t\t\t\t\t\t\t\t<\/div>\n\t\t\t\t<\/div>\n\t\t\t\t\t<\/div>\n\t\t<\/div>\n\t\t\t\t\t<\/div>\n\t\t<\/section>\n\t\t\t\t<section class=\"elementor-section elementor-top-section elementor-element elementor-element-2d80bcab elementor-section-boxed elementor-section-height-default elementor-section-height-default\" data-id=\"2d80bcab\" data-element_type=\"section\">\n\t\t\t\t\t\t<div class=\"elementor-container elementor-column-gap-default\">\n\t\t\t\t\t<div class=\"elementor-column elementor-col-100 elementor-top-column elementor-element elementor-element-578b0a29\" data-id=\"578b0a29\" data-element_type=\"column\">\n\t\t\t<div class=\"elementor-widget-wrap elementor-element-populated\">\n\t\t\t\t\t\t<div class=\"elementor-element elementor-element-5488f931 elementor-widget elementor-widget-text-editor\" data-id=\"5488f931\" data-element_type=\"widget\" data-widget_type=\"text-editor.default\">\n\t\t\t\t<div class=\"elementor-widget-container\">\n\t\t\t\t\t\t\t\t\t<p>Da li ste oduvijek \u017eeljeli izraditi predlo\u017eak newslettera <b>po mjeri i potrebi<\/b> za va\u0161u kampanju, ali ne znate ni\u0161ta o HTML-u? Onda je za vas definitivno na\u0161 <b>software za izradu predlo\u017eaka: MailStyler<\/b>.<\/p>\n\n<p>Dokle god imate aktivnu pretplatu na Emailchef, mo\u017eete slobodno prenositi sve va\u0161e predlo\u0161ke iz MailStyler-a na va\u0161 korisni\u010dki ra\u010dun Emailchef-a sa svim otklju\u010danim zna\u010dajkama, istim kao i u verziji MailStyler Basic.<\/p>\n\n<p>Sa ovom magi\u010dnim softwareom za izradu newslettera, mo\u017eete jednostavno sastaviti e-mail predlo\u0161ke \u201cotporne\u201d na sve prohtijeve, <b>bez da pi\u0161ete i jednu liniju HTML koda<\/b>. Sve \u0161to trebate je samo da napravite nekoliko &#8220;povuci-i-ispusti&#8221; poteza.<\/p>\n\n<p>Svaku sliku koju dodate na va\u0161 predlo\u017eak izravno \u0107e biti prenesena u Oblak, putem samo jednog klika.Tako\u0111er stoje vam na raspolaganju veliki broj slika u na\u0161oj knji\u017enici koje mo\u017eete koristiti za izradu newsletter-a.<\/p>\n\n<p>Registrirajte se na nadzornu plo\u010du Emailchef-a i isprobajte sve zna\u010dajke besplatno!<\/p>\n\n<div class=\"g1-space\" style=\"height: 25px;\"><\/div>\n<p style=\"text-align: center;\"><a id=\"\" class=\"g1-button g1-button--big g1-button--solid g1-button--standard \" href=\"http:\/\/www.newslettercreator.com\/download-data\/MailStyler1Setup.exe\" title=\"Preuzmi odmah\" ><i class=\"fas fa-download\"><\/i> Preuzmi MailStyler ovdje<\/a><\/p>\n<p style=\"text-align: center;\"><small>Nije potrebna nikakva registracija na ovu uslugu: Kikom odmah preuzimate na\u0161 besplatan software.<\/small><\/p>\n<div class=\"g1-space\" style=\"height: 25px;\"><\/div>\n\n<p>Za razliku od obi\u010dnih online izra\u0111iva\u010da predlo\u0161ka, odlu\u010dili smo vam ponuditi <b>namjenski software<\/b> kako bi imali osigurano ve\u0107u stabilnost i <b>mnogo \u0161iri spektar zna\u010dajki u izradi predlo\u017eaka<\/b>. Osim toga, budu\u0107i da se radi o desktop aplikaciji, sama izrada je <b>daleko br\u017ea od svih drugih alata<\/b> kada je u pitanju upravljanje slikama i blokovima.<\/p>\t\t\t\t\t\t\t\t<\/div>\n\t\t\t\t<\/div>\n\t\t\t\t\t<\/div>\n\t\t<\/div>\n\t\t\t\t\t<\/div>\n\t\t<\/section>\n\t\t\t\t<\/div>\n\t\t","protected":false},"excerpt":{"rendered":"<p>Da li ste oduvijek \u017eeljeli izraditi predlo\u017eak newslettera po mjeri i potrebi za va\u0161u kampanju, ali ne znate ni\u0161ta o HTML-u? Onda je za vas definitivno na\u0161 software za izradu predlo\u017eaka: MailStyler. Dokle god imate aktivnu pretplatu na Emailchef, mo\u017eete slobodno prenositi sve va\u0161e predlo\u0161ke iz MailStyler-a na va\u0161 korisni\u010dki ra\u010dun Emailchef-a sa svim otklju\u010danim [&hellip;]<\/p>\n","protected":false},"author":6,"featured_media":0,"parent":5263,"menu_order":3,"comment_status":"closed","ping_status":"closed","template":"","meta":{"_acf_changed":false,"inline_featured_image":false,"footnotes":""},"g1_relation_tag":[],"class_list":["post-5274","page","type-page","status-publish","hentry"],"acf":[],"yoast_head":"<!-- This site is optimized with the Yoast SEO plugin v24.8.1 - https:\/\/yoast.com\/wordpress\/plugins\/seo\/ -->\n<title>Najbr\u017ei izra\u0111iva\u010d predlo\u017eaka e-biltena - Emailchef<\/title>\n<meta name=\"robots\" content=\"index, follow, max-snippet:-1, max-image-preview:large, max-video-preview:-1\" \/>\n<link rel=\"canonical\" href=\"https:\/\/emailchef.com\/hr\/znacajke\/najbrzi-izradivac-predlozaka\/\" \/>\n<meta name=\"twitter:label1\" content=\"Procijenjeno vrijeme \u010ditanja\" \/>\n\t<meta name=\"twitter:data1\" content=\"2 minute\" \/>\n<!-- \/ Yoast SEO plugin. -->","yoast_head_json":{"title":"Najbr\u017ei izra\u0111iva\u010d predlo\u017eaka e-biltena - Emailchef","robots":{"index":"index","follow":"follow","max-snippet":"max-snippet:-1","max-image-preview":"max-image-preview:large","max-video-preview":"max-video-preview:-1"},"canonical":"https:\/\/emailchef.com\/hr\/znacajke\/najbrzi-izradivac-predlozaka\/","twitter_misc":{"Procijenjeno vrijeme \u010ditanja":"2 minute"},"schema":{"@context":"https:\/\/schema.org","@graph":[{"@type":"WebPage","@id":"https:\/\/emailchef.com\/hr\/znacajke\/najbrzi-izradivac-predlozaka\/","url":"https:\/\/emailchef.com\/hr\/znacajke\/najbrzi-izradivac-predlozaka\/","name":"Najbr\u017ei izra\u0111iva\u010d predlo\u017eaka e-biltena - Emailchef","isPartOf":{"@id":"https:\/\/emailchef.com\/hr\/#website"},"primaryImageOfPage":{"@id":"https:\/\/emailchef.com\/hr\/znacajke\/najbrzi-izradivac-predlozaka\/#primaryimage"},"image":{"@id":"https:\/\/emailchef.com\/hr\/znacajke\/najbrzi-izradivac-predlozaka\/#primaryimage"},"thumbnailUrl":"https:\/\/emailchef.com\/wp-content\/uploads\/2022\/06\/templates-creator.png","datePublished":"2014-09-04T10:46:01+00:00","dateModified":"2022-07-12T08:40:49+00:00","breadcrumb":{"@id":"https:\/\/emailchef.com\/hr\/znacajke\/najbrzi-izradivac-predlozaka\/#breadcrumb"},"inLanguage":"hr","potentialAction":[{"@type":"ReadAction","target":["https:\/\/emailchef.com\/hr\/znacajke\/najbrzi-izradivac-predlozaka\/"]}]},{"@type":"ImageObject","inLanguage":"hr","@id":"https:\/\/emailchef.com\/hr\/znacajke\/najbrzi-izradivac-predlozaka\/#primaryimage","url":"https:\/\/emailchef.com\/wp-content\/uploads\/2022\/06\/templates-creator.png","contentUrl":"https:\/\/emailchef.com\/wp-content\/uploads\/2022\/06\/templates-creator.png"},{"@type":"BreadcrumbList","@id":"https:\/\/emailchef.com\/hr\/znacajke\/najbrzi-izradivac-predlozaka\/#breadcrumb","itemListElement":[{"@type":"ListItem","position":1,"name":"Home","item":"https:\/\/emailchef.com\/hr\/emailchef-email-marketing-usluge\/"},{"@type":"ListItem","position":2,"name":"Zna\u010dajke","item":"https:\/\/emailchef.com\/hr\/znacajke\/"},{"@type":"ListItem","position":3,"name":"Najbr\u017ei izra\u0111iva\u010d predlo\u017eaka e-biltena"}]},{"@type":"WebSite","@id":"https:\/\/emailchef.com\/hr\/#website","url":"https:\/\/emailchef.com\/hr\/","name":"Emailchef","description":"Izvrsni recepti za e-mail marketing","publisher":{"@id":"https:\/\/emailchef.com\/hr\/#organization"},"potentialAction":[{"@type":"SearchAction","target":{"@type":"EntryPoint","urlTemplate":"https:\/\/emailchef.com\/hr\/?s={search_term_string}"},"query-input":{"@type":"PropertyValueSpecification","valueRequired":true,"valueName":"search_term_string"}}],"inLanguage":"hr"},{"@type":"Organization","@id":"https:\/\/emailchef.com\/hr\/#organization","name":"Delivery Tech Corp.","url":"https:\/\/emailchef.com\/hr\/","logo":{"@type":"ImageObject","inLanguage":"hr","@id":"https:\/\/emailchef.com\/hr\/#\/schema\/logo\/image\/","url":"https:\/\/emailchef.com\/wp-content\/uploads\/2022\/04\/logo-sama.png","contentUrl":"https:\/\/emailchef.com\/wp-content\/uploads\/2022\/04\/logo-sama.png","width":237,"height":80,"caption":"Delivery Tech Corp."},"image":{"@id":"https:\/\/emailchef.com\/hr\/#\/schema\/logo\/image\/"}}]}},"_links":{"self":[{"href":"https:\/\/emailchef.com\/hr\/wp-json\/wp\/v2\/pages\/5274"}],"collection":[{"href":"https:\/\/emailchef.com\/hr\/wp-json\/wp\/v2\/pages"}],"about":[{"href":"https:\/\/emailchef.com\/hr\/wp-json\/wp\/v2\/types\/page"}],"author":[{"embeddable":true,"href":"https:\/\/emailchef.com\/hr\/wp-json\/wp\/v2\/users\/6"}],"replies":[{"embeddable":true,"href":"https:\/\/emailchef.com\/hr\/wp-json\/wp\/v2\/comments?post=5274"}],"version-history":[{"count":8,"href":"https:\/\/emailchef.com\/hr\/wp-json\/wp\/v2\/pages\/5274\/revisions"}],"predecessor-version":[{"id":58612,"href":"https:\/\/emailchef.com\/hr\/wp-json\/wp\/v2\/pages\/5274\/revisions\/58612"}],"up":[{"embeddable":true,"href":"https:\/\/emailchef.com\/hr\/wp-json\/wp\/v2\/pages\/5263"}],"wp:attachment":[{"href":"https:\/\/emailchef.com\/hr\/wp-json\/wp\/v2\/media?parent=5274"}],"wp:term":[{"taxonomy":"g1_relation_tag","embeddable":true,"href":"https:\/\/emailchef.com\/hr\/wp-json\/wp\/v2\/g1_relation_tag?post=5274"}],"curies":[{"name":"wp","href":"https:\/\/api.w.org\/{rel}","templated":true}]}}